{"id":26,"date":"2020-10-29T08:31:59","date_gmt":"2020-10-29T08:31:59","guid":{"rendered":"http:\/\/89.166.51.80\/~pohjoispaij\/ahtola\/?page_id=26"},"modified":"2021-06-21T15:58:14","modified_gmt":"2021-06-21T12:58:14","slug":"tiedot","status":"publish","type":"page","link":"https:\/\/kivijarvenkalatalousalue.fi\/heinolahti\/tiedot\/","title":{"rendered":"Tiedot"},"content":{"rendered":"\n<h2 class=\"wp-block-heading\">Yhteystiedot<\/h2>\n\n\n\n<p>Puheenjohtaja&nbsp;<br>Vesa Hurme&nbsp;<br>Kivij\u00e4rventie 68&nbsp;<br>43800 KIVIJ\u00c4RVI&nbsp;<br>p. 0400 645 13<\/p>\n\n\n\n<p>Varapj. Heimo Piispanen<br>p. 0400 522 961<\/p>\n\n\n\n<p><strong>Hoitokunta:<br><\/strong><em>Varsinainen j\u00e4sen \/ Henkil\u00f6kohtainen varamies<\/em>&nbsp;<br><strong>Aimo Hakkarainen pj<\/strong>&nbsp;\/ Raimo Hankajoki&nbsp;<br><strong>Heimo Piispanen vpj<\/strong>&nbsp;\/ Juha Hakkarainen<br>Juhani Piispanen \/ Marko Hankajoki&nbsp;<br>Arto Vasalampi \/ Heikki Ruusuvirta&nbsp;<br>Vesa Hurme \/ Matti Ruusuvirta&nbsp;<br>Kari Holm \/ Jussi Ojanper\u00e4<\/p>\n\n\n\n<p><strong>Kalastuksenvalvojat&nbsp;<\/strong><br>Onni M. Paananen, Kari Holm ja Vesa Hurme.<\/p>\n\n\n\n<p><strong>Sihteeri-rahastonhoitaja:&nbsp;<\/strong><br>Kauko Jokisalo<br>M\u00e4ntytie 2 A 2<br>43800 KIVIJ\u00c4RVI<br>Puh. 0400 522620<\/p>\n\n\n\n<p><\/p>\n\n\n\n<h2 class=\"wp-block-heading\">Sijainti<\/h2>\n\n\n\n<iframe loading=\"lazy\" width=\"640\" height=\"480\" frameborder=\"0\" scrolling=\"no\" marginheight=\"0\" marginwidth=\"0\" src=\"https:\/\/maps.google.fi\/maps\/ms?ie=UTF8&amp;hl=fi&amp;msa=0&amp;msid=107738130064611158473.000496080b5e3f7c8c0aa&amp;ll=63.135744,24.97673&amp;spn=0.148935,0.439453&amp;z=11&amp;output=embed\"><\/iframe>\n\n\n\n<p><\/p>\n","protected":false},"excerpt":{"rendered":"<p>Yhteystiedot Puheenjohtaja&nbsp;Vesa Hurme&nbsp;Kivij\u00e4rventie 68&nbsp;43800 KIVIJ\u00c4RVI&nbsp;p. 0400 645 13 Varapj. Heimo Piispanenp. 0400 522 961 Hoitokunta:Varsinainen j\u00e4sen \/ Henkil\u00f6kohtainen varamies&nbsp;Aimo Hakkarainen pj&nbsp;\/ Raimo Hankajoki&nbsp;Heimo Piispanen vpj&nbsp;\/ Juha HakkarainenJuhani Piispanen \/ Marko Hankajoki&nbsp;Arto Vasalampi \/ Heikki Ruusuvirta&nbsp;Vesa Hurme \/ Matti Ruusuvirta&nbsp;Kari Holm \/ Jussi Ojanper\u00e4 Kalastuksenvalvojat&nbsp;Onni M. Paananen, Kari Holm ja Vesa Hurme. Sihteeri-rahastonhoitaja:&nbsp;Kauko JokisaloM\u00e4ntytie 2 A<\/p>\n<p><a class=\"moretag\" href=\"https:\/\/kivijarvenkalatalousalue.fi\/heinolahti\/tiedot\/\"> Lue lis\u00e4\u00e4 ><\/a><\/p>\n","protected":false},"author":2,"featured_media":0,"parent":0,"menu_order":0,"comment_status":"closed","ping_status":"closed","template":"basic-sivu.php","meta":{"_acf_changed":false,"footnotes":""},"class_list":["post-26","page","type-page","status-publish","hentry"],"acf":[],"yoast_head":"<!-- This site is optimized with the Yoast SEO plugin v27.1.1 - https:\/\/yoast.com\/product\/yoast-seo-wordpress\/ -->\n<title>Tiedot - Heinolahden osakaskunta<\/title>\n<meta name=\"robots\" content=\"index, follow, max-snippet:-1, max-image-preview:large, max-video-preview:-1\" \/>\n<link rel=\"canonical\" href=\"https:\/\/kivijarvenkalatalousalue.fi\/heinolahti\/tiedot\/\" \/>\n<meta property=\"og:locale\" content=\"fi_FI\" \/>\n<meta property=\"og:type\" content=\"article\" \/>\n<meta property=\"og:title\" content=\"Tiedot - Heinolahden osakaskunta\" \/>\n<meta property=\"og:description\" content=\"Yhteystiedot Puheenjohtaja&nbsp;Vesa Hurme&nbsp;Kivij\u00e4rventie 68&nbsp;43800 KIVIJ\u00c4RVI&nbsp;p. 0400 645 13 Varapj. Heimo Piispanenp. 0400 522 961 Hoitokunta:Varsinainen j\u00e4sen \/ Henkil\u00f6kohtainen varamies&nbsp;Aimo Hakkarainen pj&nbsp;\/ Raimo Hankajoki&nbsp;Heimo Piispanen vpj&nbsp;\/ Juha HakkarainenJuhani Piispanen \/ Marko Hankajoki&nbsp;Arto Vasalampi \/ Heikki Ruusuvirta&nbsp;Vesa Hurme \/ Matti Ruusuvirta&nbsp;Kari Holm \/ Jussi Ojanper\u00e4 Kalastuksenvalvojat&nbsp;Onni M. Paananen, Kari Holm ja Vesa Hurme. Sihteeri-rahastonhoitaja:&nbsp;Kauko JokisaloM\u00e4ntytie 2 A Lue lis\u00e4\u00e4 &gt;\" \/>\n<meta property=\"og:url\" content=\"https:\/\/kivijarvenkalatalousalue.fi\/heinolahti\/tiedot\/\" \/>\n<meta property=\"og:site_name\" content=\"Heinolahden osakaskunta\" \/>\n<meta property=\"article:modified_time\" content=\"2021-06-21T12:58:14+00:00\" \/>\n<meta name=\"twitter:card\" content=\"summary_large_image\" \/>\n<meta name=\"twitter:label1\" content=\"Arvioitu lukuaika\" \/>\n\t<meta name=\"twitter:data1\" content=\"1 minuutti\" \/>\n<script type=\"application\/ld+json\" class=\"yoast-schema-graph\">{\"@context\":\"https:\/\/schema.org\",\"@graph\":[{\"@type\":\"WebPage\",\"@id\":\"https:\/\/kivijarvenkalatalousalue.fi\/heinolahti\/tiedot\/\",\"url\":\"https:\/\/kivijarvenkalatalousalue.fi\/heinolahti\/tiedot\/\",\"name\":\"Tiedot - Heinolahden osakaskunta\",\"isPartOf\":{\"@id\":\"https:\/\/kivijarvenkalatalousalue.fi\/heinolahti\/#website\"},\"datePublished\":\"2020-10-29T08:31:59+00:00\",\"dateModified\":\"2021-06-21T12:58:14+00:00\",\"breadcrumb\":{\"@id\":\"https:\/\/kivijarvenkalatalousalue.fi\/heinolahti\/tiedot\/#breadcrumb\"},\"inLanguage\":\"fi\",\"potentialAction\":[{\"@type\":\"ReadAction\",\"target\":[\"https:\/\/kivijarvenkalatalousalue.fi\/heinolahti\/tiedot\/\"]}]},{\"@type\":\"BreadcrumbList\",\"@id\":\"https:\/\/kivijarvenkalatalousalue.fi\/heinolahti\/tiedot\/#breadcrumb\",\"itemListElement\":[{\"@type\":\"ListItem\",\"position\":1,\"name\":\"Home\",\"item\":\"https:\/\/kivijarvenkalatalousalue.fi\/heinolahti\/\"},{\"@type\":\"ListItem\",\"position\":2,\"name\":\"Tiedot\"}]},{\"@type\":\"WebSite\",\"@id\":\"https:\/\/kivijarvenkalatalousalue.fi\/heinolahti\/#website\",\"url\":\"https:\/\/kivijarvenkalatalousalue.fi\/heinolahti\/\",\"name\":\"Heinolahden osakaskunta\",\"description\":\"Uusi Kivij\u00e4rven kalatalousalue -sivusto\",\"potentialAction\":[{\"@type\":\"SearchAction\",\"target\":{\"@type\":\"EntryPoint\",\"urlTemplate\":\"https:\/\/kivijarvenkalatalousalue.fi\/heinolahti\/?s={search_term_string}\"},\"query-input\":{\"@type\":\"PropertyValueSpecification\",\"valueRequired\":true,\"valueName\":\"search_term_string\"}}],\"inLanguage\":\"fi\"}]}<\/script>\n<!-- \/ Yoast SEO plugin. -->","yoast_head_json":{"title":"Tiedot - Heinolahden osakaskunta","robots":{"index":"index","follow":"follow","max-snippet":"max-snippet:-1","max-image-preview":"max-image-preview:large","max-video-preview":"max-video-preview:-1"},"canonical":"https:\/\/kivijarvenkalatalousalue.fi\/heinolahti\/tiedot\/","og_locale":"fi_FI","og_type":"article","og_title":"Tiedot - Heinolahden osakaskunta","og_description":"Yhteystiedot Puheenjohtaja&nbsp;Vesa Hurme&nbsp;Kivij\u00e4rventie 68&nbsp;43800 KIVIJ\u00c4RVI&nbsp;p. 0400 645 13 Varapj. Heimo Piispanenp. 0400 522 961 Hoitokunta:Varsinainen j\u00e4sen \/ Henkil\u00f6kohtainen varamies&nbsp;Aimo Hakkarainen pj&nbsp;\/ Raimo Hankajoki&nbsp;Heimo Piispanen vpj&nbsp;\/ Juha HakkarainenJuhani Piispanen \/ Marko Hankajoki&nbsp;Arto Vasalampi \/ Heikki Ruusuvirta&nbsp;Vesa Hurme \/ Matti Ruusuvirta&nbsp;Kari Holm \/ Jussi Ojanper\u00e4 Kalastuksenvalvojat&nbsp;Onni M. Paananen, Kari Holm ja Vesa Hurme. Sihteeri-rahastonhoitaja:&nbsp;Kauko JokisaloM\u00e4ntytie 2 A Lue lis\u00e4\u00e4 >","og_url":"https:\/\/kivijarvenkalatalousalue.fi\/heinolahti\/tiedot\/","og_site_name":"Heinolahden osakaskunta","article_modified_time":"2021-06-21T12:58:14+00:00","twitter_card":"summary_large_image","twitter_misc":{"Arvioitu lukuaika":"1 minuutti"},"schema":{"@context":"https:\/\/schema.org","@graph":[{"@type":"WebPage","@id":"https:\/\/kivijarvenkalatalousalue.fi\/heinolahti\/tiedot\/","url":"https:\/\/kivijarvenkalatalousalue.fi\/heinolahti\/tiedot\/","name":"Tiedot - Heinolahden osakaskunta","isPartOf":{"@id":"https:\/\/kivijarvenkalatalousalue.fi\/heinolahti\/#website"},"datePublished":"2020-10-29T08:31:59+00:00","dateModified":"2021-06-21T12:58:14+00:00","breadcrumb":{"@id":"https:\/\/kivijarvenkalatalousalue.fi\/heinolahti\/tiedot\/#breadcrumb"},"inLanguage":"fi","potentialAction":[{"@type":"ReadAction","target":["https:\/\/kivijarvenkalatalousalue.fi\/heinolahti\/tiedot\/"]}]},{"@type":"BreadcrumbList","@id":"https:\/\/kivijarvenkalatalousalue.fi\/heinolahti\/tiedot\/#breadcrumb","itemListElement":[{"@type":"ListItem","position":1,"name":"Home","item":"https:\/\/kivijarvenkalatalousalue.fi\/heinolahti\/"},{"@type":"ListItem","position":2,"name":"Tiedot"}]},{"@type":"WebSite","@id":"https:\/\/kivijarvenkalatalousalue.fi\/heinolahti\/#website","url":"https:\/\/kivijarvenkalatalousalue.fi\/heinolahti\/","name":"Heinolahden osakaskunta","description":"Uusi Kivij\u00e4rven kalatalousalue -sivusto","potentialAction":[{"@type":"SearchAction","target":{"@type":"EntryPoint","urlTemplate":"https:\/\/kivijarvenkalatalousalue.fi\/heinolahti\/?s={search_term_string}"},"query-input":{"@type":"PropertyValueSpecification","valueRequired":true,"valueName":"search_term_string"}}],"inLanguage":"fi"}]}},"_links":{"self":[{"href":"https:\/\/kivijarvenkalatalousalue.fi\/heinolahti\/wp-json\/wp\/v2\/pages\/26","targetHints":{"allow":["GET"]}}],"collection":[{"href":"https:\/\/kivijarvenkalatalousalue.fi\/heinolahti\/wp-json\/wp\/v2\/pages"}],"about":[{"href":"https:\/\/kivijarvenkalatalousalue.fi\/heinolahti\/wp-json\/wp\/v2\/types\/page"}],"author":[{"embeddable":true,"href":"https:\/\/kivijarvenkalatalousalue.fi\/heinolahti\/wp-json\/wp\/v2\/users\/2"}],"replies":[{"embeddable":true,"href":"https:\/\/kivijarvenkalatalousalue.fi\/heinolahti\/wp-json\/wp\/v2\/comments?post=26"}],"version-history":[{"count":5,"href":"https:\/\/kivijarvenkalatalousalue.fi\/heinolahti\/wp-json\/wp\/v2\/pages\/26\/revisions"}],"predecessor-version":[{"id":253,"href":"https:\/\/kivijarvenkalatalousalue.fi\/heinolahti\/wp-json\/wp\/v2\/pages\/26\/revisions\/253"}],"wp:attachment":[{"href":"https:\/\/kivijarvenkalatalousalue.fi\/heinolahti\/wp-json\/wp\/v2\/media?parent=26"}],"curies":[{"name":"wp","href":"https:\/\/api.w.org\/{rel}","templated":true}]}}