{"id":86,"date":"2020-10-29T11:39:36","date_gmt":"2020-10-29T09:39:36","guid":{"rendered":"http:\/\/89.166.51.80\/~pohjoispaij\/ahtola\/?page_id=86"},"modified":"2021-04-26T15:23:27","modified_gmt":"2021-04-26T12:23:27","slug":"lupamaksut-ja-ohjeet","status":"publish","type":"page","link":"https:\/\/kivijarvenkalatalousalue.fi\/heinolahti\/luvat\/lupamaksut-ja-ohjeet\/","title":{"rendered":"Lupamaksut ja ohjeet"},"content":{"rendered":"\n<h2 class=\"wp-block-heading\">Lupamaksut ja ohjeet<\/h2>\n\n\n\n<h4 class=\"wp-block-heading\">Lupakausi 1.4.2010 \u2013 31.3.2011<\/h4>\n\n\n\n<p><strong>Perusmaksu 10 \u20ac<\/strong>, joka sis\u00e4lt\u00e4\u00e4 my\u00f6s uistelu-, heittouistelu- ja vesilinnunmets\u00e4stysluvan osakkaille ja kyl\u00e4ss\u00e4 muutoin kuin tilap\u00e4isesti asuville.<br>Muut ulkopuoliset: Uistelumaksu&nbsp;<strong>20 \u20ac<\/strong>&nbsp;\/ vuosi tai&nbsp;<strong>10 \u20ac<\/strong>\/2 viikkoa.<br>Lomakylien asukkaat: Perusmaksu&nbsp;<strong>10 \u20ac<\/strong>\/2 viikkoa sis\u00e4lt\u00e4en uisteluluvan, jonka lis\u00e4ksi voidaan myyd\u00e4 enint\u00e4\u00e4n viisi kappaletta verkkomerkkej\u00e4 (\u00e1&nbsp;<strong>4 \u20ac<\/strong>\/merkki).<\/p>\n\n\n\n<p><strong>Pyydysmerkit osakkaille ja kyl\u00e4ss\u00e4 muutoin kuin tilap\u00e4isesti asuville:<\/strong><\/p>\n\n\n\n<p>&#8211;&nbsp;<strong>verkkomerkki 2 \u20ac\/kpl<\/strong>&nbsp;\u2013 yksi merkki 30 metrin pituista ja 3 metri\u00e4 korkeaa verkkoa kohti.&nbsp;<br>Verkko merkitt\u00e4v\u00e4 s\u00e4\u00e4nn\u00f6sten mukaisesti riitt\u00e4v\u00e4n n\u00e4kyvin merkein molemmista p\u00e4ist\u00e4.&nbsp;<br>&#8211;&nbsp;<strong>rys\u00e4merkki<\/strong>&nbsp;on sama kuin verkkomerkki&nbsp;<br>&#8211;&nbsp;<strong>katiska,<\/strong>&nbsp;ei merkki\u00e4, mutta perusmaksu maksettava, jotta kalastus olisi sallittua.&nbsp;<br>Yli 65-vuotiaiden ei tarvitse maksaa perusmaksua katiskakalastuksessa.&nbsp;<br><strong>&#8211; rapumerta, 2 \u20ac<\/strong>\/kpl, enint\u00e4\u00e4n 15 kpl\/osakas. Ravustuslupa on henkil\u00f6kohtainen.&nbsp;<br>&#8211;&nbsp;<strong>nuotanveto<\/strong>&nbsp;sallittu vakituisesti paikkakunnalla asuville osakkaille. Maksu&nbsp;<strong>35 \u20ac<\/strong>\/nuotta.&nbsp;<br>&#8211;&nbsp;<strong>koukkulupa:<\/strong>&nbsp;perusmaksulla 10 koukkua\/kalastaja&nbsp;<br><strong>Veitjoki: 5 \u20ac\/vrk; 20 \u20ac\/viikko; 50 \u20ac\/vuosi<\/strong><\/p>\n","protected":false},"excerpt":{"rendered":"<p>Lupamaksut ja ohjeet Lupakausi 1.4.2010 \u2013 31.3.2011 Perusmaksu 10 \u20ac, joka sis\u00e4lt\u00e4\u00e4 my\u00f6s uistelu-, heittouistelu- ja vesilinnunmets\u00e4stysluvan osakkaille ja kyl\u00e4ss\u00e4 muutoin kuin tilap\u00e4isesti asuville.Muut ulkopuoliset: Uistelumaksu&nbsp;20 \u20ac&nbsp;\/ vuosi tai&nbsp;10 \u20ac\/2 viikkoa.Lomakylien asukkaat: Perusmaksu&nbsp;10 \u20ac\/2 viikkoa sis\u00e4lt\u00e4en uisteluluvan, jonka lis\u00e4ksi voidaan myyd\u00e4 enint\u00e4\u00e4n viisi kappaletta verkkomerkkej\u00e4 (\u00e1&nbsp;4 \u20ac\/merkki). Pyydysmerkit osakkaille ja kyl\u00e4ss\u00e4 muutoin kuin tilap\u00e4isesti asuville:<\/p>\n<p><a class=\"moretag\" href=\"https:\/\/kivijarvenkalatalousalue.fi\/heinolahti\/luvat\/lupamaksut-ja-ohjeet\/\"> Lue lis\u00e4\u00e4 ><\/a><\/p>\n","protected":false},"author":2,"featured_media":0,"parent":45,"menu_order":0,"comment_status":"closed","ping_status":"closed","template":"basic-sivu.php","meta":{"_acf_changed":false,"footnotes":""},"class_list":["post-86","page","type-page","status-publish","hentry"],"acf":[],"yoast_head":"<!-- This site is optimized with the Yoast SEO plugin v27.1.1 - https:\/\/yoast.com\/product\/yoast-seo-wordpress\/ -->\n<title>Lupamaksut ja ohjeet - Heinolahden osakaskunta<\/title>\n<meta name=\"robots\" content=\"index, follow, max-snippet:-1, max-image-preview:large, max-video-preview:-1\" \/>\n<link rel=\"canonical\" href=\"https:\/\/kivijarvenkalatalousalue.fi\/heinolahti\/luvat\/lupamaksut-ja-ohjeet\/\" \/>\n<meta property=\"og:locale\" content=\"fi_FI\" \/>\n<meta property=\"og:type\" content=\"article\" \/>\n<meta property=\"og:title\" content=\"Lupamaksut ja ohjeet - Heinolahden osakaskunta\" \/>\n<meta property=\"og:description\" content=\"Lupamaksut ja ohjeet Lupakausi 1.4.2010 \u2013 31.3.2011 Perusmaksu 10 \u20ac, joka sis\u00e4lt\u00e4\u00e4 my\u00f6s uistelu-, heittouistelu- ja vesilinnunmets\u00e4stysluvan osakkaille ja kyl\u00e4ss\u00e4 muutoin kuin tilap\u00e4isesti asuville.Muut ulkopuoliset: Uistelumaksu&nbsp;20 \u20ac&nbsp;\/ vuosi tai&nbsp;10 \u20ac\/2 viikkoa.Lomakylien asukkaat: Perusmaksu&nbsp;10 \u20ac\/2 viikkoa sis\u00e4lt\u00e4en uisteluluvan, jonka lis\u00e4ksi voidaan myyd\u00e4 enint\u00e4\u00e4n viisi kappaletta verkkomerkkej\u00e4 (\u00e1&nbsp;4 \u20ac\/merkki). Pyydysmerkit osakkaille ja kyl\u00e4ss\u00e4 muutoin kuin tilap\u00e4isesti asuville: Lue lis\u00e4\u00e4 &gt;\" \/>\n<meta property=\"og:url\" content=\"https:\/\/kivijarvenkalatalousalue.fi\/heinolahti\/luvat\/lupamaksut-ja-ohjeet\/\" \/>\n<meta property=\"og:site_name\" content=\"Heinolahden osakaskunta\" \/>\n<meta property=\"article:modified_time\" content=\"2021-04-26T12:23:27+00:00\" \/>\n<meta name=\"twitter:card\" content=\"summary_large_image\" \/>\n<meta name=\"twitter:label1\" content=\"Arvioitu lukuaika\" \/>\n\t<meta name=\"twitter:data1\" content=\"1 minuutti\" \/>\n<script type=\"application\/ld+json\" class=\"yoast-schema-graph\">{\"@context\":\"https:\/\/schema.org\",\"@graph\":[{\"@type\":\"WebPage\",\"@id\":\"https:\/\/kivijarvenkalatalousalue.fi\/heinolahti\/luvat\/lupamaksut-ja-ohjeet\/\",\"url\":\"https:\/\/kivijarvenkalatalousalue.fi\/heinolahti\/luvat\/lupamaksut-ja-ohjeet\/\",\"name\":\"Lupamaksut ja ohjeet - Heinolahden osakaskunta\",\"isPartOf\":{\"@id\":\"https:\/\/kivijarvenkalatalousalue.fi\/heinolahti\/#website\"},\"datePublished\":\"2020-10-29T09:39:36+00:00\",\"dateModified\":\"2021-04-26T12:23:27+00:00\",\"breadcrumb\":{\"@id\":\"https:\/\/kivijarvenkalatalousalue.fi\/heinolahti\/luvat\/lupamaksut-ja-ohjeet\/#breadcrumb\"},\"inLanguage\":\"fi\",\"potentialAction\":[{\"@type\":\"ReadAction\",\"target\":[\"https:\/\/kivijarvenkalatalousalue.fi\/heinolahti\/luvat\/lupamaksut-ja-ohjeet\/\"]}]},{\"@type\":\"BreadcrumbList\",\"@id\":\"https:\/\/kivijarvenkalatalousalue.fi\/heinolahti\/luvat\/lupamaksut-ja-ohjeet\/#breadcrumb\",\"itemListElement\":[{\"@type\":\"ListItem\",\"position\":1,\"name\":\"Home\",\"item\":\"https:\/\/kivijarvenkalatalousalue.fi\/heinolahti\/\"},{\"@type\":\"ListItem\",\"position\":2,\"name\":\"Yksityinen: Luvat\",\"item\":\"https:\/\/kivijarvenkalatalousalue.fi\/heinolahti\/?page_id=45\"},{\"@type\":\"ListItem\",\"position\":3,\"name\":\"Lupamaksut ja ohjeet\"}]},{\"@type\":\"WebSite\",\"@id\":\"https:\/\/kivijarvenkalatalousalue.fi\/heinolahti\/#website\",\"url\":\"https:\/\/kivijarvenkalatalousalue.fi\/heinolahti\/\",\"name\":\"Heinolahden osakaskunta\",\"description\":\"Uusi Kivij\u00e4rven kalatalousalue -sivusto\",\"potentialAction\":[{\"@type\":\"SearchAction\",\"target\":{\"@type\":\"EntryPoint\",\"urlTemplate\":\"https:\/\/kivijarvenkalatalousalue.fi\/heinolahti\/?s={search_term_string}\"},\"query-input\":{\"@type\":\"PropertyValueSpecification\",\"valueRequired\":true,\"valueName\":\"search_term_string\"}}],\"inLanguage\":\"fi\"}]}<\/script>\n<!-- \/ Yoast SEO plugin. -->","yoast_head_json":{"title":"Lupamaksut ja ohjeet - Heinolahden osakaskunta","robots":{"index":"index","follow":"follow","max-snippet":"max-snippet:-1","max-image-preview":"max-image-preview:large","max-video-preview":"max-video-preview:-1"},"canonical":"https:\/\/kivijarvenkalatalousalue.fi\/heinolahti\/luvat\/lupamaksut-ja-ohjeet\/","og_locale":"fi_FI","og_type":"article","og_title":"Lupamaksut ja ohjeet - Heinolahden osakaskunta","og_description":"Lupamaksut ja ohjeet Lupakausi 1.4.2010 \u2013 31.3.2011 Perusmaksu 10 \u20ac, joka sis\u00e4lt\u00e4\u00e4 my\u00f6s uistelu-, heittouistelu- ja vesilinnunmets\u00e4stysluvan osakkaille ja kyl\u00e4ss\u00e4 muutoin kuin tilap\u00e4isesti asuville.Muut ulkopuoliset: Uistelumaksu&nbsp;20 \u20ac&nbsp;\/ vuosi tai&nbsp;10 \u20ac\/2 viikkoa.Lomakylien asukkaat: Perusmaksu&nbsp;10 \u20ac\/2 viikkoa sis\u00e4lt\u00e4en uisteluluvan, jonka lis\u00e4ksi voidaan myyd\u00e4 enint\u00e4\u00e4n viisi kappaletta verkkomerkkej\u00e4 (\u00e1&nbsp;4 \u20ac\/merkki). Pyydysmerkit osakkaille ja kyl\u00e4ss\u00e4 muutoin kuin tilap\u00e4isesti asuville: Lue lis\u00e4\u00e4 >","og_url":"https:\/\/kivijarvenkalatalousalue.fi\/heinolahti\/luvat\/lupamaksut-ja-ohjeet\/","og_site_name":"Heinolahden osakaskunta","article_modified_time":"2021-04-26T12:23:27+00:00","twitter_card":"summary_large_image","twitter_misc":{"Arvioitu lukuaika":"1 minuutti"},"schema":{"@context":"https:\/\/schema.org","@graph":[{"@type":"WebPage","@id":"https:\/\/kivijarvenkalatalousalue.fi\/heinolahti\/luvat\/lupamaksut-ja-ohjeet\/","url":"https:\/\/kivijarvenkalatalousalue.fi\/heinolahti\/luvat\/lupamaksut-ja-ohjeet\/","name":"Lupamaksut ja ohjeet - Heinolahden osakaskunta","isPartOf":{"@id":"https:\/\/kivijarvenkalatalousalue.fi\/heinolahti\/#website"},"datePublished":"2020-10-29T09:39:36+00:00","dateModified":"2021-04-26T12:23:27+00:00","breadcrumb":{"@id":"https:\/\/kivijarvenkalatalousalue.fi\/heinolahti\/luvat\/lupamaksut-ja-ohjeet\/#breadcrumb"},"inLanguage":"fi","potentialAction":[{"@type":"ReadAction","target":["https:\/\/kivijarvenkalatalousalue.fi\/heinolahti\/luvat\/lupamaksut-ja-ohjeet\/"]}]},{"@type":"BreadcrumbList","@id":"https:\/\/kivijarvenkalatalousalue.fi\/heinolahti\/luvat\/lupamaksut-ja-ohjeet\/#breadcrumb","itemListElement":[{"@type":"ListItem","position":1,"name":"Home","item":"https:\/\/kivijarvenkalatalousalue.fi\/heinolahti\/"},{"@type":"ListItem","position":2,"name":"Yksityinen: Luvat","item":"https:\/\/kivijarvenkalatalousalue.fi\/heinolahti\/?page_id=45"},{"@type":"ListItem","position":3,"name":"Lupamaksut ja ohjeet"}]},{"@type":"WebSite","@id":"https:\/\/kivijarvenkalatalousalue.fi\/heinolahti\/#website","url":"https:\/\/kivijarvenkalatalousalue.fi\/heinolahti\/","name":"Heinolahden osakaskunta","description":"Uusi Kivij\u00e4rven kalatalousalue -sivusto","potentialAction":[{"@type":"SearchAction","target":{"@type":"EntryPoint","urlTemplate":"https:\/\/kivijarvenkalatalousalue.fi\/heinolahti\/?s={search_term_string}"},"query-input":{"@type":"PropertyValueSpecification","valueRequired":true,"valueName":"search_term_string"}}],"inLanguage":"fi"}]}},"_links":{"self":[{"href":"https:\/\/kivijarvenkalatalousalue.fi\/heinolahti\/wp-json\/wp\/v2\/pages\/86","targetHints":{"allow":["GET"]}}],"collection":[{"href":"https:\/\/kivijarvenkalatalousalue.fi\/heinolahti\/wp-json\/wp\/v2\/pages"}],"about":[{"href":"https:\/\/kivijarvenkalatalousalue.fi\/heinolahti\/wp-json\/wp\/v2\/types\/page"}],"author":[{"embeddable":true,"href":"https:\/\/kivijarvenkalatalousalue.fi\/heinolahti\/wp-json\/wp\/v2\/users\/2"}],"replies":[{"embeddable":true,"href":"https:\/\/kivijarvenkalatalousalue.fi\/heinolahti\/wp-json\/wp\/v2\/comments?post=86"}],"version-history":[{"count":3,"href":"https:\/\/kivijarvenkalatalousalue.fi\/heinolahti\/wp-json\/wp\/v2\/pages\/86\/revisions"}],"predecessor-version":[{"id":244,"href":"https:\/\/kivijarvenkalatalousalue.fi\/heinolahti\/wp-json\/wp\/v2\/pages\/86\/revisions\/244"}],"up":[{"embeddable":true,"href":"https:\/\/kivijarvenkalatalousalue.fi\/heinolahti\/wp-json\/wp\/v2\/pages\/45"}],"wp:attachment":[{"href":"https:\/\/kivijarvenkalatalousalue.fi\/heinolahti\/wp-json\/wp\/v2\/media?parent=86"}],"curies":[{"name":"wp","href":"https:\/\/api.w.org\/{rel}","templated":true}]}}