{"id":90,"date":"2020-10-29T11:42:18","date_gmt":"2020-10-29T09:42:18","guid":{"rendered":"http:\/\/89.166.51.80\/~pohjoispaij\/ahtola\/?page_id=90"},"modified":"2021-04-26T15:24:51","modified_gmt":"2021-04-26T12:24:51","slug":"luvanmyyjat-ja-lupakartta","status":"publish","type":"page","link":"https:\/\/kivijarvenkalatalousalue.fi\/heinolahti\/luvat\/luvanmyyjat-ja-lupakartta\/","title":{"rendered":"Luvanmyyj\u00e4t ja lupakartta"},"content":{"rendered":"\n<h2 class=\"wp-block-heading\">Luvanmyyj\u00e4t<\/h2>\n\n\n\n<p>Kivij\u00e4rven Grillikahvio, Virastotie 1&nbsp;<br>Juhani Piispanen, Perhontie 213&nbsp;<br>Anne Hakkarainen, Hannunkiven lomakyl\u00e4, Hannunkiventie 1&nbsp;<br>Juha Hakkarainen, Lomahoikka, Hoikanper\u00e4ntie 281&nbsp;<br>Kari Holm, Peltokankaantie 68<\/p>\n\n\n\n<p>Lis\u00e4ksi&nbsp;<strong>Veitjoen<\/strong>&nbsp;lupia myyv\u00e4t:&nbsp;<br>Heikki Ruusuvirta, Perhontie 387, puh. 014 487 245 \/ 040 533 9125&nbsp;<br>Juhani Piispanen, Perhontie 213, Puh 041 776 8737<\/p>\n\n\n\n<p><strong>Ravustusluvat<\/strong>&nbsp;<br>Juhani Piispanen, Perhontie 213, Puh. 041 776 8737<\/p>\n\n\n\n<h2 class=\"wp-block-heading\">Lupakartta<\/h2>\n\n\n\n<figure class=\"wp-block-image size-large\"><img loading=\"lazy\" decoding=\"async\" width=\"939\" height=\"967\" src=\"https:\/\/kivijarvenkalatalousalue.fi\/heinolahti\/wp-content\/uploads\/sites\/4\/2021\/04\/vesialuekartta.jpg\" alt=\"\" class=\"wp-image-245\" srcset=\"https:\/\/kivijarvenkalatalousalue.fi\/heinolahti\/wp-content\/uploads\/sites\/4\/2021\/04\/vesialuekartta.jpg 939w, https:\/\/kivijarvenkalatalousalue.fi\/heinolahti\/wp-content\/uploads\/sites\/4\/2021\/04\/vesialuekartta-291x300.jpg 291w, https:\/\/kivijarvenkalatalousalue.fi\/heinolahti\/wp-content\/uploads\/sites\/4\/2021\/04\/vesialuekartta-768x791.jpg 768w\" sizes=\"auto, (max-width: 939px) 100vw, 939px\" \/><\/figure>\n","protected":false},"excerpt":{"rendered":"<p>Luvanmyyj\u00e4t Kivij\u00e4rven Grillikahvio, Virastotie 1&nbsp;Juhani Piispanen, Perhontie 213&nbsp;Anne Hakkarainen, Hannunkiven lomakyl\u00e4, Hannunkiventie 1&nbsp;Juha Hakkarainen, Lomahoikka, Hoikanper\u00e4ntie 281&nbsp;Kari Holm, Peltokankaantie 68 Lis\u00e4ksi&nbsp;Veitjoen&nbsp;lupia myyv\u00e4t:&nbsp;Heikki Ruusuvirta, Perhontie 387, puh. 014 487 245 \/ 040 533 9125&nbsp;Juhani Piispanen, Perhontie 213, Puh 041 776 8737 Ravustusluvat&nbsp;Juhani Piispanen, Perhontie 213, Puh. 041 776 8737 Lupakartta<\/p>\n","protected":false},"author":2,"featured_media":0,"parent":45,"menu_order":0,"comment_status":"closed","ping_status":"closed","template":"basic-sivu.php","meta":{"_acf_changed":false,"footnotes":""},"class_list":["post-90","page","type-page","status-publish","hentry"],"acf":[],"yoast_head":"<!-- This site is optimized with the Yoast SEO plugin v27.1.1 - https:\/\/yoast.com\/product\/yoast-seo-wordpress\/ -->\n<title>Luvanmyyj\u00e4t ja lupakartta - Heinolahden osakaskunta<\/title>\n<meta name=\"robots\" content=\"index, follow, max-snippet:-1, max-image-preview:large, max-video-preview:-1\" \/>\n<link rel=\"canonical\" href=\"https:\/\/kivijarvenkalatalousalue.fi\/heinolahti\/luvat\/luvanmyyjat-ja-lupakartta\/\" \/>\n<meta property=\"og:locale\" content=\"fi_FI\" \/>\n<meta property=\"og:type\" content=\"article\" \/>\n<meta property=\"og:title\" content=\"Luvanmyyj\u00e4t ja lupakartta - Heinolahden osakaskunta\" \/>\n<meta property=\"og:description\" content=\"Luvanmyyj\u00e4t Kivij\u00e4rven Grillikahvio, Virastotie 1&nbsp;Juhani Piispanen, Perhontie 213&nbsp;Anne Hakkarainen, Hannunkiven lomakyl\u00e4, Hannunkiventie 1&nbsp;Juha Hakkarainen, Lomahoikka, Hoikanper\u00e4ntie 281&nbsp;Kari Holm, Peltokankaantie 68 Lis\u00e4ksi&nbsp;Veitjoen&nbsp;lupia myyv\u00e4t:&nbsp;Heikki Ruusuvirta, Perhontie 387, puh. 014 487 245 \/ 040 533 9125&nbsp;Juhani Piispanen, Perhontie 213, Puh 041 776 8737 Ravustusluvat&nbsp;Juhani Piispanen, Perhontie 213, Puh. 041 776 8737 Lupakartta\" \/>\n<meta property=\"og:url\" content=\"https:\/\/kivijarvenkalatalousalue.fi\/heinolahti\/luvat\/luvanmyyjat-ja-lupakartta\/\" \/>\n<meta property=\"og:site_name\" content=\"Heinolahden osakaskunta\" \/>\n<meta property=\"article:modified_time\" content=\"2021-04-26T12:24:51+00:00\" \/>\n<meta property=\"og:image\" content=\"https:\/\/kivijarvenkalatalousalue.fi\/heinolahti\/wp-content\/uploads\/sites\/4\/2021\/04\/vesialuekartta.jpg\" \/>\n<meta name=\"twitter:card\" content=\"summary_large_image\" \/>\n<script type=\"application\/ld+json\" class=\"yoast-schema-graph\">{\"@context\":\"https:\/\/schema.org\",\"@graph\":[{\"@type\":\"WebPage\",\"@id\":\"https:\/\/kivijarvenkalatalousalue.fi\/heinolahti\/luvat\/luvanmyyjat-ja-lupakartta\/\",\"url\":\"https:\/\/kivijarvenkalatalousalue.fi\/heinolahti\/luvat\/luvanmyyjat-ja-lupakartta\/\",\"name\":\"Luvanmyyj\u00e4t ja lupakartta - Heinolahden osakaskunta\",\"isPartOf\":{\"@id\":\"https:\/\/kivijarvenkalatalousalue.fi\/heinolahti\/#website\"},\"primaryImageOfPage\":{\"@id\":\"https:\/\/kivijarvenkalatalousalue.fi\/heinolahti\/luvat\/luvanmyyjat-ja-lupakartta\/#primaryimage\"},\"image\":{\"@id\":\"https:\/\/kivijarvenkalatalousalue.fi\/heinolahti\/luvat\/luvanmyyjat-ja-lupakartta\/#primaryimage\"},\"thumbnailUrl\":\"https:\/\/kivijarvenkalatalousalue.fi\/heinolahti\/wp-content\/uploads\/sites\/4\/2021\/04\/vesialuekartta.jpg\",\"datePublished\":\"2020-10-29T09:42:18+00:00\",\"dateModified\":\"2021-04-26T12:24:51+00:00\",\"breadcrumb\":{\"@id\":\"https:\/\/kivijarvenkalatalousalue.fi\/heinolahti\/luvat\/luvanmyyjat-ja-lupakartta\/#breadcrumb\"},\"inLanguage\":\"fi\",\"potentialAction\":[{\"@type\":\"ReadAction\",\"target\":[\"https:\/\/kivijarvenkalatalousalue.fi\/heinolahti\/luvat\/luvanmyyjat-ja-lupakartta\/\"]}]},{\"@type\":\"ImageObject\",\"inLanguage\":\"fi\",\"@id\":\"https:\/\/kivijarvenkalatalousalue.fi\/heinolahti\/luvat\/luvanmyyjat-ja-lupakartta\/#primaryimage\",\"url\":\"https:\/\/kivijarvenkalatalousalue.fi\/heinolahti\/wp-content\/uploads\/sites\/4\/2021\/04\/vesialuekartta.jpg\",\"contentUrl\":\"https:\/\/kivijarvenkalatalousalue.fi\/heinolahti\/wp-content\/uploads\/sites\/4\/2021\/04\/vesialuekartta.jpg\",\"width\":939,\"height\":967},{\"@type\":\"BreadcrumbList\",\"@id\":\"https:\/\/kivijarvenkalatalousalue.fi\/heinolahti\/luvat\/luvanmyyjat-ja-lupakartta\/#breadcrumb\",\"itemListElement\":[{\"@type\":\"ListItem\",\"position\":1,\"name\":\"Home\",\"item\":\"https:\/\/kivijarvenkalatalousalue.fi\/heinolahti\/\"},{\"@type\":\"ListItem\",\"position\":2,\"name\":\"Yksityinen: Luvat\",\"item\":\"https:\/\/kivijarvenkalatalousalue.fi\/heinolahti\/?page_id=45\"},{\"@type\":\"ListItem\",\"position\":3,\"name\":\"Luvanmyyj\u00e4t ja lupakartta\"}]},{\"@type\":\"WebSite\",\"@id\":\"https:\/\/kivijarvenkalatalousalue.fi\/heinolahti\/#website\",\"url\":\"https:\/\/kivijarvenkalatalousalue.fi\/heinolahti\/\",\"name\":\"Heinolahden osakaskunta\",\"description\":\"Uusi Kivij\u00e4rven kalatalousalue -sivusto\",\"potentialAction\":[{\"@type\":\"SearchAction\",\"target\":{\"@type\":\"EntryPoint\",\"urlTemplate\":\"https:\/\/kivijarvenkalatalousalue.fi\/heinolahti\/?s={search_term_string}\"},\"query-input\":{\"@type\":\"PropertyValueSpecification\",\"valueRequired\":true,\"valueName\":\"search_term_string\"}}],\"inLanguage\":\"fi\"}]}<\/script>\n<!-- \/ Yoast SEO plugin. -->","yoast_head_json":{"title":"Luvanmyyj\u00e4t ja lupakartta - Heinolahden osakaskunta","robots":{"index":"index","follow":"follow","max-snippet":"max-snippet:-1","max-image-preview":"max-image-preview:large","max-video-preview":"max-video-preview:-1"},"canonical":"https:\/\/kivijarvenkalatalousalue.fi\/heinolahti\/luvat\/luvanmyyjat-ja-lupakartta\/","og_locale":"fi_FI","og_type":"article","og_title":"Luvanmyyj\u00e4t ja lupakartta - Heinolahden osakaskunta","og_description":"Luvanmyyj\u00e4t Kivij\u00e4rven Grillikahvio, Virastotie 1&nbsp;Juhani Piispanen, Perhontie 213&nbsp;Anne Hakkarainen, Hannunkiven lomakyl\u00e4, Hannunkiventie 1&nbsp;Juha Hakkarainen, Lomahoikka, Hoikanper\u00e4ntie 281&nbsp;Kari Holm, Peltokankaantie 68 Lis\u00e4ksi&nbsp;Veitjoen&nbsp;lupia myyv\u00e4t:&nbsp;Heikki Ruusuvirta, Perhontie 387, puh. 014 487 245 \/ 040 533 9125&nbsp;Juhani Piispanen, Perhontie 213, Puh 041 776 8737 Ravustusluvat&nbsp;Juhani Piispanen, Perhontie 213, Puh. 041 776 8737 Lupakartta","og_url":"https:\/\/kivijarvenkalatalousalue.fi\/heinolahti\/luvat\/luvanmyyjat-ja-lupakartta\/","og_site_name":"Heinolahden osakaskunta","article_modified_time":"2021-04-26T12:24:51+00:00","og_image":[{"url":"https:\/\/kivijarvenkalatalousalue.fi\/heinolahti\/wp-content\/uploads\/sites\/4\/2021\/04\/vesialuekartta.jpg","type":"","width":"","height":""}],"twitter_card":"summary_large_image","schema":{"@context":"https:\/\/schema.org","@graph":[{"@type":"WebPage","@id":"https:\/\/kivijarvenkalatalousalue.fi\/heinolahti\/luvat\/luvanmyyjat-ja-lupakartta\/","url":"https:\/\/kivijarvenkalatalousalue.fi\/heinolahti\/luvat\/luvanmyyjat-ja-lupakartta\/","name":"Luvanmyyj\u00e4t ja lupakartta - Heinolahden osakaskunta","isPartOf":{"@id":"https:\/\/kivijarvenkalatalousalue.fi\/heinolahti\/#website"},"primaryImageOfPage":{"@id":"https:\/\/kivijarvenkalatalousalue.fi\/heinolahti\/luvat\/luvanmyyjat-ja-lupakartta\/#primaryimage"},"image":{"@id":"https:\/\/kivijarvenkalatalousalue.fi\/heinolahti\/luvat\/luvanmyyjat-ja-lupakartta\/#primaryimage"},"thumbnailUrl":"https:\/\/kivijarvenkalatalousalue.fi\/heinolahti\/wp-content\/uploads\/sites\/4\/2021\/04\/vesialuekartta.jpg","datePublished":"2020-10-29T09:42:18+00:00","dateModified":"2021-04-26T12:24:51+00:00","breadcrumb":{"@id":"https:\/\/kivijarvenkalatalousalue.fi\/heinolahti\/luvat\/luvanmyyjat-ja-lupakartta\/#breadcrumb"},"inLanguage":"fi","potentialAction":[{"@type":"ReadAction","target":["https:\/\/kivijarvenkalatalousalue.fi\/heinolahti\/luvat\/luvanmyyjat-ja-lupakartta\/"]}]},{"@type":"ImageObject","inLanguage":"fi","@id":"https:\/\/kivijarvenkalatalousalue.fi\/heinolahti\/luvat\/luvanmyyjat-ja-lupakartta\/#primaryimage","url":"https:\/\/kivijarvenkalatalousalue.fi\/heinolahti\/wp-content\/uploads\/sites\/4\/2021\/04\/vesialuekartta.jpg","contentUrl":"https:\/\/kivijarvenkalatalousalue.fi\/heinolahti\/wp-content\/uploads\/sites\/4\/2021\/04\/vesialuekartta.jpg","width":939,"height":967},{"@type":"BreadcrumbList","@id":"https:\/\/kivijarvenkalatalousalue.fi\/heinolahti\/luvat\/luvanmyyjat-ja-lupakartta\/#breadcrumb","itemListElement":[{"@type":"ListItem","position":1,"name":"Home","item":"https:\/\/kivijarvenkalatalousalue.fi\/heinolahti\/"},{"@type":"ListItem","position":2,"name":"Yksityinen: Luvat","item":"https:\/\/kivijarvenkalatalousalue.fi\/heinolahti\/?page_id=45"},{"@type":"ListItem","position":3,"name":"Luvanmyyj\u00e4t ja lupakartta"}]},{"@type":"WebSite","@id":"https:\/\/kivijarvenkalatalousalue.fi\/heinolahti\/#website","url":"https:\/\/kivijarvenkalatalousalue.fi\/heinolahti\/","name":"Heinolahden osakaskunta","description":"Uusi Kivij\u00e4rven kalatalousalue -sivusto","potentialAction":[{"@type":"SearchAction","target":{"@type":"EntryPoint","urlTemplate":"https:\/\/kivijarvenkalatalousalue.fi\/heinolahti\/?s={search_term_string}"},"query-input":{"@type":"PropertyValueSpecification","valueRequired":true,"valueName":"search_term_string"}}],"inLanguage":"fi"}]}},"_links":{"self":[{"href":"https:\/\/kivijarvenkalatalousalue.fi\/heinolahti\/wp-json\/wp\/v2\/pages\/90","targetHints":{"allow":["GET"]}}],"collection":[{"href":"https:\/\/kivijarvenkalatalousalue.fi\/heinolahti\/wp-json\/wp\/v2\/pages"}],"about":[{"href":"https:\/\/kivijarvenkalatalousalue.fi\/heinolahti\/wp-json\/wp\/v2\/types\/page"}],"author":[{"embeddable":true,"href":"https:\/\/kivijarvenkalatalousalue.fi\/heinolahti\/wp-json\/wp\/v2\/users\/2"}],"replies":[{"embeddable":true,"href":"https:\/\/kivijarvenkalatalousalue.fi\/heinolahti\/wp-json\/wp\/v2\/comments?post=90"}],"version-history":[{"count":3,"href":"https:\/\/kivijarvenkalatalousalue.fi\/heinolahti\/wp-json\/wp\/v2\/pages\/90\/revisions"}],"predecessor-version":[{"id":246,"href":"https:\/\/kivijarvenkalatalousalue.fi\/heinolahti\/wp-json\/wp\/v2\/pages\/90\/revisions\/246"}],"up":[{"embeddable":true,"href":"https:\/\/kivijarvenkalatalousalue.fi\/heinolahti\/wp-json\/wp\/v2\/pages\/45"}],"wp:attachment":[{"href":"https:\/\/kivijarvenkalatalousalue.fi\/heinolahti\/wp-json\/wp\/v2\/media?parent=90"}],"curies":[{"name":"wp","href":"https:\/\/api.w.org\/{rel}","templated":true}]}}