{"id":97,"date":"2020-10-29T11:48:36","date_gmt":"2020-10-29T09:48:36","guid":{"rendered":"http:\/\/89.166.51.80\/~pohjoispaij\/ahtola\/?page_id=97"},"modified":"2026-03-28T07:28:45","modified_gmt":"2026-03-28T05:28:45","slug":"pyydysmerkinnat","status":"publish","type":"page","link":"https:\/\/kivijarvenkalatalousalue.fi\/jauhoniemi\/luvat\/pyydysmerkinnat\/","title":{"rendered":"Pyydysmerkinn\u00e4t"},"content":{"rendered":"\n<h2 class=\"wp-block-heading\"><strong>PYYDYSMERKIT<\/strong><\/h2>\n\n\n\n<ul class=\"wp-block-list\">\n<li><strong>Osakkaat ja pienosakkaat <\/strong>merkitsev\u00e4t seisovat pyydykset (verkko, rys\u00e4, 100 koukun pitk\u00e4siima) kestomerkill\u00e4. Kestomerkki ja siin\u00e4 oleva numerotunnus on kiinteist\u00f6- ja ruokakuntakohtainen. Kestomerkkej\u00e4 ei voi luovuttaa toisen kalastajan k\u00e4ytt\u00f6\u00f6n, eik\u00e4 n\u00e4in ollen toisen kalastajan kestomerkkej\u00e4 voi k\u00e4ytt\u00e4\u00e4. Sama koskee my\u00f6s yhteystietomerkki\u00e4.<\/li>\n<\/ul>\n\n\n\n<ul class=\"wp-block-list\">\n<li><strong>Ulkopuoliset ja kyl\u00e4ss\u00e4 asuvat <\/strong>merkitsev\u00e4t pyydykset ensisijaisesti yhteystietomerkill\u00e4, erityistilanteissa kestomerkill\u00e4. Yhteystietomerkki on voimassa 30.4.2025 saakka. Kestomerkit tulee s\u00e4ilytt\u00e4\u00e4 kalastuskauden p\u00e4\u00e4tytty\u00e4, koska samoja merkkej\u00e4 k\u00e4ytet\u00e4\u00e4n seuraavina vuosina. Kestomerkkien lunastuksen yhteydess\u00e4 perit\u00e4\u00e4n valmistuskustannukset 2 \u20ac\/kpl.<\/li>\n<\/ul>\n\n\n\n<ul class=\"wp-block-list\">\n<li><strong>Osakas itse <\/strong>on vastuussa osoitteenmuutosten ilmoittamisesta osakaskunnan osoiterekisteriin. <strong>Vuosittain kalastajille l\u00e4hetet\u00e4\u00e4n s\u00e4hk\u00f6postilasku <\/strong>peritt\u00e4vist\u00e4 pyydysmaksuista (muutamalle, heid\u00e4n pyynn\u00f6st\u00e4 l\u00e4hetet\u00e4\u00e4n edelleen lasku paperisena). Lasku l\u00e4hetet\u00e4\u00e4n pyydysyksik\u00f6iden osalta t\u00e4ysim\u00e4\u00e4r\u00e4isen\u00e4, mutta osakas voi muuttaa laskun loppusummaa sen mukaisesti, kuinka monta pyydysyksikk\u00f6\u00e4 h\u00e4n lunastaa ja lunastaako h\u00e4n vesilinnun mets\u00e4stysluvan. Hinnat selvi\u00e4v\u00e4t t\u00e4ss\u00e4 tiedotteessa. Maksu on voimassa 1.5 \u2013 30.4 v\u00e4lisen\u00e4 aikana. Kalastuslain 33 \u00a7 mukaisesti seisovien ja kiinteiden pyydysten merkinn\u00e4st\u00e4 noudatettava valtion kalastusasetuksen 16 \u00a7 mukaisia vaatimuksia.<\/li>\n<\/ul>\n\n\n\n<ul class=\"wp-block-list\">\n<li><strong>Erityisesti pyydet\u00e4\u00e4n huomioimaan verkkojen merkitseminen asianmukaisilla, riitt\u00e4v\u00e4n isoilla ja huomiota her\u00e4tt\u00e4vill\u00e4 merkeill\u00e4.<\/strong><\/li>\n<\/ul>\n\n\n\n<ul class=\"wp-block-list\">\n<li><strong>Yhteystietomerkki tulee lunastaa vuosittain pyydysmerkkien myyj\u00e4lt\u00e4. Katiska merkit\u00e4\u00e4n <\/strong>kesto-\/yhteystieto merkill\u00e4 tai pyydykseen kiinnitett\u00e4v\u00e4ll\u00e4 selv\u00e4sti erottuvalla osakasnumerolla, joka on sama kuin kestomerkin numero, lis\u00e4ksi merkitt\u00e4v\u00e4 osakkaan nimi ja puhelinnumero tai osoite. Esimerkiksi osakasnumeron voi merkit\u00e4 polaan. <strong>Katiskasta ei perit\u00e4 erikseen pyydysmaksua.<\/strong><\/li>\n<\/ul>\n\n\n\n<ul class=\"wp-block-list\">\n<li><strong>Rapumerta merkit\u00e4\u00e4n erillisell\u00e4 pyydysmerkill\u00e4. <\/strong>Pyydysmerkit kiinnitet\u00e4\u00e4n polaan tai pyydykseen. Kalastaja vastaa siit\u00e4, ett\u00e4 pyydys on tarkastuksen yhteydess\u00e4 selv\u00e4sti tunnistettavissa. Mik\u00e4li pyydyst\u00e4 ei voida tarkistuksen yhteydess\u00e4 selv\u00e4sti tunnistaa, katsotaan pyydys merkitsem\u00e4tt\u00f6m\u00e4ksi ja t\u00e4ll\u00f6in noudatetaan sen osalta kalastuslakia.<\/li>\n<\/ul>\n\n\n\n<ul class=\"wp-block-list\">\n<li><strong>Yksi kestomerkki\/yhteystieto-merkki oikeuttaa pit\u00e4m\u00e4\u00e4n 3 x 30 m suuruista verkkoa <\/strong>(esim. 5 m x 30 m:n verkkoon tarvitaan kaksi merkki\u00e4). Pienosakkaat, osakaskunnan alueella asuvat ja ulkopuoliset enint\u00e4\u00e4n 10 yksikk\u00f6\u00e4 (5 kestomerkki\u00e4\/yhteystieto-merkki\u00e4).<\/li>\n<\/ul>\n\n\n\n<ul class=\"wp-block-list\">\n<li><strong>Ravustuksessa <\/strong>k\u00e4ytett\u00e4vi\u00e4 pyydysmerkkej\u00e4 myyd\u00e4\u00e4n osakkaille ja pienosakkaille enint\u00e4\u00e4n 15 kpl. Yksi merkki oikeuttaa pit\u00e4m\u00e4\u00e4n yht\u00e4 rapumertaa. Rapumertoja ei voi en\u00e4\u00e4 merkit\u00e4 kestomerkill\u00e4 tai polaan merkityll\u00e4 osakasnumerolla.<\/li>\n<\/ul>\n\n\n\n<ul class=\"wp-block-list\">\n<li><strong>Uistinlupa ulkopuolisille 25 euroa,<\/strong> osakaskunnan osakkaille, pienosakkaille sek\u00e4 osakaskunnan alueella asuville riitt\u00e4\u00e4 kestomerkki\/yhteystieto merkki. Rajoitus max. 6 vapaa\/venekunta.<\/li>\n<\/ul>\n\n\n\n<ul class=\"wp-block-list\">\n<li><strong>Nuottalupa<\/strong> osakkaille 20 yksikk\u00f6\u00e4.<\/li>\n<\/ul>\n\n\n\n<p><strong>Osakkailla ja pienosakkaille vesilintujen mets\u00e4stykseen <\/strong>riitt\u00e4\u00e4 kestomerkki. Osakaskunnan alueella asuville ja ulkopuolisille 20 euroa\/kausi.<\/p>\n","protected":false},"excerpt":{"rendered":"<p>PYYDYSMERKIT Osakkailla ja pienosakkaille vesilintujen mets\u00e4stykseen riitt\u00e4\u00e4 kestomerkki. Osakaskunnan alueella asuville ja ulkopuolisille 20 euroa\/kausi.<\/p>\n","protected":false},"author":2,"featured_media":0,"parent":45,"menu_order":0,"comment_status":"closed","ping_status":"closed","template":"basic-sivu.php","meta":{"_acf_changed":false,"footnotes":""},"class_list":["post-97","page","type-page","status-publish","hentry"],"acf":[],"yoast_head":"<!-- This site is optimized with the Yoast SEO plugin v27.1.1 - https:\/\/yoast.com\/product\/yoast-seo-wordpress\/ -->\n<title>Pyydysmerkinn\u00e4t - Jauhoniemen osakaskunta<\/title>\n<meta name=\"robots\" content=\"index, follow, max-snippet:-1, max-image-preview:large, max-video-preview:-1\" \/>\n<link rel=\"canonical\" href=\"https:\/\/kivijarvenkalatalousalue.fi\/jauhoniemi\/luvat\/pyydysmerkinnat\/\" \/>\n<meta property=\"og:locale\" content=\"fi_FI\" \/>\n<meta property=\"og:type\" content=\"article\" \/>\n<meta property=\"og:title\" content=\"Pyydysmerkinn\u00e4t - Jauhoniemen osakaskunta\" \/>\n<meta property=\"og:description\" content=\"PYYDYSMERKIT Osakkailla ja pienosakkaille vesilintujen mets\u00e4stykseen riitt\u00e4\u00e4 kestomerkki. Osakaskunnan alueella asuville ja ulkopuolisille 20 euroa\/kausi.\" \/>\n<meta property=\"og:url\" content=\"https:\/\/kivijarvenkalatalousalue.fi\/jauhoniemi\/luvat\/pyydysmerkinnat\/\" \/>\n<meta property=\"og:site_name\" content=\"Jauhoniemen osakaskunta\" \/>\n<meta property=\"article:modified_time\" content=\"2026-03-28T05:28:45+00:00\" \/>\n<meta name=\"twitter:card\" content=\"summary_large_image\" \/>\n<meta name=\"twitter:label1\" content=\"Arvioitu lukuaika\" \/>\n\t<meta name=\"twitter:data1\" content=\"3 minuuttia\" \/>\n<script type=\"application\/ld+json\" class=\"yoast-schema-graph\">{\"@context\":\"https:\/\/schema.org\",\"@graph\":[{\"@type\":\"WebPage\",\"@id\":\"https:\/\/kivijarvenkalatalousalue.fi\/jauhoniemi\/luvat\/pyydysmerkinnat\/\",\"url\":\"https:\/\/kivijarvenkalatalousalue.fi\/jauhoniemi\/luvat\/pyydysmerkinnat\/\",\"name\":\"Pyydysmerkinn\u00e4t - Jauhoniemen osakaskunta\",\"isPartOf\":{\"@id\":\"https:\/\/kivijarvenkalatalousalue.fi\/jauhoniemi\/#website\"},\"datePublished\":\"2020-10-29T09:48:36+00:00\",\"dateModified\":\"2026-03-28T05:28:45+00:00\",\"breadcrumb\":{\"@id\":\"https:\/\/kivijarvenkalatalousalue.fi\/jauhoniemi\/luvat\/pyydysmerkinnat\/#breadcrumb\"},\"inLanguage\":\"fi\",\"potentialAction\":[{\"@type\":\"ReadAction\",\"target\":[\"https:\/\/kivijarvenkalatalousalue.fi\/jauhoniemi\/luvat\/pyydysmerkinnat\/\"]}]},{\"@type\":\"BreadcrumbList\",\"@id\":\"https:\/\/kivijarvenkalatalousalue.fi\/jauhoniemi\/luvat\/pyydysmerkinnat\/#breadcrumb\",\"itemListElement\":[{\"@type\":\"ListItem\",\"position\":1,\"name\":\"Home\",\"item\":\"https:\/\/kivijarvenkalatalousalue.fi\/jauhoniemi\/\"},{\"@type\":\"ListItem\",\"position\":2,\"name\":\"Yksityinen: Luvat\",\"item\":\"https:\/\/kivijarvenkalatalousalue.fi\/jauhoniemi\/?page_id=45\"},{\"@type\":\"ListItem\",\"position\":3,\"name\":\"Pyydysmerkinn\u00e4t\"}]},{\"@type\":\"WebSite\",\"@id\":\"https:\/\/kivijarvenkalatalousalue.fi\/jauhoniemi\/#website\",\"url\":\"https:\/\/kivijarvenkalatalousalue.fi\/jauhoniemi\/\",\"name\":\"Jauhoniemen osakaskunta\",\"description\":\"Uusi Kivij\u00e4rven kalatalousalue -sivusto\",\"potentialAction\":[{\"@type\":\"SearchAction\",\"target\":{\"@type\":\"EntryPoint\",\"urlTemplate\":\"https:\/\/kivijarvenkalatalousalue.fi\/jauhoniemi\/?s={search_term_string}\"},\"query-input\":{\"@type\":\"PropertyValueSpecification\",\"valueRequired\":true,\"valueName\":\"search_term_string\"}}],\"inLanguage\":\"fi\"}]}<\/script>\n<!-- \/ Yoast SEO plugin. -->","yoast_head_json":{"title":"Pyydysmerkinn\u00e4t - Jauhoniemen osakaskunta","robots":{"index":"index","follow":"follow","max-snippet":"max-snippet:-1","max-image-preview":"max-image-preview:large","max-video-preview":"max-video-preview:-1"},"canonical":"https:\/\/kivijarvenkalatalousalue.fi\/jauhoniemi\/luvat\/pyydysmerkinnat\/","og_locale":"fi_FI","og_type":"article","og_title":"Pyydysmerkinn\u00e4t - Jauhoniemen osakaskunta","og_description":"PYYDYSMERKIT Osakkailla ja pienosakkaille vesilintujen mets\u00e4stykseen riitt\u00e4\u00e4 kestomerkki. Osakaskunnan alueella asuville ja ulkopuolisille 20 euroa\/kausi.","og_url":"https:\/\/kivijarvenkalatalousalue.fi\/jauhoniemi\/luvat\/pyydysmerkinnat\/","og_site_name":"Jauhoniemen osakaskunta","article_modified_time":"2026-03-28T05:28:45+00:00","twitter_card":"summary_large_image","twitter_misc":{"Arvioitu lukuaika":"3 minuuttia"},"schema":{"@context":"https:\/\/schema.org","@graph":[{"@type":"WebPage","@id":"https:\/\/kivijarvenkalatalousalue.fi\/jauhoniemi\/luvat\/pyydysmerkinnat\/","url":"https:\/\/kivijarvenkalatalousalue.fi\/jauhoniemi\/luvat\/pyydysmerkinnat\/","name":"Pyydysmerkinn\u00e4t - Jauhoniemen osakaskunta","isPartOf":{"@id":"https:\/\/kivijarvenkalatalousalue.fi\/jauhoniemi\/#website"},"datePublished":"2020-10-29T09:48:36+00:00","dateModified":"2026-03-28T05:28:45+00:00","breadcrumb":{"@id":"https:\/\/kivijarvenkalatalousalue.fi\/jauhoniemi\/luvat\/pyydysmerkinnat\/#breadcrumb"},"inLanguage":"fi","potentialAction":[{"@type":"ReadAction","target":["https:\/\/kivijarvenkalatalousalue.fi\/jauhoniemi\/luvat\/pyydysmerkinnat\/"]}]},{"@type":"BreadcrumbList","@id":"https:\/\/kivijarvenkalatalousalue.fi\/jauhoniemi\/luvat\/pyydysmerkinnat\/#breadcrumb","itemListElement":[{"@type":"ListItem","position":1,"name":"Home","item":"https:\/\/kivijarvenkalatalousalue.fi\/jauhoniemi\/"},{"@type":"ListItem","position":2,"name":"Yksityinen: Luvat","item":"https:\/\/kivijarvenkalatalousalue.fi\/jauhoniemi\/?page_id=45"},{"@type":"ListItem","position":3,"name":"Pyydysmerkinn\u00e4t"}]},{"@type":"WebSite","@id":"https:\/\/kivijarvenkalatalousalue.fi\/jauhoniemi\/#website","url":"https:\/\/kivijarvenkalatalousalue.fi\/jauhoniemi\/","name":"Jauhoniemen osakaskunta","description":"Uusi Kivij\u00e4rven kalatalousalue -sivusto","potentialAction":[{"@type":"SearchAction","target":{"@type":"EntryPoint","urlTemplate":"https:\/\/kivijarvenkalatalousalue.fi\/jauhoniemi\/?s={search_term_string}"},"query-input":{"@type":"PropertyValueSpecification","valueRequired":true,"valueName":"search_term_string"}}],"inLanguage":"fi"}]}},"_links":{"self":[{"href":"https:\/\/kivijarvenkalatalousalue.fi\/jauhoniemi\/wp-json\/wp\/v2\/pages\/97","targetHints":{"allow":["GET"]}}],"collection":[{"href":"https:\/\/kivijarvenkalatalousalue.fi\/jauhoniemi\/wp-json\/wp\/v2\/pages"}],"about":[{"href":"https:\/\/kivijarvenkalatalousalue.fi\/jauhoniemi\/wp-json\/wp\/v2\/types\/page"}],"author":[{"embeddable":true,"href":"https:\/\/kivijarvenkalatalousalue.fi\/jauhoniemi\/wp-json\/wp\/v2\/users\/2"}],"replies":[{"embeddable":true,"href":"https:\/\/kivijarvenkalatalousalue.fi\/jauhoniemi\/wp-json\/wp\/v2\/comments?post=97"}],"version-history":[{"count":3,"href":"https:\/\/kivijarvenkalatalousalue.fi\/jauhoniemi\/wp-json\/wp\/v2\/pages\/97\/revisions"}],"predecessor-version":[{"id":305,"href":"https:\/\/kivijarvenkalatalousalue.fi\/jauhoniemi\/wp-json\/wp\/v2\/pages\/97\/revisions\/305"}],"up":[{"embeddable":true,"href":"https:\/\/kivijarvenkalatalousalue.fi\/jauhoniemi\/wp-json\/wp\/v2\/pages\/45"}],"wp:attachment":[{"href":"https:\/\/kivijarvenkalatalousalue.fi\/jauhoniemi\/wp-json\/wp\/v2\/media?parent=97"}],"curies":[{"name":"wp","href":"https:\/\/api.w.org\/{rel}","templated":true}]}}