{"id":158,"date":"2020-10-29T12:25:46","date_gmt":"2020-10-29T10:25:46","guid":{"rendered":"http:\/\/89.166.51.80\/~pohjoispaij\/ahtola\/?page_id=158"},"modified":"2025-04-26T21:25:31","modified_gmt":"2025-04-26T18:25:31","slug":"vuosikokous","status":"publish","type":"page","link":"https:\/\/kivijarvenkalatalousalue.fi\/kalavastinki\/hallinto\/vuosikokous\/","title":{"rendered":"Vuosikokous"},"content":{"rendered":"\n<h2 class=\"wp-block-heading\">Vuosikokous<\/h2>\n\n\n\n<p><\/p>\n\n\n\n<p>KALA-VASTINGIN OSAKASKUNNAN VUOSIKOKOUKSEN P\u00d6YT\u00c4KIRJA<\/p>\n\n\n\n<p>Aika: 6.4.2025. klo 14.00<\/p>\n\n\n\n<p>Paikka: Isokyl\u00e4n koulu<\/p>\n\n\n\n<ol class=\"wp-block-list\">\n<li>Kokouksen avaus<\/li>\n<\/ol>\n\n\n\n<p>Pekka Parkatti avasi kokouksen.<\/p>\n\n\n\n<ul class=\"wp-block-list\">\n<li>Kokouksen puheenjohtajan ja sihteerin valinta<\/li>\n<\/ul>\n\n\n\n<p>Pekka Parkatti valittiin kokouksen puheenjohtajaksi ja Jouko Piispanen sihteeriksi.<\/p>\n\n\n\n<ul class=\"wp-block-list\">\n<li>P\u00e4\u00e4tet\u00e4\u00e4n \u00e4\u00e4nestystavasta<\/li>\n<\/ul>\n\n\n\n<p>P\u00e4\u00e4tettiin, ett\u00e4 kokouksessa jokaisella paikalla olevalla osakkaalla on yksi \u00e4\u00e4ni.<\/p>\n\n\n\n<ul class=\"wp-block-list\">\n<li>Todetaan kokouksen laillisuus ja p\u00e4\u00e4t\u00f6svaltaisuus<\/li>\n<\/ul>\n\n\n\n<p>Todettiin, ett\u00e4 kokous on osakaskunnan s\u00e4\u00e4nt\u00f6jen mukaisesti koolle kutsuttu, laillinen ja p\u00e4\u00e4t\u00f6svaltainen.<\/p>\n\n\n\n<ul class=\"wp-block-list\">\n<li>Valitaan kaksi p\u00f6yt\u00e4kirjan tarkastajaa sek\u00e4 \u00e4\u00e4ntenlaskijat<\/li>\n<\/ul>\n\n\n\n<p>P\u00f6yt\u00e4kirjan tarkastajiksi ja \u00e4\u00e4nten laskijoiksi valittiin Pekka Salmi ja Mirja Salo<\/p>\n\n\n\n<ul class=\"wp-block-list\">\n<li>Kokouksen ty\u00f6j\u00e4rjestyksen hyv\u00e4ksyminen<\/li>\n<\/ul>\n\n\n\n<p>Hyv\u00e4ksyttiin kokouksen ty\u00f6j\u00e4rjestys.<\/p>\n\n\n\n<ul class=\"wp-block-list\">\n<li>Todetaan kokouksen osanottajat.<\/li>\n<\/ul>\n\n\n\n<p>Kokouksessa olivat paikalla Pekka Parkatti, Tauno Puttonen, Mirja Salo, Esa M\u00e4\u00e4r\u00e4nen, Tapio Rantanen, Pekka Salmi, Jyrki Piispanen, Antti Lepp\u00e4nen ja Seppo Poikonen &nbsp;Jouko Piispanen.<\/p>\n\n\n\n<ul class=\"wp-block-list\">\n<li>Esitet\u00e4\u00e4n osakaskunnan vuoden 2024 toimintakertomus ja p\u00e4\u00e4tet\u00e4\u00e4n sen hyv\u00e4ksymisest\u00e4.<\/li>\n<\/ul>\n\n\n\n<p>Puheenjohtaja esitteli toimintakertomuksen, joka on liitteen\u00e4 1. Toimintakertomus hyv\u00e4ksyttiin.<\/p>\n\n\n\n<ul class=\"wp-block-list\">\n<li>Esitet\u00e4\u00e4n osakaskunnan vuoden 2024 tilinp\u00e4\u00e4t\u00f6s ja toiminnantarkastajien lausunto sek\u00e4 p\u00e4\u00e4tet\u00e4\u00e4n vastuuvapauden my\u00f6nt\u00e4misest\u00e4 tilintekij\u00f6ille ja hoitokunnalle.<\/li>\n<\/ul>\n\n\n\n<p>Sihteeri esitteli tilinp\u00e4\u00e4t\u00f6ksen ja Pekka Salmii toiminnan tarkastajien lausunnon. Tilit todettiin asianmukaisesti hoidetuiksi ja tilin tekij\u00f6ille ja hoitokunnalle my\u00f6nnettiin vastuuvapaus.<\/p>\n\n\n\n<ol class=\"wp-block-list\">\n<li>P\u00e4\u00e4tet\u00e4\u00e4n osakaskunnan hoitokunnan j\u00e4senten, toiminnantarkastajien ja kalastuksen valvojien palkkioista.<\/li>\n<\/ol>\n\n\n\n<p>P\u00e4\u00e4tettiin maksaa osakaskunnan sihteerille 200 \u20ac kulukorvaus.<\/p>\n\n\n\n<p>Tauno Puttoselle luvattiin palkkioksi pyyt\u00e4\u00e4 kaksi kirjolohta palkkioksi kalastuksen valvonnasta.<\/p>\n\n\n\n<ol class=\"wp-block-list\">\n<li>Valitaan erovuoroiset hoitokunnan j\u00e4senet ja heille henkil\u00f6kohtaiset varamiehet ja Valitaan hoitokunnan j\u00e4senist\u00e4 ensimm\u00e4isen kokouksen koollekutsuja<\/li>\n<\/ol>\n\n\n\n<p>Hoitokunnan kokoonpanoon ei esitetty muutoksia. Hoitokunta jatkaa edelleen seuraavassa kokoonpanossa:<\/p>\n\n\n\n<p>Varsinaiset j\u00e4senet:&nbsp;&nbsp;&nbsp;&nbsp;&nbsp;&nbsp;&nbsp;&nbsp;&nbsp;&nbsp;&nbsp;&nbsp;&nbsp;&nbsp;&nbsp;&nbsp;&nbsp;&nbsp;&nbsp;&nbsp;&nbsp;&nbsp;&nbsp;&nbsp;&nbsp;&nbsp;&nbsp;&nbsp;&nbsp;&nbsp;&nbsp;&nbsp;&nbsp; varaj\u00e4senet:<\/p>\n\n\n\n<p>Veli-Pekka Parkatti&nbsp;&nbsp;&nbsp;&nbsp;&nbsp;&nbsp;&nbsp;&nbsp;&nbsp;&nbsp;&nbsp;&nbsp;&nbsp;&nbsp;&nbsp;&nbsp;&nbsp;&nbsp;&nbsp;&nbsp;&nbsp;&nbsp;&nbsp;&nbsp;&nbsp;&nbsp;&nbsp;&nbsp;&nbsp;&nbsp;&nbsp;&nbsp;&nbsp;&nbsp;&nbsp; Esa M\u00e4\u00e4r\u00e4nen<\/p>\n\n\n\n<p>Tauno Puttonen&nbsp;&nbsp;&nbsp;&nbsp;&nbsp;&nbsp;&nbsp;&nbsp;&nbsp;&nbsp;&nbsp;&nbsp;&nbsp;&nbsp;&nbsp;&nbsp;&nbsp;&nbsp;&nbsp;&nbsp;&nbsp;&nbsp;&nbsp;&nbsp;&nbsp;&nbsp;&nbsp;&nbsp;&nbsp;&nbsp;&nbsp;&nbsp;&nbsp;&nbsp;&nbsp;&nbsp;&nbsp;&nbsp;&nbsp; Jyrki Piispanen<\/p>\n\n\n\n<p>Timo Piispanen j\u00e4sen&nbsp;&nbsp;&nbsp;&nbsp;&nbsp;&nbsp;&nbsp;&nbsp;&nbsp;&nbsp;&nbsp;&nbsp;&nbsp;&nbsp;&nbsp;&nbsp;&nbsp;&nbsp;&nbsp;&nbsp;&nbsp;&nbsp;&nbsp;&nbsp;&nbsp;&nbsp;&nbsp;&nbsp;&nbsp;&nbsp;&nbsp; Tapio Rantanen<\/p>\n\n\n\n<p>Antti Lepp\u00e4nen&nbsp;&nbsp;&nbsp;&nbsp;&nbsp;&nbsp;&nbsp;&nbsp;&nbsp;&nbsp;&nbsp;&nbsp;&nbsp;&nbsp;&nbsp;&nbsp;&nbsp;&nbsp;&nbsp;&nbsp;&nbsp;&nbsp;&nbsp;&nbsp;&nbsp;&nbsp;&nbsp;&nbsp;&nbsp;&nbsp;&nbsp;&nbsp;&nbsp;&nbsp;&nbsp;&nbsp;&nbsp;&nbsp;&nbsp;&nbsp;&nbsp; Seppo Poikonen<\/p>\n\n\n\n<p>Jouko Piispanen&nbsp;&nbsp;&nbsp;&nbsp;&nbsp;&nbsp;&nbsp;&nbsp;&nbsp;&nbsp;&nbsp;&nbsp;&nbsp;&nbsp;&nbsp;&nbsp;&nbsp;&nbsp;&nbsp;&nbsp; &nbsp;&nbsp;&nbsp;&nbsp;&nbsp;&nbsp;&nbsp;&nbsp;&nbsp;&nbsp;&nbsp;&nbsp;&nbsp;&nbsp;&nbsp;&nbsp;&nbsp;&nbsp; Mirja Salo<\/p>\n\n\n\n<p>Pekka Parkatti valittiin uuden hoitokunnan ensimm\u00e4isen kokouksen koolle kutsujaksi.<\/p>\n\n\n\n<ol class=\"wp-block-list\">\n<li>Valitaan kaksi toiminnan tarkastajaa ja heille henkil\u00f6kohtaiset varamiehet<\/li>\n<\/ol>\n\n\n\n<p>Toiminnan tarkastajiksi valittiin Pekka Salmi ja Seppo Poikonen ja heid\u00e4n henkil\u00f6kohtaisiksi varamiehikseen Tapio Rantanen Pekka Salmelle ja Esa M\u00e4\u00e4r\u00e4nen Seppo Poikoselle.<\/p>\n\n\n\n<ol class=\"wp-block-list\">\n<li>P\u00e4\u00e4tet\u00e4\u00e4n kalanpyydysten merkitsemisest\u00e4 ja peritt\u00e4vist\u00e4 maksuista sek\u00e4 lupien myymisest\u00e4, osakashinnat ja ulkopuoliset luvat.<\/li>\n<\/ol>\n\n\n\n<p>P\u00e4\u00e4tettiin liitteen\u00e4 2 olevan yleisen lupaohjeen mukaisesti ja liitteen\u00e4 3 olevan Iso-Valkeisen kalastusohjeen mukaisesti.<\/p>\n\n\n\n<p>Lupaohjeet laitetaan my\u00f6s verkkosivuille ja ilmoitustauluille.<\/p>\n\n\n\n<p>Aikaisemman p\u00e4\u00e4t\u00f6ksen mukaisesti hoitokunta voi myyd\u00e4 erillisi\u00e4 lupia lammella tapahtuviin kalastustapahtumiin.<\/p>\n\n\n\n<ol class=\"wp-block-list\">\n<li>P\u00e4\u00e4tet\u00e4\u00e4n pyynti- ja pyydysrajoituksista sek\u00e4 rauhoitustavoista.<\/li>\n<\/ol>\n\n\n\n<p>P\u00e4\u00e4tettiin liitteen\u00e4 2 olevan yleisen lupaohjeen mukaisesti ja liitteen\u00e4 3 olevan Iso-Valkeisen kalastusohjeen mukaisesti.<\/p>\n\n\n\n<ol class=\"wp-block-list\">\n<li>P\u00e4\u00e4tet\u00e4\u00e4n osakaskunnan vesialueella tapahtuvasta mets\u00e4styksest\u00e4 ja ravustuksesta.<\/li>\n<\/ol>\n\n\n\n<p>P\u00e4\u00e4tettiin liitteen\u00e4 2 olevan lupaohjeen mukaisesti.<\/p>\n\n\n\n<ol class=\"wp-block-list\">\n<li>P\u00e4\u00e4tet\u00e4\u00e4n istutustoiminnasta ja muista vesialueen hoitotoimenpiteist\u00e4.<\/li>\n<\/ol>\n\n\n\n<p>Istutetaan Hirvij\u00e4rveen ja Hakoj\u00e4rveen kuhan poikasia noin tuhannella eurolla.<\/p>\n\n\n\n<p>Istutetaan Iso-Valkeiseen (Valkealampeen) 100 noin kilon painoista kirjolohta.<\/p>\n\n\n\n<p>P\u00e4\u00e4tettiin, ett\u00e4 hankitaan Valkamanlahteen laavu, jos se saadaan edullisesti tai jos siihen saadaan tukea.<\/p>\n\n\n\n<p>Tapio Rantanen ottaa vastuulleen Enojoen l\u00e4mp\u00f6tilan mittauksen. L\u00e4hialueella asustelevat hoitokunnan j\u00e4senet avustavat toiminnassa.<\/p>\n\n\n\n<ol class=\"wp-block-list\">\n<li>Hyv\u00e4ksyt\u00e4\u00e4n tulo- ja menoarvio kuluvalle vuodelle.<\/li>\n<\/ol>\n\n\n\n<p>Hyv\u00e4ksyttiin seuraava tulo- ja menoarvio:<\/p>\n\n\n\n<p>Tuloarvio 2025:<\/p>\n\n\n\n<ul class=\"wp-block-list\">\n<li>lupamaksut noin 1000 \u20ac<\/li>\n\n\n\n<li>Iso-Valkeisen luvat 1000<\/li>\n\n\n\n<li>omistajakorvaukset noin 750 \u20ac<\/li>\n\n\n\n<li>ELY-keskuksen tuki taimenten istutukseen ja s\u00e4hk\u00f6kalastukseen 1600 \u20ac (edelliselt\u00e4 vuodelta)<\/li>\n\n\n\n<li>ELY-keskuksen tuki Enojoen l\u00e4mp\u00f6tilan mittaukseen ja s\u00e4hk\u00f6kalastukseen 900\u20ac<\/li>\n\n\n\n<li>yhteens\u00e4 noin 5250 \u20ac<\/li>\n<\/ul>\n\n\n\n<p>Menoarvio 2025:<\/p>\n\n\n\n<ol class=\"wp-block-list\">\n<li>j\u00e4senmaksu ja vero\u00a0\u00a0\u00a0\u00a0\u00a0\u00a0\u00a0\u00a0\u00a0\u00a0\u00a0\u00a0\u00a0\u00a0\u00a0\u00a0\u00a0\u00a0\u00a0\u00a0\u00a0\u00a0\u00a0\u00a0\u00a0\u00a0\u00a0\u00a0\u00a0\u00a0\u00a0\u00a0\u00a0\u00a0\u00a0\u00a0\u00a0\u00a0\u00a0\u00a0 60 \u20ac<ol><li>sihteerin palkkio\u00a0\u00a0\u00a0\u00a0\u00a0\u00a0\u00a0\u00a0\u00a0\u00a0\u00a0\u00a0\u00a0\u00a0\u00a0\u00a0\u00a0\u00a0\u00a0\u00a0\u00a0\u00a0\u00a0\u00a0\u00a0\u00a0\u00a0\u00a0\u00a0\u00a0\u00a0\u00a0\u00a0\u00a0\u00a0\u00a0\u00a0\u00a0\u00a0\u00a0\u00a0\u00a0\u00a0\u00a0\u00a0 200 \u20ac<\/li><\/ol><ol><li>palkitsemiset\u00a0\u00a0\u00a0\u00a0\u00a0\u00a0\u00a0\u00a0\u00a0\u00a0\u00a0\u00a0\u00a0\u00a0\u00a0\u00a0\u00a0\u00a0\u00a0\u00a0\u00a0\u00a0\u00a0\u00a0\u00a0\u00a0\u00a0\u00a0\u00a0\u00a0\u00a0\u00a0\u00a0\u00a0\u00a0\u00a0\u00a0\u00a0\u00a0\u00a0\u00a0\u00a0\u00a0\u00a0\u00a0\u00a0\u00a0\u00a0\u00a0\u00a0 50 \u20ac<\/li><\/ol><ol><li>pyydysmerkit\u00a0\u00a0\u00a0\u00a0\u00a0\u00a0\u00a0\u00a0\u00a0\u00a0\u00a0\u00a0\u00a0\u00a0\u00a0\u00a0\u00a0\u00a0\u00a0\u00a0\u00a0\u00a0\u00a0\u00a0\u00a0\u00a0\u00a0\u00a0\u00a0\u00a0\u00a0\u00a0\u00a0\u00a0\u00a0\u00a0\u00a0\u00a0\u00a0\u00a0\u00a0\u00a0\u00a0\u00a0\u00a0\u00a0\u00a0\u00a0\u00a0\u00a0 100 \u20ac<\/li><\/ol><ol><li>ilmoitukset \u00a0\u00a0\u00a0\u00a0\u00a0\u00a0\u00a0\u00a0\u00a0\u00a0\u00a0\u00a0\u00a0\u00a0\u00a0\u00a0\u00a0\u00a0\u00a0\u00a0\u00a0\u00a0\u00a0\u00a0\u00a0\u00a0\u00a0\u00a0\u00a0\u00a0\u00a0\u00a0\u00a0\u00a0\u00a0\u00a0\u00a0\u00a0\u00a0\u00a0\u00a0\u00a0\u00a0\u00a0\u00a0\u00a0\u00a0\u00a0\u00a0\u00a0\u00a0\u00a0\u00a0 50 \u20ac<\/li><\/ol><ol><li>palvelumaksut \u00a0\u00a0\u00a0\u00a0\u00a0\u00a0\u00a0\u00a0\u00a0\u00a0\u00a0\u00a0\u00a0\u00a0\u00a0\u00a0\u00a0\u00a0\u00a0\u00a0\u00a0\u00a0\u00a0\u00a0\u00a0\u00a0\u00a0\u00a0\u00a0\u00a0\u00a0\u00a0\u00a0\u00a0\u00a0\u00a0\u00a0\u00a0\u00a0\u00a0\u00a0\u00a0\u00a0\u00a0\u00a0\u00a0\u00a0 140 \u20ac<\/li><\/ol><ol><li>toimistokustannukset\u00a0\u00a0\u00a0\u00a0\u00a0\u00a0\u00a0\u00a0\u00a0\u00a0\u00a0\u00a0\u00a0\u00a0\u00a0\u00a0\u00a0\u00a0\u00a0\u00a0\u00a0\u00a0\u00a0\u00a0\u00a0\u00a0\u00a0\u00a0\u00a0\u00a0\u00a0\u00a0\u00a0\u00a0\u00a0\u00a0\u00a0\u00a0 50 \u20ac<\/li><\/ol><ol><li>kalaistutukset\u00a0\u00a0\u00a0\u00a0\u00a0\u00a0\u00a0\u00a0\u00a0\u00a0\u00a0\u00a0\u00a0\u00a0\u00a0\u00a0\u00a0\u00a0\u00a0\u00a0\u00a0\u00a0\u00a0\u00a0\u00a0\u00a0\u00a0\u00a0\u00a0\u00a0\u00a0\u00a0\u00a0\u00a0\u00a0\u00a0\u00a0\u00a0\u00a0\u00a0\u00a0\u00a0\u00a0\u00a0\u00a0\u00a0\u00a0\u00a0\u00a0 2200 \u20ac<\/li><\/ol><ol><li>Enojoen taimenten istutus ja s\u00e4hk\u00f6kalastus\u00a0\u00a0\u00a0\u00a0 240 \u20ac<\/li><\/ol><ol><li>virkistys- ja laskupaikkojen kunnostus\u00a0\u00a0\u00a0\u00a0\u00a0\u00a0\u00a0\u00a0\u00a0\u00a0\u00a0\u00a0\u00a0 900 \u20ac<\/li><\/ol><ol><li>tiemaksu\u00a0\u00a0\u00a0\u00a0\u00a0\u00a0\u00a0\u00a0\u00a0\u00a0\u00a0\u00a0\u00a0\u00a0\u00a0\u00a0\u00a0\u00a0\u00a0\u00a0\u00a0\u00a0\u00a0\u00a0\u00a0\u00a0\u00a0\u00a0\u00a0\u00a0\u00a0\u00a0\u00a0\u00a0\u00a0\u00a0\u00a0\u00a0\u00a0\u00a0\u00a0\u00a0\u00a0\u00a0\u00a0\u00a0\u00a0\u00a0\u00a0\u00a0\u00a0\u00a0\u00a0\u00a0\u00a0\u00a0 40 \u20ac<\/li><\/ol>\n<ol class=\"wp-block-list\">\n<li>Yhteens\u00e4 noin\u00a0\u00a0\u00a0\u00a0\u00a0\u00a0\u00a0\u00a0\u00a0\u00a0\u00a0 \u00a0\u00a0\u00a0\u00a0\u00a0\u00a0\u00a0\u00a0\u00a0\u00a0\u00a0\u00a0\u00a0\u00a0\u00a0\u00a0\u00a0\u00a0\u00a0\u00a0\u00a0\u00a0\u00a0\u00a0\u00a0\u00a0\u00a0\u00a0\u00a0\u00a0\u00a0\u00a0\u00a0\u00a0\u00a0\u00a0 4030 \u20ac<\/li>\n<\/ol>\n<\/li>\n<\/ol>\n\n\n\n<p>Menoarviossa on huomioitu, ett\u00e4 edellinen vuosi oli 2500 \u20ac alij\u00e4\u00e4m\u00e4inen koska ELY-keskuksen tuki tuloutui vuodelle 2025. ylij\u00e4\u00e4m\u00e4isi\u00e4.<\/p>\n\n\n\n<p>Hoitokunnalle my\u00f6nnet\u00e4\u00e4n oikeus k\u00e4ytt\u00e4\u00e4 kerrostuottotilill\u00e4 olevasta rahasta (noin 8000 \u20ac) eri kunnostuskohteisiin sek\u00e4 yll\u00e4tt\u00e4viin maksuihin enint\u00e4\u00e4n 1500\u20ac.<\/p>\n\n\n\n<ol class=\"wp-block-list\">\n<li>Valitaan kokousedustajat ja varamiehet kalastusalueen kokoukseen vuodelle 2025<\/li>\n<\/ol>\n\n\n\n<p>Todettiin, ett\u00e4 hoitokunta voi valita edustajat keskuudestaan.<\/p>\n\n\n\n<p>Tauno Puttonen menee Saarij\u00e4rven reitin kokoukseen 8.4.2025.<\/p>\n\n\n\n<ol class=\"wp-block-list\">\n<li>P\u00e4\u00e4tet\u00e4\u00e4n kalastuslehden tilaamisesta toimihenkil\u00f6ille.<\/li>\n<\/ol>\n\n\n\n<p>P\u00e4\u00e4tettiin, ettei kalastuslehte\u00e4 tilata.<\/p>\n\n\n\n<ul class=\"wp-block-list\">\n<li>Mets\u00e4n myynti Koiralahden palstalta<\/li>\n<\/ul>\n\n\n\n<p>P\u00e4\u00e4tettiin, ett\u00e4 mets\u00e4n myynti\u00e4 Kala-Vastingin osakaskunnan omistamalta Koiralahden palstalta (226-410-4-117) jatketaan vuoden 2021 p\u00e4\u00e4t\u00f6ksen mukaisesti. Alueella toimitetaan katselmus Seppo Poikosen kanssa, jossa katsotaan mist\u00e4 puustosta kannattaa pyyt\u00e4\u00e4 tarjous.<\/p>\n\n\n\n<p>Myynnist\u00e4 saatujen tulojen k\u00e4yt\u00f6st\u00e4 p\u00e4\u00e4tt\u00e4\u00e4 osakaskunnan vuosikokous.<\/p>\n\n\n\n<p>Osakaskunnan puheenjohtaja ja sihteeri oikeutetaan allekirjoittamaan kauppaa koskevat asiakirjat myyj\u00e4n\u00e4 ostajan kanssa.<\/p>\n\n\n\n<ul class=\"wp-block-list\">\n<li>Tilien j\u00e4rjestely<\/li>\n<\/ul>\n\n\n\n<p>P\u00e4\u00e4tettiin, ett\u00e4 osakaskunnan tilit Osuuspankissa voidaan lopettaa ja rahat siirt\u00e4\u00e4 POP-Pankki Kyyj\u00e4rvi-Karstula tilille.<\/p>\n\n\n\n<ul class=\"wp-block-list\">\n<li>Muut esille tulevat asiat, p\u00f6yt\u00e4kirjan n\u00e4ht\u00e4v\u00e4n\u00e4 oloaika.<\/li>\n<\/ul>\n\n\n\n<p>Todettiin, ett\u00e4 hoitokunta voi lainata Iso-Valkeiseen 2-3 venett\u00e4 siell\u00e4 kalastavia varten.<\/p>\n\n\n\n<p>Seppo Poikoselle my\u00f6nnettiin Kala-Vastingin osakaskunnan kunniakirja ja fileerausveitsi tunnustuksena ansiokkaasta ty\u00f6st\u00e4 osakaskunnan hyv\u00e4ksi.<\/p>\n\n\n\n<p>Keskusteltiin sorsanpesien rakentamisesta talkoilla. Halukkaita talkoolaisia ei heti ilmoittautunut, mutta ehdotusta ei suoraan tyrm\u00e4tty.<\/p>\n\n\n\n<p>Kokousp\u00f6yt\u00e4kirja on n\u00e4ht\u00e4vill\u00e4 osakaskunnan verkkosivuilla <a href=\"https:\/\/kivijarvenkalatalousalue.fi\/kalavastinki\/\">https:\/\/kivijarvenkalatalousalue.fi\/kalavastinki\/<\/a>, sen j\u00e4lkeen, kun p\u00f6yt\u00e4kirjantarkastajat ovat sen hyv\u00e4ksyneet.<\/p>\n\n\n\n<ul class=\"wp-block-list\">\n<li>Kokouksen p\u00e4\u00e4tt\u00e4minen<\/li>\n<\/ul>\n\n\n\n<p>Puheenjohtaja p\u00e4\u00e4tti kokouksen klo 15.30.<\/p>\n\n\n\n<p>Puheenjohtaja&nbsp;&nbsp;&nbsp;&nbsp;&nbsp;&nbsp;&nbsp;&nbsp;&nbsp;&nbsp;&nbsp;&nbsp;&nbsp;&nbsp;&nbsp;&nbsp;&nbsp;&nbsp;&nbsp;&nbsp;&nbsp;&nbsp;&nbsp;&nbsp;&nbsp;&nbsp;&nbsp;&nbsp;&nbsp;&nbsp;&nbsp;&nbsp;&nbsp;&nbsp;&nbsp;&nbsp;&nbsp;&nbsp;&nbsp;&nbsp;&nbsp;&nbsp; Sihteeri<\/p>\n\n\n\n<p>Veli-Pekka Parkatti&nbsp;&nbsp;&nbsp;&nbsp;&nbsp;&nbsp;&nbsp;&nbsp;&nbsp;&nbsp;&nbsp;&nbsp;&nbsp;&nbsp;&nbsp;&nbsp;&nbsp;&nbsp;&nbsp;&nbsp;&nbsp;&nbsp;&nbsp;&nbsp;&nbsp;&nbsp;&nbsp;&nbsp;&nbsp;&nbsp;&nbsp;&nbsp;&nbsp;&nbsp; Jouko Piispanen<\/p>\n\n\n\n<p>P\u00f6yt\u00e4kirjan tarkastajat<\/p>\n\n\n\n<p>Mirja Salo&nbsp;&nbsp;&nbsp;&nbsp;&nbsp;&nbsp;&nbsp;&nbsp;&nbsp;&nbsp;&nbsp;&nbsp;&nbsp;&nbsp;&nbsp;&nbsp;&nbsp;&nbsp;&nbsp;&nbsp;&nbsp;&nbsp;&nbsp;&nbsp;&nbsp;&nbsp;&nbsp;&nbsp;&nbsp;&nbsp;&nbsp;&nbsp;&nbsp;&nbsp;&nbsp;&nbsp;&nbsp;&nbsp;&nbsp;&nbsp;&nbsp;&nbsp;&nbsp;&nbsp;&nbsp;&nbsp;&nbsp;&nbsp; Pekka Salmi<\/p>\n\n\n\n<p>Liitteet<\/p>\n\n\n\n<p>Liite 1 Toimintakertomus vuodelta 2024<\/p>\n\n\n\n<p>Liite 2 Kala-Vastingin osakaskunnan lupaohje kaudelle 2025<\/p>\n\n\n\n<p>Liite 3 Kala-Vastingin osakaskunnan vapalupa Iso-Valkeiseen<\/p>\n\n\n\n<p><\/p>\n\n\n\n<p><\/p>\n","protected":false},"excerpt":{"rendered":"<p>Vuosikokous KALA-VASTINGIN OSAKASKUNNAN VUOSIKOKOUKSEN P\u00d6YT\u00c4KIRJA Aika: 6.4.2025. klo 14.00 Paikka: Isokyl\u00e4n koulu Pekka Parkatti avasi kokouksen. Pekka Parkatti valittiin kokouksen puheenjohtajaksi ja Jouko Piispanen sihteeriksi. P\u00e4\u00e4tettiin, ett\u00e4 kokouksessa jokaisella paikalla olevalla osakkaalla on yksi \u00e4\u00e4ni. Todettiin, ett\u00e4 kokous on osakaskunnan s\u00e4\u00e4nt\u00f6jen mukaisesti koolle kutsuttu, laillinen ja p\u00e4\u00e4t\u00f6svaltainen. P\u00f6yt\u00e4kirjan tarkastajiksi ja \u00e4\u00e4nten laskijoiksi valittiin Pekka Salmi<\/p>\n<p><a class=\"moretag\" href=\"https:\/\/kivijarvenkalatalousalue.fi\/kalavastinki\/hallinto\/vuosikokous\/\"> Lue lis\u00e4\u00e4 ><\/a><\/p>\n","protected":false},"author":2,"featured_media":0,"parent":32,"menu_order":0,"comment_status":"closed","ping_status":"closed","template":"basic-sivu.php","meta":{"_acf_changed":false,"footnotes":""},"class_list":["post-158","page","type-page","status-publish","hentry"],"acf":[],"yoast_head":"<!-- This site is optimized with the Yoast SEO plugin v27.1.1 - https:\/\/yoast.com\/product\/yoast-seo-wordpress\/ -->\n<title>Vuosikokous - Kalavastingin osakaskunta<\/title>\n<meta name=\"robots\" content=\"index, follow, max-snippet:-1, max-image-preview:large, max-video-preview:-1\" \/>\n<link rel=\"canonical\" href=\"https:\/\/kivijarvenkalatalousalue.fi\/kalavastinki\/hallinto\/vuosikokous\/\" \/>\n<meta property=\"og:locale\" content=\"fi_FI\" \/>\n<meta property=\"og:type\" content=\"article\" \/>\n<meta property=\"og:title\" content=\"Vuosikokous - Kalavastingin osakaskunta\" \/>\n<meta property=\"og:description\" content=\"Vuosikokous KALA-VASTINGIN OSAKASKUNNAN VUOSIKOKOUKSEN P\u00d6YT\u00c4KIRJA Aika: 6.4.2025. klo 14.00 Paikka: Isokyl\u00e4n koulu Pekka Parkatti avasi kokouksen. Pekka Parkatti valittiin kokouksen puheenjohtajaksi ja Jouko Piispanen sihteeriksi. P\u00e4\u00e4tettiin, ett\u00e4 kokouksessa jokaisella paikalla olevalla osakkaalla on yksi \u00e4\u00e4ni. Todettiin, ett\u00e4 kokous on osakaskunnan s\u00e4\u00e4nt\u00f6jen mukaisesti koolle kutsuttu, laillinen ja p\u00e4\u00e4t\u00f6svaltainen. P\u00f6yt\u00e4kirjan tarkastajiksi ja \u00e4\u00e4nten laskijoiksi valittiin Pekka Salmi Lue lis\u00e4\u00e4 &gt;\" \/>\n<meta property=\"og:url\" content=\"https:\/\/kivijarvenkalatalousalue.fi\/kalavastinki\/hallinto\/vuosikokous\/\" \/>\n<meta property=\"og:site_name\" content=\"Kalavastingin osakaskunta\" \/>\n<meta property=\"article:modified_time\" content=\"2025-04-26T18:25:31+00:00\" \/>\n<meta name=\"twitter:card\" content=\"summary_large_image\" \/>\n<meta name=\"twitter:label1\" content=\"Arvioitu lukuaika\" \/>\n\t<meta name=\"twitter:data1\" content=\"5 minuuttia\" \/>\n<script type=\"application\/ld+json\" class=\"yoast-schema-graph\">{\"@context\":\"https:\/\/schema.org\",\"@graph\":[{\"@type\":\"WebPage\",\"@id\":\"https:\/\/kivijarvenkalatalousalue.fi\/kalavastinki\/hallinto\/vuosikokous\/\",\"url\":\"https:\/\/kivijarvenkalatalousalue.fi\/kalavastinki\/hallinto\/vuosikokous\/\",\"name\":\"Vuosikokous - Kalavastingin osakaskunta\",\"isPartOf\":{\"@id\":\"https:\/\/kivijarvenkalatalousalue.fi\/kalavastinki\/#website\"},\"datePublished\":\"2020-10-29T10:25:46+00:00\",\"dateModified\":\"2025-04-26T18:25:31+00:00\",\"breadcrumb\":{\"@id\":\"https:\/\/kivijarvenkalatalousalue.fi\/kalavastinki\/hallinto\/vuosikokous\/#breadcrumb\"},\"inLanguage\":\"fi\",\"potentialAction\":[{\"@type\":\"ReadAction\",\"target\":[\"https:\/\/kivijarvenkalatalousalue.fi\/kalavastinki\/hallinto\/vuosikokous\/\"]}]},{\"@type\":\"BreadcrumbList\",\"@id\":\"https:\/\/kivijarvenkalatalousalue.fi\/kalavastinki\/hallinto\/vuosikokous\/#breadcrumb\",\"itemListElement\":[{\"@type\":\"ListItem\",\"position\":1,\"name\":\"Home\",\"item\":\"https:\/\/kivijarvenkalatalousalue.fi\/kalavastinki\/\"},{\"@type\":\"ListItem\",\"position\":2,\"name\":\"Yksityinen: Hallinto\",\"item\":\"https:\/\/kivijarvenkalatalousalue.fi\/kalavastinki\/?page_id=32\"},{\"@type\":\"ListItem\",\"position\":3,\"name\":\"Vuosikokous\"}]},{\"@type\":\"WebSite\",\"@id\":\"https:\/\/kivijarvenkalatalousalue.fi\/kalavastinki\/#website\",\"url\":\"https:\/\/kivijarvenkalatalousalue.fi\/kalavastinki\/\",\"name\":\"Kalavastingin osakaskunta\",\"description\":\"Uusi Kivij\u00e4rven kalatalousalue -sivusto\",\"potentialAction\":[{\"@type\":\"SearchAction\",\"target\":{\"@type\":\"EntryPoint\",\"urlTemplate\":\"https:\/\/kivijarvenkalatalousalue.fi\/kalavastinki\/?s={search_term_string}\"},\"query-input\":{\"@type\":\"PropertyValueSpecification\",\"valueRequired\":true,\"valueName\":\"search_term_string\"}}],\"inLanguage\":\"fi\"}]}<\/script>\n<!-- \/ Yoast SEO plugin. -->","yoast_head_json":{"title":"Vuosikokous - Kalavastingin osakaskunta","robots":{"index":"index","follow":"follow","max-snippet":"max-snippet:-1","max-image-preview":"max-image-preview:large","max-video-preview":"max-video-preview:-1"},"canonical":"https:\/\/kivijarvenkalatalousalue.fi\/kalavastinki\/hallinto\/vuosikokous\/","og_locale":"fi_FI","og_type":"article","og_title":"Vuosikokous - Kalavastingin osakaskunta","og_description":"Vuosikokous KALA-VASTINGIN OSAKASKUNNAN VUOSIKOKOUKSEN P\u00d6YT\u00c4KIRJA Aika: 6.4.2025. klo 14.00 Paikka: Isokyl\u00e4n koulu Pekka Parkatti avasi kokouksen. Pekka Parkatti valittiin kokouksen puheenjohtajaksi ja Jouko Piispanen sihteeriksi. P\u00e4\u00e4tettiin, ett\u00e4 kokouksessa jokaisella paikalla olevalla osakkaalla on yksi \u00e4\u00e4ni. Todettiin, ett\u00e4 kokous on osakaskunnan s\u00e4\u00e4nt\u00f6jen mukaisesti koolle kutsuttu, laillinen ja p\u00e4\u00e4t\u00f6svaltainen. P\u00f6yt\u00e4kirjan tarkastajiksi ja \u00e4\u00e4nten laskijoiksi valittiin Pekka Salmi Lue lis\u00e4\u00e4 >","og_url":"https:\/\/kivijarvenkalatalousalue.fi\/kalavastinki\/hallinto\/vuosikokous\/","og_site_name":"Kalavastingin osakaskunta","article_modified_time":"2025-04-26T18:25:31+00:00","twitter_card":"summary_large_image","twitter_misc":{"Arvioitu lukuaika":"5 minuuttia"},"schema":{"@context":"https:\/\/schema.org","@graph":[{"@type":"WebPage","@id":"https:\/\/kivijarvenkalatalousalue.fi\/kalavastinki\/hallinto\/vuosikokous\/","url":"https:\/\/kivijarvenkalatalousalue.fi\/kalavastinki\/hallinto\/vuosikokous\/","name":"Vuosikokous - Kalavastingin osakaskunta","isPartOf":{"@id":"https:\/\/kivijarvenkalatalousalue.fi\/kalavastinki\/#website"},"datePublished":"2020-10-29T10:25:46+00:00","dateModified":"2025-04-26T18:25:31+00:00","breadcrumb":{"@id":"https:\/\/kivijarvenkalatalousalue.fi\/kalavastinki\/hallinto\/vuosikokous\/#breadcrumb"},"inLanguage":"fi","potentialAction":[{"@type":"ReadAction","target":["https:\/\/kivijarvenkalatalousalue.fi\/kalavastinki\/hallinto\/vuosikokous\/"]}]},{"@type":"BreadcrumbList","@id":"https:\/\/kivijarvenkalatalousalue.fi\/kalavastinki\/hallinto\/vuosikokous\/#breadcrumb","itemListElement":[{"@type":"ListItem","position":1,"name":"Home","item":"https:\/\/kivijarvenkalatalousalue.fi\/kalavastinki\/"},{"@type":"ListItem","position":2,"name":"Yksityinen: Hallinto","item":"https:\/\/kivijarvenkalatalousalue.fi\/kalavastinki\/?page_id=32"},{"@type":"ListItem","position":3,"name":"Vuosikokous"}]},{"@type":"WebSite","@id":"https:\/\/kivijarvenkalatalousalue.fi\/kalavastinki\/#website","url":"https:\/\/kivijarvenkalatalousalue.fi\/kalavastinki\/","name":"Kalavastingin osakaskunta","description":"Uusi Kivij\u00e4rven kalatalousalue -sivusto","potentialAction":[{"@type":"SearchAction","target":{"@type":"EntryPoint","urlTemplate":"https:\/\/kivijarvenkalatalousalue.fi\/kalavastinki\/?s={search_term_string}"},"query-input":{"@type":"PropertyValueSpecification","valueRequired":true,"valueName":"search_term_string"}}],"inLanguage":"fi"}]}},"_links":{"self":[{"href":"https:\/\/kivijarvenkalatalousalue.fi\/kalavastinki\/wp-json\/wp\/v2\/pages\/158","targetHints":{"allow":["GET"]}}],"collection":[{"href":"https:\/\/kivijarvenkalatalousalue.fi\/kalavastinki\/wp-json\/wp\/v2\/pages"}],"about":[{"href":"https:\/\/kivijarvenkalatalousalue.fi\/kalavastinki\/wp-json\/wp\/v2\/types\/page"}],"author":[{"embeddable":true,"href":"https:\/\/kivijarvenkalatalousalue.fi\/kalavastinki\/wp-json\/wp\/v2\/users\/2"}],"replies":[{"embeddable":true,"href":"https:\/\/kivijarvenkalatalousalue.fi\/kalavastinki\/wp-json\/wp\/v2\/comments?post=158"}],"version-history":[{"count":16,"href":"https:\/\/kivijarvenkalatalousalue.fi\/kalavastinki\/wp-json\/wp\/v2\/pages\/158\/revisions"}],"predecessor-version":[{"id":408,"href":"https:\/\/kivijarvenkalatalousalue.fi\/kalavastinki\/wp-json\/wp\/v2\/pages\/158\/revisions\/408"}],"up":[{"embeddable":true,"href":"https:\/\/kivijarvenkalatalousalue.fi\/kalavastinki\/wp-json\/wp\/v2\/pages\/32"}],"wp:attachment":[{"href":"https:\/\/kivijarvenkalatalousalue.fi\/kalavastinki\/wp-json\/wp\/v2\/media?parent=158"}],"curies":[{"name":"wp","href":"https:\/\/api.w.org\/{rel}","templated":true}]}}