{"id":189,"date":"2020-10-22T07:32:51","date_gmt":"2020-10-22T04:32:51","guid":{"rendered":"http:\/\/89.166.51.80\/~pohjoispaij\/ahtola\/?page_id=2"},"modified":"2026-04-04T20:11:12","modified_gmt":"2026-04-04T17:11:12","slug":"etusivu","status":"publish","type":"page","link":"https:\/\/kivijarvenkalatalousalue.fi\/kalavastinki\/","title":{"rendered":"Etusivu"},"content":{"rendered":"\n<h2 class=\"wp-block-heading\">Tervetuloa Kalavastingin osakaskunnan internet sivuille<\/h2>\n\n\n\n<h3 class=\"wp-block-heading\">Tiedotuksia<\/h3>\n\n\n\n<p><strong>KALAVASTINGIN OSAKASKUNNAN VUOSIKOKOUS PIDET\u00c4\u00c4N ISOKYL\u00c4N KOULULLA 12.4.2026 KLO.10.00<\/strong><\/p>\n\n\n\n<p>Lohen kalastus on kiinnostanut kovasti ihmisi\u00e4 ja siit\u00e4 on saatu hyv\u00e4\u00e4 palautetta. Viime vuonna istutettujen lohien keskipaino oli n.1,25 kg. Elikk\u00e4 juuri sopivia ruokakaloja.<\/p>\n\n\n\n<p>Luvan hankkineet ovatkin kertoneet mukavista kalansaaliista.<\/p>\n\n\n\n<p>Ei muuta kuin lunastakaa kalastusluvat kalastuslupaohjeen mukaisesti netist\u00e4 ja menk\u00e4\u00e4 kalalle sek\u00e4 nauttimaan luonnon rauhasta kauniilla Iso-Valkeisen j\u00e4rvell\u00e4!!!<\/p>\n\n\n\n<p><strong><strong>Vuoden 2025 vuosikokous pidettiin Isokyl\u00e4n koululla 6.4.2025.<\/strong><\/strong><\/p>\n\n\n\n<p>Lupamaksut voi maksaa my\u00f6s verkkopankissa osakaskunnan tilille&nbsp;<strong>FI76 4765 0010 0613 20<\/strong>.<\/p>\n\n\n\n<p>Maksaessasi verkkopankkiin, kirjoita viestikentt\u00e4\u00e4n nimesi ja maksamasi luvat esim: \u201dMatti Meik\u00e4l\u00e4inen viisi pyydysmerkki\u00e4 ja vetouistelulupa\u201d. Maksun j\u00e4lkeen ota tuloste maksutapahtumasta tai tallenna se matkapuhelimeesi. Pid\u00e4 em. tosite mukana kalastaessasi ja merkitse pyydykseen kalastuslain mukaiset tiedot (mm. nimesi). Verkkomerkkej\u00e4 ei t\u00e4ss\u00e4 tapauksessa tarvita.<\/p>\n\n\n\n<p>Uudet lupamaksut tulevat voimaan 1.5.2025 l\u00e4htien.<\/p>\n\n\n\n<p><strong>Kalavastingin Iso-Valkeisella on k\u00e4yty lohionginnassa todella mukavasti. Siksi on p\u00e4\u00e4tetty istuttaa lis\u00e4\u00e4 lohia touko-kes\u00e4kuun vaihteessa. Lohia istutettiin viime vuonna n.100 kpl ja nyt istutamme n.120 kpl. Siihen asti voi lupia lunastaa normaalisti verkosta. Kuitenkin juuri uusien kalojen istutuksen j\u00e4lkeen pid\u00e4mme viikon kalastuksen rauhoitusaikaa. Kun tied\u00e4mme tarkan istutusp\u00e4iv\u00e4n niin ilmoitamme t\u00e4\u00e4ll\u00e4 rauhoitusp\u00e4iv\u00e4t, jolloin kalastuslupia ei voi lunastaa. Rauhoituksen j\u00e4lkeen jatkuu luvallinen kalastus normaalisti.<\/strong><\/p>\n\n\n\n<p><strong>Kala-Vastingin osakaskunnan vapalupa Iso-Valkeiseen.<\/strong><\/p>\n\n\n\n<p><strong>Iso-Valkeisen<\/strong> vapalupa-alueella eiv\u00e4t p\u00e4de yleiskalastusoikeudet, joten siell\u00e4 on kielletty\u00e4 kalastaa kalastonhoitomaksun viehekalastusoikeudella sek\u00e4 onkia ja pilkki\u00e4, ellei ole hankkinut vapalupaa.<\/p>\n\n\n\n<p>P\u00e4\u00e4t\u00f6ksen yleiskalastusoikeuksien rajoittamisesta on tehnyt Pohjois-Savon ELYkeskus.<\/p>\n\n\n\n<p>Lampeen on istutettu kirjolohta ja siikaa ja siin\u00e4 on luontaisesti mm. haukea ja ahventa.<\/p>\n\n\n\n<p>Iso-Valkeisen vapalupa oikeuttaa viehekalastukseen uistimella, perholla tai jigill\u00e4 sek\u00e4 onkimiseen ja pilkkimiseen 24 tunnin ajan luvan aloitusajasta. Vapaluvan hinta on 15 \u20ac. Yhdell\u00e4 luvalla saa kalastaa yhden kirjolohen, kaksi siikaa ja rajoituksetta muuta kalaa. Alle 15-vuotiaat voivat kalastaa samaan seurueeseen kuuluvan aikuisen vapaluvalla samaan saaliskiinti\u00f6\u00f6n, jolloin he eiv\u00e4t tarvitse omaa vapalupaa.<\/p>\n\n\n\n<p><strong>Kalastusv\u00e4lineet ja sy\u00f6tit<\/strong><\/p>\n\n\n\n<p><strong>Avovesikaudella<\/strong> kalastaja saa k\u00e4ytt\u00e4\u00e4 yht\u00e4 (1) vapaa, jossa on yksi siima. Vavan on oltava kalastajan k\u00e4dess\u00e4 tai k\u00e4den ulottuvilla, enint\u00e4\u00e4n kahden metrin p\u00e4\u00e4ss\u00e4. Vapaa ei saa j\u00e4tt\u00e4\u00e4 yksin pyyntiin. Soutu-uistelussa yksi kalastaja saa k\u00e4ytt\u00e4\u00e4 enint\u00e4\u00e4n kahta (2) vapaa, joissa molemmissa on yksi siima.<\/p>\n\n\n\n<p><strong>J\u00e4\u00e4lt\u00e4 kalastaessaan<\/strong> kalastaja saa k\u00e4ytt\u00e4\u00e4 enint\u00e4\u00e4n kahta (2) vapaa, joissa molemmissa on yksi siima. N\u00e4ist\u00e4 vavoista toinen saa olla niin kutsuttu ootto-onki (vapa, joka j\u00e4tet\u00e4\u00e4n yksin pyyntiin).<\/p>\n\n\n\n<p>Kalastukseen saa k\u00e4ytt\u00e4\u00e4 kaikenlaisia keinotekoisia vieheit\u00e4 sek\u00e4 luonnollisia sy\u00f6ttej\u00e4, kuten matoa, katkarapua ja sy\u00f6ttitahnaa.<\/p>\n\n\n\n<p><strong>Yleiset kalastusrajoitukset<\/strong> n\u00e4kyv\u00e4t osoitteessa <strong>kalastusrajoitus.fi<\/strong>. Viehekalastukseen pit\u00e4\u00e4 maksaa<\/p>\n\n\n\n<p><strong>Kalastonhoitomaksu<\/strong>, jos on i\u00e4lt\u00e4\u00e4n 18\u201369-vuotias. Poikkeuksena ovat kalastajat, jotka ehtiv\u00e4t t\u00e4ytt\u00e4\u00e4 v\u00e4hint\u00e4\u00e4n 65 vuotta 31.12.2023 menness\u00e4<\/p>\n\n\n\n<p><strong>Vesikulkuneuvot<\/strong><\/p>\n\n\n\n<p>Osakaskunnalla on kaksi venett\u00e4, joita kalastajat voivat k\u00e4ytt\u00e4\u00e4 omalla vastuulla (mm. omat pelastusliivit). Veneet on merkitty tekstill\u00e4 Kala-Vastingin osakaskunta. My\u00f6s omaa venett\u00e4 ja kelluntarengasta saa k\u00e4ytt\u00e4\u00e4. Muun kuin s\u00e4hk\u00f6per\u00e4moottorin k\u00e4ytt\u00f6 on kielletty.<\/p>\n\n\n\n<p><strong>Luvan maksaminen<\/strong><\/p>\n\n\n\n<p>Lupamaksu 15 \u20ac maksetaan verkkopankissa osakaskunnan tilille <strong>FI76 4765 0010 0613 20<\/strong>. Maksaessasi kirjoita viestikentt\u00e4\u00e4n nimesi, vapalupa ja kalastuksen aloitusaika \u201dMatti Meik\u00e4l\u00e4inen vapalupa 24.6. klo 12.00\u201d. Maksun j\u00e4lkeen ota tuloste maksutapahtumasta tai tallenna se matkapuhelimeesi. Pid\u00e4 em. tosite mukana kalastaessasi.<\/p>\n\n\n\n<p><strong>Kalastuksen j\u00e4lkeen<\/strong> ilmoita kirjolohi- ja siikasaaliisi nimesi ja pyyntip\u00e4iv\u00e4 tekstiviestill\u00e4 numeroon 0500 587331<\/p>\n\n\n\n<p>Alueella valvontaa suorittaa <strong>virallinen kalastuksen valvoja<\/strong> , jolla on oikeudet tarkistaa lupien voimassaolot sek\u00e4 saalism\u00e4\u00e4r\u00e4t.  <\/p>\n\n\n\n<figure class=\"wp-block-image size-full\"><img loading=\"lazy\" decoding=\"async\" width=\"653\" height=\"755\" src=\"https:\/\/kivijarvenkalatalousalue.fi\/kalavastinki\/wp-content\/uploads\/sites\/5\/2024\/06\/image.png\" alt=\"\" class=\"wp-image-396\" srcset=\"https:\/\/kivijarvenkalatalousalue.fi\/kalavastinki\/wp-content\/uploads\/sites\/5\/2024\/06\/image.png 653w, https:\/\/kivijarvenkalatalousalue.fi\/kalavastinki\/wp-content\/uploads\/sites\/5\/2024\/06\/image-259x300.png 259w\" sizes=\"auto, (max-width: 653px) 100vw, 653px\" \/><\/figure>\n","protected":false},"excerpt":{"rendered":"<p>Tervetuloa Kalavastingin osakaskunnan internet sivuille Tiedotuksia KALAVASTINGIN OSAKASKUNNAN VUOSIKOKOUS PIDET\u00c4\u00c4N ISOKYL\u00c4N KOULULLA 12.4.2026 KLO.10.00 Lohen kalastus on kiinnostanut kovasti ihmisi\u00e4 ja siit\u00e4 on saatu hyv\u00e4\u00e4 palautetta. Viime vuonna istutettujen lohien keskipaino oli n.1,25 kg. Elikk\u00e4 juuri sopivia ruokakaloja. Luvan hankkineet ovatkin kertoneet mukavista kalansaaliista. Ei muuta kuin lunastakaa kalastusluvat kalastuslupaohjeen mukaisesti netist\u00e4 ja menk\u00e4\u00e4 kalalle<\/p>\n<p><a class=\"moretag\" href=\"https:\/\/kivijarvenkalatalousalue.fi\/kalavastinki\/\"> Lue lis\u00e4\u00e4 ><\/a><\/p>\n","protected":false},"author":2,"featured_media":0,"parent":0,"menu_order":0,"comment_status":"closed","ping_status":"closed","template":"","meta":{"_acf_changed":false,"footnotes":""},"class_list":["post-189","page","type-page","status-publish","hentry"],"acf":[],"yoast_head":"<!-- This site is optimized with the Yoast SEO plugin v27.1.1 - https:\/\/yoast.com\/product\/yoast-seo-wordpress\/ -->\n<title>Etusivu - Kalavastingin osakaskunta<\/title>\n<meta name=\"robots\" content=\"index, follow, max-snippet:-1, max-image-preview:large, max-video-preview:-1\" \/>\n<link rel=\"canonical\" href=\"https:\/\/kivijarvenkalatalousalue.fi\/kalavastinki\/\" \/>\n<meta property=\"og:locale\" content=\"fi_FI\" \/>\n<meta property=\"og:type\" content=\"article\" \/>\n<meta property=\"og:title\" content=\"Etusivu - Kalavastingin osakaskunta\" \/>\n<meta property=\"og:description\" content=\"Tervetuloa Kalavastingin osakaskunnan internet sivuille Tiedotuksia KALAVASTINGIN OSAKASKUNNAN VUOSIKOKOUS PIDET\u00c4\u00c4N ISOKYL\u00c4N KOULULLA 12.4.2026 KLO.10.00 Lohen kalastus on kiinnostanut kovasti ihmisi\u00e4 ja siit\u00e4 on saatu hyv\u00e4\u00e4 palautetta. Viime vuonna istutettujen lohien keskipaino oli n.1,25 kg. Elikk\u00e4 juuri sopivia ruokakaloja. Luvan hankkineet ovatkin kertoneet mukavista kalansaaliista. Ei muuta kuin lunastakaa kalastusluvat kalastuslupaohjeen mukaisesti netist\u00e4 ja menk\u00e4\u00e4 kalalle Lue lis\u00e4\u00e4 &gt;\" \/>\n<meta property=\"og:url\" content=\"https:\/\/kivijarvenkalatalousalue.fi\/kalavastinki\/\" \/>\n<meta property=\"og:site_name\" content=\"Kalavastingin osakaskunta\" \/>\n<meta property=\"article:modified_time\" content=\"2026-04-04T17:11:12+00:00\" \/>\n<meta property=\"og:image\" content=\"https:\/\/kivijarvenkalatalousalue.fi\/kalavastinki\/wp-content\/uploads\/sites\/5\/2024\/06\/image.png\" \/>\n\t<meta property=\"og:image:width\" content=\"653\" \/>\n\t<meta property=\"og:image:height\" content=\"755\" \/>\n\t<meta property=\"og:image:type\" content=\"image\/png\" \/>\n<meta name=\"twitter:card\" content=\"summary_large_image\" \/>\n<meta name=\"twitter:label1\" content=\"Arvioitu lukuaika\" \/>\n\t<meta name=\"twitter:data1\" content=\"4 minuuttia\" \/>\n<script type=\"application\/ld+json\" class=\"yoast-schema-graph\">{\"@context\":\"https:\/\/schema.org\",\"@graph\":[{\"@type\":\"WebPage\",\"@id\":\"https:\/\/kivijarvenkalatalousalue.fi\/kalavastinki\/\",\"url\":\"https:\/\/kivijarvenkalatalousalue.fi\/kalavastinki\/\",\"name\":\"Etusivu - Kalavastingin osakaskunta\",\"isPartOf\":{\"@id\":\"https:\/\/kivijarvenkalatalousalue.fi\/kalavastinki\/#website\"},\"primaryImageOfPage\":{\"@id\":\"https:\/\/kivijarvenkalatalousalue.fi\/kalavastinki\/#primaryimage\"},\"image\":{\"@id\":\"https:\/\/kivijarvenkalatalousalue.fi\/kalavastinki\/#primaryimage\"},\"thumbnailUrl\":\"https:\/\/kivijarvenkalatalousalue.fi\/kalavastinki\/wp-content\/uploads\/sites\/5\/2024\/06\/image.png\",\"datePublished\":\"2020-10-22T04:32:51+00:00\",\"dateModified\":\"2026-04-04T17:11:12+00:00\",\"breadcrumb\":{\"@id\":\"https:\/\/kivijarvenkalatalousalue.fi\/kalavastinki\/#breadcrumb\"},\"inLanguage\":\"fi\",\"potentialAction\":[{\"@type\":\"ReadAction\",\"target\":[\"https:\/\/kivijarvenkalatalousalue.fi\/kalavastinki\/\"]}]},{\"@type\":\"ImageObject\",\"inLanguage\":\"fi\",\"@id\":\"https:\/\/kivijarvenkalatalousalue.fi\/kalavastinki\/#primaryimage\",\"url\":\"https:\/\/kivijarvenkalatalousalue.fi\/kalavastinki\/wp-content\/uploads\/sites\/5\/2024\/06\/image.png\",\"contentUrl\":\"https:\/\/kivijarvenkalatalousalue.fi\/kalavastinki\/wp-content\/uploads\/sites\/5\/2024\/06\/image.png\",\"width\":653,\"height\":755},{\"@type\":\"BreadcrumbList\",\"@id\":\"https:\/\/kivijarvenkalatalousalue.fi\/kalavastinki\/#breadcrumb\",\"itemListElement\":[{\"@type\":\"ListItem\",\"position\":1,\"name\":\"Home\",\"item\":\"https:\/\/kivijarvenkalatalousalue.fi\/kalavastinki\/\"},{\"@type\":\"ListItem\",\"position\":2,\"name\":\"Etusivu\"}]},{\"@type\":\"WebSite\",\"@id\":\"https:\/\/kivijarvenkalatalousalue.fi\/kalavastinki\/#website\",\"url\":\"https:\/\/kivijarvenkalatalousalue.fi\/kalavastinki\/\",\"name\":\"Kalavastingin osakaskunta\",\"description\":\"Uusi Kivij\u00e4rven kalatalousalue -sivusto\",\"potentialAction\":[{\"@type\":\"SearchAction\",\"target\":{\"@type\":\"EntryPoint\",\"urlTemplate\":\"https:\/\/kivijarvenkalatalousalue.fi\/kalavastinki\/?s={search_term_string}\"},\"query-input\":{\"@type\":\"PropertyValueSpecification\",\"valueRequired\":true,\"valueName\":\"search_term_string\"}}],\"inLanguage\":\"fi\"}]}<\/script>\n<!-- \/ Yoast SEO plugin. -->","yoast_head_json":{"title":"Etusivu - Kalavastingin osakaskunta","robots":{"index":"index","follow":"follow","max-snippet":"max-snippet:-1","max-image-preview":"max-image-preview:large","max-video-preview":"max-video-preview:-1"},"canonical":"https:\/\/kivijarvenkalatalousalue.fi\/kalavastinki\/","og_locale":"fi_FI","og_type":"article","og_title":"Etusivu - Kalavastingin osakaskunta","og_description":"Tervetuloa Kalavastingin osakaskunnan internet sivuille Tiedotuksia KALAVASTINGIN OSAKASKUNNAN VUOSIKOKOUS PIDET\u00c4\u00c4N ISOKYL\u00c4N KOULULLA 12.4.2026 KLO.10.00 Lohen kalastus on kiinnostanut kovasti ihmisi\u00e4 ja siit\u00e4 on saatu hyv\u00e4\u00e4 palautetta. Viime vuonna istutettujen lohien keskipaino oli n.1,25 kg. Elikk\u00e4 juuri sopivia ruokakaloja. Luvan hankkineet ovatkin kertoneet mukavista kalansaaliista. Ei muuta kuin lunastakaa kalastusluvat kalastuslupaohjeen mukaisesti netist\u00e4 ja menk\u00e4\u00e4 kalalle Lue lis\u00e4\u00e4 >","og_url":"https:\/\/kivijarvenkalatalousalue.fi\/kalavastinki\/","og_site_name":"Kalavastingin osakaskunta","article_modified_time":"2026-04-04T17:11:12+00:00","og_image":[{"width":653,"height":755,"url":"https:\/\/kivijarvenkalatalousalue.fi\/kalavastinki\/wp-content\/uploads\/sites\/5\/2024\/06\/image.png","type":"image\/png"}],"twitter_card":"summary_large_image","twitter_misc":{"Arvioitu lukuaika":"4 minuuttia"},"schema":{"@context":"https:\/\/schema.org","@graph":[{"@type":"WebPage","@id":"https:\/\/kivijarvenkalatalousalue.fi\/kalavastinki\/","url":"https:\/\/kivijarvenkalatalousalue.fi\/kalavastinki\/","name":"Etusivu - Kalavastingin osakaskunta","isPartOf":{"@id":"https:\/\/kivijarvenkalatalousalue.fi\/kalavastinki\/#website"},"primaryImageOfPage":{"@id":"https:\/\/kivijarvenkalatalousalue.fi\/kalavastinki\/#primaryimage"},"image":{"@id":"https:\/\/kivijarvenkalatalousalue.fi\/kalavastinki\/#primaryimage"},"thumbnailUrl":"https:\/\/kivijarvenkalatalousalue.fi\/kalavastinki\/wp-content\/uploads\/sites\/5\/2024\/06\/image.png","datePublished":"2020-10-22T04:32:51+00:00","dateModified":"2026-04-04T17:11:12+00:00","breadcrumb":{"@id":"https:\/\/kivijarvenkalatalousalue.fi\/kalavastinki\/#breadcrumb"},"inLanguage":"fi","potentialAction":[{"@type":"ReadAction","target":["https:\/\/kivijarvenkalatalousalue.fi\/kalavastinki\/"]}]},{"@type":"ImageObject","inLanguage":"fi","@id":"https:\/\/kivijarvenkalatalousalue.fi\/kalavastinki\/#primaryimage","url":"https:\/\/kivijarvenkalatalousalue.fi\/kalavastinki\/wp-content\/uploads\/sites\/5\/2024\/06\/image.png","contentUrl":"https:\/\/kivijarvenkalatalousalue.fi\/kalavastinki\/wp-content\/uploads\/sites\/5\/2024\/06\/image.png","width":653,"height":755},{"@type":"BreadcrumbList","@id":"https:\/\/kivijarvenkalatalousalue.fi\/kalavastinki\/#breadcrumb","itemListElement":[{"@type":"ListItem","position":1,"name":"Home","item":"https:\/\/kivijarvenkalatalousalue.fi\/kalavastinki\/"},{"@type":"ListItem","position":2,"name":"Etusivu"}]},{"@type":"WebSite","@id":"https:\/\/kivijarvenkalatalousalue.fi\/kalavastinki\/#website","url":"https:\/\/kivijarvenkalatalousalue.fi\/kalavastinki\/","name":"Kalavastingin osakaskunta","description":"Uusi Kivij\u00e4rven kalatalousalue -sivusto","potentialAction":[{"@type":"SearchAction","target":{"@type":"EntryPoint","urlTemplate":"https:\/\/kivijarvenkalatalousalue.fi\/kalavastinki\/?s={search_term_string}"},"query-input":{"@type":"PropertyValueSpecification","valueRequired":true,"valueName":"search_term_string"}}],"inLanguage":"fi"}]}},"_links":{"self":[{"href":"https:\/\/kivijarvenkalatalousalue.fi\/kalavastinki\/wp-json\/wp\/v2\/pages\/189","targetHints":{"allow":["GET"]}}],"collection":[{"href":"https:\/\/kivijarvenkalatalousalue.fi\/kalavastinki\/wp-json\/wp\/v2\/pages"}],"about":[{"href":"https:\/\/kivijarvenkalatalousalue.fi\/kalavastinki\/wp-json\/wp\/v2\/types\/page"}],"author":[{"embeddable":true,"href":"https:\/\/kivijarvenkalatalousalue.fi\/kalavastinki\/wp-json\/wp\/v2\/users\/2"}],"replies":[{"embeddable":true,"href":"https:\/\/kivijarvenkalatalousalue.fi\/kalavastinki\/wp-json\/wp\/v2\/comments?post=189"}],"version-history":[{"count":25,"href":"https:\/\/kivijarvenkalatalousalue.fi\/kalavastinki\/wp-json\/wp\/v2\/pages\/189\/revisions"}],"predecessor-version":[{"id":421,"href":"https:\/\/kivijarvenkalatalousalue.fi\/kalavastinki\/wp-json\/wp\/v2\/pages\/189\/revisions\/421"}],"wp:attachment":[{"href":"https:\/\/kivijarvenkalatalousalue.fi\/kalavastinki\/wp-json\/wp\/v2\/media?parent=189"}],"curies":[{"name":"wp","href":"https:\/\/api.w.org\/{rel}","templated":true}]}}