{"id":49,"date":"2020-10-29T09:51:51","date_gmt":"2020-10-29T09:51:51","guid":{"rendered":"http:\/\/89.166.51.80\/~pohjoispaij\/ahtola\/?page_id=49"},"modified":"2026-04-23T12:46:31","modified_gmt":"2026-04-23T09:46:31","slug":"rajoitukset","status":"publish","type":"page","link":"https:\/\/kivijarvenkalatalousalue.fi\/kalavastinki\/rajoitukset\/","title":{"rendered":"Rajoitukset"},"content":{"rendered":"\n<h2 class=\"wp-block-heading\">Rajoitukset<\/h2>\n\n\n\n<p><\/p>\n\n\n\n<p><strong>Rauhoitukset:<\/strong><\/p>\n\n\n\n<p>Yleiset rajoitukset n\u00e4kyv\u00e4t nettisivulta <strong>kalastusrajoitus.fi<\/strong>.<\/p>\n\n\n\n<p><strong>T\u00e4n\u00e4 vuonna on tullut voimaan kalastuskielto Vastinkij\u00e4rven ja Enoj\u00e4rven v\u00e4lill\u00e4 olevaan Enojokeen. Jokeen on tehty taimenien koeistuksia joilla pyrit\u00e4\u00e4n plauttamaan enojokeen siell\u00e4 joskus ollut taimenkanta. <\/strong><\/p>\n\n\n\n<p>Osakaskunnan alueella kalastus on kielletty alle 45 mm verkoilla, pois lukien muikkuverkot. Kaikessa kalastuksessa on noudatettava kalastuslain mukaisia pyyntimittoja. Verkkoja saa olla kerralla pyyt\u00e4m\u00e4ss\u00e4 kahdeksan kappaletta.<\/p>\n\n\n\n<p>Vesilinnun mets\u00e4stys on kielletty osakaskunnan omistamalla palstalla Hoikan kosteikon alueella sek\u00e4 osakaskunnan omistamalla alueella Hilmojoella.<\/p>\n\n\n\n<p><\/p>\n\n\n\n<p>Yleiskalastusoikeudet (KalL 7 \u00a7; onkiminen, pilkkiminen ja kalastonhoitomaksuun tai ik\u00e4\u00e4n perustuva viehekalastus), sek\u00e4 vesilinnun mets\u00e4stys on kielletty Kala-Vastingin osakaskunnan vesialueisiin kuuluvalla Hilmojoen alueella. Osakaskunnan j\u00e4senille viehekalastus on sallittu.<\/p>\n\n\n\n<p><\/p>\n","protected":false},"excerpt":{"rendered":"<p>Rajoitukset Rauhoitukset: Yleiset rajoitukset n\u00e4kyv\u00e4t nettisivulta kalastusrajoitus.fi. T\u00e4n\u00e4 vuonna on tullut voimaan kalastuskielto Vastinkij\u00e4rven ja Enoj\u00e4rven v\u00e4lill\u00e4 olevaan Enojokeen. Jokeen on tehty taimenien koeistuksia joilla pyrit\u00e4\u00e4n plauttamaan enojokeen siell\u00e4 joskus ollut taimenkanta. Osakaskunnan alueella kalastus on kielletty alle 45 mm verkoilla, pois lukien muikkuverkot. Kaikessa kalastuksessa on noudatettava kalastuslain mukaisia pyyntimittoja. Verkkoja saa olla kerralla<\/p>\n<p><a class=\"moretag\" href=\"https:\/\/kivijarvenkalatalousalue.fi\/kalavastinki\/rajoitukset\/\"> Lue lis\u00e4\u00e4 ><\/a><\/p>\n","protected":false},"author":2,"featured_media":0,"parent":0,"menu_order":0,"comment_status":"closed","ping_status":"closed","template":"basic-sivu.php","meta":{"_acf_changed":false,"footnotes":""},"class_list":["post-49","page","type-page","status-publish","hentry"],"acf":[],"yoast_head":"<!-- This site is optimized with the Yoast SEO plugin v27.1.1 - https:\/\/yoast.com\/product\/yoast-seo-wordpress\/ -->\n<title>Rajoitukset - Kalavastingin osakaskunta<\/title>\n<meta name=\"robots\" content=\"index, follow, max-snippet:-1, max-image-preview:large, max-video-preview:-1\" \/>\n<link rel=\"canonical\" href=\"https:\/\/kivijarvenkalatalousalue.fi\/kalavastinki\/rajoitukset\/\" \/>\n<meta property=\"og:locale\" content=\"fi_FI\" \/>\n<meta property=\"og:type\" content=\"article\" \/>\n<meta property=\"og:title\" content=\"Rajoitukset - Kalavastingin osakaskunta\" \/>\n<meta property=\"og:description\" content=\"Rajoitukset Rauhoitukset: Yleiset rajoitukset n\u00e4kyv\u00e4t nettisivulta kalastusrajoitus.fi. T\u00e4n\u00e4 vuonna on tullut voimaan kalastuskielto Vastinkij\u00e4rven ja Enoj\u00e4rven v\u00e4lill\u00e4 olevaan Enojokeen. Jokeen on tehty taimenien koeistuksia joilla pyrit\u00e4\u00e4n plauttamaan enojokeen siell\u00e4 joskus ollut taimenkanta. Osakaskunnan alueella kalastus on kielletty alle 45 mm verkoilla, pois lukien muikkuverkot. Kaikessa kalastuksessa on noudatettava kalastuslain mukaisia pyyntimittoja. Verkkoja saa olla kerralla Lue lis\u00e4\u00e4 &gt;\" \/>\n<meta property=\"og:url\" content=\"https:\/\/kivijarvenkalatalousalue.fi\/kalavastinki\/rajoitukset\/\" \/>\n<meta property=\"og:site_name\" content=\"Kalavastingin osakaskunta\" \/>\n<meta property=\"article:modified_time\" content=\"2026-04-23T09:46:31+00:00\" \/>\n<meta name=\"twitter:card\" content=\"summary_large_image\" \/>\n<meta name=\"twitter:label1\" content=\"Arvioitu lukuaika\" \/>\n\t<meta name=\"twitter:data1\" content=\"1 minuutti\" \/>\n<script type=\"application\/ld+json\" class=\"yoast-schema-graph\">{\"@context\":\"https:\/\/schema.org\",\"@graph\":[{\"@type\":\"WebPage\",\"@id\":\"https:\/\/kivijarvenkalatalousalue.fi\/kalavastinki\/rajoitukset\/\",\"url\":\"https:\/\/kivijarvenkalatalousalue.fi\/kalavastinki\/rajoitukset\/\",\"name\":\"Rajoitukset - Kalavastingin osakaskunta\",\"isPartOf\":{\"@id\":\"https:\/\/kivijarvenkalatalousalue.fi\/kalavastinki\/#website\"},\"datePublished\":\"2020-10-29T09:51:51+00:00\",\"dateModified\":\"2026-04-23T09:46:31+00:00\",\"breadcrumb\":{\"@id\":\"https:\/\/kivijarvenkalatalousalue.fi\/kalavastinki\/rajoitukset\/#breadcrumb\"},\"inLanguage\":\"fi\",\"potentialAction\":[{\"@type\":\"ReadAction\",\"target\":[\"https:\/\/kivijarvenkalatalousalue.fi\/kalavastinki\/rajoitukset\/\"]}]},{\"@type\":\"BreadcrumbList\",\"@id\":\"https:\/\/kivijarvenkalatalousalue.fi\/kalavastinki\/rajoitukset\/#breadcrumb\",\"itemListElement\":[{\"@type\":\"ListItem\",\"position\":1,\"name\":\"Home\",\"item\":\"https:\/\/kivijarvenkalatalousalue.fi\/kalavastinki\/\"},{\"@type\":\"ListItem\",\"position\":2,\"name\":\"Rajoitukset\"}]},{\"@type\":\"WebSite\",\"@id\":\"https:\/\/kivijarvenkalatalousalue.fi\/kalavastinki\/#website\",\"url\":\"https:\/\/kivijarvenkalatalousalue.fi\/kalavastinki\/\",\"name\":\"Kalavastingin osakaskunta\",\"description\":\"Uusi Kivij\u00e4rven kalatalousalue -sivusto\",\"potentialAction\":[{\"@type\":\"SearchAction\",\"target\":{\"@type\":\"EntryPoint\",\"urlTemplate\":\"https:\/\/kivijarvenkalatalousalue.fi\/kalavastinki\/?s={search_term_string}\"},\"query-input\":{\"@type\":\"PropertyValueSpecification\",\"valueRequired\":true,\"valueName\":\"search_term_string\"}}],\"inLanguage\":\"fi\"}]}<\/script>\n<!-- \/ Yoast SEO plugin. -->","yoast_head_json":{"title":"Rajoitukset - Kalavastingin osakaskunta","robots":{"index":"index","follow":"follow","max-snippet":"max-snippet:-1","max-image-preview":"max-image-preview:large","max-video-preview":"max-video-preview:-1"},"canonical":"https:\/\/kivijarvenkalatalousalue.fi\/kalavastinki\/rajoitukset\/","og_locale":"fi_FI","og_type":"article","og_title":"Rajoitukset - Kalavastingin osakaskunta","og_description":"Rajoitukset Rauhoitukset: Yleiset rajoitukset n\u00e4kyv\u00e4t nettisivulta kalastusrajoitus.fi. T\u00e4n\u00e4 vuonna on tullut voimaan kalastuskielto Vastinkij\u00e4rven ja Enoj\u00e4rven v\u00e4lill\u00e4 olevaan Enojokeen. Jokeen on tehty taimenien koeistuksia joilla pyrit\u00e4\u00e4n plauttamaan enojokeen siell\u00e4 joskus ollut taimenkanta. Osakaskunnan alueella kalastus on kielletty alle 45 mm verkoilla, pois lukien muikkuverkot. Kaikessa kalastuksessa on noudatettava kalastuslain mukaisia pyyntimittoja. Verkkoja saa olla kerralla Lue lis\u00e4\u00e4 >","og_url":"https:\/\/kivijarvenkalatalousalue.fi\/kalavastinki\/rajoitukset\/","og_site_name":"Kalavastingin osakaskunta","article_modified_time":"2026-04-23T09:46:31+00:00","twitter_card":"summary_large_image","twitter_misc":{"Arvioitu lukuaika":"1 minuutti"},"schema":{"@context":"https:\/\/schema.org","@graph":[{"@type":"WebPage","@id":"https:\/\/kivijarvenkalatalousalue.fi\/kalavastinki\/rajoitukset\/","url":"https:\/\/kivijarvenkalatalousalue.fi\/kalavastinki\/rajoitukset\/","name":"Rajoitukset - Kalavastingin osakaskunta","isPartOf":{"@id":"https:\/\/kivijarvenkalatalousalue.fi\/kalavastinki\/#website"},"datePublished":"2020-10-29T09:51:51+00:00","dateModified":"2026-04-23T09:46:31+00:00","breadcrumb":{"@id":"https:\/\/kivijarvenkalatalousalue.fi\/kalavastinki\/rajoitukset\/#breadcrumb"},"inLanguage":"fi","potentialAction":[{"@type":"ReadAction","target":["https:\/\/kivijarvenkalatalousalue.fi\/kalavastinki\/rajoitukset\/"]}]},{"@type":"BreadcrumbList","@id":"https:\/\/kivijarvenkalatalousalue.fi\/kalavastinki\/rajoitukset\/#breadcrumb","itemListElement":[{"@type":"ListItem","position":1,"name":"Home","item":"https:\/\/kivijarvenkalatalousalue.fi\/kalavastinki\/"},{"@type":"ListItem","position":2,"name":"Rajoitukset"}]},{"@type":"WebSite","@id":"https:\/\/kivijarvenkalatalousalue.fi\/kalavastinki\/#website","url":"https:\/\/kivijarvenkalatalousalue.fi\/kalavastinki\/","name":"Kalavastingin osakaskunta","description":"Uusi Kivij\u00e4rven kalatalousalue -sivusto","potentialAction":[{"@type":"SearchAction","target":{"@type":"EntryPoint","urlTemplate":"https:\/\/kivijarvenkalatalousalue.fi\/kalavastinki\/?s={search_term_string}"},"query-input":{"@type":"PropertyValueSpecification","valueRequired":true,"valueName":"search_term_string"}}],"inLanguage":"fi"}]}},"_links":{"self":[{"href":"https:\/\/kivijarvenkalatalousalue.fi\/kalavastinki\/wp-json\/wp\/v2\/pages\/49","targetHints":{"allow":["GET"]}}],"collection":[{"href":"https:\/\/kivijarvenkalatalousalue.fi\/kalavastinki\/wp-json\/wp\/v2\/pages"}],"about":[{"href":"https:\/\/kivijarvenkalatalousalue.fi\/kalavastinki\/wp-json\/wp\/v2\/types\/page"}],"author":[{"embeddable":true,"href":"https:\/\/kivijarvenkalatalousalue.fi\/kalavastinki\/wp-json\/wp\/v2\/users\/2"}],"replies":[{"embeddable":true,"href":"https:\/\/kivijarvenkalatalousalue.fi\/kalavastinki\/wp-json\/wp\/v2\/comments?post=49"}],"version-history":[{"count":10,"href":"https:\/\/kivijarvenkalatalousalue.fi\/kalavastinki\/wp-json\/wp\/v2\/pages\/49\/revisions"}],"predecessor-version":[{"id":427,"href":"https:\/\/kivijarvenkalatalousalue.fi\/kalavastinki\/wp-json\/wp\/v2\/pages\/49\/revisions\/427"}],"wp:attachment":[{"href":"https:\/\/kivijarvenkalatalousalue.fi\/kalavastinki\/wp-json\/wp\/v2\/media?parent=49"}],"curies":[{"name":"wp","href":"https:\/\/api.w.org\/{rel}","templated":true}]}}