{"id":61,"date":"2020-10-29T11:12:03","date_gmt":"2020-10-29T09:12:03","guid":{"rendered":"http:\/\/89.166.51.80\/~pohjoispaij\/ahtola\/?page_id=61"},"modified":"2023-04-18T12:16:26","modified_gmt":"2023-04-18T09:16:26","slug":"toimintasuunnitelma","status":"publish","type":"page","link":"https:\/\/kivijarvenkalatalousalue.fi\/kalavastinki\/hallinto\/toimintasuunnitelma\/","title":{"rendered":"Toimintasuunnitelma"},"content":{"rendered":"\n<h2 class=\"wp-block-heading\">Toimintasuunnitelma<\/h2>\n\n\n\n<p><strong>Kalavastingin osakaskunnan teht\u00e4v\u00e4t ja toiminta<\/strong><\/p>\n\n\n\n<figure class=\"wp-block-table\"><table><tbody><tr><td>Teht\u00e4v\u00e4t<\/td><td>Asiaa hoitaa<\/td><td>M\u00e4\u00e4r\u00e4aika<\/td><td>Suor. vaihe<\/td><\/tr><tr><td>laatii suunnitelman tulevien vuosien kalaistutuksista<\/td><td>hoitokunta<\/td><td>syksy 2023<\/td><td>&nbsp;<\/td><\/tr><tr><td>selvitt\u00e4\u00e4 alueen vesien rapukannan koeravustuksilla ja kyselem\u00e4ll\u00e4<\/td><td>&nbsp;<\/td><td>syksy 2023<\/td><td>&nbsp;<\/td><\/tr><tr><td>tekee tarvittaessa suunnitelman tulevien vuosien rapuistutuksista<\/td><td>&nbsp;<\/td><td>&nbsp;<\/td><td>&nbsp;<\/td><\/tr><tr><td>selvitt\u00e4\u00e4 mahdollisuudet kehitt\u00e4\u00e4 vesilintukantojen kehittymist\u00e4 alueella<\/td><td>&nbsp;<\/td><td>&nbsp;<\/td><td>&nbsp;<\/td><\/tr><tr><td>selvitt\u00e4\u00e4 Vastinginj\u00e4rven kortteen niiton kustannukset ja j\u00e4rven ranta-asukkaiden halukkuus osallistua niiton kustannuksiin<\/td><td>&nbsp;<\/td><td>&nbsp;<\/td><td>Selvitys keskeytynyt<\/td><\/tr><tr><td>selvitet\u00e4\u00e4n tarve ja mahdollisuudet hoitokalastukseen eri j\u00e4rviss\u00e4<\/td><td>&nbsp;<\/td><td>&nbsp;<\/td><td>selvitet\u00e4\u00e4n kunnan hoitokalastusrys\u00e4n k\u00e4ytt\u00f6mahdollisuutta<\/td><\/tr><tr><td>selvitet\u00e4\u00e4n mahdollisuudet rakentaa v-muotoinen pohjapato Vastinginj\u00e4rveen Enojoen suulle veden pinnan s\u00e4\u00e4nn\u00f6stelemiseksi<\/td><td>&nbsp;<\/td><td>&nbsp;<\/td><td>Liittyy Enojoen mahdolliseen kunnostushankkeeseen<\/td><\/tr><tr><td>kartoitetaan mahdollisia venevalkamia vesien rannoilta ja selvitet\u00e4\u00e4n maanomistajat ja kysyt\u00e4\u00e4n luvat veneiden s\u00e4ilytt\u00e4miseen sek\u00e4 nuotiopaikkojen rakentamiseen maanomistajilta<\/td><td>&nbsp;<\/td><td>&nbsp;<\/td><td>Valkamanlahti ja Vastingin uimaranta aloitettu<\/td><\/tr><tr><td>huolehditaan Selk\u00e4saaren kodan ja laiturin kunnosta sek\u00e4 polttopuista<\/td><td>&nbsp;<\/td><td>&nbsp;<\/td><td>&nbsp;<\/td><\/tr><tr><td>Pyydet\u00e4\u00e4n uudelleen tarjouksia Koiralahden mets\u00e4st\u00e4<\/td><td>hoitokunta<\/td><td>&nbsp;<\/td><td>jatketaan<\/td><\/tr><tr><td>pidet\u00e4\u00e4n Koiralahden ja Tyr\u00e4kosken laskupaikat kunnossa<\/td><td>&nbsp;<\/td><td>&nbsp;<\/td><td>&nbsp;<\/td><\/tr><tr><td>Valkamanlahden kunnostus virkistyspaikaksi ja Vastinginj\u00e4rven uimarannan raivaus<\/td><td>&nbsp;<\/td><td>&nbsp;<\/td><td>&nbsp;<\/td><\/tr><tr><td>jatketaan muiden j\u00e4rvien laskupaikkojen kartoitusta<\/td><td>&nbsp;<\/td><td>&nbsp;<\/td><td>&nbsp;<\/td><\/tr><tr><td>jatketaan ELY-keskuksen kanssa Selk\u00e4saaren, Hilmojoen ja Suoj\u00e4rven soveltuvuutta luonnonsuojelualueiksi<\/td><td>&nbsp;<\/td><td>osakaskunnan kokous p\u00e4\u00e4tt\u00e4\u00e4 asiasta<\/td><td>&nbsp;<\/td><\/tr><tr><td>Selvitet\u00e4\u00e4n Enojoen soveltuvuus j\u00e4rvitaimenen kutujoeksi<\/td><td>&nbsp;<\/td><td>&nbsp;<\/td><td>kev\u00e4t 2024<\/td><\/tr><tr><td>jatketaan yhteistoimintaosapuolten kartoitusta<\/td><td>&nbsp;<\/td><td>&nbsp;<\/td><td>&nbsp;<\/td><\/tr><tr><td>pidet\u00e4\u00e4n yll\u00e4 ja kehitet\u00e4\u00e4n verkkosivuja<\/td><td>&nbsp;<\/td><td>&nbsp;<\/td><td>&nbsp;<\/td><\/tr><tr><td>laaditaan tiedote alueen asukkaille osakaskunnan asioista<\/td><td>&nbsp;<\/td><td>&nbsp;<\/td><td><\/td><\/tr><tr><td>Tehostetaan lupamyynti\u00e4<\/td><td>&nbsp;<\/td><td>&nbsp;<\/td><td>&nbsp;<\/td><\/tr><\/tbody><\/table><\/figure>\n\n\n\n<figure class=\"wp-block-table is-style-stripes\"><table><tbody><tr><td><\/td><td><\/td><td><\/td><td><\/td><\/tr><tr><td><\/td><td>&nbsp;<\/td><td><\/td><td><\/td><\/tr><tr><td><\/td><td><\/td><td><\/td><td><\/td><\/tr><tr><td><\/td><td>&nbsp;<\/td><td>&nbsp;<\/td><td><\/td><\/tr><tr><td><\/td><td><\/td><td><\/td><td><\/td><\/tr><tr><td><\/td><td><\/td><td>&nbsp;<\/td><td><\/td><\/tr><tr><td><\/td><td><\/td><td>&nbsp;<\/td><td><\/td><\/tr><tr><td><\/td><td><\/td><td>&nbsp;<\/td><td><\/td><\/tr><tr><td><\/td><td><\/td><td>&nbsp;<\/td><td><\/td><\/tr><tr><td><\/td><td><\/td><td><\/td><td><\/td><\/tr><tr><td><\/td><td><\/td><td>&nbsp;<\/td><td><\/td><\/tr><tr><td><\/td><td><\/td><td><\/td><td><\/td><\/tr><tr><td><\/td><td><\/td><td><\/td><td><\/td><\/tr><tr><td><\/td><td><\/td><td>&nbsp;<\/td><td><\/td><\/tr><tr><td><\/td><td><\/td><td>&nbsp;<\/td><td><\/td><\/tr><tr><td><\/td><td><\/td><td><\/td><td><\/td><\/tr><tr><td><\/td><td><\/td><td>&nbsp;<\/td><td><\/td><\/tr><tr><td><\/td><td><\/td><td>&nbsp;<\/td><td><\/td><\/tr><tr><td><\/td><td><\/td><td>&nbsp;<\/td><td><\/td><\/tr><\/tbody><\/table><\/figure>\n","protected":false},"excerpt":{"rendered":"<p>Toimintasuunnitelma Kalavastingin osakaskunnan teht\u00e4v\u00e4t ja toiminta Teht\u00e4v\u00e4t Asiaa hoitaa M\u00e4\u00e4r\u00e4aika Suor. vaihe laatii suunnitelman tulevien vuosien kalaistutuksista hoitokunta syksy 2023 &nbsp; selvitt\u00e4\u00e4 alueen vesien rapukannan koeravustuksilla ja kyselem\u00e4ll\u00e4 &nbsp; syksy 2023 &nbsp; tekee tarvittaessa suunnitelman tulevien vuosien rapuistutuksista &nbsp; &nbsp; &nbsp; selvitt\u00e4\u00e4 mahdollisuudet kehitt\u00e4\u00e4 vesilintukantojen kehittymist\u00e4 alueella &nbsp; &nbsp; &nbsp; selvitt\u00e4\u00e4 Vastinginj\u00e4rven kortteen niiton kustannukset<\/p>\n<p><a class=\"moretag\" href=\"https:\/\/kivijarvenkalatalousalue.fi\/kalavastinki\/hallinto\/toimintasuunnitelma\/\"> Lue lis\u00e4\u00e4 ><\/a><\/p>\n","protected":false},"author":2,"featured_media":0,"parent":32,"menu_order":0,"comment_status":"closed","ping_status":"closed","template":"basic-sivu.php","meta":{"_acf_changed":false,"footnotes":""},"class_list":["post-61","page","type-page","status-publish","hentry"],"acf":[],"yoast_head":"<!-- This site is optimized with the Yoast SEO plugin v27.1.1 - https:\/\/yoast.com\/product\/yoast-seo-wordpress\/ -->\n<title>Toimintasuunnitelma - Kalavastingin osakaskunta<\/title>\n<meta name=\"robots\" content=\"index, follow, max-snippet:-1, max-image-preview:large, max-video-preview:-1\" \/>\n<link rel=\"canonical\" href=\"https:\/\/kivijarvenkalatalousalue.fi\/kalavastinki\/hallinto\/toimintasuunnitelma\/\" \/>\n<meta property=\"og:locale\" content=\"fi_FI\" \/>\n<meta property=\"og:type\" content=\"article\" \/>\n<meta property=\"og:title\" content=\"Toimintasuunnitelma - Kalavastingin osakaskunta\" \/>\n<meta property=\"og:description\" content=\"Toimintasuunnitelma Kalavastingin osakaskunnan teht\u00e4v\u00e4t ja toiminta Teht\u00e4v\u00e4t Asiaa hoitaa M\u00e4\u00e4r\u00e4aika Suor. vaihe laatii suunnitelman tulevien vuosien kalaistutuksista hoitokunta syksy 2023 &nbsp; selvitt\u00e4\u00e4 alueen vesien rapukannan koeravustuksilla ja kyselem\u00e4ll\u00e4 &nbsp; syksy 2023 &nbsp; tekee tarvittaessa suunnitelman tulevien vuosien rapuistutuksista &nbsp; &nbsp; &nbsp; selvitt\u00e4\u00e4 mahdollisuudet kehitt\u00e4\u00e4 vesilintukantojen kehittymist\u00e4 alueella &nbsp; &nbsp; &nbsp; selvitt\u00e4\u00e4 Vastinginj\u00e4rven kortteen niiton kustannukset Lue lis\u00e4\u00e4 &gt;\" \/>\n<meta property=\"og:url\" content=\"https:\/\/kivijarvenkalatalousalue.fi\/kalavastinki\/hallinto\/toimintasuunnitelma\/\" \/>\n<meta property=\"og:site_name\" content=\"Kalavastingin osakaskunta\" \/>\n<meta property=\"article:modified_time\" content=\"2023-04-18T09:16:26+00:00\" \/>\n<meta name=\"twitter:card\" content=\"summary_large_image\" \/>\n<meta name=\"twitter:label1\" content=\"Arvioitu lukuaika\" \/>\n\t<meta name=\"twitter:data1\" content=\"2 minuuttia\" \/>\n<script type=\"application\/ld+json\" class=\"yoast-schema-graph\">{\"@context\":\"https:\/\/schema.org\",\"@graph\":[{\"@type\":\"WebPage\",\"@id\":\"https:\/\/kivijarvenkalatalousalue.fi\/kalavastinki\/hallinto\/toimintasuunnitelma\/\",\"url\":\"https:\/\/kivijarvenkalatalousalue.fi\/kalavastinki\/hallinto\/toimintasuunnitelma\/\",\"name\":\"Toimintasuunnitelma - Kalavastingin osakaskunta\",\"isPartOf\":{\"@id\":\"https:\/\/kivijarvenkalatalousalue.fi\/kalavastinki\/#website\"},\"datePublished\":\"2020-10-29T09:12:03+00:00\",\"dateModified\":\"2023-04-18T09:16:26+00:00\",\"breadcrumb\":{\"@id\":\"https:\/\/kivijarvenkalatalousalue.fi\/kalavastinki\/hallinto\/toimintasuunnitelma\/#breadcrumb\"},\"inLanguage\":\"fi\",\"potentialAction\":[{\"@type\":\"ReadAction\",\"target\":[\"https:\/\/kivijarvenkalatalousalue.fi\/kalavastinki\/hallinto\/toimintasuunnitelma\/\"]}]},{\"@type\":\"BreadcrumbList\",\"@id\":\"https:\/\/kivijarvenkalatalousalue.fi\/kalavastinki\/hallinto\/toimintasuunnitelma\/#breadcrumb\",\"itemListElement\":[{\"@type\":\"ListItem\",\"position\":1,\"name\":\"Home\",\"item\":\"https:\/\/kivijarvenkalatalousalue.fi\/kalavastinki\/\"},{\"@type\":\"ListItem\",\"position\":2,\"name\":\"Yksityinen: Hallinto\",\"item\":\"https:\/\/kivijarvenkalatalousalue.fi\/kalavastinki\/?page_id=32\"},{\"@type\":\"ListItem\",\"position\":3,\"name\":\"Toimintasuunnitelma\"}]},{\"@type\":\"WebSite\",\"@id\":\"https:\/\/kivijarvenkalatalousalue.fi\/kalavastinki\/#website\",\"url\":\"https:\/\/kivijarvenkalatalousalue.fi\/kalavastinki\/\",\"name\":\"Kalavastingin osakaskunta\",\"description\":\"Uusi Kivij\u00e4rven kalatalousalue -sivusto\",\"potentialAction\":[{\"@type\":\"SearchAction\",\"target\":{\"@type\":\"EntryPoint\",\"urlTemplate\":\"https:\/\/kivijarvenkalatalousalue.fi\/kalavastinki\/?s={search_term_string}\"},\"query-input\":{\"@type\":\"PropertyValueSpecification\",\"valueRequired\":true,\"valueName\":\"search_term_string\"}}],\"inLanguage\":\"fi\"}]}<\/script>\n<!-- \/ Yoast SEO plugin. -->","yoast_head_json":{"title":"Toimintasuunnitelma - Kalavastingin osakaskunta","robots":{"index":"index","follow":"follow","max-snippet":"max-snippet:-1","max-image-preview":"max-image-preview:large","max-video-preview":"max-video-preview:-1"},"canonical":"https:\/\/kivijarvenkalatalousalue.fi\/kalavastinki\/hallinto\/toimintasuunnitelma\/","og_locale":"fi_FI","og_type":"article","og_title":"Toimintasuunnitelma - Kalavastingin osakaskunta","og_description":"Toimintasuunnitelma Kalavastingin osakaskunnan teht\u00e4v\u00e4t ja toiminta Teht\u00e4v\u00e4t Asiaa hoitaa M\u00e4\u00e4r\u00e4aika Suor. vaihe laatii suunnitelman tulevien vuosien kalaistutuksista hoitokunta syksy 2023 &nbsp; selvitt\u00e4\u00e4 alueen vesien rapukannan koeravustuksilla ja kyselem\u00e4ll\u00e4 &nbsp; syksy 2023 &nbsp; tekee tarvittaessa suunnitelman tulevien vuosien rapuistutuksista &nbsp; &nbsp; &nbsp; selvitt\u00e4\u00e4 mahdollisuudet kehitt\u00e4\u00e4 vesilintukantojen kehittymist\u00e4 alueella &nbsp; &nbsp; &nbsp; selvitt\u00e4\u00e4 Vastinginj\u00e4rven kortteen niiton kustannukset Lue lis\u00e4\u00e4 >","og_url":"https:\/\/kivijarvenkalatalousalue.fi\/kalavastinki\/hallinto\/toimintasuunnitelma\/","og_site_name":"Kalavastingin osakaskunta","article_modified_time":"2023-04-18T09:16:26+00:00","twitter_card":"summary_large_image","twitter_misc":{"Arvioitu lukuaika":"2 minuuttia"},"schema":{"@context":"https:\/\/schema.org","@graph":[{"@type":"WebPage","@id":"https:\/\/kivijarvenkalatalousalue.fi\/kalavastinki\/hallinto\/toimintasuunnitelma\/","url":"https:\/\/kivijarvenkalatalousalue.fi\/kalavastinki\/hallinto\/toimintasuunnitelma\/","name":"Toimintasuunnitelma - Kalavastingin osakaskunta","isPartOf":{"@id":"https:\/\/kivijarvenkalatalousalue.fi\/kalavastinki\/#website"},"datePublished":"2020-10-29T09:12:03+00:00","dateModified":"2023-04-18T09:16:26+00:00","breadcrumb":{"@id":"https:\/\/kivijarvenkalatalousalue.fi\/kalavastinki\/hallinto\/toimintasuunnitelma\/#breadcrumb"},"inLanguage":"fi","potentialAction":[{"@type":"ReadAction","target":["https:\/\/kivijarvenkalatalousalue.fi\/kalavastinki\/hallinto\/toimintasuunnitelma\/"]}]},{"@type":"BreadcrumbList","@id":"https:\/\/kivijarvenkalatalousalue.fi\/kalavastinki\/hallinto\/toimintasuunnitelma\/#breadcrumb","itemListElement":[{"@type":"ListItem","position":1,"name":"Home","item":"https:\/\/kivijarvenkalatalousalue.fi\/kalavastinki\/"},{"@type":"ListItem","position":2,"name":"Yksityinen: Hallinto","item":"https:\/\/kivijarvenkalatalousalue.fi\/kalavastinki\/?page_id=32"},{"@type":"ListItem","position":3,"name":"Toimintasuunnitelma"}]},{"@type":"WebSite","@id":"https:\/\/kivijarvenkalatalousalue.fi\/kalavastinki\/#website","url":"https:\/\/kivijarvenkalatalousalue.fi\/kalavastinki\/","name":"Kalavastingin osakaskunta","description":"Uusi Kivij\u00e4rven kalatalousalue -sivusto","potentialAction":[{"@type":"SearchAction","target":{"@type":"EntryPoint","urlTemplate":"https:\/\/kivijarvenkalatalousalue.fi\/kalavastinki\/?s={search_term_string}"},"query-input":{"@type":"PropertyValueSpecification","valueRequired":true,"valueName":"search_term_string"}}],"inLanguage":"fi"}]}},"_links":{"self":[{"href":"https:\/\/kivijarvenkalatalousalue.fi\/kalavastinki\/wp-json\/wp\/v2\/pages\/61","targetHints":{"allow":["GET"]}}],"collection":[{"href":"https:\/\/kivijarvenkalatalousalue.fi\/kalavastinki\/wp-json\/wp\/v2\/pages"}],"about":[{"href":"https:\/\/kivijarvenkalatalousalue.fi\/kalavastinki\/wp-json\/wp\/v2\/types\/page"}],"author":[{"embeddable":true,"href":"https:\/\/kivijarvenkalatalousalue.fi\/kalavastinki\/wp-json\/wp\/v2\/users\/2"}],"replies":[{"embeddable":true,"href":"https:\/\/kivijarvenkalatalousalue.fi\/kalavastinki\/wp-json\/wp\/v2\/comments?post=61"}],"version-history":[{"count":12,"href":"https:\/\/kivijarvenkalatalousalue.fi\/kalavastinki\/wp-json\/wp\/v2\/pages\/61\/revisions"}],"predecessor-version":[{"id":352,"href":"https:\/\/kivijarvenkalatalousalue.fi\/kalavastinki\/wp-json\/wp\/v2\/pages\/61\/revisions\/352"}],"up":[{"embeddable":true,"href":"https:\/\/kivijarvenkalatalousalue.fi\/kalavastinki\/wp-json\/wp\/v2\/pages\/32"}],"wp:attachment":[{"href":"https:\/\/kivijarvenkalatalousalue.fi\/kalavastinki\/wp-json\/wp\/v2\/media?parent=61"}],"curies":[{"name":"wp","href":"https:\/\/api.w.org\/{rel}","templated":true}]}}