{"id":72,"date":"2020-10-29T11:24:00","date_gmt":"2020-10-29T09:24:00","guid":{"rendered":"http:\/\/89.166.51.80\/~pohjoispaij\/ahtola\/?page_id=72"},"modified":"2026-04-25T14:14:42","modified_gmt":"2026-04-25T11:14:42","slug":"toiminta","status":"publish","type":"page","link":"https:\/\/kivijarvenkalatalousalue.fi\/kalavastinki\/hallinto\/toiminta\/","title":{"rendered":"Toimintakertomus"},"content":{"rendered":"\n<h2 class=\"wp-block-heading\">Toimintakertomus<\/h2>\n\n\n\n<p>KALA-VASTINGIN OSAKASKUNNAN TOIMINTAKERTOMUS VUODESTA 2025<br>Hoitokuntaan varsinaisiksi j\u00e4seniksi valittiin Pekka Parkatti, Jouko Piispanen, Antti Lepp\u00e4nen, Timo Piispanen ja Tauno Puttonen. Pekka Parkatti toimi hoitokunnan puheenjohtajana ja Timo Piispanen sihteerin\u00e4. Hoitokunta piti vuoden aikana kolme kokousta.<br>Toimintaa on toteutettu toimintasuunnitelman mukaisesti, joskin monet hankkeet ovat edelleen kesken. Osakaskunnan tulot ja menot toimintakautena 2026 ovat tilinp\u00e4\u00e4t\u00f6ksen mukaiset.<\/p>\n\n\n\n<p><strong>Tulot yhteens\u00e4 4817,91\u20ac:<\/strong><\/p>\n\n\n\n<p>kalastusluvat pl. Valkealampi 1026 \u20ac<\/p>\n\n\n\n<p>omistajakorvaukset 746,91\u20ac<\/p>\n\n\n\n<p>Valkealammen kirjolohiluvat 1395<\/p>\n\n\n\n<p>Elinvoimakeskuksen tuki istutukseen ja s\u00e4hk\u00f6kalastukseen 1600\u20ac<\/p>\n\n\n\n<p>Fingridin korvaus 50\u20ac<\/p>\n\n\n\n<p><strong>Menot yhteens\u00e4 4860,15\u20ac:<\/strong><\/p>\n\n\n\n<p>pankkipalvelut 187,24\u20ac<\/p>\n\n\n\n<p>kuhanpoikaset hakoj\u00e4rveen ja Hirvij\u00e4rveen 1500,10\u20ac<\/p>\n\n\n\n<p>kirjolohet Valkealampeen 1657,88\u20ac<\/p>\n\n\n\n<p>s\u00e4hk\u00f6kalastus raportointi + l\u00e4mp\u00f6mittarit 1150,56\u20ac<\/p>\n\n\n\n<p>sihteerin palkkio, tiemaksu ym. 364,37\u20ac<\/p>\n\n\n\n<p><br>Suurin osa lupamaksuista maksettiin netiss\u00e4, mutta lupamyyji\u00e4 tarvitaan edelleen.<br>Koiralahden palstan mets\u00e4n myynnist\u00e4 ei saatu edelleenk\u00e4\u00e4n tarjousta. Enojoessa toteutettiin l\u00e4mp\u00f6tilan mittaus viikoittain kahdesta paikasta touko- syyskuussa ja s\u00e4hk\u00f6kalastus uusittiin syyskuussa. Tapio Rantanen suoritti l\u00e4mp\u00f6tilan mittaukset ansiokkaasti. Elinvoimakeskukset tukimaksu 901,28\u20ac tuloutui vuoden 2026 puolella. Lis\u00e4ksi Pudasj\u00e4rven osakaskunta tuki toimintaa niin, ett\u00e4 Kala-Vastingin osakaskunnalle ei koitunut varsinaisia maksettavia kustannuksia.<br>L\u00e4mp\u00f6tilanmittauksen ja s\u00e4hk\u00f6kalastuksen tulokset olivat lupaavia taimenten selviytymisen kannalta. Kalatalouskeskus suositteli, ett\u00e4 joessa suoritettaisiin kunnostustarpeen kartoitus kes\u00e4ll\u00e4 2026. Kunnostustarpeen kustannus ilman talkooty\u00f6t\u00e4 on noin 2500\u20ac. Siihen on haettu tukea Elinvoimakeskukselta 2 021,55\u20ac. Tukimaksusta ei ole viel\u00e4 saatu p\u00e4\u00e4t\u00f6st\u00e4.<br>Valkealampeen istutettiin toukokuussa 120 kirjolohta. Ne olivat keskipainoltaan noin 1,2 kiloa. Kalat maksoivat 1657,88\u20ac\u00b4. Kirjolohet ovat selviytyneet lammessa hyvin. Lampeen myytiin noin 93 kalastuslupaa, joista saatiin 1395\u20ac. Lis\u00e4ksi veneen lainaajille ja kalastuksen valvojalle annettiin kalastusoikeus yhteens\u00e4 kuuteen kirjoloheen. Kaiken kaikkeaan lohia ilmoitettiin saadun saaliiksi yli 50. Kaikki eiv\u00e4t v\u00e4ltt\u00e4m\u00e4tt\u00e4 ilmoittaneet saaliista, mutta lohia on joka tapauksessa j\u00e4\u00e4nyt lampeen niin viime, kuin edellisenkin vuoden j\u00e4lkeen. Vaikka lupamaksut eiv\u00e4t aivan kata kalojen hintaa, kalastus on kasvattanut jatkuvasti suosiotaan ja toimintaa voidaan pit\u00e4\u00e4 tarpeellisena ja istutuksia kannattanee jatkaa.<br>Vuosittaisia kalaistutuksia jatkettiin vuoron mukaisesti Hakoj\u00e4rveen ja Hirvij\u00e4rveen. T\u00e4ll\u00e4 kertaa istutettiin kuhanpoikasia yhteens\u00e4 1500 eurolla.<br>Tauno Puttonen on toiminut osakaskunnan kalastuksenvalvojana. Seppo Poikoselle my\u00f6nnettiin osakaskunnaan kunniakirja ja fileerausveitsi pitk\u00e4aikaisesta ansiokkaasta toiminnasta osakaskunnan hyv\u00e4ksi.<br>Selk\u00e4saaren laavua on pidetty kunnossa.<br>Timo Piispanen on pit\u00e4nyt yll\u00e4 osakaskunnan verkkosivuja. Ajantasaistetut verkkosivut l\u00f6ytyv\u00e4t osoitteesta: https:\/\/kivijarvenkalatalousalue.fi\/kalavastinki\/<\/p>\n\n\n\n<p><\/p>\n\n\n\n<p><\/p>\n\n\n\n<div class=\"wp-block-group\"><div class=\"wp-block-group__inner-container is-layout-flow wp-block-group-is-layout-flow\"><\/div><\/div>\n","protected":false},"excerpt":{"rendered":"<p>Toimintakertomus KALA-VASTINGIN OSAKASKUNNAN TOIMINTAKERTOMUS VUODESTA 2025Hoitokuntaan varsinaisiksi j\u00e4seniksi valittiin Pekka Parkatti, Jouko Piispanen, Antti Lepp\u00e4nen, Timo Piispanen ja Tauno Puttonen. Pekka Parkatti toimi hoitokunnan puheenjohtajana ja Timo Piispanen sihteerin\u00e4. Hoitokunta piti vuoden aikana kolme kokousta.Toimintaa on toteutettu toimintasuunnitelman mukaisesti, joskin monet hankkeet ovat edelleen kesken. Osakaskunnan tulot ja menot toimintakautena 2026 ovat tilinp\u00e4\u00e4t\u00f6ksen mukaiset. Tulot<\/p>\n<p><a class=\"moretag\" href=\"https:\/\/kivijarvenkalatalousalue.fi\/kalavastinki\/hallinto\/toiminta\/\"> Lue lis\u00e4\u00e4 ><\/a><\/p>\n","protected":false},"author":2,"featured_media":0,"parent":32,"menu_order":0,"comment_status":"closed","ping_status":"closed","template":"basic-sivu.php","meta":{"_acf_changed":false,"footnotes":""},"class_list":["post-72","page","type-page","status-publish","hentry"],"acf":[],"yoast_head":"<!-- This site is optimized with the Yoast SEO plugin v27.1.1 - https:\/\/yoast.com\/product\/yoast-seo-wordpress\/ -->\n<title>Toimintakertomus - Kalavastingin osakaskunta<\/title>\n<meta name=\"robots\" content=\"index, follow, max-snippet:-1, max-image-preview:large, max-video-preview:-1\" \/>\n<link rel=\"canonical\" href=\"https:\/\/kivijarvenkalatalousalue.fi\/kalavastinki\/hallinto\/toiminta\/\" \/>\n<meta property=\"og:locale\" content=\"fi_FI\" \/>\n<meta property=\"og:type\" content=\"article\" \/>\n<meta property=\"og:title\" content=\"Toimintakertomus - Kalavastingin osakaskunta\" \/>\n<meta property=\"og:description\" content=\"Toimintakertomus KALA-VASTINGIN OSAKASKUNNAN TOIMINTAKERTOMUS VUODESTA 2025Hoitokuntaan varsinaisiksi j\u00e4seniksi valittiin Pekka Parkatti, Jouko Piispanen, Antti Lepp\u00e4nen, Timo Piispanen ja Tauno Puttonen. Pekka Parkatti toimi hoitokunnan puheenjohtajana ja Timo Piispanen sihteerin\u00e4. Hoitokunta piti vuoden aikana kolme kokousta.Toimintaa on toteutettu toimintasuunnitelman mukaisesti, joskin monet hankkeet ovat edelleen kesken. Osakaskunnan tulot ja menot toimintakautena 2026 ovat tilinp\u00e4\u00e4t\u00f6ksen mukaiset. Tulot Lue lis\u00e4\u00e4 &gt;\" \/>\n<meta property=\"og:url\" content=\"https:\/\/kivijarvenkalatalousalue.fi\/kalavastinki\/hallinto\/toiminta\/\" \/>\n<meta property=\"og:site_name\" content=\"Kalavastingin osakaskunta\" \/>\n<meta property=\"article:modified_time\" content=\"2026-04-25T11:14:42+00:00\" \/>\n<meta name=\"twitter:card\" content=\"summary_large_image\" \/>\n<meta name=\"twitter:label1\" content=\"Arvioitu lukuaika\" \/>\n\t<meta name=\"twitter:data1\" content=\"3 minuuttia\" \/>\n<script type=\"application\/ld+json\" class=\"yoast-schema-graph\">{\"@context\":\"https:\/\/schema.org\",\"@graph\":[{\"@type\":\"WebPage\",\"@id\":\"https:\/\/kivijarvenkalatalousalue.fi\/kalavastinki\/hallinto\/toiminta\/\",\"url\":\"https:\/\/kivijarvenkalatalousalue.fi\/kalavastinki\/hallinto\/toiminta\/\",\"name\":\"Toimintakertomus - Kalavastingin osakaskunta\",\"isPartOf\":{\"@id\":\"https:\/\/kivijarvenkalatalousalue.fi\/kalavastinki\/#website\"},\"datePublished\":\"2020-10-29T09:24:00+00:00\",\"dateModified\":\"2026-04-25T11:14:42+00:00\",\"breadcrumb\":{\"@id\":\"https:\/\/kivijarvenkalatalousalue.fi\/kalavastinki\/hallinto\/toiminta\/#breadcrumb\"},\"inLanguage\":\"fi\",\"potentialAction\":[{\"@type\":\"ReadAction\",\"target\":[\"https:\/\/kivijarvenkalatalousalue.fi\/kalavastinki\/hallinto\/toiminta\/\"]}]},{\"@type\":\"BreadcrumbList\",\"@id\":\"https:\/\/kivijarvenkalatalousalue.fi\/kalavastinki\/hallinto\/toiminta\/#breadcrumb\",\"itemListElement\":[{\"@type\":\"ListItem\",\"position\":1,\"name\":\"Home\",\"item\":\"https:\/\/kivijarvenkalatalousalue.fi\/kalavastinki\/\"},{\"@type\":\"ListItem\",\"position\":2,\"name\":\"Yksityinen: Hallinto\",\"item\":\"https:\/\/kivijarvenkalatalousalue.fi\/kalavastinki\/?page_id=32\"},{\"@type\":\"ListItem\",\"position\":3,\"name\":\"Toimintakertomus\"}]},{\"@type\":\"WebSite\",\"@id\":\"https:\/\/kivijarvenkalatalousalue.fi\/kalavastinki\/#website\",\"url\":\"https:\/\/kivijarvenkalatalousalue.fi\/kalavastinki\/\",\"name\":\"Kalavastingin osakaskunta\",\"description\":\"Uusi Kivij\u00e4rven kalatalousalue -sivusto\",\"potentialAction\":[{\"@type\":\"SearchAction\",\"target\":{\"@type\":\"EntryPoint\",\"urlTemplate\":\"https:\/\/kivijarvenkalatalousalue.fi\/kalavastinki\/?s={search_term_string}\"},\"query-input\":{\"@type\":\"PropertyValueSpecification\",\"valueRequired\":true,\"valueName\":\"search_term_string\"}}],\"inLanguage\":\"fi\"}]}<\/script>\n<!-- \/ Yoast SEO plugin. -->","yoast_head_json":{"title":"Toimintakertomus - Kalavastingin osakaskunta","robots":{"index":"index","follow":"follow","max-snippet":"max-snippet:-1","max-image-preview":"max-image-preview:large","max-video-preview":"max-video-preview:-1"},"canonical":"https:\/\/kivijarvenkalatalousalue.fi\/kalavastinki\/hallinto\/toiminta\/","og_locale":"fi_FI","og_type":"article","og_title":"Toimintakertomus - Kalavastingin osakaskunta","og_description":"Toimintakertomus KALA-VASTINGIN OSAKASKUNNAN TOIMINTAKERTOMUS VUODESTA 2025Hoitokuntaan varsinaisiksi j\u00e4seniksi valittiin Pekka Parkatti, Jouko Piispanen, Antti Lepp\u00e4nen, Timo Piispanen ja Tauno Puttonen. Pekka Parkatti toimi hoitokunnan puheenjohtajana ja Timo Piispanen sihteerin\u00e4. Hoitokunta piti vuoden aikana kolme kokousta.Toimintaa on toteutettu toimintasuunnitelman mukaisesti, joskin monet hankkeet ovat edelleen kesken. Osakaskunnan tulot ja menot toimintakautena 2026 ovat tilinp\u00e4\u00e4t\u00f6ksen mukaiset. Tulot Lue lis\u00e4\u00e4 >","og_url":"https:\/\/kivijarvenkalatalousalue.fi\/kalavastinki\/hallinto\/toiminta\/","og_site_name":"Kalavastingin osakaskunta","article_modified_time":"2026-04-25T11:14:42+00:00","twitter_card":"summary_large_image","twitter_misc":{"Arvioitu lukuaika":"3 minuuttia"},"schema":{"@context":"https:\/\/schema.org","@graph":[{"@type":"WebPage","@id":"https:\/\/kivijarvenkalatalousalue.fi\/kalavastinki\/hallinto\/toiminta\/","url":"https:\/\/kivijarvenkalatalousalue.fi\/kalavastinki\/hallinto\/toiminta\/","name":"Toimintakertomus - Kalavastingin osakaskunta","isPartOf":{"@id":"https:\/\/kivijarvenkalatalousalue.fi\/kalavastinki\/#website"},"datePublished":"2020-10-29T09:24:00+00:00","dateModified":"2026-04-25T11:14:42+00:00","breadcrumb":{"@id":"https:\/\/kivijarvenkalatalousalue.fi\/kalavastinki\/hallinto\/toiminta\/#breadcrumb"},"inLanguage":"fi","potentialAction":[{"@type":"ReadAction","target":["https:\/\/kivijarvenkalatalousalue.fi\/kalavastinki\/hallinto\/toiminta\/"]}]},{"@type":"BreadcrumbList","@id":"https:\/\/kivijarvenkalatalousalue.fi\/kalavastinki\/hallinto\/toiminta\/#breadcrumb","itemListElement":[{"@type":"ListItem","position":1,"name":"Home","item":"https:\/\/kivijarvenkalatalousalue.fi\/kalavastinki\/"},{"@type":"ListItem","position":2,"name":"Yksityinen: Hallinto","item":"https:\/\/kivijarvenkalatalousalue.fi\/kalavastinki\/?page_id=32"},{"@type":"ListItem","position":3,"name":"Toimintakertomus"}]},{"@type":"WebSite","@id":"https:\/\/kivijarvenkalatalousalue.fi\/kalavastinki\/#website","url":"https:\/\/kivijarvenkalatalousalue.fi\/kalavastinki\/","name":"Kalavastingin osakaskunta","description":"Uusi Kivij\u00e4rven kalatalousalue -sivusto","potentialAction":[{"@type":"SearchAction","target":{"@type":"EntryPoint","urlTemplate":"https:\/\/kivijarvenkalatalousalue.fi\/kalavastinki\/?s={search_term_string}"},"query-input":{"@type":"PropertyValueSpecification","valueRequired":true,"valueName":"search_term_string"}}],"inLanguage":"fi"}]}},"_links":{"self":[{"href":"https:\/\/kivijarvenkalatalousalue.fi\/kalavastinki\/wp-json\/wp\/v2\/pages\/72","targetHints":{"allow":["GET"]}}],"collection":[{"href":"https:\/\/kivijarvenkalatalousalue.fi\/kalavastinki\/wp-json\/wp\/v2\/pages"}],"about":[{"href":"https:\/\/kivijarvenkalatalousalue.fi\/kalavastinki\/wp-json\/wp\/v2\/types\/page"}],"author":[{"embeddable":true,"href":"https:\/\/kivijarvenkalatalousalue.fi\/kalavastinki\/wp-json\/wp\/v2\/users\/2"}],"replies":[{"embeddable":true,"href":"https:\/\/kivijarvenkalatalousalue.fi\/kalavastinki\/wp-json\/wp\/v2\/comments?post=72"}],"version-history":[{"count":15,"href":"https:\/\/kivijarvenkalatalousalue.fi\/kalavastinki\/wp-json\/wp\/v2\/pages\/72\/revisions"}],"predecessor-version":[{"id":454,"href":"https:\/\/kivijarvenkalatalousalue.fi\/kalavastinki\/wp-json\/wp\/v2\/pages\/72\/revisions\/454"}],"up":[{"embeddable":true,"href":"https:\/\/kivijarvenkalatalousalue.fi\/kalavastinki\/wp-json\/wp\/v2\/pages\/32"}],"wp:attachment":[{"href":"https:\/\/kivijarvenkalatalousalue.fi\/kalavastinki\/wp-json\/wp\/v2\/media?parent=72"}],"curies":[{"name":"wp","href":"https:\/\/api.w.org\/{rel}","templated":true}]}}