{"id":86,"date":"2020-10-29T11:39:36","date_gmt":"2020-10-29T09:39:36","guid":{"rendered":"http:\/\/89.166.51.80\/~pohjoispaij\/ahtola\/?page_id=86"},"modified":"2025-04-26T21:29:40","modified_gmt":"2025-04-26T18:29:40","slug":"lupamaksut-ja-ohjeet","status":"publish","type":"page","link":"https:\/\/kivijarvenkalatalousalue.fi\/kalavastinki\/luvat\/lupamaksut-ja-ohjeet\/","title":{"rendered":"Lupamaksut ja ohjeet"},"content":{"rendered":"\n<p><strong><a href=\"https:\/\/www.eraluvat.fi\/etusivu.html\" target=\"_blank\" rel=\"noreferrer noopener\">Valtion Lupaohjeistus linkki<\/a><\/strong><\/p>\n\n\n\n<p><\/p>\n\n\n\n<p><strong>Kala-Vastingin osakaskunnan lupaohje vuodelle 2025<\/strong><\/p>\n\n\n\n<p><strong>Lupien hinnat 1.5.2025 alkaen:<\/strong><\/p>\n\n\n\n<p>Pienin pyydysmaksu on 15 euroa, jolla saa 5 pyydysmerkki\u00e4. Lis\u00e4merkit, enint\u00e4\u00e4n 3 kpl maksavat 3 \u20ac\/merkki. Yhdell\u00e4 merkill\u00e4 saa pit\u00e4\u00e4 yht\u00e4 enint\u00e4\u00e4n 30 metrin pituista 3 metri\u00e4 korkeaa verkkoa (90 neli\u00f6metri\u00e4), pikkurys\u00e4\u00e4 tai katiskaa.<\/p>\n\n\n\n<p>Nuottaan tarvitaan 15 merkki\u00e4. Hoitokunta antaa luvan uusille nuottaajille ja isoille rysille.<\/p>\n\n\n\n<p>Omassa rannassa voi pit\u00e4\u00e4 kahta katiskaa ilman kalastusmerkki\u00e4. Kaikki pyydykset on merkitt\u00e4v\u00e4 kalastuslain mukaisesti. Vuoden 2025 merkit ovat voimassa 30.4.2026 saakka<\/p>\n\n\n\n<p>Vetouistelu useammalla kuin yhdell\u00e4 (enint\u00e4\u00e4n kymmenell\u00e4) vavalla maksaa j\u00e4senille 10 \u20ac\/venekunta ja ulkopuoliselle venekunnalle 50 \u20ac\/vuodessa tai 15 \u20ac\/viikko.<\/p>\n\n\n\n<p>Vesilintujen mets\u00e4stykseen luvan hinta on 10 \u20ac osakkaille ja 20 \u20ac ulkopuolisille. Rapulupia ei toistaiseksi myyd\u00e4. Kannan kehityst\u00e4 seurataan.<\/p>\n\n\n\n<p>Kalastuksesta Valkealammessa (Iso-Valkeisessa) on oma ohje nettisivuilla.<\/p>\n\n\n\n<p><strong>Rauhoitukset:<\/strong><\/p>\n\n\n\n<p>Yleiset rajoitukset n\u00e4kyv\u00e4t nettisivulta kalastusrajoitus.fi. Sen lis\u00e4ksi kalastus on kielletty solmuv\u00e4lilt\u00e4\u00e4n alle 45 mm verkoilla, pois lukien muikkuverkot. Kaikessa kalastuksessa on noudatettava kalastuslain mukaisia pyyntimittoja. Verkkoja saa olla kerralla pyyt\u00e4m\u00e4ss\u00e4 kahdeksan kappaletta (maksimikoko 3mx30m).<\/p>\n\n\n\n<p>Vesilinnun mets\u00e4stys on kielletty osakaskunnan omistamalla palstalla Hoikan kosteikon alueella sek\u00e4 osakaskunnan omistamalla alueella Hilmo joella.<\/p>\n\n\n\n<p><strong>Lupia myyv\u00e4t:<\/strong><\/p>\n\n\n\n<p>Jouko Piispanen, Opintie 15 (Isokyl\u00e4n koulu) Vastinki 040 064 4025<\/p>\n\n\n\n<p>K-Kannontori Kannonkoski<\/p>\n\n\n\n<p>Rautanet, Hanskintie 2 Karstula<\/p>\n\n\n\n<p>Lupamaksut voi maksaa my\u00f6s verkkopankissa osakaskunnan tilille <strong>FI76 4765 0010 0613 20<\/strong>. Maksaessasi verkkopankkiin, kirjoita viestikentt\u00e4\u00e4n nimesi ja maksamasi luvat esim. \u201dMatti Meik\u00e4l\u00e4inen viisi pyydysmerkki\u00e4 ja vetouistelulupa\u201d. Maksun j\u00e4lkeen ota tuloste maksutapahtumasta tai tallenna se matkapuhelimeesi. Pid\u00e4 em. tosite mukana kalastaessasi ja merkitse pyydykseen kalastuslain mukaiset tiedot (mm. nimesi ja yhteystiedot). Verkkomerkkej\u00e4 ei t\u00e4ss\u00e4 tapauksessa tarvita.<\/p>\n\n\n\n<p><strong>Osakaskunnan hoitokunnan puheenjohtaja<\/strong><\/p>\n\n\n\n<p>Veli-Pekka Parkatti puh 0405240180 veli-pekka.parkatti@hotmail.com<\/p>\n\n\n\n<p><strong>Sihteeri<\/strong><\/p>\n\n\n\n<p>Timo Piispanen puh 0440193470 timo.piispanen@gmail.com Tietoa toiminnasta osoitteesta: <a href=\"https:\/\/kivijarvenkalatalousalue.fi\/kalavastinki\/\">https:\/\/kivijarvenkalatalousalue.fi\/kalavastinki\/<\/a><\/p>\n\n\n\n<p><\/p>\n","protected":false},"excerpt":{"rendered":"<p>Valtion Lupaohjeistus linkki Kala-Vastingin osakaskunnan lupaohje vuodelle 2025 Lupien hinnat 1.5.2025 alkaen: Pienin pyydysmaksu on 15 euroa, jolla saa 5 pyydysmerkki\u00e4. Lis\u00e4merkit, enint\u00e4\u00e4n 3 kpl maksavat 3 \u20ac\/merkki. Yhdell\u00e4 merkill\u00e4 saa pit\u00e4\u00e4 yht\u00e4 enint\u00e4\u00e4n 30 metrin pituista 3 metri\u00e4 korkeaa verkkoa (90 neli\u00f6metri\u00e4), pikkurys\u00e4\u00e4 tai katiskaa. Nuottaan tarvitaan 15 merkki\u00e4. Hoitokunta antaa luvan uusille nuottaajille<\/p>\n<p><a class=\"moretag\" href=\"https:\/\/kivijarvenkalatalousalue.fi\/kalavastinki\/luvat\/lupamaksut-ja-ohjeet\/\"> Lue lis\u00e4\u00e4 ><\/a><\/p>\n","protected":false},"author":2,"featured_media":0,"parent":45,"menu_order":0,"comment_status":"closed","ping_status":"closed","template":"basic-sivu.php","meta":{"_acf_changed":false,"footnotes":""},"class_list":["post-86","page","type-page","status-publish","hentry"],"acf":[],"yoast_head":"<!-- This site is optimized with the Yoast SEO plugin v27.1.1 - https:\/\/yoast.com\/product\/yoast-seo-wordpress\/ -->\n<title>Lupamaksut ja ohjeet - Kalavastingin osakaskunta<\/title>\n<meta name=\"robots\" content=\"index, follow, max-snippet:-1, max-image-preview:large, max-video-preview:-1\" \/>\n<link rel=\"canonical\" href=\"https:\/\/kivijarvenkalatalousalue.fi\/kalavastinki\/luvat\/lupamaksut-ja-ohjeet\/\" \/>\n<meta property=\"og:locale\" content=\"fi_FI\" \/>\n<meta property=\"og:type\" content=\"article\" \/>\n<meta property=\"og:title\" content=\"Lupamaksut ja ohjeet - Kalavastingin osakaskunta\" \/>\n<meta property=\"og:description\" content=\"Valtion Lupaohjeistus linkki Kala-Vastingin osakaskunnan lupaohje vuodelle 2025 Lupien hinnat 1.5.2025 alkaen: Pienin pyydysmaksu on 15 euroa, jolla saa 5 pyydysmerkki\u00e4. Lis\u00e4merkit, enint\u00e4\u00e4n 3 kpl maksavat 3 \u20ac\/merkki. Yhdell\u00e4 merkill\u00e4 saa pit\u00e4\u00e4 yht\u00e4 enint\u00e4\u00e4n 30 metrin pituista 3 metri\u00e4 korkeaa verkkoa (90 neli\u00f6metri\u00e4), pikkurys\u00e4\u00e4 tai katiskaa. Nuottaan tarvitaan 15 merkki\u00e4. Hoitokunta antaa luvan uusille nuottaajille Lue lis\u00e4\u00e4 &gt;\" \/>\n<meta property=\"og:url\" content=\"https:\/\/kivijarvenkalatalousalue.fi\/kalavastinki\/luvat\/lupamaksut-ja-ohjeet\/\" \/>\n<meta property=\"og:site_name\" content=\"Kalavastingin osakaskunta\" \/>\n<meta property=\"article:modified_time\" content=\"2025-04-26T18:29:40+00:00\" \/>\n<meta name=\"twitter:card\" content=\"summary_large_image\" \/>\n<meta name=\"twitter:label1\" content=\"Arvioitu lukuaika\" \/>\n\t<meta name=\"twitter:data1\" content=\"2 minuuttia\" \/>\n<script type=\"application\/ld+json\" class=\"yoast-schema-graph\">{\"@context\":\"https:\/\/schema.org\",\"@graph\":[{\"@type\":\"WebPage\",\"@id\":\"https:\/\/kivijarvenkalatalousalue.fi\/kalavastinki\/luvat\/lupamaksut-ja-ohjeet\/\",\"url\":\"https:\/\/kivijarvenkalatalousalue.fi\/kalavastinki\/luvat\/lupamaksut-ja-ohjeet\/\",\"name\":\"Lupamaksut ja ohjeet - Kalavastingin osakaskunta\",\"isPartOf\":{\"@id\":\"https:\/\/kivijarvenkalatalousalue.fi\/kalavastinki\/#website\"},\"datePublished\":\"2020-10-29T09:39:36+00:00\",\"dateModified\":\"2025-04-26T18:29:40+00:00\",\"breadcrumb\":{\"@id\":\"https:\/\/kivijarvenkalatalousalue.fi\/kalavastinki\/luvat\/lupamaksut-ja-ohjeet\/#breadcrumb\"},\"inLanguage\":\"fi\",\"potentialAction\":[{\"@type\":\"ReadAction\",\"target\":[\"https:\/\/kivijarvenkalatalousalue.fi\/kalavastinki\/luvat\/lupamaksut-ja-ohjeet\/\"]}]},{\"@type\":\"BreadcrumbList\",\"@id\":\"https:\/\/kivijarvenkalatalousalue.fi\/kalavastinki\/luvat\/lupamaksut-ja-ohjeet\/#breadcrumb\",\"itemListElement\":[{\"@type\":\"ListItem\",\"position\":1,\"name\":\"Home\",\"item\":\"https:\/\/kivijarvenkalatalousalue.fi\/kalavastinki\/\"},{\"@type\":\"ListItem\",\"position\":2,\"name\":\"Yksityinen: Luvat\",\"item\":\"https:\/\/kivijarvenkalatalousalue.fi\/kalavastinki\/?page_id=45\"},{\"@type\":\"ListItem\",\"position\":3,\"name\":\"Lupamaksut ja ohjeet\"}]},{\"@type\":\"WebSite\",\"@id\":\"https:\/\/kivijarvenkalatalousalue.fi\/kalavastinki\/#website\",\"url\":\"https:\/\/kivijarvenkalatalousalue.fi\/kalavastinki\/\",\"name\":\"Kalavastingin osakaskunta\",\"description\":\"Uusi Kivij\u00e4rven kalatalousalue -sivusto\",\"potentialAction\":[{\"@type\":\"SearchAction\",\"target\":{\"@type\":\"EntryPoint\",\"urlTemplate\":\"https:\/\/kivijarvenkalatalousalue.fi\/kalavastinki\/?s={search_term_string}\"},\"query-input\":{\"@type\":\"PropertyValueSpecification\",\"valueRequired\":true,\"valueName\":\"search_term_string\"}}],\"inLanguage\":\"fi\"}]}<\/script>\n<!-- \/ Yoast SEO plugin. -->","yoast_head_json":{"title":"Lupamaksut ja ohjeet - Kalavastingin osakaskunta","robots":{"index":"index","follow":"follow","max-snippet":"max-snippet:-1","max-image-preview":"max-image-preview:large","max-video-preview":"max-video-preview:-1"},"canonical":"https:\/\/kivijarvenkalatalousalue.fi\/kalavastinki\/luvat\/lupamaksut-ja-ohjeet\/","og_locale":"fi_FI","og_type":"article","og_title":"Lupamaksut ja ohjeet - Kalavastingin osakaskunta","og_description":"Valtion Lupaohjeistus linkki Kala-Vastingin osakaskunnan lupaohje vuodelle 2025 Lupien hinnat 1.5.2025 alkaen: Pienin pyydysmaksu on 15 euroa, jolla saa 5 pyydysmerkki\u00e4. Lis\u00e4merkit, enint\u00e4\u00e4n 3 kpl maksavat 3 \u20ac\/merkki. Yhdell\u00e4 merkill\u00e4 saa pit\u00e4\u00e4 yht\u00e4 enint\u00e4\u00e4n 30 metrin pituista 3 metri\u00e4 korkeaa verkkoa (90 neli\u00f6metri\u00e4), pikkurys\u00e4\u00e4 tai katiskaa. Nuottaan tarvitaan 15 merkki\u00e4. Hoitokunta antaa luvan uusille nuottaajille Lue lis\u00e4\u00e4 >","og_url":"https:\/\/kivijarvenkalatalousalue.fi\/kalavastinki\/luvat\/lupamaksut-ja-ohjeet\/","og_site_name":"Kalavastingin osakaskunta","article_modified_time":"2025-04-26T18:29:40+00:00","twitter_card":"summary_large_image","twitter_misc":{"Arvioitu lukuaika":"2 minuuttia"},"schema":{"@context":"https:\/\/schema.org","@graph":[{"@type":"WebPage","@id":"https:\/\/kivijarvenkalatalousalue.fi\/kalavastinki\/luvat\/lupamaksut-ja-ohjeet\/","url":"https:\/\/kivijarvenkalatalousalue.fi\/kalavastinki\/luvat\/lupamaksut-ja-ohjeet\/","name":"Lupamaksut ja ohjeet - Kalavastingin osakaskunta","isPartOf":{"@id":"https:\/\/kivijarvenkalatalousalue.fi\/kalavastinki\/#website"},"datePublished":"2020-10-29T09:39:36+00:00","dateModified":"2025-04-26T18:29:40+00:00","breadcrumb":{"@id":"https:\/\/kivijarvenkalatalousalue.fi\/kalavastinki\/luvat\/lupamaksut-ja-ohjeet\/#breadcrumb"},"inLanguage":"fi","potentialAction":[{"@type":"ReadAction","target":["https:\/\/kivijarvenkalatalousalue.fi\/kalavastinki\/luvat\/lupamaksut-ja-ohjeet\/"]}]},{"@type":"BreadcrumbList","@id":"https:\/\/kivijarvenkalatalousalue.fi\/kalavastinki\/luvat\/lupamaksut-ja-ohjeet\/#breadcrumb","itemListElement":[{"@type":"ListItem","position":1,"name":"Home","item":"https:\/\/kivijarvenkalatalousalue.fi\/kalavastinki\/"},{"@type":"ListItem","position":2,"name":"Yksityinen: Luvat","item":"https:\/\/kivijarvenkalatalousalue.fi\/kalavastinki\/?page_id=45"},{"@type":"ListItem","position":3,"name":"Lupamaksut ja ohjeet"}]},{"@type":"WebSite","@id":"https:\/\/kivijarvenkalatalousalue.fi\/kalavastinki\/#website","url":"https:\/\/kivijarvenkalatalousalue.fi\/kalavastinki\/","name":"Kalavastingin osakaskunta","description":"Uusi Kivij\u00e4rven kalatalousalue -sivusto","potentialAction":[{"@type":"SearchAction","target":{"@type":"EntryPoint","urlTemplate":"https:\/\/kivijarvenkalatalousalue.fi\/kalavastinki\/?s={search_term_string}"},"query-input":{"@type":"PropertyValueSpecification","valueRequired":true,"valueName":"search_term_string"}}],"inLanguage":"fi"}]}},"_links":{"self":[{"href":"https:\/\/kivijarvenkalatalousalue.fi\/kalavastinki\/wp-json\/wp\/v2\/pages\/86","targetHints":{"allow":["GET"]}}],"collection":[{"href":"https:\/\/kivijarvenkalatalousalue.fi\/kalavastinki\/wp-json\/wp\/v2\/pages"}],"about":[{"href":"https:\/\/kivijarvenkalatalousalue.fi\/kalavastinki\/wp-json\/wp\/v2\/types\/page"}],"author":[{"embeddable":true,"href":"https:\/\/kivijarvenkalatalousalue.fi\/kalavastinki\/wp-json\/wp\/v2\/users\/2"}],"replies":[{"embeddable":true,"href":"https:\/\/kivijarvenkalatalousalue.fi\/kalavastinki\/wp-json\/wp\/v2\/comments?post=86"}],"version-history":[{"count":12,"href":"https:\/\/kivijarvenkalatalousalue.fi\/kalavastinki\/wp-json\/wp\/v2\/pages\/86\/revisions"}],"predecessor-version":[{"id":410,"href":"https:\/\/kivijarvenkalatalousalue.fi\/kalavastinki\/wp-json\/wp\/v2\/pages\/86\/revisions\/410"}],"up":[{"embeddable":true,"href":"https:\/\/kivijarvenkalatalousalue.fi\/kalavastinki\/wp-json\/wp\/v2\/pages\/45"}],"wp:attachment":[{"href":"https:\/\/kivijarvenkalatalousalue.fi\/kalavastinki\/wp-json\/wp\/v2\/media?parent=86"}],"curies":[{"name":"wp","href":"https:\/\/api.w.org\/{rel}","templated":true}]}}