{"id":90,"date":"2020-10-29T11:42:18","date_gmt":"2020-10-29T09:42:18","guid":{"rendered":"http:\/\/89.166.51.80\/~pohjoispaij\/ahtola\/?page_id=90"},"modified":"2025-04-26T21:45:39","modified_gmt":"2025-04-26T18:45:39","slug":"luvanmyyjat","status":"publish","type":"page","link":"https:\/\/kivijarvenkalatalousalue.fi\/kalavastinki\/luvat\/luvanmyyjat\/","title":{"rendered":"Luvanmyyj\u00e4t"},"content":{"rendered":"\n<h2 class=\"wp-block-heading\">Luvanmyyj\u00e4t<\/h2>\n\n\n\n<p><strong>Kalavastingin Osakaskunnan lupia (my\u00f6s vesilintujen mets\u00e4stys) myyv\u00e4t:<\/strong><\/p>\n\n\n\n<p>Jouko Piispanen, Opintie 15 (Isokyl\u00e4n koulu) Vastinki 040 064 4025<\/p>\n\n\n\n<p>K-Kannontori Kannonkoski<\/p>\n\n\n\n<p>Rautanet, Hanskintie 2 Karstula<\/p>\n\n\n\n<p><\/p>\n\n\n\n<p> Lupamaksut voi maksaa my\u00f6s verkkopankissa osakaskunnan tilille&nbsp;<strong>FI76 4765 0010 0613 20<\/strong>.<\/p>\n\n\n\n<p>Maksaessasi verkkopankkiin, kirjoita viestikentt\u00e4\u00e4n nimesi ja maksamasi luvat esim: \u201dMatti Meik\u00e4l\u00e4inen viisi pyydysmerkki\u00e4 ja vetouistelulupa\u201d. Maksun j\u00e4lkeen ota tuloste maksutapahtumasta tai tallenna se matkapuhelimeesi. Pid\u00e4 em. tosite mukana kalastaessasi ja merkitse pyydykseen kalastuslain mukaiset tiedot (mm. nimesi). Verkkomerkkej\u00e4 ei kuitenkaan t\u00e4ss\u00e4 tapauksessa tarvita.<\/p>\n\n\n\n<p><strong>Osakaskunnan hoitokunnan puheenjohtaja <\/strong>Veli-Pekka Parkatti<br>0405240180 <a href=\"mailto:veli-pekka.parkatti@hotmail.com\">veli-pekka.parkatti@hotmail.com<\/a><\/p>\n\n\n\n<p><strong>Sihteeri <\/strong>Timo Piispanen<br>0440193470<\/p>\n\n\n\n<h2 class=\"wp-block-heading\"><\/h2>\n\n\n","protected":false},"excerpt":{"rendered":"<p>Luvanmyyj\u00e4t Kalavastingin Osakaskunnan lupia (my\u00f6s vesilintujen mets\u00e4stys) myyv\u00e4t: Jouko Piispanen, Opintie 15 (Isokyl\u00e4n koulu) Vastinki 040 064 4025 K-Kannontori Kannonkoski Rautanet, Hanskintie 2 Karstula Lupamaksut voi maksaa my\u00f6s verkkopankissa osakaskunnan tilille&nbsp;FI76 4765 0010 0613 20. Maksaessasi verkkopankkiin, kirjoita viestikentt\u00e4\u00e4n nimesi ja maksamasi luvat esim: \u201dMatti Meik\u00e4l\u00e4inen viisi pyydysmerkki\u00e4 ja vetouistelulupa\u201d. Maksun j\u00e4lkeen ota tuloste maksutapahtumasta<\/p>\n<p><a class=\"moretag\" href=\"https:\/\/kivijarvenkalatalousalue.fi\/kalavastinki\/luvat\/luvanmyyjat\/\"> Lue lis\u00e4\u00e4 ><\/a><\/p>\n","protected":false},"author":2,"featured_media":0,"parent":45,"menu_order":0,"comment_status":"closed","ping_status":"closed","template":"basic-sivu.php","meta":{"_acf_changed":false,"footnotes":""},"class_list":["post-90","page","type-page","status-publish","hentry"],"acf":[],"yoast_head":"<!-- This site is optimized with the Yoast SEO plugin v27.1.1 - https:\/\/yoast.com\/product\/yoast-seo-wordpress\/ -->\n<title>Luvanmyyj\u00e4t - Kalavastingin osakaskunta<\/title>\n<meta name=\"robots\" content=\"index, follow, max-snippet:-1, max-image-preview:large, max-video-preview:-1\" \/>\n<link rel=\"canonical\" href=\"https:\/\/kivijarvenkalatalousalue.fi\/kalavastinki\/luvat\/luvanmyyjat\/\" \/>\n<meta property=\"og:locale\" content=\"fi_FI\" \/>\n<meta property=\"og:type\" content=\"article\" \/>\n<meta property=\"og:title\" content=\"Luvanmyyj\u00e4t - Kalavastingin osakaskunta\" \/>\n<meta property=\"og:description\" content=\"Luvanmyyj\u00e4t Kalavastingin Osakaskunnan lupia (my\u00f6s vesilintujen mets\u00e4stys) myyv\u00e4t: Jouko Piispanen, Opintie 15 (Isokyl\u00e4n koulu) Vastinki 040 064 4025 K-Kannontori Kannonkoski Rautanet, Hanskintie 2 Karstula Lupamaksut voi maksaa my\u00f6s verkkopankissa osakaskunnan tilille&nbsp;FI76 4765 0010 0613 20. Maksaessasi verkkopankkiin, kirjoita viestikentt\u00e4\u00e4n nimesi ja maksamasi luvat esim: \u201dMatti Meik\u00e4l\u00e4inen viisi pyydysmerkki\u00e4 ja vetouistelulupa\u201d. Maksun j\u00e4lkeen ota tuloste maksutapahtumasta Lue lis\u00e4\u00e4 &gt;\" \/>\n<meta property=\"og:url\" content=\"https:\/\/kivijarvenkalatalousalue.fi\/kalavastinki\/luvat\/luvanmyyjat\/\" \/>\n<meta property=\"og:site_name\" content=\"Kalavastingin osakaskunta\" \/>\n<meta property=\"article:modified_time\" content=\"2025-04-26T18:45:39+00:00\" \/>\n<meta name=\"twitter:card\" content=\"summary_large_image\" \/>\n<meta name=\"twitter:label1\" content=\"Arvioitu lukuaika\" \/>\n\t<meta name=\"twitter:data1\" content=\"1 minuutti\" \/>\n<script type=\"application\/ld+json\" class=\"yoast-schema-graph\">{\"@context\":\"https:\/\/schema.org\",\"@graph\":[{\"@type\":\"WebPage\",\"@id\":\"https:\/\/kivijarvenkalatalousalue.fi\/kalavastinki\/luvat\/luvanmyyjat\/\",\"url\":\"https:\/\/kivijarvenkalatalousalue.fi\/kalavastinki\/luvat\/luvanmyyjat\/\",\"name\":\"Luvanmyyj\u00e4t - Kalavastingin osakaskunta\",\"isPartOf\":{\"@id\":\"https:\/\/kivijarvenkalatalousalue.fi\/kalavastinki\/#website\"},\"datePublished\":\"2020-10-29T09:42:18+00:00\",\"dateModified\":\"2025-04-26T18:45:39+00:00\",\"breadcrumb\":{\"@id\":\"https:\/\/kivijarvenkalatalousalue.fi\/kalavastinki\/luvat\/luvanmyyjat\/#breadcrumb\"},\"inLanguage\":\"fi\",\"potentialAction\":[{\"@type\":\"ReadAction\",\"target\":[\"https:\/\/kivijarvenkalatalousalue.fi\/kalavastinki\/luvat\/luvanmyyjat\/\"]}]},{\"@type\":\"BreadcrumbList\",\"@id\":\"https:\/\/kivijarvenkalatalousalue.fi\/kalavastinki\/luvat\/luvanmyyjat\/#breadcrumb\",\"itemListElement\":[{\"@type\":\"ListItem\",\"position\":1,\"name\":\"Home\",\"item\":\"https:\/\/kivijarvenkalatalousalue.fi\/kalavastinki\/\"},{\"@type\":\"ListItem\",\"position\":2,\"name\":\"Yksityinen: Luvat\",\"item\":\"https:\/\/kivijarvenkalatalousalue.fi\/kalavastinki\/?page_id=45\"},{\"@type\":\"ListItem\",\"position\":3,\"name\":\"Luvanmyyj\u00e4t\"}]},{\"@type\":\"WebSite\",\"@id\":\"https:\/\/kivijarvenkalatalousalue.fi\/kalavastinki\/#website\",\"url\":\"https:\/\/kivijarvenkalatalousalue.fi\/kalavastinki\/\",\"name\":\"Kalavastingin osakaskunta\",\"description\":\"Uusi Kivij\u00e4rven kalatalousalue -sivusto\",\"potentialAction\":[{\"@type\":\"SearchAction\",\"target\":{\"@type\":\"EntryPoint\",\"urlTemplate\":\"https:\/\/kivijarvenkalatalousalue.fi\/kalavastinki\/?s={search_term_string}\"},\"query-input\":{\"@type\":\"PropertyValueSpecification\",\"valueRequired\":true,\"valueName\":\"search_term_string\"}}],\"inLanguage\":\"fi\"}]}<\/script>\n<!-- \/ Yoast SEO plugin. -->","yoast_head_json":{"title":"Luvanmyyj\u00e4t - Kalavastingin osakaskunta","robots":{"index":"index","follow":"follow","max-snippet":"max-snippet:-1","max-image-preview":"max-image-preview:large","max-video-preview":"max-video-preview:-1"},"canonical":"https:\/\/kivijarvenkalatalousalue.fi\/kalavastinki\/luvat\/luvanmyyjat\/","og_locale":"fi_FI","og_type":"article","og_title":"Luvanmyyj\u00e4t - Kalavastingin osakaskunta","og_description":"Luvanmyyj\u00e4t Kalavastingin Osakaskunnan lupia (my\u00f6s vesilintujen mets\u00e4stys) myyv\u00e4t: Jouko Piispanen, Opintie 15 (Isokyl\u00e4n koulu) Vastinki 040 064 4025 K-Kannontori Kannonkoski Rautanet, Hanskintie 2 Karstula Lupamaksut voi maksaa my\u00f6s verkkopankissa osakaskunnan tilille&nbsp;FI76 4765 0010 0613 20. Maksaessasi verkkopankkiin, kirjoita viestikentt\u00e4\u00e4n nimesi ja maksamasi luvat esim: \u201dMatti Meik\u00e4l\u00e4inen viisi pyydysmerkki\u00e4 ja vetouistelulupa\u201d. Maksun j\u00e4lkeen ota tuloste maksutapahtumasta Lue lis\u00e4\u00e4 >","og_url":"https:\/\/kivijarvenkalatalousalue.fi\/kalavastinki\/luvat\/luvanmyyjat\/","og_site_name":"Kalavastingin osakaskunta","article_modified_time":"2025-04-26T18:45:39+00:00","twitter_card":"summary_large_image","twitter_misc":{"Arvioitu lukuaika":"1 minuutti"},"schema":{"@context":"https:\/\/schema.org","@graph":[{"@type":"WebPage","@id":"https:\/\/kivijarvenkalatalousalue.fi\/kalavastinki\/luvat\/luvanmyyjat\/","url":"https:\/\/kivijarvenkalatalousalue.fi\/kalavastinki\/luvat\/luvanmyyjat\/","name":"Luvanmyyj\u00e4t - Kalavastingin osakaskunta","isPartOf":{"@id":"https:\/\/kivijarvenkalatalousalue.fi\/kalavastinki\/#website"},"datePublished":"2020-10-29T09:42:18+00:00","dateModified":"2025-04-26T18:45:39+00:00","breadcrumb":{"@id":"https:\/\/kivijarvenkalatalousalue.fi\/kalavastinki\/luvat\/luvanmyyjat\/#breadcrumb"},"inLanguage":"fi","potentialAction":[{"@type":"ReadAction","target":["https:\/\/kivijarvenkalatalousalue.fi\/kalavastinki\/luvat\/luvanmyyjat\/"]}]},{"@type":"BreadcrumbList","@id":"https:\/\/kivijarvenkalatalousalue.fi\/kalavastinki\/luvat\/luvanmyyjat\/#breadcrumb","itemListElement":[{"@type":"ListItem","position":1,"name":"Home","item":"https:\/\/kivijarvenkalatalousalue.fi\/kalavastinki\/"},{"@type":"ListItem","position":2,"name":"Yksityinen: Luvat","item":"https:\/\/kivijarvenkalatalousalue.fi\/kalavastinki\/?page_id=45"},{"@type":"ListItem","position":3,"name":"Luvanmyyj\u00e4t"}]},{"@type":"WebSite","@id":"https:\/\/kivijarvenkalatalousalue.fi\/kalavastinki\/#website","url":"https:\/\/kivijarvenkalatalousalue.fi\/kalavastinki\/","name":"Kalavastingin osakaskunta","description":"Uusi Kivij\u00e4rven kalatalousalue -sivusto","potentialAction":[{"@type":"SearchAction","target":{"@type":"EntryPoint","urlTemplate":"https:\/\/kivijarvenkalatalousalue.fi\/kalavastinki\/?s={search_term_string}"},"query-input":{"@type":"PropertyValueSpecification","valueRequired":true,"valueName":"search_term_string"}}],"inLanguage":"fi"}]}},"_links":{"self":[{"href":"https:\/\/kivijarvenkalatalousalue.fi\/kalavastinki\/wp-json\/wp\/v2\/pages\/90","targetHints":{"allow":["GET"]}}],"collection":[{"href":"https:\/\/kivijarvenkalatalousalue.fi\/kalavastinki\/wp-json\/wp\/v2\/pages"}],"about":[{"href":"https:\/\/kivijarvenkalatalousalue.fi\/kalavastinki\/wp-json\/wp\/v2\/types\/page"}],"author":[{"embeddable":true,"href":"https:\/\/kivijarvenkalatalousalue.fi\/kalavastinki\/wp-json\/wp\/v2\/users\/2"}],"replies":[{"embeddable":true,"href":"https:\/\/kivijarvenkalatalousalue.fi\/kalavastinki\/wp-json\/wp\/v2\/comments?post=90"}],"version-history":[{"count":19,"href":"https:\/\/kivijarvenkalatalousalue.fi\/kalavastinki\/wp-json\/wp\/v2\/pages\/90\/revisions"}],"predecessor-version":[{"id":412,"href":"https:\/\/kivijarvenkalatalousalue.fi\/kalavastinki\/wp-json\/wp\/v2\/pages\/90\/revisions\/412"}],"up":[{"embeddable":true,"href":"https:\/\/kivijarvenkalatalousalue.fi\/kalavastinki\/wp-json\/wp\/v2\/pages\/45"}],"wp:attachment":[{"href":"https:\/\/kivijarvenkalatalousalue.fi\/kalavastinki\/wp-json\/wp\/v2\/media?parent=90"}],"curies":[{"name":"wp","href":"https:\/\/api.w.org\/{rel}","templated":true}]}}