{"id":26,"date":"2020-10-29T08:31:59","date_gmt":"2020-10-29T08:31:59","guid":{"rendered":"http:\/\/89.166.51.80\/~pohjoispaij\/ahtola\/?page_id=26"},"modified":"2021-04-26T16:18:14","modified_gmt":"2021-04-26T13:18:14","slug":"tiedot","status":"publish","type":"page","link":"https:\/\/kivijarvenkalatalousalue.fi\/kivijarvi\/tiedot\/","title":{"rendered":"Tiedot"},"content":{"rendered":"\n<h2 class=\"wp-block-heading\">Yhteystiedot<\/h2>\n\n\n\n<figure class=\"wp-block-table\"><table><tbody><tr><td><strong>Puheenjohtaja<br><\/strong>Risto Turpeinen<br>Haankalliontie 12<br>43800 KIVIJ\u00c4RVI<br>040-5903894<\/td><td><strong>Sihteeri<\/strong>&nbsp;<br>Kalevi Tuikkanen<br>Koulutie 39<br>43800 KIVIJ\u00c4RVI&nbsp;<br>040-6865556<\/td><\/tr><\/tbody><\/table><\/figure>\n\n\n\n<h2 class=\"wp-block-heading\">Sijainti<\/h2>\n\n\n\n<iframe loading=\"lazy\" src=\"https:\/\/www.google.com\/maps\/d\/embed?mid=zI4C9bBbhtL8.kF9QbYtAvsXE\" width=\"640\" height=\"480\"><\/iframe>\n\n\n\n<p><\/p>\n","protected":false},"excerpt":{"rendered":"<p>Yhteystiedot PuheenjohtajaRisto TurpeinenHaankalliontie 1243800 KIVIJ\u00c4RVI040-5903894 Sihteeri&nbsp;Kalevi TuikkanenKoulutie 3943800 KIVIJ\u00c4RVI&nbsp;040-6865556 Sijainti<\/p>\n","protected":false},"author":2,"featured_media":0,"parent":0,"menu_order":0,"comment_status":"closed","ping_status":"closed","template":"basic-sivu.php","meta":{"_acf_changed":false,"footnotes":""},"class_list":["post-26","page","type-page","status-publish","hentry"],"acf":[],"yoast_head":"<!-- This site is optimized with the Yoast SEO plugin v27.1.1 - https:\/\/yoast.com\/product\/yoast-seo-wordpress\/ -->\n<title>Tiedot - Kivij\u00e4rven osakaskunta<\/title>\n<meta name=\"robots\" content=\"index, follow, max-snippet:-1, max-image-preview:large, max-video-preview:-1\" \/>\n<link rel=\"canonical\" href=\"https:\/\/kivijarvenkalatalousalue.fi\/kivijarvi\/tiedot\/\" \/>\n<meta property=\"og:locale\" content=\"fi_FI\" \/>\n<meta property=\"og:type\" content=\"article\" \/>\n<meta property=\"og:title\" content=\"Tiedot - Kivij\u00e4rven osakaskunta\" \/>\n<meta property=\"og:description\" content=\"Yhteystiedot PuheenjohtajaRisto TurpeinenHaankalliontie 1243800 KIVIJ\u00c4RVI040-5903894 Sihteeri&nbsp;Kalevi TuikkanenKoulutie 3943800 KIVIJ\u00c4RVI&nbsp;040-6865556 Sijainti\" \/>\n<meta property=\"og:url\" content=\"https:\/\/kivijarvenkalatalousalue.fi\/kivijarvi\/tiedot\/\" \/>\n<meta property=\"og:site_name\" content=\"Kivij\u00e4rven osakaskunta\" \/>\n<meta property=\"article:modified_time\" content=\"2021-04-26T13:18:14+00:00\" \/>\n<meta name=\"twitter:card\" content=\"summary_large_image\" \/>\n<script type=\"application\/ld+json\" class=\"yoast-schema-graph\">{\"@context\":\"https:\/\/schema.org\",\"@graph\":[{\"@type\":\"WebPage\",\"@id\":\"https:\/\/kivijarvenkalatalousalue.fi\/kivijarvi\/tiedot\/\",\"url\":\"https:\/\/kivijarvenkalatalousalue.fi\/kivijarvi\/tiedot\/\",\"name\":\"Tiedot - Kivij\u00e4rven osakaskunta\",\"isPartOf\":{\"@id\":\"https:\/\/kivijarvenkalatalousalue.fi\/kivijarvi\/#website\"},\"datePublished\":\"2020-10-29T08:31:59+00:00\",\"dateModified\":\"2021-04-26T13:18:14+00:00\",\"breadcrumb\":{\"@id\":\"https:\/\/kivijarvenkalatalousalue.fi\/kivijarvi\/tiedot\/#breadcrumb\"},\"inLanguage\":\"fi\",\"potentialAction\":[{\"@type\":\"ReadAction\",\"target\":[\"https:\/\/kivijarvenkalatalousalue.fi\/kivijarvi\/tiedot\/\"]}]},{\"@type\":\"BreadcrumbList\",\"@id\":\"https:\/\/kivijarvenkalatalousalue.fi\/kivijarvi\/tiedot\/#breadcrumb\",\"itemListElement\":[{\"@type\":\"ListItem\",\"position\":1,\"name\":\"Home\",\"item\":\"https:\/\/kivijarvenkalatalousalue.fi\/kivijarvi\/\"},{\"@type\":\"ListItem\",\"position\":2,\"name\":\"Tiedot\"}]},{\"@type\":\"WebSite\",\"@id\":\"https:\/\/kivijarvenkalatalousalue.fi\/kivijarvi\/#website\",\"url\":\"https:\/\/kivijarvenkalatalousalue.fi\/kivijarvi\/\",\"name\":\"Kivij\u00e4rven osakaskunta\",\"description\":\"Uusi Kivij\u00e4rven kalatalousalue -sivusto\",\"potentialAction\":[{\"@type\":\"SearchAction\",\"target\":{\"@type\":\"EntryPoint\",\"urlTemplate\":\"https:\/\/kivijarvenkalatalousalue.fi\/kivijarvi\/?s={search_term_string}\"},\"query-input\":{\"@type\":\"PropertyValueSpecification\",\"valueRequired\":true,\"valueName\":\"search_term_string\"}}],\"inLanguage\":\"fi\"}]}<\/script>\n<!-- \/ Yoast SEO plugin. -->","yoast_head_json":{"title":"Tiedot - Kivij\u00e4rven osakaskunta","robots":{"index":"index","follow":"follow","max-snippet":"max-snippet:-1","max-image-preview":"max-image-preview:large","max-video-preview":"max-video-preview:-1"},"canonical":"https:\/\/kivijarvenkalatalousalue.fi\/kivijarvi\/tiedot\/","og_locale":"fi_FI","og_type":"article","og_title":"Tiedot - Kivij\u00e4rven osakaskunta","og_description":"Yhteystiedot PuheenjohtajaRisto TurpeinenHaankalliontie 1243800 KIVIJ\u00c4RVI040-5903894 Sihteeri&nbsp;Kalevi TuikkanenKoulutie 3943800 KIVIJ\u00c4RVI&nbsp;040-6865556 Sijainti","og_url":"https:\/\/kivijarvenkalatalousalue.fi\/kivijarvi\/tiedot\/","og_site_name":"Kivij\u00e4rven osakaskunta","article_modified_time":"2021-04-26T13:18:14+00:00","twitter_card":"summary_large_image","schema":{"@context":"https:\/\/schema.org","@graph":[{"@type":"WebPage","@id":"https:\/\/kivijarvenkalatalousalue.fi\/kivijarvi\/tiedot\/","url":"https:\/\/kivijarvenkalatalousalue.fi\/kivijarvi\/tiedot\/","name":"Tiedot - Kivij\u00e4rven osakaskunta","isPartOf":{"@id":"https:\/\/kivijarvenkalatalousalue.fi\/kivijarvi\/#website"},"datePublished":"2020-10-29T08:31:59+00:00","dateModified":"2021-04-26T13:18:14+00:00","breadcrumb":{"@id":"https:\/\/kivijarvenkalatalousalue.fi\/kivijarvi\/tiedot\/#breadcrumb"},"inLanguage":"fi","potentialAction":[{"@type":"ReadAction","target":["https:\/\/kivijarvenkalatalousalue.fi\/kivijarvi\/tiedot\/"]}]},{"@type":"BreadcrumbList","@id":"https:\/\/kivijarvenkalatalousalue.fi\/kivijarvi\/tiedot\/#breadcrumb","itemListElement":[{"@type":"ListItem","position":1,"name":"Home","item":"https:\/\/kivijarvenkalatalousalue.fi\/kivijarvi\/"},{"@type":"ListItem","position":2,"name":"Tiedot"}]},{"@type":"WebSite","@id":"https:\/\/kivijarvenkalatalousalue.fi\/kivijarvi\/#website","url":"https:\/\/kivijarvenkalatalousalue.fi\/kivijarvi\/","name":"Kivij\u00e4rven osakaskunta","description":"Uusi Kivij\u00e4rven kalatalousalue -sivusto","potentialAction":[{"@type":"SearchAction","target":{"@type":"EntryPoint","urlTemplate":"https:\/\/kivijarvenkalatalousalue.fi\/kivijarvi\/?s={search_term_string}"},"query-input":{"@type":"PropertyValueSpecification","valueRequired":true,"valueName":"search_term_string"}}],"inLanguage":"fi"}]}},"_links":{"self":[{"href":"https:\/\/kivijarvenkalatalousalue.fi\/kivijarvi\/wp-json\/wp\/v2\/pages\/26","targetHints":{"allow":["GET"]}}],"collection":[{"href":"https:\/\/kivijarvenkalatalousalue.fi\/kivijarvi\/wp-json\/wp\/v2\/pages"}],"about":[{"href":"https:\/\/kivijarvenkalatalousalue.fi\/kivijarvi\/wp-json\/wp\/v2\/types\/page"}],"author":[{"embeddable":true,"href":"https:\/\/kivijarvenkalatalousalue.fi\/kivijarvi\/wp-json\/wp\/v2\/users\/2"}],"replies":[{"embeddable":true,"href":"https:\/\/kivijarvenkalatalousalue.fi\/kivijarvi\/wp-json\/wp\/v2\/comments?post=26"}],"version-history":[{"count":7,"href":"https:\/\/kivijarvenkalatalousalue.fi\/kivijarvi\/wp-json\/wp\/v2\/pages\/26\/revisions"}],"predecessor-version":[{"id":256,"href":"https:\/\/kivijarvenkalatalousalue.fi\/kivijarvi\/wp-json\/wp\/v2\/pages\/26\/revisions\/256"}],"wp:attachment":[{"href":"https:\/\/kivijarvenkalatalousalue.fi\/kivijarvi\/wp-json\/wp\/v2\/media?parent=26"}],"curies":[{"name":"wp","href":"https:\/\/api.w.org\/{rel}","templated":true}]}}