{"id":86,"date":"2020-10-29T11:39:36","date_gmt":"2020-10-29T09:39:36","guid":{"rendered":"http:\/\/89.166.51.80\/~pohjoispaij\/ahtola\/?page_id=86"},"modified":"2025-04-15T09:47:43","modified_gmt":"2025-04-15T06:47:43","slug":"lupamaksut-ja-ohjeet","status":"publish","type":"page","link":"https:\/\/kivijarvenkalatalousalue.fi\/kivijarvi\/luvat\/lupamaksut-ja-ohjeet\/","title":{"rendered":"Lupamaksut ja ohjeet"},"content":{"rendered":"\n<h2 class=\"wp-block-heading\">Lupamaksut ja ohjeet<\/h2>\n\n\n\n<h2 class=\"wp-block-heading\">PYYDYSMAKSUT 2025-2026 KIVIJ\u00c4RVEN OSAKASKUNTA<\/h2>\n\n\n\n<p>Lupakausi 1.5.2025-30.4.2026<\/p>\n\n\n\n<p><strong>Perusmaksu 20 \u20ac,<\/strong>&nbsp;joka sis\u00e4lt\u00e4\u00e4 my\u00f6s uistelu- ja vesilinnunmets\u00e4stysluvan osakkaille ja osakaskunnan alueella vakituisesti asuville. Perusmaksu ulkopuolisille 25 \u20ac kalastuksessa, enint\u00e4\u00e4n 6 verkkomerkki\u00e4.<\/p>\n\n\n\n<p><strong>Pyydysmerkit<\/strong>&nbsp;osakkaille ja ja osakaskunnan alueella vakituisesti asuville:&nbsp;<\/p>\n\n\n\n<ul class=\"wp-block-list\">\n<li><strong>verkkomerkki<\/strong>&nbsp;3 \u20ac\/kpl\/ 8 verkkoa, yksi merkki 30 metrin pituista ja 3 m korkeaa verkkoa kohti. 2 merkki\u00e4 30 m x 6 m:n korkeaa, 3 merkki\u00e4 30m x 9m korkeaa verkkoa kohti jne.&nbsp; Myyd\u00e4\u00e4n kotitarvekalastajalle enint\u00e4\u00e4n 20 merkki\u00e4. Lis\u00e4merkkej\u00e4 ei myyd\u00e4. Verkkojen yhteispituus rajoitettu kotitarvekalastajalla 240 metriin, verkon korkeutta ei ole rajoitettu.<br>Ulkopuolisille myyd\u00e4\u00e4n enint\u00e4\u00e4n 6 merkki\u00e4\/henkil\u00f6 4 \u20ac\/verkko. Verkot merkitt\u00e4v\u00e4 s\u00e4\u00e4nn\u00f6sten mukaisesti riitt\u00e4v\u00e4n n\u00e4kyvin merkein molemmista p\u00e4ist\u00e4.<\/li>\n\n\n\n<li><strong>rys\u00e4merkki<\/strong>&nbsp;sama kuin verkkomerkki<\/li>\n\n\n\n<li><strong>katiska<\/strong>, ei merkki\u00e4, mutta perusmaksu maksettava, jotta kalastus olisi sallittua. Yli 65-vuotiaiden ei tarvitse maksaa perusmaksua katiskakalastuksessa.<\/li>\n\n\n\n<li><strong>rapumerta<\/strong>&nbsp;3 \u20ac\/kpl, enint\u00e4\u00e4n 15 kpl\/osakas. Ravustuslupa on henkil\u00f6kohtainen. Jokainen merta merkitt\u00e4v\u00e4.<\/li>\n<\/ul>\n\n\n\n<p><br>Perusmaksu sis\u00e4lt\u00e4\u00e4 6 vavan uistelumaksun, lis\u00e4vavat 3 \u20ac\/kpl&nbsp; enint\u00e4\u00e4n 10 vapaa<br>Muut ulkopuoliset uistelumaksu 20 \u20ac \/vuosi tai 10 \u20ac\/2vk, vesilinnunmets\u00e4stys 25 \u20ac\/kausi.<\/p>\n\n\n\n<p>Lomakylien asukkaat: Perusmaksu 10 \u20ac\/2vk sis\u00e4lt\u00e4en uisteluluvan, jonka lis\u00e4ksi voidaan myyd\u00e4 enint\u00e4\u00e4n 5 kpl verkkomerkkej\u00e4 \u00e1 4 \u20ac\/kpl.<br>Kaupalliset kalastajat: kirjallinen anomus hoitokunnalle, joka tekee yksil\u00f6lliset p\u00e4\u00e4t\u00f6kset kalastuksesta ja hinnoittelusta.<br>Nuotanveto on sallittu vain osakkaille. Maksu 60 \u20ac\/nuotta.<br>Iso rys\u00e4 alle 2 m korkea 35,00\u20ac,<br>Yli 2 m:n rys\u00e4 sallittu vain osakkaille, hinta 210,00\u20ac, kirjallinen anomus hoitokunnalle, joka p\u00e4\u00e4tt\u00e4\u00e4 luvasta.&nbsp; Anojan oltava osakas ja kaupallinen kalastaja.&nbsp; Lis\u00e4ksi aitaverkon pituus on rajattu pikkupuolella ja isonpuolen lahtivesill\u00e4 50 metriin.<br>Pyynti kielletty yli 2 metrin rys\u00e4ll\u00e4 Heitj\u00e4rvess\u00e4 ja yli 3 metrin rys\u00e4ll\u00e4 Leukunlahdella.<\/p>\n\n\n\n<h2 class=\"wp-block-heading\">RAUHOITUSALUEET JA RAJOITUKSET KALASTUKSESSA VUONNA 2025<\/h2>\n\n\n\n<h3 class=\"wp-block-heading\">Verkon silm\u00e4koko<\/h3>\n\n\n\n<p>Kivij\u00e4rven&nbsp;osakaskunnan p\u00e4\u00e4t\u00f6sten mukaisesti 25 &#8211; 54 mm:n solmuv\u00e4lin verkkojen pyynti kielletty 1.5.2003 l\u00e4htien Kivij\u00e4rvess\u00e4 osakaskunnan alueella yli 3 m: syvyydess\u00e4. Kielto koskee saarien ja karikkojen rantoja. Loka- ja marraskuussa sallitaan siian kutupyynti osakaskunnan alueella alle 3 m:n syvyydess\u00e4 ei verkon solmuv\u00e4lin rajoitusta. Kes\u00e4kuussa kalastus kielletty koko osakaskunnan alueella alle 55 mm:n solmuv\u00e4lin verkoilla. Taimenen ja j\u00e4rvilohen alamitta&nbsp; 60 cm.<\/p>\n\n\n\n<h3 class=\"wp-block-heading\">Rauhoitusalueet:<\/h3>\n\n\n\n<p>Vietsaaren sillan l\u00e4nsipuoli 100 metrin et\u00e4isyydelle saakka ja it\u00e4puoli 200 metrin et\u00e4isyydelle saakka kiellet\u00e4\u00e4n verkkokalastus kokonaan. Matalasalmi sillan molemmin puolin 100 m juoksu-uomassa seisovilla pyydyksill\u00e4 kalastus kielletty.<br>Myllylahdella linjalta Olkisaari-Toukkaniemi l\u00e4nteen oleva vesialue&nbsp; rauhoitetaan verkkokalastukselta 1.9. alkaen vuoden loppuun.<br>Heitj\u00e4rvess\u00e4 verkkorajoitus enint\u00e4\u00e4n 4 verkkoa\/osakas\/kalastaja.<br>Heitjoessa kiellet\u00e4\u00e4n kalastus toistaiseksi. Isossa Pirttij\u00e4rvess\u00e4 verkkokalastus kielletty. Leukun- ja Pirttijoessa kaikki&nbsp;kalastus kielletty.<br>Pitk\u00e4siima enint\u00e4\u00e4n 100 koukkua (merkit\u00e4\u00e4n yhdell\u00e4 verkkomerkill\u00e4)<br>Nuotta on liikkuva pyydys ja on sallittu my\u00f6s venereiteill\u00e4. Veneilij\u00e4t olkaa h\u00e4iritsem\u00e4tt\u00e4 nuotanvet\u00e4ji\u00e4.<\/p>\n\n\n\n<h2 class=\"wp-block-heading\">VESILINNUN METS\u00c4STYS, RAVUSTUS<\/h2>\n\n\n\n<ol class=\"wp-block-list\">\n<li>Vesilinnun mets\u00e4stys perusmaksulla osakkaille ja kyl\u00e4ss\u00e4 muutoin kuin tilap\u00e4isesti asuville, ja on sallittu aloitus- ja lopetusp\u00e4ivin\u00e4, keskiviikkona, lauantaisin ja sunnuntaisin Leukunlahden osakaskunnan alueilla.\n<ul class=\"wp-block-list\">\n<li>Ulkopuoliset&nbsp; mets\u00e4stys 25\u20ac\/kausi. Myyd\u00e4\u00e4n vain kausilupia.<\/li>\n\n\n\n<li>Luotiaseen k\u00e4ytt\u00f6 kiellettyVesilintujen rahoitusalueet ovat Leukunlahdella (linjan Matalasalmen&nbsp;&nbsp;&nbsp;&nbsp; silta \u2013 Kuumakivi \u2013 Kivel\u00e4nniemi &#8211; Kirkonkyl\u00e4n puoleinen osa)&nbsp; UUTENA RAUHOITUSALUEENA TYVEL\u00c4NLAHDEN ALUE Selk\u00e4puunniemi- Tyvel\u00e4nlahti- Tulisaari- Messuniemi<\/li>\n\n\n\n<li>Kouvanlammessa vesilinnunmets\u00e4stys kielletty.<\/li>\n\n\n\n<li>Muilla vesialueilla ei rajoituksia. Huomioitava yleiset s\u00e4\u00e4nn\u00f6t asutuksesta (huvilat)<\/li>\n<\/ul>\n<\/li>\n\n\n\n<li>Ravustus.\u00a0\u00a0\u00a0 Merkkien myynti aloitetaan 10.07.2025 Lupia myy Varma H\u00e4m\u00e4l\u00e4inen.\n<ul class=\"wp-block-list\">\n<li>Ravustus sallittu ainoastaan osakkaille Kivij\u00e4rvess\u00e4,<\/li>\n\n\n\n<li>Heitj\u00e4rvess\u00e4 ravustus kielletty, samoin Heitjoessa<\/li>\n\n\n\n<li>Muilla alueilla sallittu s\u00e4\u00e4nn\u00f6sten mukaisesti.<\/li>\n\n\n\n<li>Ravun alamitta on 100 mm.<\/li>\n\n\n\n<li>Ravustuksessa jokainen merta on merkitt\u00e4v\u00e4.<\/li>\n\n\n\n<li>Ravustuskausi 21.07 \u2013 31.10.2025. HUOM.\u00a0 Verkkomerkkeihin\u00a0 lis\u00e4tt\u00e4v\u00e4 verkon omistajan nimi, ja puhelinnumero. Kaupalliset kalastajat laittavat my\u00f6s kalastusnumeronsa. Alamittaiset kalat laskettava takaisin veteen. Uusi kalastuslaki on voimassa ja huomioitava muutokset.<\/li>\n<\/ul>\n<\/li>\n<\/ol>\n","protected":false},"excerpt":{"rendered":"<p>Lupamaksut ja ohjeet PYYDYSMAKSUT 2025-2026 KIVIJ\u00c4RVEN OSAKASKUNTA Lupakausi 1.5.2025-30.4.2026 Perusmaksu 20 \u20ac,&nbsp;joka sis\u00e4lt\u00e4\u00e4 my\u00f6s uistelu- ja vesilinnunmets\u00e4stysluvan osakkaille ja osakaskunnan alueella vakituisesti asuville. Perusmaksu ulkopuolisille 25 \u20ac kalastuksessa, enint\u00e4\u00e4n 6 verkkomerkki\u00e4. Pyydysmerkit&nbsp;osakkaille ja ja osakaskunnan alueella vakituisesti asuville:&nbsp; Perusmaksu sis\u00e4lt\u00e4\u00e4 6 vavan uistelumaksun, lis\u00e4vavat 3 \u20ac\/kpl&nbsp; enint\u00e4\u00e4n 10 vapaaMuut ulkopuoliset uistelumaksu 20 \u20ac \/vuosi tai<\/p>\n<p><a class=\"moretag\" href=\"https:\/\/kivijarvenkalatalousalue.fi\/kivijarvi\/luvat\/lupamaksut-ja-ohjeet\/\"> Lue lis\u00e4\u00e4 ><\/a><\/p>\n","protected":false},"author":2,"featured_media":0,"parent":45,"menu_order":0,"comment_status":"closed","ping_status":"closed","template":"basic-sivu.php","meta":{"_acf_changed":false,"footnotes":""},"class_list":["post-86","page","type-page","status-publish","hentry"],"acf":[],"yoast_head":"<!-- This site is optimized with the Yoast SEO plugin v27.1.1 - https:\/\/yoast.com\/product\/yoast-seo-wordpress\/ -->\n<title>Lupamaksut ja ohjeet - Kivij\u00e4rven osakaskunta<\/title>\n<meta name=\"robots\" content=\"index, follow, max-snippet:-1, max-image-preview:large, max-video-preview:-1\" \/>\n<link rel=\"canonical\" href=\"https:\/\/kivijarvenkalatalousalue.fi\/kivijarvi\/luvat\/lupamaksut-ja-ohjeet\/\" \/>\n<meta property=\"og:locale\" content=\"fi_FI\" \/>\n<meta property=\"og:type\" content=\"article\" \/>\n<meta property=\"og:title\" content=\"Lupamaksut ja ohjeet - Kivij\u00e4rven osakaskunta\" \/>\n<meta property=\"og:description\" content=\"Lupamaksut ja ohjeet PYYDYSMAKSUT 2025-2026 KIVIJ\u00c4RVEN OSAKASKUNTA Lupakausi 1.5.2025-30.4.2026 Perusmaksu 20 \u20ac,&nbsp;joka sis\u00e4lt\u00e4\u00e4 my\u00f6s uistelu- ja vesilinnunmets\u00e4stysluvan osakkaille ja osakaskunnan alueella vakituisesti asuville. Perusmaksu ulkopuolisille 25 \u20ac kalastuksessa, enint\u00e4\u00e4n 6 verkkomerkki\u00e4. Pyydysmerkit&nbsp;osakkaille ja ja osakaskunnan alueella vakituisesti asuville:&nbsp; Perusmaksu sis\u00e4lt\u00e4\u00e4 6 vavan uistelumaksun, lis\u00e4vavat 3 \u20ac\/kpl&nbsp; enint\u00e4\u00e4n 10 vapaaMuut ulkopuoliset uistelumaksu 20 \u20ac \/vuosi tai Lue lis\u00e4\u00e4 &gt;\" \/>\n<meta property=\"og:url\" content=\"https:\/\/kivijarvenkalatalousalue.fi\/kivijarvi\/luvat\/lupamaksut-ja-ohjeet\/\" \/>\n<meta property=\"og:site_name\" content=\"Kivij\u00e4rven osakaskunta\" \/>\n<meta property=\"article:modified_time\" content=\"2025-04-15T06:47:43+00:00\" \/>\n<meta name=\"twitter:card\" content=\"summary_large_image\" \/>\n<meta name=\"twitter:label1\" content=\"Arvioitu lukuaika\" \/>\n\t<meta name=\"twitter:data1\" content=\"4 minuuttia\" \/>\n<script type=\"application\/ld+json\" class=\"yoast-schema-graph\">{\"@context\":\"https:\/\/schema.org\",\"@graph\":[{\"@type\":\"WebPage\",\"@id\":\"https:\/\/kivijarvenkalatalousalue.fi\/kivijarvi\/luvat\/lupamaksut-ja-ohjeet\/\",\"url\":\"https:\/\/kivijarvenkalatalousalue.fi\/kivijarvi\/luvat\/lupamaksut-ja-ohjeet\/\",\"name\":\"Lupamaksut ja ohjeet - Kivij\u00e4rven osakaskunta\",\"isPartOf\":{\"@id\":\"https:\/\/kivijarvenkalatalousalue.fi\/kivijarvi\/#website\"},\"datePublished\":\"2020-10-29T09:39:36+00:00\",\"dateModified\":\"2025-04-15T06:47:43+00:00\",\"breadcrumb\":{\"@id\":\"https:\/\/kivijarvenkalatalousalue.fi\/kivijarvi\/luvat\/lupamaksut-ja-ohjeet\/#breadcrumb\"},\"inLanguage\":\"fi\",\"potentialAction\":[{\"@type\":\"ReadAction\",\"target\":[\"https:\/\/kivijarvenkalatalousalue.fi\/kivijarvi\/luvat\/lupamaksut-ja-ohjeet\/\"]}]},{\"@type\":\"BreadcrumbList\",\"@id\":\"https:\/\/kivijarvenkalatalousalue.fi\/kivijarvi\/luvat\/lupamaksut-ja-ohjeet\/#breadcrumb\",\"itemListElement\":[{\"@type\":\"ListItem\",\"position\":1,\"name\":\"Home\",\"item\":\"https:\/\/kivijarvenkalatalousalue.fi\/kivijarvi\/\"},{\"@type\":\"ListItem\",\"position\":2,\"name\":\"Yksityinen: Luvat\",\"item\":\"https:\/\/kivijarvenkalatalousalue.fi\/kivijarvi\/?page_id=45\"},{\"@type\":\"ListItem\",\"position\":3,\"name\":\"Lupamaksut ja ohjeet\"}]},{\"@type\":\"WebSite\",\"@id\":\"https:\/\/kivijarvenkalatalousalue.fi\/kivijarvi\/#website\",\"url\":\"https:\/\/kivijarvenkalatalousalue.fi\/kivijarvi\/\",\"name\":\"Kivij\u00e4rven osakaskunta\",\"description\":\"Uusi Kivij\u00e4rven kalatalousalue -sivusto\",\"potentialAction\":[{\"@type\":\"SearchAction\",\"target\":{\"@type\":\"EntryPoint\",\"urlTemplate\":\"https:\/\/kivijarvenkalatalousalue.fi\/kivijarvi\/?s={search_term_string}\"},\"query-input\":{\"@type\":\"PropertyValueSpecification\",\"valueRequired\":true,\"valueName\":\"search_term_string\"}}],\"inLanguage\":\"fi\"}]}<\/script>\n<!-- \/ Yoast SEO plugin. -->","yoast_head_json":{"title":"Lupamaksut ja ohjeet - Kivij\u00e4rven osakaskunta","robots":{"index":"index","follow":"follow","max-snippet":"max-snippet:-1","max-image-preview":"max-image-preview:large","max-video-preview":"max-video-preview:-1"},"canonical":"https:\/\/kivijarvenkalatalousalue.fi\/kivijarvi\/luvat\/lupamaksut-ja-ohjeet\/","og_locale":"fi_FI","og_type":"article","og_title":"Lupamaksut ja ohjeet - Kivij\u00e4rven osakaskunta","og_description":"Lupamaksut ja ohjeet PYYDYSMAKSUT 2025-2026 KIVIJ\u00c4RVEN OSAKASKUNTA Lupakausi 1.5.2025-30.4.2026 Perusmaksu 20 \u20ac,&nbsp;joka sis\u00e4lt\u00e4\u00e4 my\u00f6s uistelu- ja vesilinnunmets\u00e4stysluvan osakkaille ja osakaskunnan alueella vakituisesti asuville. Perusmaksu ulkopuolisille 25 \u20ac kalastuksessa, enint\u00e4\u00e4n 6 verkkomerkki\u00e4. Pyydysmerkit&nbsp;osakkaille ja ja osakaskunnan alueella vakituisesti asuville:&nbsp; Perusmaksu sis\u00e4lt\u00e4\u00e4 6 vavan uistelumaksun, lis\u00e4vavat 3 \u20ac\/kpl&nbsp; enint\u00e4\u00e4n 10 vapaaMuut ulkopuoliset uistelumaksu 20 \u20ac \/vuosi tai Lue lis\u00e4\u00e4 >","og_url":"https:\/\/kivijarvenkalatalousalue.fi\/kivijarvi\/luvat\/lupamaksut-ja-ohjeet\/","og_site_name":"Kivij\u00e4rven osakaskunta","article_modified_time":"2025-04-15T06:47:43+00:00","twitter_card":"summary_large_image","twitter_misc":{"Arvioitu lukuaika":"4 minuuttia"},"schema":{"@context":"https:\/\/schema.org","@graph":[{"@type":"WebPage","@id":"https:\/\/kivijarvenkalatalousalue.fi\/kivijarvi\/luvat\/lupamaksut-ja-ohjeet\/","url":"https:\/\/kivijarvenkalatalousalue.fi\/kivijarvi\/luvat\/lupamaksut-ja-ohjeet\/","name":"Lupamaksut ja ohjeet - Kivij\u00e4rven osakaskunta","isPartOf":{"@id":"https:\/\/kivijarvenkalatalousalue.fi\/kivijarvi\/#website"},"datePublished":"2020-10-29T09:39:36+00:00","dateModified":"2025-04-15T06:47:43+00:00","breadcrumb":{"@id":"https:\/\/kivijarvenkalatalousalue.fi\/kivijarvi\/luvat\/lupamaksut-ja-ohjeet\/#breadcrumb"},"inLanguage":"fi","potentialAction":[{"@type":"ReadAction","target":["https:\/\/kivijarvenkalatalousalue.fi\/kivijarvi\/luvat\/lupamaksut-ja-ohjeet\/"]}]},{"@type":"BreadcrumbList","@id":"https:\/\/kivijarvenkalatalousalue.fi\/kivijarvi\/luvat\/lupamaksut-ja-ohjeet\/#breadcrumb","itemListElement":[{"@type":"ListItem","position":1,"name":"Home","item":"https:\/\/kivijarvenkalatalousalue.fi\/kivijarvi\/"},{"@type":"ListItem","position":2,"name":"Yksityinen: Luvat","item":"https:\/\/kivijarvenkalatalousalue.fi\/kivijarvi\/?page_id=45"},{"@type":"ListItem","position":3,"name":"Lupamaksut ja ohjeet"}]},{"@type":"WebSite","@id":"https:\/\/kivijarvenkalatalousalue.fi\/kivijarvi\/#website","url":"https:\/\/kivijarvenkalatalousalue.fi\/kivijarvi\/","name":"Kivij\u00e4rven osakaskunta","description":"Uusi Kivij\u00e4rven kalatalousalue -sivusto","potentialAction":[{"@type":"SearchAction","target":{"@type":"EntryPoint","urlTemplate":"https:\/\/kivijarvenkalatalousalue.fi\/kivijarvi\/?s={search_term_string}"},"query-input":{"@type":"PropertyValueSpecification","valueRequired":true,"valueName":"search_term_string"}}],"inLanguage":"fi"}]}},"_links":{"self":[{"href":"https:\/\/kivijarvenkalatalousalue.fi\/kivijarvi\/wp-json\/wp\/v2\/pages\/86","targetHints":{"allow":["GET"]}}],"collection":[{"href":"https:\/\/kivijarvenkalatalousalue.fi\/kivijarvi\/wp-json\/wp\/v2\/pages"}],"about":[{"href":"https:\/\/kivijarvenkalatalousalue.fi\/kivijarvi\/wp-json\/wp\/v2\/types\/page"}],"author":[{"embeddable":true,"href":"https:\/\/kivijarvenkalatalousalue.fi\/kivijarvi\/wp-json\/wp\/v2\/users\/2"}],"replies":[{"embeddable":true,"href":"https:\/\/kivijarvenkalatalousalue.fi\/kivijarvi\/wp-json\/wp\/v2\/comments?post=86"}],"version-history":[{"count":19,"href":"https:\/\/kivijarvenkalatalousalue.fi\/kivijarvi\/wp-json\/wp\/v2\/pages\/86\/revisions"}],"predecessor-version":[{"id":324,"href":"https:\/\/kivijarvenkalatalousalue.fi\/kivijarvi\/wp-json\/wp\/v2\/pages\/86\/revisions\/324"}],"up":[{"embeddable":true,"href":"https:\/\/kivijarvenkalatalousalue.fi\/kivijarvi\/wp-json\/wp\/v2\/pages\/45"}],"wp:attachment":[{"href":"https:\/\/kivijarvenkalatalousalue.fi\/kivijarvi\/wp-json\/wp\/v2\/media?parent=86"}],"curies":[{"name":"wp","href":"https:\/\/api.w.org\/{rel}","templated":true}]}}