{"id":97,"date":"2020-10-29T11:48:36","date_gmt":"2020-10-29T09:48:36","guid":{"rendered":"http:\/\/89.166.51.80\/~pohjoispaij\/ahtola\/?page_id=97"},"modified":"2021-04-26T15:14:34","modified_gmt":"2021-04-26T12:14:34","slug":"pyydysmerkinnat","status":"publish","type":"page","link":"https:\/\/kivijarvenkalatalousalue.fi\/kivijarvi\/luvat\/pyydysmerkinnat\/","title":{"rendered":"Pyydysmerkinn\u00e4t"},"content":{"rendered":"\n<h2 class=\"wp-block-heading\">Pyydysmerkinn\u00e4t<\/h2>\n","protected":false},"excerpt":{"rendered":"<p>Pyydysmerkinn\u00e4t<\/p>\n","protected":false},"author":2,"featured_media":0,"parent":45,"menu_order":0,"comment_status":"closed","ping_status":"closed","template":"basic-sivu.php","meta":{"_acf_changed":false,"footnotes":""},"class_list":["post-97","page","type-page","status-publish","hentry"],"acf":[],"yoast_head":"<!-- This site is optimized with the Yoast SEO plugin v27.1.1 - https:\/\/yoast.com\/product\/yoast-seo-wordpress\/ -->\n<title>Pyydysmerkinn\u00e4t - Kivij\u00e4rven osakaskunta<\/title>\n<meta name=\"robots\" content=\"index, follow, max-snippet:-1, max-image-preview:large, max-video-preview:-1\" \/>\n<link rel=\"canonical\" href=\"https:\/\/kivijarvenkalatalousalue.fi\/kivijarvi\/luvat\/pyydysmerkinnat\/\" \/>\n<meta property=\"og:locale\" content=\"fi_FI\" \/>\n<meta property=\"og:type\" content=\"article\" \/>\n<meta property=\"og:title\" content=\"Pyydysmerkinn\u00e4t - Kivij\u00e4rven osakaskunta\" \/>\n<meta property=\"og:description\" content=\"Pyydysmerkinn\u00e4t\" \/>\n<meta property=\"og:url\" content=\"https:\/\/kivijarvenkalatalousalue.fi\/kivijarvi\/luvat\/pyydysmerkinnat\/\" \/>\n<meta property=\"og:site_name\" content=\"Kivij\u00e4rven osakaskunta\" \/>\n<meta property=\"article:modified_time\" content=\"2021-04-26T12:14:34+00:00\" \/>\n<meta name=\"twitter:card\" content=\"summary_large_image\" \/>\n<script type=\"application\/ld+json\" class=\"yoast-schema-graph\">{\"@context\":\"https:\/\/schema.org\",\"@graph\":[{\"@type\":\"WebPage\",\"@id\":\"https:\/\/kivijarvenkalatalousalue.fi\/kivijarvi\/luvat\/pyydysmerkinnat\/\",\"url\":\"https:\/\/kivijarvenkalatalousalue.fi\/kivijarvi\/luvat\/pyydysmerkinnat\/\",\"name\":\"Pyydysmerkinn\u00e4t - Kivij\u00e4rven osakaskunta\",\"isPartOf\":{\"@id\":\"https:\/\/kivijarvenkalatalousalue.fi\/kivijarvi\/#website\"},\"datePublished\":\"2020-10-29T09:48:36+00:00\",\"dateModified\":\"2021-04-26T12:14:34+00:00\",\"breadcrumb\":{\"@id\":\"https:\/\/kivijarvenkalatalousalue.fi\/kivijarvi\/luvat\/pyydysmerkinnat\/#breadcrumb\"},\"inLanguage\":\"fi\",\"potentialAction\":[{\"@type\":\"ReadAction\",\"target\":[\"https:\/\/kivijarvenkalatalousalue.fi\/kivijarvi\/luvat\/pyydysmerkinnat\/\"]}]},{\"@type\":\"BreadcrumbList\",\"@id\":\"https:\/\/kivijarvenkalatalousalue.fi\/kivijarvi\/luvat\/pyydysmerkinnat\/#breadcrumb\",\"itemListElement\":[{\"@type\":\"ListItem\",\"position\":1,\"name\":\"Home\",\"item\":\"https:\/\/kivijarvenkalatalousalue.fi\/kivijarvi\/\"},{\"@type\":\"ListItem\",\"position\":2,\"name\":\"Yksityinen: Luvat\",\"item\":\"https:\/\/kivijarvenkalatalousalue.fi\/kivijarvi\/?page_id=45\"},{\"@type\":\"ListItem\",\"position\":3,\"name\":\"Pyydysmerkinn\u00e4t\"}]},{\"@type\":\"WebSite\",\"@id\":\"https:\/\/kivijarvenkalatalousalue.fi\/kivijarvi\/#website\",\"url\":\"https:\/\/kivijarvenkalatalousalue.fi\/kivijarvi\/\",\"name\":\"Kivij\u00e4rven osakaskunta\",\"description\":\"Uusi Kivij\u00e4rven kalatalousalue -sivusto\",\"potentialAction\":[{\"@type\":\"SearchAction\",\"target\":{\"@type\":\"EntryPoint\",\"urlTemplate\":\"https:\/\/kivijarvenkalatalousalue.fi\/kivijarvi\/?s={search_term_string}\"},\"query-input\":{\"@type\":\"PropertyValueSpecification\",\"valueRequired\":true,\"valueName\":\"search_term_string\"}}],\"inLanguage\":\"fi\"}]}<\/script>\n<!-- \/ Yoast SEO plugin. -->","yoast_head_json":{"title":"Pyydysmerkinn\u00e4t - Kivij\u00e4rven osakaskunta","robots":{"index":"index","follow":"follow","max-snippet":"max-snippet:-1","max-image-preview":"max-image-preview:large","max-video-preview":"max-video-preview:-1"},"canonical":"https:\/\/kivijarvenkalatalousalue.fi\/kivijarvi\/luvat\/pyydysmerkinnat\/","og_locale":"fi_FI","og_type":"article","og_title":"Pyydysmerkinn\u00e4t - Kivij\u00e4rven osakaskunta","og_description":"Pyydysmerkinn\u00e4t","og_url":"https:\/\/kivijarvenkalatalousalue.fi\/kivijarvi\/luvat\/pyydysmerkinnat\/","og_site_name":"Kivij\u00e4rven osakaskunta","article_modified_time":"2021-04-26T12:14:34+00:00","twitter_card":"summary_large_image","schema":{"@context":"https:\/\/schema.org","@graph":[{"@type":"WebPage","@id":"https:\/\/kivijarvenkalatalousalue.fi\/kivijarvi\/luvat\/pyydysmerkinnat\/","url":"https:\/\/kivijarvenkalatalousalue.fi\/kivijarvi\/luvat\/pyydysmerkinnat\/","name":"Pyydysmerkinn\u00e4t - Kivij\u00e4rven osakaskunta","isPartOf":{"@id":"https:\/\/kivijarvenkalatalousalue.fi\/kivijarvi\/#website"},"datePublished":"2020-10-29T09:48:36+00:00","dateModified":"2021-04-26T12:14:34+00:00","breadcrumb":{"@id":"https:\/\/kivijarvenkalatalousalue.fi\/kivijarvi\/luvat\/pyydysmerkinnat\/#breadcrumb"},"inLanguage":"fi","potentialAction":[{"@type":"ReadAction","target":["https:\/\/kivijarvenkalatalousalue.fi\/kivijarvi\/luvat\/pyydysmerkinnat\/"]}]},{"@type":"BreadcrumbList","@id":"https:\/\/kivijarvenkalatalousalue.fi\/kivijarvi\/luvat\/pyydysmerkinnat\/#breadcrumb","itemListElement":[{"@type":"ListItem","position":1,"name":"Home","item":"https:\/\/kivijarvenkalatalousalue.fi\/kivijarvi\/"},{"@type":"ListItem","position":2,"name":"Yksityinen: Luvat","item":"https:\/\/kivijarvenkalatalousalue.fi\/kivijarvi\/?page_id=45"},{"@type":"ListItem","position":3,"name":"Pyydysmerkinn\u00e4t"}]},{"@type":"WebSite","@id":"https:\/\/kivijarvenkalatalousalue.fi\/kivijarvi\/#website","url":"https:\/\/kivijarvenkalatalousalue.fi\/kivijarvi\/","name":"Kivij\u00e4rven osakaskunta","description":"Uusi Kivij\u00e4rven kalatalousalue -sivusto","potentialAction":[{"@type":"SearchAction","target":{"@type":"EntryPoint","urlTemplate":"https:\/\/kivijarvenkalatalousalue.fi\/kivijarvi\/?s={search_term_string}"},"query-input":{"@type":"PropertyValueSpecification","valueRequired":true,"valueName":"search_term_string"}}],"inLanguage":"fi"}]}},"_links":{"self":[{"href":"https:\/\/kivijarvenkalatalousalue.fi\/kivijarvi\/wp-json\/wp\/v2\/pages\/97","targetHints":{"allow":["GET"]}}],"collection":[{"href":"https:\/\/kivijarvenkalatalousalue.fi\/kivijarvi\/wp-json\/wp\/v2\/pages"}],"about":[{"href":"https:\/\/kivijarvenkalatalousalue.fi\/kivijarvi\/wp-json\/wp\/v2\/types\/page"}],"author":[{"embeddable":true,"href":"https:\/\/kivijarvenkalatalousalue.fi\/kivijarvi\/wp-json\/wp\/v2\/users\/2"}],"replies":[{"embeddable":true,"href":"https:\/\/kivijarvenkalatalousalue.fi\/kivijarvi\/wp-json\/wp\/v2\/comments?post=97"}],"version-history":[{"count":2,"href":"https:\/\/kivijarvenkalatalousalue.fi\/kivijarvi\/wp-json\/wp\/v2\/pages\/97\/revisions"}],"predecessor-version":[{"id":234,"href":"https:\/\/kivijarvenkalatalousalue.fi\/kivijarvi\/wp-json\/wp\/v2\/pages\/97\/revisions\/234"}],"up":[{"embeddable":true,"href":"https:\/\/kivijarvenkalatalousalue.fi\/kivijarvi\/wp-json\/wp\/v2\/pages\/45"}],"wp:attachment":[{"href":"https:\/\/kivijarvenkalatalousalue.fi\/kivijarvi\/wp-json\/wp\/v2\/media?parent=97"}],"curies":[{"name":"wp","href":"https:\/\/api.w.org\/{rel}","templated":true}]}}