{"id":86,"date":"2020-10-29T11:39:36","date_gmt":"2020-10-29T09:39:36","guid":{"rendered":"http:\/\/89.166.51.80\/~pohjoispaij\/ahtola\/?page_id=86"},"modified":"2021-04-26T16:41:19","modified_gmt":"2021-04-26T13:41:19","slug":"lupamaksut-ja-ohjeet","status":"publish","type":"page","link":"https:\/\/kivijarvenkalatalousalue.fi\/kuivaniemi\/luvat\/lupamaksut-ja-ohjeet\/","title":{"rendered":"Lupamaksut ja ohjeet"},"content":{"rendered":"\n<h2 class=\"wp-block-heading\">Lupamaksut ja ohjeet<\/h2>\n\n\n\n<p><a href=\"http:\/\/www.kivijarvenkalatalousalue.fi\/ok\/kuivaniemi\/uploads\/KALASTUS%20KUIVANIEMEN%20OSAKASKUNTA%202019.doc\" target=\"_blank\" rel=\"noreferrer noopener\"><strong>KALASTUS KUIVANIEMEN OSAKASKUNNAN ALUEELLA 1.5.2019-30.4.2020<\/strong><\/a><\/p>\n\n\n\n<p><strong>HUOMIOI KALASTUSS\u00c4\u00c4D\u00d6KSET ( max 8 verkkoa)<\/strong><\/p>\n\n\n\n<p><strong>Muista laittaa lippusalkoihin nimesi ja yhteystietosi, koska muuten valvojat poistavat pyydyksesi.<\/strong><\/p>\n\n\n\n<p><strong>Kivij\u00e4rven Kalastusalueen p\u00e4\u00e4t\u00f6kset:<\/strong><\/p>\n\n\n\n<p>Solmuv\u00e4lilt\u00e4\u00e4n 25-54 mm:n verkkojen pit\u00e4minen on kielletty yli kolmen (3) metrin syvyydell\u00e4 pois lukien loka-marraskuu. Selk\u00e4saaret ja luodot ovat rajoituksen piiriss\u00e4 my\u00f6s alle kolmen (3) metrin syvyydelt\u00e4 paitsi loka-marraskuussa siianpyynnin aikaan.<\/p>\n\n\n\n<p><strong>Kuhan alamitta on&nbsp;<\/strong><strong>42 cm, j\u00e4rvilohen&nbsp;<\/strong><strong>60 cm ja rasvaev\u00e4leikatun taimenen&nbsp;<\/strong><strong>50 cm<\/strong><\/p>\n\n\n\n<p>&nbsp;KALASTAJA VOI MAKSAA OSAKASMAKSUNSA JA LUPANSA SUORAAN PANKKIIN TILILLE&nbsp; OP&nbsp;<strong>FI 04 51350150006853&nbsp;<\/strong>ja tulostaa<strong>&nbsp;<em>maksukuitin<\/em>&nbsp;<\/strong>todisteeksi<strong>&nbsp;( viestiin osoitetieto ! ). &nbsp;<\/strong><\/p>\n\n\n\n<p><strong>OSAKASKUNNALLA ON INFOA KIVIJ\u00c4RVEN KALASTUSALUEEN SIVUILLA, www.kivijarvenkalastusalue.fi<\/strong><\/p>\n\n\n\n<p><strong>KALASTUSLUVAT 1.5.2019-30.4.2020<\/strong><\/p>\n\n\n\n<p><strong>OSAKKAAT JA KUIVANIEMEN ALUEELLA VAKITUISESTI ASUVAT:<\/strong><\/p>\n\n\n\n<p><strong>Osakaslupa:<\/strong>&nbsp;<strong>20 \u20ac<\/strong>, sis. 8 verkkoa (HUOM UUSI LAKI 1.1.2016), sis. vesilinnustus ym. pyynti, paitsi nuotta- ja isorys\u00e4pyynti. Lis\u00e4luvat vain kaupallisille kalastajille&nbsp;<strong>10 \u20ac\/5<\/strong>&nbsp;verkkoa\/yksikk\u00f6\u00e4 (enint\u00e4\u00e4n 30m pitk\u00e4 ja 3m korkea verkko) &nbsp;<\/p>\n\n\n\n<p><strong>EI OSUUTTA YHTEISIIN VESIALUEISIIN:<\/strong><\/p>\n\n\n\n<p><strong>5<\/strong>&nbsp;pyydysyksik\u00f6n lupa&nbsp;<strong>40 \u20ac&nbsp;<\/strong>k\u00e4sitt\u00e4en my\u00f6s muun pyynnin paitsi nuotta ja isorys\u00e4<strong>,&nbsp;<\/strong>voimassaolo 1.6.- 31.10. Pyydysyksikk\u00f6 on enint\u00e4\u00e4n 30m pitk\u00e4 ja 3m korkea verkko.<\/p>\n\n\n\n<p><strong>NUOTTA , AVORYS\u00c4 JA PAUNETTI<\/strong><\/p>\n\n\n\n<p>Osakkaat&nbsp;<strong>20<\/strong>&nbsp;\u20ac\/kausi alle 250 metrin nuotalle, pidemm\u00e4t nuotat&nbsp;<strong>100<\/strong>&nbsp;\u20ac\/kausi.<\/p>\n\n\n\n<p>EI OSAKKAAN nuottalupa&nbsp;<strong>100&nbsp;<\/strong>\u20ac\/kausi sulaan veteen alle 250 m nuotalle.<\/p>\n\n\n\n<p>Kaupallisen kalastajan isorys\u00e4lupa&nbsp;<strong>50<\/strong>&nbsp;\u20ac\/kpl.<\/p>\n\n\n\n<p><strong>VERKKOPYYNTIRAJOITUKSET<\/strong><\/p>\n\n\n\n<p>Verkkopyynnilt\u00e4 on rauhoitettu Markosalmi, Pirttisalmi ja Tyyti\u00e4nsalmi ja Hein\u00e4lahden pohjapadon molemmin puolin&nbsp;<strong>50 m:n<\/strong>&nbsp;alueella kaikilta kiinteilt\u00e4 pyydyksilt\u00e4. &nbsp;<\/p>\n\n\n\n<p><strong>PYYDYSTEN MERKINT\u00c4<\/strong><\/p>\n\n\n\n<p>Pyydykset tulee merkit\u00e4 1,2 m lipullisella (v\u00e4h. 20 cm) salolla, jossa on<strong>&nbsp;heijastin<\/strong>&nbsp;ja&nbsp;<strong>pyyt\u00e4j\u00e4n nimi ja<\/strong>&nbsp;<strong>yhteystiedot&nbsp;<\/strong>(kalastuss\u00e4\u00e4d\u00f6kset)<strong>.<\/strong>&nbsp;Jos pyydys on alle 1,5 syvyydell\u00e4 pinnasta, tulee p\u00e4\u00e4tysaloissa olla kaksi lippua (v\u00e4h. 20 cm) ja v\u00e4likohot jokaista alkavaa 120 m kohden. K\u00f6ysien tulee olla uppoavia tai painotettuja. Talvipyydyksiin ja avantoihin ( yli 40 cm) v\u00e4h. 1,2 m salot heijastimella ja pyyt\u00e4j\u00e4n yhteystiedoilla. &nbsp;<\/p>\n\n\n\n<p>Kalastuss\u00e4\u00e4d\u00f6kset kielt\u00e4v\u00e4t kalastuspaikkojen \u201dvaraamisen\u201d ilman pyydyst\u00e4. &nbsp;<\/p>\n\n\n\n<p><strong>MUUT LUVAT<\/strong><\/p>\n\n\n\n<p>Uistelu&nbsp;<strong>40 \u20ac (<\/strong>max 10 vapaa), sorsastus&nbsp;<strong>25 \u20ac<\/strong>&nbsp;(<strong>Purnu ja Rasvalahti<\/strong>&nbsp;on rauhoitettu sorsastukselta).<\/p>\n\n\n\n<p><strong>Antoisia kalastushetki\u00e4!<\/strong><\/p>\n\n\n\n<p><strong>LIS\u00c4TIEDOT: Hoitokunta<\/strong><\/p>\n\n\n\n<p>Matti Puranen pj, 040-356 4711, Esa Kotilainen 040-773 8963, Risto Niskanen 040-175 0722, Jorma Puranen 050-561 3577, Kari Kauppinen 040-1955538, Antti Lepp\u00e4nen 0440-270&nbsp;003<\/p>\n\n\n\n<p><strong>Luvanmyyj\u00e4t:<\/strong><\/p>\n\n\n\n<p><strong>Puralankyl\u00e4ll\u00e4<\/strong>&nbsp;Risto Niskanen ja Lauri Leinonkoski,&nbsp;<strong>Kirkonkyl\u00e4ll\u00e4<\/strong>&nbsp;Irma J\u00e4mb\u00e4ck, Hannunkiven lomakyl\u00e4 ja Onni Paananen,&nbsp;<strong>Talviaislahti-Holmisper\u00e4<\/strong>&nbsp;Markku Kinnunen,&nbsp;<strong>Hiitoper\u00e4ll\u00e4<\/strong>&nbsp;Jorma Puranen,&nbsp;<strong>Lokakyl\u00e4ll\u00e4<\/strong>&nbsp;Sari ja Asko Kauppinen.<\/p>\n","protected":false},"excerpt":{"rendered":"<p>Lupamaksut ja ohjeet KALASTUS KUIVANIEMEN OSAKASKUNNAN ALUEELLA 1.5.2019-30.4.2020 HUOMIOI KALASTUSS\u00c4\u00c4D\u00d6KSET ( max 8 verkkoa) Muista laittaa lippusalkoihin nimesi ja yhteystietosi, koska muuten valvojat poistavat pyydyksesi. Kivij\u00e4rven Kalastusalueen p\u00e4\u00e4t\u00f6kset: Solmuv\u00e4lilt\u00e4\u00e4n 25-54 mm:n verkkojen pit\u00e4minen on kielletty yli kolmen (3) metrin syvyydell\u00e4 pois lukien loka-marraskuu. Selk\u00e4saaret ja luodot ovat rajoituksen piiriss\u00e4 my\u00f6s alle kolmen (3) metrin syvyydelt\u00e4<\/p>\n<p><a class=\"moretag\" href=\"https:\/\/kivijarvenkalatalousalue.fi\/kuivaniemi\/luvat\/lupamaksut-ja-ohjeet\/\"> Lue lis\u00e4\u00e4 ><\/a><\/p>\n","protected":false},"author":2,"featured_media":0,"parent":45,"menu_order":0,"comment_status":"closed","ping_status":"closed","template":"basic-sivu.php","meta":{"_acf_changed":false,"footnotes":""},"class_list":["post-86","page","type-page","status-publish","hentry"],"acf":[],"yoast_head":"<!-- This site is optimized with the Yoast SEO plugin v27.1.1 - https:\/\/yoast.com\/product\/yoast-seo-wordpress\/ -->\n<title>Lupamaksut ja ohjeet - Kuivaniemen osakaskunta<\/title>\n<meta name=\"robots\" content=\"index, follow, max-snippet:-1, max-image-preview:large, max-video-preview:-1\" \/>\n<link rel=\"canonical\" href=\"https:\/\/kivijarvenkalatalousalue.fi\/kuivaniemi\/luvat\/lupamaksut-ja-ohjeet\/\" \/>\n<meta property=\"og:locale\" content=\"fi_FI\" \/>\n<meta property=\"og:type\" content=\"article\" \/>\n<meta property=\"og:title\" content=\"Lupamaksut ja ohjeet - Kuivaniemen osakaskunta\" \/>\n<meta property=\"og:description\" content=\"Lupamaksut ja ohjeet KALASTUS KUIVANIEMEN OSAKASKUNNAN ALUEELLA 1.5.2019-30.4.2020 HUOMIOI KALASTUSS\u00c4\u00c4D\u00d6KSET ( max 8 verkkoa) Muista laittaa lippusalkoihin nimesi ja yhteystietosi, koska muuten valvojat poistavat pyydyksesi. Kivij\u00e4rven Kalastusalueen p\u00e4\u00e4t\u00f6kset: Solmuv\u00e4lilt\u00e4\u00e4n 25-54 mm:n verkkojen pit\u00e4minen on kielletty yli kolmen (3) metrin syvyydell\u00e4 pois lukien loka-marraskuu. Selk\u00e4saaret ja luodot ovat rajoituksen piiriss\u00e4 my\u00f6s alle kolmen (3) metrin syvyydelt\u00e4 Lue lis\u00e4\u00e4 &gt;\" \/>\n<meta property=\"og:url\" content=\"https:\/\/kivijarvenkalatalousalue.fi\/kuivaniemi\/luvat\/lupamaksut-ja-ohjeet\/\" \/>\n<meta property=\"og:site_name\" content=\"Kuivaniemen osakaskunta\" \/>\n<meta property=\"article:modified_time\" content=\"2021-04-26T13:41:19+00:00\" \/>\n<meta name=\"twitter:card\" content=\"summary_large_image\" \/>\n<meta name=\"twitter:label1\" content=\"Arvioitu lukuaika\" \/>\n\t<meta name=\"twitter:data1\" content=\"2 minuuttia\" \/>\n<script type=\"application\/ld+json\" class=\"yoast-schema-graph\">{\"@context\":\"https:\/\/schema.org\",\"@graph\":[{\"@type\":\"WebPage\",\"@id\":\"https:\/\/kivijarvenkalatalousalue.fi\/kuivaniemi\/luvat\/lupamaksut-ja-ohjeet\/\",\"url\":\"https:\/\/kivijarvenkalatalousalue.fi\/kuivaniemi\/luvat\/lupamaksut-ja-ohjeet\/\",\"name\":\"Lupamaksut ja ohjeet - Kuivaniemen osakaskunta\",\"isPartOf\":{\"@id\":\"https:\/\/kivijarvenkalatalousalue.fi\/kuivaniemi\/#website\"},\"datePublished\":\"2020-10-29T09:39:36+00:00\",\"dateModified\":\"2021-04-26T13:41:19+00:00\",\"breadcrumb\":{\"@id\":\"https:\/\/kivijarvenkalatalousalue.fi\/kuivaniemi\/luvat\/lupamaksut-ja-ohjeet\/#breadcrumb\"},\"inLanguage\":\"fi\",\"potentialAction\":[{\"@type\":\"ReadAction\",\"target\":[\"https:\/\/kivijarvenkalatalousalue.fi\/kuivaniemi\/luvat\/lupamaksut-ja-ohjeet\/\"]}]},{\"@type\":\"BreadcrumbList\",\"@id\":\"https:\/\/kivijarvenkalatalousalue.fi\/kuivaniemi\/luvat\/lupamaksut-ja-ohjeet\/#breadcrumb\",\"itemListElement\":[{\"@type\":\"ListItem\",\"position\":1,\"name\":\"Home\",\"item\":\"https:\/\/kivijarvenkalatalousalue.fi\/kuivaniemi\/\"},{\"@type\":\"ListItem\",\"position\":2,\"name\":\"Yksityinen: Luvat\",\"item\":\"https:\/\/kivijarvenkalatalousalue.fi\/kuivaniemi\/?page_id=45\"},{\"@type\":\"ListItem\",\"position\":3,\"name\":\"Lupamaksut ja ohjeet\"}]},{\"@type\":\"WebSite\",\"@id\":\"https:\/\/kivijarvenkalatalousalue.fi\/kuivaniemi\/#website\",\"url\":\"https:\/\/kivijarvenkalatalousalue.fi\/kuivaniemi\/\",\"name\":\"Kuivaniemen osakaskunta\",\"description\":\"Uusi Kivij\u00e4rven kalatalousalue -sivusto\",\"potentialAction\":[{\"@type\":\"SearchAction\",\"target\":{\"@type\":\"EntryPoint\",\"urlTemplate\":\"https:\/\/kivijarvenkalatalousalue.fi\/kuivaniemi\/?s={search_term_string}\"},\"query-input\":{\"@type\":\"PropertyValueSpecification\",\"valueRequired\":true,\"valueName\":\"search_term_string\"}}],\"inLanguage\":\"fi\"}]}<\/script>\n<!-- \/ Yoast SEO plugin. -->","yoast_head_json":{"title":"Lupamaksut ja ohjeet - Kuivaniemen osakaskunta","robots":{"index":"index","follow":"follow","max-snippet":"max-snippet:-1","max-image-preview":"max-image-preview:large","max-video-preview":"max-video-preview:-1"},"canonical":"https:\/\/kivijarvenkalatalousalue.fi\/kuivaniemi\/luvat\/lupamaksut-ja-ohjeet\/","og_locale":"fi_FI","og_type":"article","og_title":"Lupamaksut ja ohjeet - Kuivaniemen osakaskunta","og_description":"Lupamaksut ja ohjeet KALASTUS KUIVANIEMEN OSAKASKUNNAN ALUEELLA 1.5.2019-30.4.2020 HUOMIOI KALASTUSS\u00c4\u00c4D\u00d6KSET ( max 8 verkkoa) Muista laittaa lippusalkoihin nimesi ja yhteystietosi, koska muuten valvojat poistavat pyydyksesi. Kivij\u00e4rven Kalastusalueen p\u00e4\u00e4t\u00f6kset: Solmuv\u00e4lilt\u00e4\u00e4n 25-54 mm:n verkkojen pit\u00e4minen on kielletty yli kolmen (3) metrin syvyydell\u00e4 pois lukien loka-marraskuu. Selk\u00e4saaret ja luodot ovat rajoituksen piiriss\u00e4 my\u00f6s alle kolmen (3) metrin syvyydelt\u00e4 Lue lis\u00e4\u00e4 >","og_url":"https:\/\/kivijarvenkalatalousalue.fi\/kuivaniemi\/luvat\/lupamaksut-ja-ohjeet\/","og_site_name":"Kuivaniemen osakaskunta","article_modified_time":"2021-04-26T13:41:19+00:00","twitter_card":"summary_large_image","twitter_misc":{"Arvioitu lukuaika":"2 minuuttia"},"schema":{"@context":"https:\/\/schema.org","@graph":[{"@type":"WebPage","@id":"https:\/\/kivijarvenkalatalousalue.fi\/kuivaniemi\/luvat\/lupamaksut-ja-ohjeet\/","url":"https:\/\/kivijarvenkalatalousalue.fi\/kuivaniemi\/luvat\/lupamaksut-ja-ohjeet\/","name":"Lupamaksut ja ohjeet - Kuivaniemen osakaskunta","isPartOf":{"@id":"https:\/\/kivijarvenkalatalousalue.fi\/kuivaniemi\/#website"},"datePublished":"2020-10-29T09:39:36+00:00","dateModified":"2021-04-26T13:41:19+00:00","breadcrumb":{"@id":"https:\/\/kivijarvenkalatalousalue.fi\/kuivaniemi\/luvat\/lupamaksut-ja-ohjeet\/#breadcrumb"},"inLanguage":"fi","potentialAction":[{"@type":"ReadAction","target":["https:\/\/kivijarvenkalatalousalue.fi\/kuivaniemi\/luvat\/lupamaksut-ja-ohjeet\/"]}]},{"@type":"BreadcrumbList","@id":"https:\/\/kivijarvenkalatalousalue.fi\/kuivaniemi\/luvat\/lupamaksut-ja-ohjeet\/#breadcrumb","itemListElement":[{"@type":"ListItem","position":1,"name":"Home","item":"https:\/\/kivijarvenkalatalousalue.fi\/kuivaniemi\/"},{"@type":"ListItem","position":2,"name":"Yksityinen: Luvat","item":"https:\/\/kivijarvenkalatalousalue.fi\/kuivaniemi\/?page_id=45"},{"@type":"ListItem","position":3,"name":"Lupamaksut ja ohjeet"}]},{"@type":"WebSite","@id":"https:\/\/kivijarvenkalatalousalue.fi\/kuivaniemi\/#website","url":"https:\/\/kivijarvenkalatalousalue.fi\/kuivaniemi\/","name":"Kuivaniemen osakaskunta","description":"Uusi Kivij\u00e4rven kalatalousalue -sivusto","potentialAction":[{"@type":"SearchAction","target":{"@type":"EntryPoint","urlTemplate":"https:\/\/kivijarvenkalatalousalue.fi\/kuivaniemi\/?s={search_term_string}"},"query-input":{"@type":"PropertyValueSpecification","valueRequired":true,"valueName":"search_term_string"}}],"inLanguage":"fi"}]}},"_links":{"self":[{"href":"https:\/\/kivijarvenkalatalousalue.fi\/kuivaniemi\/wp-json\/wp\/v2\/pages\/86","targetHints":{"allow":["GET"]}}],"collection":[{"href":"https:\/\/kivijarvenkalatalousalue.fi\/kuivaniemi\/wp-json\/wp\/v2\/pages"}],"about":[{"href":"https:\/\/kivijarvenkalatalousalue.fi\/kuivaniemi\/wp-json\/wp\/v2\/types\/page"}],"author":[{"embeddable":true,"href":"https:\/\/kivijarvenkalatalousalue.fi\/kuivaniemi\/wp-json\/wp\/v2\/users\/2"}],"replies":[{"embeddable":true,"href":"https:\/\/kivijarvenkalatalousalue.fi\/kuivaniemi\/wp-json\/wp\/v2\/comments?post=86"}],"version-history":[{"count":5,"href":"https:\/\/kivijarvenkalatalousalue.fi\/kuivaniemi\/wp-json\/wp\/v2\/pages\/86\/revisions"}],"predecessor-version":[{"id":260,"href":"https:\/\/kivijarvenkalatalousalue.fi\/kuivaniemi\/wp-json\/wp\/v2\/pages\/86\/revisions\/260"}],"up":[{"embeddable":true,"href":"https:\/\/kivijarvenkalatalousalue.fi\/kuivaniemi\/wp-json\/wp\/v2\/pages\/45"}],"wp:attachment":[{"href":"https:\/\/kivijarvenkalatalousalue.fi\/kuivaniemi\/wp-json\/wp\/v2\/media?parent=86"}],"curies":[{"name":"wp","href":"https:\/\/api.w.org\/{rel}","templated":true}]}}