{"id":56,"date":"2020-10-29T10:03:00","date_gmt":"2020-10-29T08:03:00","guid":{"rendered":"http:\/\/89.166.51.80\/~pohjoispaij\/ahtola\/?page_id=56"},"modified":"2021-04-26T15:12:17","modified_gmt":"2021-04-26T12:12:17","slug":"saannot","status":"publish","type":"page","link":"https:\/\/kivijarvenkalatalousalue.fi\/oinola\/hallinto\/saannot\/","title":{"rendered":"S\u00e4\u00e4nn\u00f6t"},"content":{"rendered":"\n<h2 class=\"wp-block-heading\">Osakaskunnan s\u00e4\u00e4nn\u00f6t<\/h2>\n","protected":false},"excerpt":{"rendered":"<p>Osakaskunnan s\u00e4\u00e4nn\u00f6t<\/p>\n","protected":false},"author":2,"featured_media":0,"parent":32,"menu_order":0,"comment_status":"closed","ping_status":"closed","template":"basic-sivu.php","meta":{"_acf_changed":false,"footnotes":""},"class_list":["post-56","page","type-page","status-publish","hentry"],"acf":[],"yoast_head":"<!-- This site is optimized with the Yoast SEO plugin v27.1.1 - https:\/\/yoast.com\/product\/yoast-seo-wordpress\/ -->\n<title>S\u00e4\u00e4nn\u00f6t - Oinolan osakaskunta<\/title>\n<meta name=\"robots\" content=\"index, follow, max-snippet:-1, max-image-preview:large, max-video-preview:-1\" \/>\n<link rel=\"canonical\" href=\"https:\/\/kivijarvenkalatalousalue.fi\/oinola\/hallinto\/saannot\/\" \/>\n<meta property=\"og:locale\" content=\"fi_FI\" \/>\n<meta property=\"og:type\" content=\"article\" \/>\n<meta property=\"og:title\" content=\"S\u00e4\u00e4nn\u00f6t - Oinolan osakaskunta\" \/>\n<meta property=\"og:description\" content=\"Osakaskunnan s\u00e4\u00e4nn\u00f6t\" \/>\n<meta property=\"og:url\" content=\"https:\/\/kivijarvenkalatalousalue.fi\/oinola\/hallinto\/saannot\/\" \/>\n<meta property=\"og:site_name\" content=\"Oinolan osakaskunta\" \/>\n<meta property=\"article:modified_time\" content=\"2021-04-26T12:12:17+00:00\" \/>\n<meta name=\"twitter:card\" content=\"summary_large_image\" \/>\n<script type=\"application\/ld+json\" class=\"yoast-schema-graph\">{\"@context\":\"https:\/\/schema.org\",\"@graph\":[{\"@type\":\"WebPage\",\"@id\":\"https:\/\/kivijarvenkalatalousalue.fi\/oinola\/hallinto\/saannot\/\",\"url\":\"https:\/\/kivijarvenkalatalousalue.fi\/oinola\/hallinto\/saannot\/\",\"name\":\"S\u00e4\u00e4nn\u00f6t - Oinolan osakaskunta\",\"isPartOf\":{\"@id\":\"https:\/\/kivijarvenkalatalousalue.fi\/oinola\/#website\"},\"datePublished\":\"2020-10-29T08:03:00+00:00\",\"dateModified\":\"2021-04-26T12:12:17+00:00\",\"breadcrumb\":{\"@id\":\"https:\/\/kivijarvenkalatalousalue.fi\/oinola\/hallinto\/saannot\/#breadcrumb\"},\"inLanguage\":\"fi\",\"potentialAction\":[{\"@type\":\"ReadAction\",\"target\":[\"https:\/\/kivijarvenkalatalousalue.fi\/oinola\/hallinto\/saannot\/\"]}]},{\"@type\":\"BreadcrumbList\",\"@id\":\"https:\/\/kivijarvenkalatalousalue.fi\/oinola\/hallinto\/saannot\/#breadcrumb\",\"itemListElement\":[{\"@type\":\"ListItem\",\"position\":1,\"name\":\"Home\",\"item\":\"https:\/\/kivijarvenkalatalousalue.fi\/oinola\/\"},{\"@type\":\"ListItem\",\"position\":2,\"name\":\"Yksityinen: Hallinto\",\"item\":\"https:\/\/kivijarvenkalatalousalue.fi\/oinola\/?page_id=32\"},{\"@type\":\"ListItem\",\"position\":3,\"name\":\"S\u00e4\u00e4nn\u00f6t\"}]},{\"@type\":\"WebSite\",\"@id\":\"https:\/\/kivijarvenkalatalousalue.fi\/oinola\/#website\",\"url\":\"https:\/\/kivijarvenkalatalousalue.fi\/oinola\/\",\"name\":\"Oinolan osakaskunta\",\"description\":\"Uusi Kivij\u00e4rven kalatalousalue -sivusto\",\"potentialAction\":[{\"@type\":\"SearchAction\",\"target\":{\"@type\":\"EntryPoint\",\"urlTemplate\":\"https:\/\/kivijarvenkalatalousalue.fi\/oinola\/?s={search_term_string}\"},\"query-input\":{\"@type\":\"PropertyValueSpecification\",\"valueRequired\":true,\"valueName\":\"search_term_string\"}}],\"inLanguage\":\"fi\"}]}<\/script>\n<!-- \/ Yoast SEO plugin. -->","yoast_head_json":{"title":"S\u00e4\u00e4nn\u00f6t - Oinolan osakaskunta","robots":{"index":"index","follow":"follow","max-snippet":"max-snippet:-1","max-image-preview":"max-image-preview:large","max-video-preview":"max-video-preview:-1"},"canonical":"https:\/\/kivijarvenkalatalousalue.fi\/oinola\/hallinto\/saannot\/","og_locale":"fi_FI","og_type":"article","og_title":"S\u00e4\u00e4nn\u00f6t - Oinolan osakaskunta","og_description":"Osakaskunnan s\u00e4\u00e4nn\u00f6t","og_url":"https:\/\/kivijarvenkalatalousalue.fi\/oinola\/hallinto\/saannot\/","og_site_name":"Oinolan osakaskunta","article_modified_time":"2021-04-26T12:12:17+00:00","twitter_card":"summary_large_image","schema":{"@context":"https:\/\/schema.org","@graph":[{"@type":"WebPage","@id":"https:\/\/kivijarvenkalatalousalue.fi\/oinola\/hallinto\/saannot\/","url":"https:\/\/kivijarvenkalatalousalue.fi\/oinola\/hallinto\/saannot\/","name":"S\u00e4\u00e4nn\u00f6t - Oinolan osakaskunta","isPartOf":{"@id":"https:\/\/kivijarvenkalatalousalue.fi\/oinola\/#website"},"datePublished":"2020-10-29T08:03:00+00:00","dateModified":"2021-04-26T12:12:17+00:00","breadcrumb":{"@id":"https:\/\/kivijarvenkalatalousalue.fi\/oinola\/hallinto\/saannot\/#breadcrumb"},"inLanguage":"fi","potentialAction":[{"@type":"ReadAction","target":["https:\/\/kivijarvenkalatalousalue.fi\/oinola\/hallinto\/saannot\/"]}]},{"@type":"BreadcrumbList","@id":"https:\/\/kivijarvenkalatalousalue.fi\/oinola\/hallinto\/saannot\/#breadcrumb","itemListElement":[{"@type":"ListItem","position":1,"name":"Home","item":"https:\/\/kivijarvenkalatalousalue.fi\/oinola\/"},{"@type":"ListItem","position":2,"name":"Yksityinen: Hallinto","item":"https:\/\/kivijarvenkalatalousalue.fi\/oinola\/?page_id=32"},{"@type":"ListItem","position":3,"name":"S\u00e4\u00e4nn\u00f6t"}]},{"@type":"WebSite","@id":"https:\/\/kivijarvenkalatalousalue.fi\/oinola\/#website","url":"https:\/\/kivijarvenkalatalousalue.fi\/oinola\/","name":"Oinolan osakaskunta","description":"Uusi Kivij\u00e4rven kalatalousalue -sivusto","potentialAction":[{"@type":"SearchAction","target":{"@type":"EntryPoint","urlTemplate":"https:\/\/kivijarvenkalatalousalue.fi\/oinola\/?s={search_term_string}"},"query-input":{"@type":"PropertyValueSpecification","valueRequired":true,"valueName":"search_term_string"}}],"inLanguage":"fi"}]}},"_links":{"self":[{"href":"https:\/\/kivijarvenkalatalousalue.fi\/oinola\/wp-json\/wp\/v2\/pages\/56","targetHints":{"allow":["GET"]}}],"collection":[{"href":"https:\/\/kivijarvenkalatalousalue.fi\/oinola\/wp-json\/wp\/v2\/pages"}],"about":[{"href":"https:\/\/kivijarvenkalatalousalue.fi\/oinola\/wp-json\/wp\/v2\/types\/page"}],"author":[{"embeddable":true,"href":"https:\/\/kivijarvenkalatalousalue.fi\/oinola\/wp-json\/wp\/v2\/users\/2"}],"replies":[{"embeddable":true,"href":"https:\/\/kivijarvenkalatalousalue.fi\/oinola\/wp-json\/wp\/v2\/comments?post=56"}],"version-history":[{"count":2,"href":"https:\/\/kivijarvenkalatalousalue.fi\/oinola\/wp-json\/wp\/v2\/pages\/56\/revisions"}],"predecessor-version":[{"id":227,"href":"https:\/\/kivijarvenkalatalousalue.fi\/oinola\/wp-json\/wp\/v2\/pages\/56\/revisions\/227"}],"up":[{"embeddable":true,"href":"https:\/\/kivijarvenkalatalousalue.fi\/oinola\/wp-json\/wp\/v2\/pages\/32"}],"wp:attachment":[{"href":"https:\/\/kivijarvenkalatalousalue.fi\/oinola\/wp-json\/wp\/v2\/media?parent=56"}],"curies":[{"name":"wp","href":"https:\/\/api.w.org\/{rel}","templated":true}]}}