{"id":189,"date":"2020-10-22T07:32:51","date_gmt":"2020-10-22T04:32:51","guid":{"rendered":"http:\/\/89.166.51.80\/~pohjoispaij\/ahtola\/?page_id=2"},"modified":"2026-03-30T13:07:58","modified_gmt":"2026-03-30T10:07:58","slug":"etusivu","status":"publish","type":"page","link":"https:\/\/kivijarvenkalatalousalue.fi\/pudasjarvi\/","title":{"rendered":"Etusivu"},"content":{"rendered":"\n<h2 class=\"wp-block-heading\">Tervetuloa Pudasj\u00e4rven&nbsp;osakaskuntaan<\/h2>\n\n\n\n<div class=\"wp-block-file\"><a id=\"wp-block-file--media-284eca01-cde4-46c2-b3c1-d0330d0056f6\" href=\"https:\/\/kivijarvenkalatalousalue.fi\/pudasjarvi\/wp-content\/uploads\/sites\/10\/2026\/03\/Tilinpaatos-2025-Liite-5.doc\">Tilinp\u00e4\u00e4t\u00f6s 2025 Liite 5<\/a><a href=\"https:\/\/kivijarvenkalatalousalue.fi\/pudasjarvi\/wp-content\/uploads\/sites\/10\/2026\/03\/Tilinpaatos-2025-Liite-5.doc\" class=\"wp-block-file__button wp-element-button\" download aria-describedby=\"wp-block-file--media-284eca01-cde4-46c2-b3c1-d0330d0056f6\">Lataa<\/a><\/div>\n\n\n\n<div class=\"wp-block-file\"><a id=\"wp-block-file--media-ea33d786-e277-4104-816b-feb26d6ee692\" href=\"https:\/\/kivijarvenkalatalousalue.fi\/pudasjarvi\/wp-content\/uploads\/sites\/10\/2026\/03\/Tiedote-2026.doc\">Tiedote 2026<\/a><a href=\"https:\/\/kivijarvenkalatalousalue.fi\/pudasjarvi\/wp-content\/uploads\/sites\/10\/2026\/03\/Tiedote-2026.doc\" class=\"wp-block-file__button wp-element-button\" download aria-describedby=\"wp-block-file--media-ea33d786-e277-4104-816b-feb26d6ee692\">Lataa<\/a><\/div>\n\n\n\n<div class=\"wp-block-file\"><a id=\"wp-block-file--media-cd72505b-bb42-4556-be61-a309b0f1ee89\" href=\"https:\/\/kivijarvenkalatalousalue.fi\/pudasjarvi\/wp-content\/uploads\/sites\/10\/2026\/03\/Pudasjarven-osakaskunta-2026-vuosikokouspoytakirja-allekirjoitettu.pdf\">Pudasj\u00e4rven osakaskunta 2026 vuosikokousp\u00f6yt\u00e4kirja allekirjoitettu<\/a><a href=\"https:\/\/kivijarvenkalatalousalue.fi\/pudasjarvi\/wp-content\/uploads\/sites\/10\/2026\/03\/Pudasjarven-osakaskunta-2026-vuosikokouspoytakirja-allekirjoitettu.pdf\" class=\"wp-block-file__button wp-element-button\" download aria-describedby=\"wp-block-file--media-cd72505b-bb42-4556-be61-a309b0f1ee89\">Lataa<\/a><\/div>\n\n\n\n<div class=\"wp-block-file\"><a id=\"wp-block-file--media-7d07e30a-de9d-4767-a523-b22e63156142\" href=\"https:\/\/kivijarvenkalatalousalue.fi\/pudasjarvi\/wp-content\/uploads\/sites\/10\/2026\/03\/Pudasjarvi-kokouskutsu-2026.pdf\">Pudasj\u00e4rvi kokouskutsu 2026<\/a><a href=\"https:\/\/kivijarvenkalatalousalue.fi\/pudasjarvi\/wp-content\/uploads\/sites\/10\/2026\/03\/Pudasjarvi-kokouskutsu-2026.pdf\" class=\"wp-block-file__button wp-element-button\" download aria-describedby=\"wp-block-file--media-7d07e30a-de9d-4767-a523-b22e63156142\">Lataa<\/a><\/div>\n\n\n\n<div class=\"wp-block-file\"><a id=\"wp-block-file--media-9051dbe4-6e33-462a-921a-f1d0a23b2371\" href=\"https:\/\/kivijarvenkalatalousalue.fi\/pudasjarvi\/wp-content\/uploads\/sites\/10\/2026\/03\/ok-asialista-2026.pdf\">ok asialista 2026<\/a><a href=\"https:\/\/kivijarvenkalatalousalue.fi\/pudasjarvi\/wp-content\/uploads\/sites\/10\/2026\/03\/ok-asialista-2026.pdf\" class=\"wp-block-file__button wp-element-button\" download aria-describedby=\"wp-block-file--media-9051dbe4-6e33-462a-921a-f1d0a23b2371\">Lataa<\/a><\/div>\n\n\n\n<p><\/p>\n\n\n\n<div class=\"wp-block-file\"><a id=\"wp-block-file--media-b5baecd2-1574-4ccf-8dd1-1bdb72268e9d\" href=\"https:\/\/kivijarvenkalatalousalue.fi\/pudasjarvi\/wp-content\/uploads\/sites\/10\/2025\/04\/Pudasjarven-osakaskunnan-vuosikouksen-2025-skannattu-poytakirja.pdf\">Pudasj\u00e4rven osakaskunnan vuosikouksen 2025  p\u00f6yt\u00e4kirja<\/a><a href=\"https:\/\/kivijarvenkalatalousalue.fi\/pudasjarvi\/wp-content\/uploads\/sites\/10\/2025\/04\/Pudasjarven-osakaskunnan-vuosikouksen-2025-skannattu-poytakirja.pdf\" class=\"wp-block-file__button wp-element-button\" download aria-describedby=\"wp-block-file--media-b5baecd2-1574-4ccf-8dd1-1bdb72268e9d\">Lataa<\/a><\/div>\n\n\n\n<div class=\"wp-block-file\"><a id=\"wp-block-file--media-f4996855-fce5-4cb3-a263-d447b6ba9265\" href=\"https:\/\/kivijarvenkalatalousalue.fi\/pudasjarvi\/wp-content\/uploads\/sites\/10\/2025\/04\/Tiedote-2025.pdf\">Tiedote 2025<\/a><a href=\"https:\/\/kivijarvenkalatalousalue.fi\/pudasjarvi\/wp-content\/uploads\/sites\/10\/2025\/04\/Tiedote-2025.pdf\" class=\"wp-block-file__button wp-element-button\" download aria-describedby=\"wp-block-file--media-f4996855-fce5-4cb3-a263-d447b6ba9265\">Lataa<\/a><\/div>\n\n\n\n<div class=\"wp-block-file\"><a id=\"wp-block-file--media-1c0e7857-72c4-4b38-bed4-b02615af3ecb\" href=\"https:\/\/kivijarvenkalatalousalue.fi\/pudasjarvi\/wp-content\/uploads\/sites\/10\/2023\/09\/Kannonkosken-uoman-ennallistaminen-esiselvitys-Watec-Consulting-Oy-2023.pdf\">Kannonkosken uoman ennallistaminen -esiselvitys Watec Consulting Oy 2023<\/a><a href=\"https:\/\/kivijarvenkalatalousalue.fi\/pudasjarvi\/wp-content\/uploads\/sites\/10\/2023\/09\/Kannonkosken-uoman-ennallistaminen-esiselvitys-Watec-Consulting-Oy-2023.pdf\" class=\"wp-block-file__button wp-element-button\" download aria-describedby=\"wp-block-file--media-1c0e7857-72c4-4b38-bed4-b02615af3ecb\">Lataa<\/a><\/div>\n\n\n\n<p><\/p>\n","protected":false},"excerpt":{"rendered":"<p>Tervetuloa Pudasj\u00e4rven&nbsp;osakaskuntaan<\/p>\n","protected":false},"author":2,"featured_media":0,"parent":0,"menu_order":0,"comment_status":"closed","ping_status":"closed","template":"","meta":{"_acf_changed":false,"footnotes":""},"class_list":["post-189","page","type-page","status-publish","hentry"],"acf":[],"yoast_head":"<!-- This site is optimized with the Yoast SEO plugin v27.1.1 - https:\/\/yoast.com\/product\/yoast-seo-wordpress\/ -->\n<title>Etusivu - Pudasj\u00e4rven osakaskunta<\/title>\n<meta name=\"robots\" content=\"index, follow, max-snippet:-1, max-image-preview:large, max-video-preview:-1\" \/>\n<link rel=\"canonical\" href=\"https:\/\/kivijarvenkalatalousalue.fi\/pudasjarvi\/\" \/>\n<meta property=\"og:locale\" content=\"fi_FI\" \/>\n<meta property=\"og:type\" content=\"article\" \/>\n<meta property=\"og:title\" content=\"Etusivu - Pudasj\u00e4rven osakaskunta\" \/>\n<meta property=\"og:description\" content=\"Tervetuloa Pudasj\u00e4rven&nbsp;osakaskuntaan\" \/>\n<meta property=\"og:url\" content=\"https:\/\/kivijarvenkalatalousalue.fi\/pudasjarvi\/\" \/>\n<meta property=\"og:site_name\" content=\"Pudasj\u00e4rven osakaskunta\" \/>\n<meta property=\"article:modified_time\" content=\"2026-03-30T10:07:58+00:00\" \/>\n<meta name=\"twitter:card\" content=\"summary_large_image\" \/>\n<meta name=\"twitter:label1\" content=\"Arvioitu lukuaika\" \/>\n\t<meta name=\"twitter:data1\" content=\"1 minuutti\" \/>\n<script type=\"application\/ld+json\" class=\"yoast-schema-graph\">{\"@context\":\"https:\/\/schema.org\",\"@graph\":[{\"@type\":\"WebPage\",\"@id\":\"https:\/\/kivijarvenkalatalousalue.fi\/pudasjarvi\/\",\"url\":\"https:\/\/kivijarvenkalatalousalue.fi\/pudasjarvi\/\",\"name\":\"Etusivu - Pudasj\u00e4rven osakaskunta\",\"isPartOf\":{\"@id\":\"https:\/\/kivijarvenkalatalousalue.fi\/pudasjarvi\/#website\"},\"datePublished\":\"2020-10-22T04:32:51+00:00\",\"dateModified\":\"2026-03-30T10:07:58+00:00\",\"breadcrumb\":{\"@id\":\"https:\/\/kivijarvenkalatalousalue.fi\/pudasjarvi\/#breadcrumb\"},\"inLanguage\":\"fi\",\"potentialAction\":[{\"@type\":\"ReadAction\",\"target\":[\"https:\/\/kivijarvenkalatalousalue.fi\/pudasjarvi\/\"]}]},{\"@type\":\"BreadcrumbList\",\"@id\":\"https:\/\/kivijarvenkalatalousalue.fi\/pudasjarvi\/#breadcrumb\",\"itemListElement\":[{\"@type\":\"ListItem\",\"position\":1,\"name\":\"Home\",\"item\":\"https:\/\/kivijarvenkalatalousalue.fi\/pudasjarvi\/\"},{\"@type\":\"ListItem\",\"position\":2,\"name\":\"Etusivu\"}]},{\"@type\":\"WebSite\",\"@id\":\"https:\/\/kivijarvenkalatalousalue.fi\/pudasjarvi\/#website\",\"url\":\"https:\/\/kivijarvenkalatalousalue.fi\/pudasjarvi\/\",\"name\":\"Pudasj\u00e4rven osakaskunta\",\"description\":\"Uusi Kivij\u00e4rven kalatalousalue -sivusto\",\"potentialAction\":[{\"@type\":\"SearchAction\",\"target\":{\"@type\":\"EntryPoint\",\"urlTemplate\":\"https:\/\/kivijarvenkalatalousalue.fi\/pudasjarvi\/?s={search_term_string}\"},\"query-input\":{\"@type\":\"PropertyValueSpecification\",\"valueRequired\":true,\"valueName\":\"search_term_string\"}}],\"inLanguage\":\"fi\"}]}<\/script>\n<!-- \/ Yoast SEO plugin. -->","yoast_head_json":{"title":"Etusivu - Pudasj\u00e4rven osakaskunta","robots":{"index":"index","follow":"follow","max-snippet":"max-snippet:-1","max-image-preview":"max-image-preview:large","max-video-preview":"max-video-preview:-1"},"canonical":"https:\/\/kivijarvenkalatalousalue.fi\/pudasjarvi\/","og_locale":"fi_FI","og_type":"article","og_title":"Etusivu - Pudasj\u00e4rven osakaskunta","og_description":"Tervetuloa Pudasj\u00e4rven&nbsp;osakaskuntaan","og_url":"https:\/\/kivijarvenkalatalousalue.fi\/pudasjarvi\/","og_site_name":"Pudasj\u00e4rven osakaskunta","article_modified_time":"2026-03-30T10:07:58+00:00","twitter_card":"summary_large_image","twitter_misc":{"Arvioitu lukuaika":"1 minuutti"},"schema":{"@context":"https:\/\/schema.org","@graph":[{"@type":"WebPage","@id":"https:\/\/kivijarvenkalatalousalue.fi\/pudasjarvi\/","url":"https:\/\/kivijarvenkalatalousalue.fi\/pudasjarvi\/","name":"Etusivu - Pudasj\u00e4rven osakaskunta","isPartOf":{"@id":"https:\/\/kivijarvenkalatalousalue.fi\/pudasjarvi\/#website"},"datePublished":"2020-10-22T04:32:51+00:00","dateModified":"2026-03-30T10:07:58+00:00","breadcrumb":{"@id":"https:\/\/kivijarvenkalatalousalue.fi\/pudasjarvi\/#breadcrumb"},"inLanguage":"fi","potentialAction":[{"@type":"ReadAction","target":["https:\/\/kivijarvenkalatalousalue.fi\/pudasjarvi\/"]}]},{"@type":"BreadcrumbList","@id":"https:\/\/kivijarvenkalatalousalue.fi\/pudasjarvi\/#breadcrumb","itemListElement":[{"@type":"ListItem","position":1,"name":"Home","item":"https:\/\/kivijarvenkalatalousalue.fi\/pudasjarvi\/"},{"@type":"ListItem","position":2,"name":"Etusivu"}]},{"@type":"WebSite","@id":"https:\/\/kivijarvenkalatalousalue.fi\/pudasjarvi\/#website","url":"https:\/\/kivijarvenkalatalousalue.fi\/pudasjarvi\/","name":"Pudasj\u00e4rven osakaskunta","description":"Uusi Kivij\u00e4rven kalatalousalue -sivusto","potentialAction":[{"@type":"SearchAction","target":{"@type":"EntryPoint","urlTemplate":"https:\/\/kivijarvenkalatalousalue.fi\/pudasjarvi\/?s={search_term_string}"},"query-input":{"@type":"PropertyValueSpecification","valueRequired":true,"valueName":"search_term_string"}}],"inLanguage":"fi"}]}},"_links":{"self":[{"href":"https:\/\/kivijarvenkalatalousalue.fi\/pudasjarvi\/wp-json\/wp\/v2\/pages\/189","targetHints":{"allow":["GET"]}}],"collection":[{"href":"https:\/\/kivijarvenkalatalousalue.fi\/pudasjarvi\/wp-json\/wp\/v2\/pages"}],"about":[{"href":"https:\/\/kivijarvenkalatalousalue.fi\/pudasjarvi\/wp-json\/wp\/v2\/types\/page"}],"author":[{"embeddable":true,"href":"https:\/\/kivijarvenkalatalousalue.fi\/pudasjarvi\/wp-json\/wp\/v2\/users\/2"}],"replies":[{"embeddable":true,"href":"https:\/\/kivijarvenkalatalousalue.fi\/pudasjarvi\/wp-json\/wp\/v2\/comments?post=189"}],"version-history":[{"count":13,"href":"https:\/\/kivijarvenkalatalousalue.fi\/pudasjarvi\/wp-json\/wp\/v2\/pages\/189\/revisions"}],"predecessor-version":[{"id":389,"href":"https:\/\/kivijarvenkalatalousalue.fi\/pudasjarvi\/wp-json\/wp\/v2\/pages\/189\/revisions\/389"}],"wp:attachment":[{"href":"https:\/\/kivijarvenkalatalousalue.fi\/pudasjarvi\/wp-json\/wp\/v2\/media?parent=189"}],"curies":[{"name":"wp","href":"https:\/\/api.w.org\/{rel}","templated":true}]}}