{"id":26,"date":"2020-10-29T08:31:59","date_gmt":"2020-10-29T08:31:59","guid":{"rendered":"http:\/\/89.166.51.80\/~pohjoispaij\/ahtola\/?page_id=26"},"modified":"2023-09-11T10:30:19","modified_gmt":"2023-09-11T07:30:19","slug":"tiedot","status":"publish","type":"page","link":"https:\/\/kivijarvenkalatalousalue.fi\/pudasjarvi\/tiedot\/","title":{"rendered":"Tiedot"},"content":{"rendered":"\n<h2 class=\"wp-block-heading\">Yhteystiedot<\/h2>\n\n\n\n<h3 class=\"wp-block-heading\"><strong>Hoitokunta <\/strong><\/h3>\n\n\n\n<p><strong>Puheenjohtaja:<\/strong><br>Matti J\u00e4sberg\u00a0<br>Jukkosuontie 86\u00a0<br>43300 KANNONKOSKI\u00a0<br>puh. 040-593 2316<br><a href=\"mailto:sirpa.jasberg1@gmail.com\">sirpa.jasberg1@gmail.com<\/a><\/p>\n\n\n\n<p><strong>Varapuheenjohtaja:<\/strong><br>Veli-Pekka Lyytinen<br>+358505827062<br><a href=\"mailto:velipekka.lyytinen@gmail.com\">velipekka.lyytinen@gmail.com<\/a><\/p>\n\n\n\n<p><strong>Sihteeri:<\/strong><br>Jukka Kainulainen<br>Syv\u00e4j\u00e4rventie 14<br>43300 Kannonkoski<br>+358407697694<br>jukka.kainulainen@mhy.fi<\/p>\n\n\n\n<p>J\u00e4sen Vesa Turpeinen\u00a0<br>J\u00e4sen Lauri Kinnunen<br>J\u00e4sen Reijo Vesterinen<br>J\u00e4sen Rauno Kauppinen<\/p>\n\n\n\n<p><strong>Kalastuksen valvojat:<\/strong><br>Rauno Kauppinen<br>Veijo Turpeinen<br>Erkki Kauppinen<br>Lauri Kinnunen<\/p>\n\n\n\n<h2 class=\"wp-block-heading\">Sijainti<\/h2>\n\n\n\n\n\n<p><\/p>\n","protected":false},"excerpt":{"rendered":"<p>Yhteystiedot Hoitokunta Puheenjohtaja:Matti J\u00e4sberg\u00a0Jukkosuontie 86\u00a043300 KANNONKOSKI\u00a0puh. 040-593 2316sirpa.jasberg1@gmail.com Varapuheenjohtaja:Veli-Pekka Lyytinen+358505827062velipekka.lyytinen@gmail.com Sihteeri:Jukka KainulainenSyv\u00e4j\u00e4rventie 1443300 Kannonkoski+358407697694jukka.kainulainen@mhy.fi J\u00e4sen Vesa Turpeinen\u00a0J\u00e4sen Lauri KinnunenJ\u00e4sen Reijo VesterinenJ\u00e4sen Rauno Kauppinen Kalastuksen valvojat:Rauno KauppinenVeijo TurpeinenErkki KauppinenLauri Kinnunen Sijainti<\/p>\n","protected":false},"author":2,"featured_media":0,"parent":0,"menu_order":0,"comment_status":"closed","ping_status":"closed","template":"basic-sivu.php","meta":{"_acf_changed":false,"footnotes":""},"class_list":["post-26","page","type-page","status-publish","hentry"],"acf":[],"yoast_head":"<!-- This site is optimized with the Yoast SEO plugin v27.1.1 - https:\/\/yoast.com\/product\/yoast-seo-wordpress\/ -->\n<title>Tiedot - Pudasj\u00e4rven osakaskunta<\/title>\n<meta name=\"robots\" content=\"index, follow, max-snippet:-1, max-image-preview:large, max-video-preview:-1\" \/>\n<link rel=\"canonical\" href=\"https:\/\/kivijarvenkalatalousalue.fi\/pudasjarvi\/tiedot\/\" \/>\n<meta property=\"og:locale\" content=\"fi_FI\" \/>\n<meta property=\"og:type\" content=\"article\" \/>\n<meta property=\"og:title\" content=\"Tiedot - Pudasj\u00e4rven osakaskunta\" \/>\n<meta property=\"og:description\" content=\"Yhteystiedot Hoitokunta Puheenjohtaja:Matti J\u00e4sberg\u00a0Jukkosuontie 86\u00a043300 KANNONKOSKI\u00a0puh. 040-593 2316sirpa.jasberg1@gmail.com Varapuheenjohtaja:Veli-Pekka Lyytinen+358505827062velipekka.lyytinen@gmail.com Sihteeri:Jukka KainulainenSyv\u00e4j\u00e4rventie 1443300 Kannonkoski+358407697694jukka.kainulainen@mhy.fi J\u00e4sen Vesa Turpeinen\u00a0J\u00e4sen Lauri KinnunenJ\u00e4sen Reijo VesterinenJ\u00e4sen Rauno Kauppinen Kalastuksen valvojat:Rauno KauppinenVeijo TurpeinenErkki KauppinenLauri Kinnunen Sijainti\" \/>\n<meta property=\"og:url\" content=\"https:\/\/kivijarvenkalatalousalue.fi\/pudasjarvi\/tiedot\/\" \/>\n<meta property=\"og:site_name\" content=\"Pudasj\u00e4rven osakaskunta\" \/>\n<meta property=\"article:modified_time\" content=\"2023-09-11T07:30:19+00:00\" \/>\n<meta name=\"twitter:card\" content=\"summary_large_image\" \/>\n<meta name=\"twitter:label1\" content=\"Arvioitu lukuaika\" \/>\n\t<meta name=\"twitter:data1\" content=\"1 minuutti\" \/>\n<script type=\"application\/ld+json\" class=\"yoast-schema-graph\">{\"@context\":\"https:\/\/schema.org\",\"@graph\":[{\"@type\":\"WebPage\",\"@id\":\"https:\/\/kivijarvenkalatalousalue.fi\/pudasjarvi\/tiedot\/\",\"url\":\"https:\/\/kivijarvenkalatalousalue.fi\/pudasjarvi\/tiedot\/\",\"name\":\"Tiedot - Pudasj\u00e4rven osakaskunta\",\"isPartOf\":{\"@id\":\"https:\/\/kivijarvenkalatalousalue.fi\/pudasjarvi\/#website\"},\"datePublished\":\"2020-10-29T08:31:59+00:00\",\"dateModified\":\"2023-09-11T07:30:19+00:00\",\"breadcrumb\":{\"@id\":\"https:\/\/kivijarvenkalatalousalue.fi\/pudasjarvi\/tiedot\/#breadcrumb\"},\"inLanguage\":\"fi\",\"potentialAction\":[{\"@type\":\"ReadAction\",\"target\":[\"https:\/\/kivijarvenkalatalousalue.fi\/pudasjarvi\/tiedot\/\"]}]},{\"@type\":\"BreadcrumbList\",\"@id\":\"https:\/\/kivijarvenkalatalousalue.fi\/pudasjarvi\/tiedot\/#breadcrumb\",\"itemListElement\":[{\"@type\":\"ListItem\",\"position\":1,\"name\":\"Home\",\"item\":\"https:\/\/kivijarvenkalatalousalue.fi\/pudasjarvi\/\"},{\"@type\":\"ListItem\",\"position\":2,\"name\":\"Tiedot\"}]},{\"@type\":\"WebSite\",\"@id\":\"https:\/\/kivijarvenkalatalousalue.fi\/pudasjarvi\/#website\",\"url\":\"https:\/\/kivijarvenkalatalousalue.fi\/pudasjarvi\/\",\"name\":\"Pudasj\u00e4rven osakaskunta\",\"description\":\"Uusi Kivij\u00e4rven kalatalousalue -sivusto\",\"potentialAction\":[{\"@type\":\"SearchAction\",\"target\":{\"@type\":\"EntryPoint\",\"urlTemplate\":\"https:\/\/kivijarvenkalatalousalue.fi\/pudasjarvi\/?s={search_term_string}\"},\"query-input\":{\"@type\":\"PropertyValueSpecification\",\"valueRequired\":true,\"valueName\":\"search_term_string\"}}],\"inLanguage\":\"fi\"}]}<\/script>\n<!-- \/ Yoast SEO plugin. -->","yoast_head_json":{"title":"Tiedot - Pudasj\u00e4rven osakaskunta","robots":{"index":"index","follow":"follow","max-snippet":"max-snippet:-1","max-image-preview":"max-image-preview:large","max-video-preview":"max-video-preview:-1"},"canonical":"https:\/\/kivijarvenkalatalousalue.fi\/pudasjarvi\/tiedot\/","og_locale":"fi_FI","og_type":"article","og_title":"Tiedot - Pudasj\u00e4rven osakaskunta","og_description":"Yhteystiedot Hoitokunta Puheenjohtaja:Matti J\u00e4sberg\u00a0Jukkosuontie 86\u00a043300 KANNONKOSKI\u00a0puh. 040-593 2316sirpa.jasberg1@gmail.com Varapuheenjohtaja:Veli-Pekka Lyytinen+358505827062velipekka.lyytinen@gmail.com Sihteeri:Jukka KainulainenSyv\u00e4j\u00e4rventie 1443300 Kannonkoski+358407697694jukka.kainulainen@mhy.fi J\u00e4sen Vesa Turpeinen\u00a0J\u00e4sen Lauri KinnunenJ\u00e4sen Reijo VesterinenJ\u00e4sen Rauno Kauppinen Kalastuksen valvojat:Rauno KauppinenVeijo TurpeinenErkki KauppinenLauri Kinnunen Sijainti","og_url":"https:\/\/kivijarvenkalatalousalue.fi\/pudasjarvi\/tiedot\/","og_site_name":"Pudasj\u00e4rven osakaskunta","article_modified_time":"2023-09-11T07:30:19+00:00","twitter_card":"summary_large_image","twitter_misc":{"Arvioitu lukuaika":"1 minuutti"},"schema":{"@context":"https:\/\/schema.org","@graph":[{"@type":"WebPage","@id":"https:\/\/kivijarvenkalatalousalue.fi\/pudasjarvi\/tiedot\/","url":"https:\/\/kivijarvenkalatalousalue.fi\/pudasjarvi\/tiedot\/","name":"Tiedot - Pudasj\u00e4rven osakaskunta","isPartOf":{"@id":"https:\/\/kivijarvenkalatalousalue.fi\/pudasjarvi\/#website"},"datePublished":"2020-10-29T08:31:59+00:00","dateModified":"2023-09-11T07:30:19+00:00","breadcrumb":{"@id":"https:\/\/kivijarvenkalatalousalue.fi\/pudasjarvi\/tiedot\/#breadcrumb"},"inLanguage":"fi","potentialAction":[{"@type":"ReadAction","target":["https:\/\/kivijarvenkalatalousalue.fi\/pudasjarvi\/tiedot\/"]}]},{"@type":"BreadcrumbList","@id":"https:\/\/kivijarvenkalatalousalue.fi\/pudasjarvi\/tiedot\/#breadcrumb","itemListElement":[{"@type":"ListItem","position":1,"name":"Home","item":"https:\/\/kivijarvenkalatalousalue.fi\/pudasjarvi\/"},{"@type":"ListItem","position":2,"name":"Tiedot"}]},{"@type":"WebSite","@id":"https:\/\/kivijarvenkalatalousalue.fi\/pudasjarvi\/#website","url":"https:\/\/kivijarvenkalatalousalue.fi\/pudasjarvi\/","name":"Pudasj\u00e4rven osakaskunta","description":"Uusi Kivij\u00e4rven kalatalousalue -sivusto","potentialAction":[{"@type":"SearchAction","target":{"@type":"EntryPoint","urlTemplate":"https:\/\/kivijarvenkalatalousalue.fi\/pudasjarvi\/?s={search_term_string}"},"query-input":{"@type":"PropertyValueSpecification","valueRequired":true,"valueName":"search_term_string"}}],"inLanguage":"fi"}]}},"_links":{"self":[{"href":"https:\/\/kivijarvenkalatalousalue.fi\/pudasjarvi\/wp-json\/wp\/v2\/pages\/26","targetHints":{"allow":["GET"]}}],"collection":[{"href":"https:\/\/kivijarvenkalatalousalue.fi\/pudasjarvi\/wp-json\/wp\/v2\/pages"}],"about":[{"href":"https:\/\/kivijarvenkalatalousalue.fi\/pudasjarvi\/wp-json\/wp\/v2\/types\/page"}],"author":[{"embeddable":true,"href":"https:\/\/kivijarvenkalatalousalue.fi\/pudasjarvi\/wp-json\/wp\/v2\/users\/2"}],"replies":[{"embeddable":true,"href":"https:\/\/kivijarvenkalatalousalue.fi\/pudasjarvi\/wp-json\/wp\/v2\/comments?post=26"}],"version-history":[{"count":14,"href":"https:\/\/kivijarvenkalatalousalue.fi\/pudasjarvi\/wp-json\/wp\/v2\/pages\/26\/revisions"}],"predecessor-version":[{"id":336,"href":"https:\/\/kivijarvenkalatalousalue.fi\/pudasjarvi\/wp-json\/wp\/v2\/pages\/26\/revisions\/336"}],"wp:attachment":[{"href":"https:\/\/kivijarvenkalatalousalue.fi\/pudasjarvi\/wp-json\/wp\/v2\/media?parent=26"}],"curies":[{"name":"wp","href":"https:\/\/api.w.org\/{rel}","templated":true}]}}