{"id":86,"date":"2020-10-29T11:39:36","date_gmt":"2020-10-29T09:39:36","guid":{"rendered":"http:\/\/89.166.51.80\/~pohjoispaij\/ahtola\/?page_id=86"},"modified":"2024-04-03T14:44:35","modified_gmt":"2024-04-03T11:44:35","slug":"lupamaksut-ja-ohjeet","status":"publish","type":"page","link":"https:\/\/kivijarvenkalatalousalue.fi\/pudasjarvi\/luvat\/lupamaksut-ja-ohjeet\/","title":{"rendered":"Lupamaksut ja ohjeet"},"content":{"rendered":"\n<div class=\"wp-block-file\"><a id=\"wp-block-file--media-9eeb71de-b469-4f9c-b8f6-c8dbd885244a\" href=\"https:\/\/kivijarvenkalatalousalue.fi\/pudasjarvi\/wp-content\/uploads\/sites\/10\/2024\/04\/Tiedote-2024.doc\">Tiedote 2024<\/a><a href=\"https:\/\/kivijarvenkalatalousalue.fi\/pudasjarvi\/wp-content\/uploads\/sites\/10\/2024\/04\/Tiedote-2024.doc\" class=\"wp-block-file__button wp-element-button\" download aria-describedby=\"wp-block-file--media-9eeb71de-b469-4f9c-b8f6-c8dbd885244a\">Lataa<\/a><\/div>\n\n\n\n<p><strong>TIEDOTE PUDASJ\u00c4RVEN OSAKASKUNNAN KALASTAJILLE<\/strong><\/p>\n\n\n\n<p>Vuonna 2024 kalastamme seuraavien ohjeiden mukaan:<\/p>\n\n\n\n<p>1. <strong>PYYDYSMERKIT<\/strong><\/p>\n\n\n\n<ul class=\"wp-block-list\">\n<li><strong>Kalastuksenhoitomaksu maksettava ennen kalastamista <\/strong>(alle 18-69 vuotiaat)<\/li>\n\n\n\n<li>seisovat pyydykset (verkko, pieni rys\u00e4 (2 m korkea), putkikatiska ja pitk\u00e4siima) merkit\u00e4\u00e4n huolellisesti pyydysmerkein \u2013 merkkilippu ja yhteystiedot (nimi ja puhelinnumero) &#8211; pyydysmerkki tulee kiinnitt\u00e4\u00e4 pyydykseen tai poloon.<\/li>\n\n\n\n<li>vuoden 2024 pyydysmerkki on sinisen v\u00e4rinen ja on voimassa 30.4.2025 saakka<\/li>\n\n\n\n<li>yksi pyydysmerkki oikeuttaa pit\u00e4m\u00e4\u00e4n yht\u00e4 pyydyst\u00e4 (1 pyydysmerkki \/ 3 m x 30 m verkko, pieni rys\u00e4, putkikatiska ja pitk\u00e4siima). Esimerkiksi 4 m x 60 m kokoinen verkko edellytt\u00e4\u00e4 nelj\u00e4\u00e4 merkki\u00e4 ja 9 m x 60 m edellytt\u00e4\u00e4 kuusi merkki\u00e4. Katiska ei tarvitse pyydysmerkki\u00e4, mutta on merkitt\u00e4v\u00e4 tunnistettavasti kohon, nimen ja puhelinnumeron kanssa.<\/li>\n\n\n\n<li>osakaskunnan osakkaille ja Pudasj\u00e4rven kyl\u00e4ss\u00e4 vakituisesti asuvien henkil\u00f6iden ruokakunnille ja kes\u00e4m\u00f6kkien omistajille myyd\u00e4\u00e4n enint\u00e4\u00e4n 20 pyydysmerkki\u00e4.<\/li>\n\n\n\n<li>Pyydysmerkin hinta on <strong>4<\/strong> euroa, uistelulupa (10 vapaa): <strong>15 \u20ac\/viikko<\/strong>, <strong>30 \u20ac\/venekunta\/vuosi<\/strong>\/<strong>osakkaat<\/strong>, <strong>50 \u20ac\/venekunta\/vuosi\/ei osakkaat<\/strong> ja perinteinen nuotta, avorys\u00e4 (yli 5 m korkea) ja paunetti <strong>50<\/strong> euroa.<\/li>\n\n\n\n<li>Kaupalliset kalastajat voivat hakea hoitokunnalta lis\u00e4\u00e4 pyydysmerkkej\u00e4. Kaupallisille kalastajille myyd\u00e4\u00e4n enint\u00e4\u00e4n 50 pyydysmerkki\u00e4\/ kaupallinen kalastaja ja hinta on osakkaille 6 \u20ac\/ pyydysmerkki ja ei osakkaille 8 \u20ac\/ pyydysmerkki. Lis\u00e4ksi kaupallisten kalastajien tulee raportoida saalism\u00e4\u00e4r\u00e4t osakaskunnalle.<\/li>\n<\/ul>\n\n\n\n<p>2 <strong>PYYDYS- JA MYYNTIRAJOITUKSET<\/strong><\/p>\n\n\n\n<ul class=\"wp-block-list\">\n<li>sallittuja pyydyksi\u00e4 ovat verkko, katiska, pitk\u00e4siima, perinteinen nuotta, paunetti, avorys\u00e4 ja rys\u00e4 sek\u00e4 ns jokamiehen oikeuteen kuuluvat pyyntitavat. Pudasj\u00e4rvell\u00e4, Kannonj\u00e4rvell\u00e4, Syv\u00e4j\u00e4rvell\u00e4 ja Enoj\u00e4rvess\u00e4 saa pit\u00e4\u00e4 maksimissaan 240 m kerrallaan. Kivij\u00e4rven altaassa ei rajoituksia. Talviverkkokalastuksessa k\u00e4ytet\u00e4\u00e4n v\u00e4hint\u00e4\u00e4n 55 mm verkkoja.<\/li>\n\n\n\n<li>Solmuv\u00e4lilt\u00e4\u00e4n 25\u201354 mm:n verkojen k\u00e4ytt\u00f6 kielletty yli 3 metrin syvyydess\u00e4 Kivij\u00e4rvess\u00e4 koko vuoden. Poikkeuksena 1. lokakuuta ja 30. marraskuuta v\u00e4linen aika, jolloin verkon solmuv\u00e4li on vapaa.<\/li>\n\n\n\n<li>Kivij\u00e4rvess\u00e4, Vuosj\u00e4rvess\u00e4, Enonj\u00e4rvess\u00e4, Kannonj\u00e4rvess\u00e4, Pudasj\u00e4rvess\u00e4 ja Heitj\u00e4rvess\u00e4 vetouistelussa on asetettu vuosittain 1.5.-30.11. v\u00e4liseksi ajaksi maksimivapam\u00e4\u00e4r\u00e4ksi korkeintaan 10 vapaa venekuntaa kohden.<\/li>\n\n\n\n<li>Tuulastaminen on sallittua.<\/li>\n\n\n\n<li>rauhoitusalueet: Pajusalmi, Naistenvirta, Potmonkosken alapuoli Potmonj\u00e4rvess\u00e4 200 metri\u00e4, Kannonkosken alapuoli Kivij\u00e4rvess\u00e4 ja Luukonsalmi Syv\u00e4j\u00e4rven ja Pudasj\u00e4rven<\/li>\n\n\n\n<li>v\u00e4liss\u00e4 sek\u00e4 Potmon padon yl\u00e4puoli Niskasaareen asti. Ravustus on sallittu osakkaille ja kannan kehityst\u00e4 seurataan. Piisamin pyyntiin ei myyd\u00e4 lupia.<\/li>\n\n\n\n<li>Vesilintujen mets\u00e4stykseen luvan hinta on <strong>10 \u20ac<\/strong> osakkaille ja <strong>20 \u20ac<\/strong> ei osakkaille. Mets\u00e4styksess\u00e4 on noudatettava mets\u00e4styslakia. Joenniskan edusta rauhoitetaan vesilintujen mets\u00e4stykselt\u00e4, samoin kuin Sotka-hankkeeseen kuuluva Isonhoikan alue. My\u00f6s Pienen Haapaj\u00e4rven alueella rauhoitetaan vesilintujen mets\u00e4stys.<\/li>\n\n\n\n<li>kuhan alamitta on 42 sentti\u00e4 sek\u00e4 j\u00e4rvilohen ja j\u00e4rvitaimenen 60 sentti\u00e4, jos rasvaev\u00e4 leikattu. Lakia noudattaen.<\/li>\n<\/ul>\n\n\n\n<p><strong>3<\/strong>. <strong>VALVOJAT<\/strong><\/p>\n\n\n\n<ul class=\"wp-block-list\">\n<li>kalastuskunnan valvojina toimivat Rauno Kauppinen, Veijo Turpeinen, Lauri Kinnunen, Erkki Kauppinen hoitokunnan avustamana.<\/li>\n\n\n\n<li>luvaton kalastus johtaa rikosalain mukaiseen vastuuseen<\/li>\n<\/ul>\n\n\n\n<p>4. <strong>PYYDYSMERKKIEN MYYJ\u00c4T<\/strong><\/p>\n\n\n\n<p><strong>K-Extra Kannontori&nbsp;&nbsp; Jukka Kotilainen Kannonj\u00e4rvi&nbsp;&nbsp; Vesa Turpeinen Kannonp\u00e4\u00e4<\/strong><\/p>\n\n\n\n<p>Lupamaksut voi maksaa osakaskunnan pankkitilille: <strong>FI38 4761 1020 0062 18 POPFFI22. <\/strong>Viitetietoihin kalastajan nimi ja luvan tiedot.<\/p>\n\n\n\n<p>Vuonna 2023 Pudasj\u00e4rven osakaskunnan vesiin istutettiin 14 906 kuhan, planktonsiian poikasta sek\u00e4 j\u00e4rvitaimenta.<\/p>\n\n\n\n<p>5. <strong>MAAL\u00c4MP\u00d6 J\u00c4RVEST\u00c4<\/strong><\/p>\n\n\n\n<p>Mik\u00e4li Pudasj\u00e4rven kyl\u00e4n asukkailla on tarkoitus ottaa maal\u00e4mp\u00f6\u00e4 j\u00e4rvest\u00e4, tarvitaan siihen vesialueen omistajan lupa jo ennen l\u00e4mp\u00f6johdon rakentamista. Lupa on anottava hoitokunnalta. Luvaton rakentaminen on ehdottomasti kielletty. Jos j\u00e4rvest\u00e4 ja rannoilta niitet\u00e4\u00e4n kaislaa ja kortetta, on se ker\u00e4tt\u00e4v\u00e4 talteen, ettei sotke muiden rantoja.<\/p>\n","protected":false},"excerpt":{"rendered":"<p>TIEDOTE PUDASJ\u00c4RVEN OSAKASKUNNAN KALASTAJILLE Vuonna 2024 kalastamme seuraavien ohjeiden mukaan: 1. PYYDYSMERKIT 2 PYYDYS- JA MYYNTIRAJOITUKSET 3. VALVOJAT 4. PYYDYSMERKKIEN MYYJ\u00c4T K-Extra Kannontori&nbsp;&nbsp; Jukka Kotilainen Kannonj\u00e4rvi&nbsp;&nbsp; Vesa Turpeinen Kannonp\u00e4\u00e4 Lupamaksut voi maksaa osakaskunnan pankkitilille: FI38 4761 1020 0062 18 POPFFI22. Viitetietoihin kalastajan nimi ja luvan tiedot. Vuonna 2023 Pudasj\u00e4rven osakaskunnan vesiin istutettiin 14 906 kuhan,<\/p>\n<p><a class=\"moretag\" href=\"https:\/\/kivijarvenkalatalousalue.fi\/pudasjarvi\/luvat\/lupamaksut-ja-ohjeet\/\"> Lue lis\u00e4\u00e4 ><\/a><\/p>\n","protected":false},"author":2,"featured_media":0,"parent":45,"menu_order":0,"comment_status":"closed","ping_status":"closed","template":"basic-sivu.php","meta":{"_acf_changed":false,"footnotes":""},"class_list":["post-86","page","type-page","status-publish","hentry"],"acf":[],"yoast_head":"<!-- This site is optimized with the Yoast SEO plugin v27.1.1 - https:\/\/yoast.com\/product\/yoast-seo-wordpress\/ -->\n<title>Lupamaksut ja ohjeet - Pudasj\u00e4rven osakaskunta<\/title>\n<meta name=\"robots\" content=\"index, follow, max-snippet:-1, max-image-preview:large, max-video-preview:-1\" \/>\n<link rel=\"canonical\" href=\"https:\/\/kivijarvenkalatalousalue.fi\/pudasjarvi\/luvat\/lupamaksut-ja-ohjeet\/\" \/>\n<meta property=\"og:locale\" content=\"fi_FI\" \/>\n<meta property=\"og:type\" content=\"article\" \/>\n<meta property=\"og:title\" content=\"Lupamaksut ja ohjeet - Pudasj\u00e4rven osakaskunta\" \/>\n<meta property=\"og:description\" content=\"TIEDOTE PUDASJ\u00c4RVEN OSAKASKUNNAN KALASTAJILLE Vuonna 2024 kalastamme seuraavien ohjeiden mukaan: 1. PYYDYSMERKIT 2 PYYDYS- JA MYYNTIRAJOITUKSET 3. VALVOJAT 4. PYYDYSMERKKIEN MYYJ\u00c4T K-Extra Kannontori&nbsp;&nbsp; Jukka Kotilainen Kannonj\u00e4rvi&nbsp;&nbsp; Vesa Turpeinen Kannonp\u00e4\u00e4 Lupamaksut voi maksaa osakaskunnan pankkitilille: FI38 4761 1020 0062 18 POPFFI22. Viitetietoihin kalastajan nimi ja luvan tiedot. Vuonna 2023 Pudasj\u00e4rven osakaskunnan vesiin istutettiin 14 906 kuhan, Lue lis\u00e4\u00e4 &gt;\" \/>\n<meta property=\"og:url\" content=\"https:\/\/kivijarvenkalatalousalue.fi\/pudasjarvi\/luvat\/lupamaksut-ja-ohjeet\/\" \/>\n<meta property=\"og:site_name\" content=\"Pudasj\u00e4rven osakaskunta\" \/>\n<meta property=\"article:modified_time\" content=\"2024-04-03T11:44:35+00:00\" \/>\n<meta name=\"twitter:card\" content=\"summary_large_image\" \/>\n<meta name=\"twitter:label1\" content=\"Arvioitu lukuaika\" \/>\n\t<meta name=\"twitter:data1\" content=\"3 minuuttia\" \/>\n<script type=\"application\/ld+json\" class=\"yoast-schema-graph\">{\"@context\":\"https:\/\/schema.org\",\"@graph\":[{\"@type\":\"WebPage\",\"@id\":\"https:\/\/kivijarvenkalatalousalue.fi\/pudasjarvi\/luvat\/lupamaksut-ja-ohjeet\/\",\"url\":\"https:\/\/kivijarvenkalatalousalue.fi\/pudasjarvi\/luvat\/lupamaksut-ja-ohjeet\/\",\"name\":\"Lupamaksut ja ohjeet - Pudasj\u00e4rven osakaskunta\",\"isPartOf\":{\"@id\":\"https:\/\/kivijarvenkalatalousalue.fi\/pudasjarvi\/#website\"},\"datePublished\":\"2020-10-29T09:39:36+00:00\",\"dateModified\":\"2024-04-03T11:44:35+00:00\",\"breadcrumb\":{\"@id\":\"https:\/\/kivijarvenkalatalousalue.fi\/pudasjarvi\/luvat\/lupamaksut-ja-ohjeet\/#breadcrumb\"},\"inLanguage\":\"fi\",\"potentialAction\":[{\"@type\":\"ReadAction\",\"target\":[\"https:\/\/kivijarvenkalatalousalue.fi\/pudasjarvi\/luvat\/lupamaksut-ja-ohjeet\/\"]}]},{\"@type\":\"BreadcrumbList\",\"@id\":\"https:\/\/kivijarvenkalatalousalue.fi\/pudasjarvi\/luvat\/lupamaksut-ja-ohjeet\/#breadcrumb\",\"itemListElement\":[{\"@type\":\"ListItem\",\"position\":1,\"name\":\"Home\",\"item\":\"https:\/\/kivijarvenkalatalousalue.fi\/pudasjarvi\/\"},{\"@type\":\"ListItem\",\"position\":2,\"name\":\"Yksityinen: Luvat\",\"item\":\"https:\/\/kivijarvenkalatalousalue.fi\/pudasjarvi\/?page_id=45\"},{\"@type\":\"ListItem\",\"position\":3,\"name\":\"Lupamaksut ja ohjeet\"}]},{\"@type\":\"WebSite\",\"@id\":\"https:\/\/kivijarvenkalatalousalue.fi\/pudasjarvi\/#website\",\"url\":\"https:\/\/kivijarvenkalatalousalue.fi\/pudasjarvi\/\",\"name\":\"Pudasj\u00e4rven osakaskunta\",\"description\":\"Uusi Kivij\u00e4rven kalatalousalue -sivusto\",\"potentialAction\":[{\"@type\":\"SearchAction\",\"target\":{\"@type\":\"EntryPoint\",\"urlTemplate\":\"https:\/\/kivijarvenkalatalousalue.fi\/pudasjarvi\/?s={search_term_string}\"},\"query-input\":{\"@type\":\"PropertyValueSpecification\",\"valueRequired\":true,\"valueName\":\"search_term_string\"}}],\"inLanguage\":\"fi\"}]}<\/script>\n<!-- \/ Yoast SEO plugin. -->","yoast_head_json":{"title":"Lupamaksut ja ohjeet - Pudasj\u00e4rven osakaskunta","robots":{"index":"index","follow":"follow","max-snippet":"max-snippet:-1","max-image-preview":"max-image-preview:large","max-video-preview":"max-video-preview:-1"},"canonical":"https:\/\/kivijarvenkalatalousalue.fi\/pudasjarvi\/luvat\/lupamaksut-ja-ohjeet\/","og_locale":"fi_FI","og_type":"article","og_title":"Lupamaksut ja ohjeet - Pudasj\u00e4rven osakaskunta","og_description":"TIEDOTE PUDASJ\u00c4RVEN OSAKASKUNNAN KALASTAJILLE Vuonna 2024 kalastamme seuraavien ohjeiden mukaan: 1. PYYDYSMERKIT 2 PYYDYS- JA MYYNTIRAJOITUKSET 3. VALVOJAT 4. PYYDYSMERKKIEN MYYJ\u00c4T K-Extra Kannontori&nbsp;&nbsp; Jukka Kotilainen Kannonj\u00e4rvi&nbsp;&nbsp; Vesa Turpeinen Kannonp\u00e4\u00e4 Lupamaksut voi maksaa osakaskunnan pankkitilille: FI38 4761 1020 0062 18 POPFFI22. Viitetietoihin kalastajan nimi ja luvan tiedot. Vuonna 2023 Pudasj\u00e4rven osakaskunnan vesiin istutettiin 14 906 kuhan, Lue lis\u00e4\u00e4 >","og_url":"https:\/\/kivijarvenkalatalousalue.fi\/pudasjarvi\/luvat\/lupamaksut-ja-ohjeet\/","og_site_name":"Pudasj\u00e4rven osakaskunta","article_modified_time":"2024-04-03T11:44:35+00:00","twitter_card":"summary_large_image","twitter_misc":{"Arvioitu lukuaika":"3 minuuttia"},"schema":{"@context":"https:\/\/schema.org","@graph":[{"@type":"WebPage","@id":"https:\/\/kivijarvenkalatalousalue.fi\/pudasjarvi\/luvat\/lupamaksut-ja-ohjeet\/","url":"https:\/\/kivijarvenkalatalousalue.fi\/pudasjarvi\/luvat\/lupamaksut-ja-ohjeet\/","name":"Lupamaksut ja ohjeet - Pudasj\u00e4rven osakaskunta","isPartOf":{"@id":"https:\/\/kivijarvenkalatalousalue.fi\/pudasjarvi\/#website"},"datePublished":"2020-10-29T09:39:36+00:00","dateModified":"2024-04-03T11:44:35+00:00","breadcrumb":{"@id":"https:\/\/kivijarvenkalatalousalue.fi\/pudasjarvi\/luvat\/lupamaksut-ja-ohjeet\/#breadcrumb"},"inLanguage":"fi","potentialAction":[{"@type":"ReadAction","target":["https:\/\/kivijarvenkalatalousalue.fi\/pudasjarvi\/luvat\/lupamaksut-ja-ohjeet\/"]}]},{"@type":"BreadcrumbList","@id":"https:\/\/kivijarvenkalatalousalue.fi\/pudasjarvi\/luvat\/lupamaksut-ja-ohjeet\/#breadcrumb","itemListElement":[{"@type":"ListItem","position":1,"name":"Home","item":"https:\/\/kivijarvenkalatalousalue.fi\/pudasjarvi\/"},{"@type":"ListItem","position":2,"name":"Yksityinen: Luvat","item":"https:\/\/kivijarvenkalatalousalue.fi\/pudasjarvi\/?page_id=45"},{"@type":"ListItem","position":3,"name":"Lupamaksut ja ohjeet"}]},{"@type":"WebSite","@id":"https:\/\/kivijarvenkalatalousalue.fi\/pudasjarvi\/#website","url":"https:\/\/kivijarvenkalatalousalue.fi\/pudasjarvi\/","name":"Pudasj\u00e4rven osakaskunta","description":"Uusi Kivij\u00e4rven kalatalousalue -sivusto","potentialAction":[{"@type":"SearchAction","target":{"@type":"EntryPoint","urlTemplate":"https:\/\/kivijarvenkalatalousalue.fi\/pudasjarvi\/?s={search_term_string}"},"query-input":{"@type":"PropertyValueSpecification","valueRequired":true,"valueName":"search_term_string"}}],"inLanguage":"fi"}]}},"_links":{"self":[{"href":"https:\/\/kivijarvenkalatalousalue.fi\/pudasjarvi\/wp-json\/wp\/v2\/pages\/86","targetHints":{"allow":["GET"]}}],"collection":[{"href":"https:\/\/kivijarvenkalatalousalue.fi\/pudasjarvi\/wp-json\/wp\/v2\/pages"}],"about":[{"href":"https:\/\/kivijarvenkalatalousalue.fi\/pudasjarvi\/wp-json\/wp\/v2\/types\/page"}],"author":[{"embeddable":true,"href":"https:\/\/kivijarvenkalatalousalue.fi\/pudasjarvi\/wp-json\/wp\/v2\/users\/2"}],"replies":[{"embeddable":true,"href":"https:\/\/kivijarvenkalatalousalue.fi\/pudasjarvi\/wp-json\/wp\/v2\/comments?post=86"}],"version-history":[{"count":15,"href":"https:\/\/kivijarvenkalatalousalue.fi\/pudasjarvi\/wp-json\/wp\/v2\/pages\/86\/revisions"}],"predecessor-version":[{"id":366,"href":"https:\/\/kivijarvenkalatalousalue.fi\/pudasjarvi\/wp-json\/wp\/v2\/pages\/86\/revisions\/366"}],"up":[{"embeddable":true,"href":"https:\/\/kivijarvenkalatalousalue.fi\/pudasjarvi\/wp-json\/wp\/v2\/pages\/45"}],"wp:attachment":[{"href":"https:\/\/kivijarvenkalatalousalue.fi\/pudasjarvi\/wp-json\/wp\/v2\/media?parent=86"}],"curies":[{"name":"wp","href":"https:\/\/api.w.org\/{rel}","templated":true}]}}