{"id":436,"date":"2026-03-30T15:07:54","date_gmt":"2026-03-30T12:07:54","guid":{"rendered":"https:\/\/kivijarvenkalatalousalue.fi\/saari\/?page_id=436"},"modified":"2026-03-30T15:07:55","modified_gmt":"2026-03-30T12:07:55","slug":"touko-kesakuun-kalastusaluerajoitukset","status":"publish","type":"page","link":"https:\/\/kivijarvenkalatalousalue.fi\/saari\/touko-kesakuun-kalastusaluerajoitukset\/","title":{"rendered":"Touko- kes\u00e4kuun kalastusaluerajoitukset"},"content":{"rendered":"\n<p><\/p>\n\n\n\n<p class=\"has-black-color has-text-color has-link-color wp-elements-3142ded22d0851274da55fcb261c8aef\"><a href=\"https:\/\/kivijarvenkalatalousalue.fi\/saari\/wp-content\/uploads\/sites\/11\/2026\/03\/Paatos-kalastusrajoituksista-Kalastusrajoitus-kuhan-kutualueilla-2026-2035-Kinnula-POSELY-862-2025.pdf\"><strong>P\u00e4\u00e4t\u00f6s POSELY-862-2025<\/strong><\/a><\/p>\n","protected":false},"excerpt":{"rendered":"<p>P\u00e4\u00e4t\u00f6s POSELY-862-2025<\/p>\n","protected":false},"author":14,"featured_media":0,"parent":0,"menu_order":0,"comment_status":"closed","ping_status":"closed","template":"basic-sivu.php","meta":{"_acf_changed":false,"footnotes":""},"class_list":["post-436","page","type-page","status-publish","hentry"],"acf":[],"yoast_head":"<!-- This site is optimized with the Yoast SEO plugin v27.1.1 - https:\/\/yoast.com\/product\/yoast-seo-wordpress\/ -->\n<title>Touko- kes\u00e4kuun kalastusaluerajoitukset - Saaren osakaskunta<\/title>\n<meta name=\"robots\" content=\"index, follow, max-snippet:-1, max-image-preview:large, max-video-preview:-1\" \/>\n<link rel=\"canonical\" href=\"https:\/\/kivijarvenkalatalousalue.fi\/saari\/touko-kesakuun-kalastusaluerajoitukset\/\" \/>\n<meta property=\"og:locale\" content=\"fi_FI\" \/>\n<meta property=\"og:type\" content=\"article\" \/>\n<meta property=\"og:title\" content=\"Touko- kes\u00e4kuun kalastusaluerajoitukset - Saaren osakaskunta\" \/>\n<meta property=\"og:description\" content=\"P\u00e4\u00e4t\u00f6s POSELY-862-2025\" \/>\n<meta property=\"og:url\" content=\"https:\/\/kivijarvenkalatalousalue.fi\/saari\/touko-kesakuun-kalastusaluerajoitukset\/\" \/>\n<meta property=\"og:site_name\" content=\"Saaren osakaskunta\" \/>\n<meta property=\"article:modified_time\" content=\"2026-03-30T12:07:55+00:00\" \/>\n<meta name=\"twitter:card\" content=\"summary_large_image\" \/>\n<meta name=\"twitter:label1\" content=\"Arvioitu lukuaika\" \/>\n\t<meta name=\"twitter:data1\" content=\"1 minuutti\" \/>\n<script type=\"application\/ld+json\" class=\"yoast-schema-graph\">{\"@context\":\"https:\/\/schema.org\",\"@graph\":[{\"@type\":\"WebPage\",\"@id\":\"https:\/\/kivijarvenkalatalousalue.fi\/saari\/touko-kesakuun-kalastusaluerajoitukset\/\",\"url\":\"https:\/\/kivijarvenkalatalousalue.fi\/saari\/touko-kesakuun-kalastusaluerajoitukset\/\",\"name\":\"Touko- kes\u00e4kuun kalastusaluerajoitukset - Saaren osakaskunta\",\"isPartOf\":{\"@id\":\"https:\/\/kivijarvenkalatalousalue.fi\/saari\/#website\"},\"datePublished\":\"2026-03-30T12:07:54+00:00\",\"dateModified\":\"2026-03-30T12:07:55+00:00\",\"breadcrumb\":{\"@id\":\"https:\/\/kivijarvenkalatalousalue.fi\/saari\/touko-kesakuun-kalastusaluerajoitukset\/#breadcrumb\"},\"inLanguage\":\"fi\",\"potentialAction\":[{\"@type\":\"ReadAction\",\"target\":[\"https:\/\/kivijarvenkalatalousalue.fi\/saari\/touko-kesakuun-kalastusaluerajoitukset\/\"]}]},{\"@type\":\"BreadcrumbList\",\"@id\":\"https:\/\/kivijarvenkalatalousalue.fi\/saari\/touko-kesakuun-kalastusaluerajoitukset\/#breadcrumb\",\"itemListElement\":[{\"@type\":\"ListItem\",\"position\":1,\"name\":\"Home\",\"item\":\"https:\/\/kivijarvenkalatalousalue.fi\/saari\/\"},{\"@type\":\"ListItem\",\"position\":2,\"name\":\"Touko- kes\u00e4kuun kalastusaluerajoitukset\"}]},{\"@type\":\"WebSite\",\"@id\":\"https:\/\/kivijarvenkalatalousalue.fi\/saari\/#website\",\"url\":\"https:\/\/kivijarvenkalatalousalue.fi\/saari\/\",\"name\":\"Saaren osakaskunta\",\"description\":\"Uusi Kivij\u00e4rven kalatalousalue -sivusto\",\"potentialAction\":[{\"@type\":\"SearchAction\",\"target\":{\"@type\":\"EntryPoint\",\"urlTemplate\":\"https:\/\/kivijarvenkalatalousalue.fi\/saari\/?s={search_term_string}\"},\"query-input\":{\"@type\":\"PropertyValueSpecification\",\"valueRequired\":true,\"valueName\":\"search_term_string\"}}],\"inLanguage\":\"fi\"}]}<\/script>\n<!-- \/ Yoast SEO plugin. -->","yoast_head_json":{"title":"Touko- kes\u00e4kuun kalastusaluerajoitukset - Saaren osakaskunta","robots":{"index":"index","follow":"follow","max-snippet":"max-snippet:-1","max-image-preview":"max-image-preview:large","max-video-preview":"max-video-preview:-1"},"canonical":"https:\/\/kivijarvenkalatalousalue.fi\/saari\/touko-kesakuun-kalastusaluerajoitukset\/","og_locale":"fi_FI","og_type":"article","og_title":"Touko- kes\u00e4kuun kalastusaluerajoitukset - Saaren osakaskunta","og_description":"P\u00e4\u00e4t\u00f6s POSELY-862-2025","og_url":"https:\/\/kivijarvenkalatalousalue.fi\/saari\/touko-kesakuun-kalastusaluerajoitukset\/","og_site_name":"Saaren osakaskunta","article_modified_time":"2026-03-30T12:07:55+00:00","twitter_card":"summary_large_image","twitter_misc":{"Arvioitu lukuaika":"1 minuutti"},"schema":{"@context":"https:\/\/schema.org","@graph":[{"@type":"WebPage","@id":"https:\/\/kivijarvenkalatalousalue.fi\/saari\/touko-kesakuun-kalastusaluerajoitukset\/","url":"https:\/\/kivijarvenkalatalousalue.fi\/saari\/touko-kesakuun-kalastusaluerajoitukset\/","name":"Touko- kes\u00e4kuun kalastusaluerajoitukset - Saaren osakaskunta","isPartOf":{"@id":"https:\/\/kivijarvenkalatalousalue.fi\/saari\/#website"},"datePublished":"2026-03-30T12:07:54+00:00","dateModified":"2026-03-30T12:07:55+00:00","breadcrumb":{"@id":"https:\/\/kivijarvenkalatalousalue.fi\/saari\/touko-kesakuun-kalastusaluerajoitukset\/#breadcrumb"},"inLanguage":"fi","potentialAction":[{"@type":"ReadAction","target":["https:\/\/kivijarvenkalatalousalue.fi\/saari\/touko-kesakuun-kalastusaluerajoitukset\/"]}]},{"@type":"BreadcrumbList","@id":"https:\/\/kivijarvenkalatalousalue.fi\/saari\/touko-kesakuun-kalastusaluerajoitukset\/#breadcrumb","itemListElement":[{"@type":"ListItem","position":1,"name":"Home","item":"https:\/\/kivijarvenkalatalousalue.fi\/saari\/"},{"@type":"ListItem","position":2,"name":"Touko- kes\u00e4kuun kalastusaluerajoitukset"}]},{"@type":"WebSite","@id":"https:\/\/kivijarvenkalatalousalue.fi\/saari\/#website","url":"https:\/\/kivijarvenkalatalousalue.fi\/saari\/","name":"Saaren osakaskunta","description":"Uusi Kivij\u00e4rven kalatalousalue -sivusto","potentialAction":[{"@type":"SearchAction","target":{"@type":"EntryPoint","urlTemplate":"https:\/\/kivijarvenkalatalousalue.fi\/saari\/?s={search_term_string}"},"query-input":{"@type":"PropertyValueSpecification","valueRequired":true,"valueName":"search_term_string"}}],"inLanguage":"fi"}]}},"_links":{"self":[{"href":"https:\/\/kivijarvenkalatalousalue.fi\/saari\/wp-json\/wp\/v2\/pages\/436","targetHints":{"allow":["GET"]}}],"collection":[{"href":"https:\/\/kivijarvenkalatalousalue.fi\/saari\/wp-json\/wp\/v2\/pages"}],"about":[{"href":"https:\/\/kivijarvenkalatalousalue.fi\/saari\/wp-json\/wp\/v2\/types\/page"}],"author":[{"embeddable":true,"href":"https:\/\/kivijarvenkalatalousalue.fi\/saari\/wp-json\/wp\/v2\/users\/14"}],"replies":[{"embeddable":true,"href":"https:\/\/kivijarvenkalatalousalue.fi\/saari\/wp-json\/wp\/v2\/comments?post=436"}],"version-history":[{"count":1,"href":"https:\/\/kivijarvenkalatalousalue.fi\/saari\/wp-json\/wp\/v2\/pages\/436\/revisions"}],"predecessor-version":[{"id":437,"href":"https:\/\/kivijarvenkalatalousalue.fi\/saari\/wp-json\/wp\/v2\/pages\/436\/revisions\/437"}],"wp:attachment":[{"href":"https:\/\/kivijarvenkalatalousalue.fi\/saari\/wp-json\/wp\/v2\/media?parent=436"}],"curies":[{"name":"wp","href":"https:\/\/api.w.org\/{rel}","templated":true}]}}