{"id":86,"date":"2020-10-29T11:39:36","date_gmt":"2020-10-29T09:39:36","guid":{"rendered":"http:\/\/89.166.51.80\/~pohjoispaij\/ahtola\/?page_id=86"},"modified":"2026-03-30T12:08:09","modified_gmt":"2026-03-30T09:08:09","slug":"lupamaksut-ja-ohjeet","status":"publish","type":"page","link":"https:\/\/kivijarvenkalatalousalue.fi\/saari\/luvat\/lupamaksut-ja-ohjeet\/","title":{"rendered":"Lupamaksut ja ohjeet"},"content":{"rendered":"\n<h2 class=\"wp-block-heading\">Lupamaksut ja ohjeet<\/h2>\n\n\n\n<p><br><strong>Saaren osakaskunnan alueella maksetaan luvat suoraan osakaskunnan pankitilille OP FI45 5520 2940 0069 80. (ei en\u00e4\u00e4 erillisi\u00e4 pyydysmerkkej\u00e4) Maksun Viesti-kentt\u00e4\u00e4n kirjoitetaan erittely maksetuista luvista ja maksajan nimi sek\u00e4 puhelinnumero. (esimerkkej\u00e4 viestikent\u00e4n kirjauksista l\u00f6ytyy t\u00e4m\u00e4n ohjeen lopussa) Maksusuorituksen kuitti toimii lupatodistuksena. Kalastuksen valvojille tulostetaan listaus maksetuista luvista valvontakierroksia varten. Pyydyksiin on merkitt\u00e4v\u00e4 luvan maksajan nimi ja puhelinnumero.<\/strong> <strong>(merkitt\u00e4v\u00e4 pyydyksen uloimman kohon, lippusalon tai merkkisalon yhteyteen.)<\/strong><br><br><strong>SAAREN OSAKASKUNTA LUPAKAUSI 1.4. 2026 \u2013 31.3.2027<br><\/strong><br>Perusmaksu (kaikissa luvissa) 10 \u20ac, joka sis\u00e4lt\u00e4\u00e4 luvan yhdelle uistimelle ja katiskojen sek\u00e4 talvikoukkujen pito-oikeuden.<br>Pyydysyksikk\u00f6 4 \u20ac\/kpl- yksi yksikk\u00f6 30 metrin pituista ja 3 metri\u00e4 korkeaa verkkoa, pienrys\u00e4\u00e4, pitk\u00e4siimaa 100 koukkua ja rapumertaa kohden.<br>Verkkojatan pisin sallittu pituus 120 m (tuollaisessa 3m korkeassa jatassa pit\u00e4\u00e4 olla maksettuna 4 pyydysyksikk\u00f6\u00e4). Jatojen v\u00e4li v\u00e4hint\u00e4\u00e4n 120 metri\u00e4.<br>Verkot merkit\u00e4\u00e4n s\u00e4\u00e4nn\u00f6sten mukaisesti riitt\u00e4v\u00e4n n\u00e4kyvin merkein molemmista p\u00e4ist\u00e4.<br>Pyydysyksikk\u00f6j\u00e4 enint\u00e4\u00e4n 10 kpl per. talous. Paunetilla kalastaminen kielletty.<br>Vesilinnustuslupa perusmaksu 10 \u20ac + 5 \u20ac = 15 \u20ac. Perusmaksu + v\u00e4hint\u00e4\u00e4n kaksi pyydysyksikk\u00f6\u00e4 oikeuttaa my\u00f6s vesilinnustukseen.<br>Uistelulupa maksimi kolme vapaa perusmaksu 10 \u20ac + 15 \u20ac = 25 \u20ac, maksimi kuusi vapaa perusmaksu 10 \u20ac + 25 \u20ac = 35 \u20ac.<br><br><strong>Vuokram\u00f6kkilupa; <\/strong>40 \u20ac\/kpl. M\u00f6kkilupaan sis\u00e4ltyy pyydysyksikk\u00f6j\u00e4 6 kpl, virvelin k\u00e4ytt\u00f6 ja katiskan k\u00e4ytt\u00f6.<br><strong>Ammattikalastus:<\/strong>\u00a0Perusmaksu 30 \u20ac pyydysyksik\u00f6t 5 \u20ac\/kpl, verkon pituus 30 m korkeus 3 m.<br>Pyydysyksikk\u00f6j\u00e4 myyd\u00e4\u00e4n yht\u00e4 ammattikalastajaa kohden enint\u00e4\u00e4n 40 kpl.<\/p>\n\n\n\n<p><br><strong>Verkon solmuv\u00e4li:<\/strong>\u00a0Verkon solmuv\u00e4li\u00a0<strong>55 mm.<\/strong>\u00a0(Kielletyt solmuv\u00e4lit 25-54) Ajalla 1.10 \u2013 30.11. verkon solmuv\u00e4li on vapaa.<br>Kivij\u00e4rvess\u00e4 kuhan alamitta 42 cm. J\u00e4rvilohen alamitta 60 cm. Rasvaev\u00e4llinen j\u00e4rvitaimen on kokonaan rauhoitettu, rasvaev\u00e4leikatun taimenen alamitta 60 cm.<br><strong>Yli 3 kg elinkelpoiset kuhat suositellaan palauttamaan takaisin j\u00e4rveen.<\/strong><br><br><strong>RAUHOITUSALUEET:<\/strong><br>Markosalmi ja Leukainsalmi sek\u00e4 Saarensalmen satama 100 m et\u00e4isyydell\u00e4 laiturista. (Kiinte\u00e4t pyydykset, kts. Leukainsalmen poikkeus alla)<br><strong>Kotkatsel\u00e4n matalikko ja Leukainsalmi on rauhoitettu kaikelta kalastukselta 1.5. &#8211; 30.6. v\u00e4lisell\u00e4 ajalla<\/strong> lukuun ottamatta pienimuotoista katiskapyynti\u00e4 ja rannalta onkimista. Merkityll\u00e4 venereitill\u00e4 kalastaminen kielletty. Vesilinnun mets\u00e4stys kielletty Lapinj\u00e4rvess\u00e4, samoin venemoottorin k\u00e4ytt\u00f6 ajalla 1.5. -30.6.<br>Vesilinnun mets\u00e4stys on kielletty Karjasalmen suulta koko salmen alueella sek\u00e4 Kotkatlahdella. (Sotka lev\u00e4hdysalueita)<\/p>\n\n\n\n<p><br><br><strong>VALVONTAA:<\/strong><br>Kalastuksen valvonta Kivij\u00e4rven kalatalousalueen organisoimana.<br><br><strong>Osakaskunnan esimies<\/strong> \/ <strong>sihteeri:<\/strong>\u00a0Pekka Suutari puh. 040 663 5220\u00a0pekka.suutari100@gmail.com<\/p>\n\n\n\n<p><strong>Varapuheenjohtaja: <\/strong>Erkki Piispanen 040 034 2272<br><br><strong>Saaren osakaskunta toivottaa menestyksellist\u00e4 kalastuskautta !<\/strong><\/p>\n\n\n\n<p><\/p>\n\n\n\n<p><strong>Esimerkkej\u00e4 kalastuslupien maksun kirjauksista:<\/strong><\/p>\n\n\n\n<p class=\"has-vivid-red-color has-text-color\"><br><strong>Lupa katiskoille + yhdelle virvelille:<\/strong><br><\/p>\n\n\n\n<figure class=\"wp-block-image size-full\"><img loading=\"lazy\" decoding=\"async\" width=\"871\" height=\"423\" src=\"https:\/\/kivijarvenkalatalousalue.fi\/saari\/wp-content\/uploads\/sites\/11\/2023\/02\/image.png\" alt=\"\" class=\"wp-image-361\" srcset=\"https:\/\/kivijarvenkalatalousalue.fi\/saari\/wp-content\/uploads\/sites\/11\/2023\/02\/image.png 871w, https:\/\/kivijarvenkalatalousalue.fi\/saari\/wp-content\/uploads\/sites\/11\/2023\/02\/image-300x146.png 300w, https:\/\/kivijarvenkalatalousalue.fi\/saari\/wp-content\/uploads\/sites\/11\/2023\/02\/image-768x373.png 768w\" sizes=\"auto, (max-width: 871px) 100vw, 871px\" \/><\/figure>\n\n\n\n<p class=\"has-vivid-red-color has-text-color\"><strong>Lupa nelj\u00e4lle 3m korkealle verkolle:<\/strong><\/p>\n\n\n\n<figure class=\"wp-block-image size-full\"><img loading=\"lazy\" decoding=\"async\" width=\"868\" height=\"428\" src=\"https:\/\/kivijarvenkalatalousalue.fi\/saari\/wp-content\/uploads\/sites\/11\/2023\/02\/image-1.png\" alt=\"\" class=\"wp-image-362\" srcset=\"https:\/\/kivijarvenkalatalousalue.fi\/saari\/wp-content\/uploads\/sites\/11\/2023\/02\/image-1.png 868w, https:\/\/kivijarvenkalatalousalue.fi\/saari\/wp-content\/uploads\/sites\/11\/2023\/02\/image-1-300x148.png 300w, https:\/\/kivijarvenkalatalousalue.fi\/saari\/wp-content\/uploads\/sites\/11\/2023\/02\/image-1-768x379.png 768w\" sizes=\"auto, (max-width: 868px) 100vw, 868px\" \/><\/figure>\n\n\n\n<p class=\"has-vivid-red-color has-text-color\"><strong>Vesilinnustuslupa:<\/strong><br><\/p>\n\n\n\n<figure class=\"wp-block-image size-full\"><img loading=\"lazy\" decoding=\"async\" width=\"858\" height=\"423\" src=\"https:\/\/kivijarvenkalatalousalue.fi\/saari\/wp-content\/uploads\/sites\/11\/2023\/02\/image-2.png\" alt=\"\" class=\"wp-image-363\" srcset=\"https:\/\/kivijarvenkalatalousalue.fi\/saari\/wp-content\/uploads\/sites\/11\/2023\/02\/image-2.png 858w, https:\/\/kivijarvenkalatalousalue.fi\/saari\/wp-content\/uploads\/sites\/11\/2023\/02\/image-2-300x148.png 300w, https:\/\/kivijarvenkalatalousalue.fi\/saari\/wp-content\/uploads\/sites\/11\/2023\/02\/image-2-768x379.png 768w\" sizes=\"auto, (max-width: 858px) 100vw, 858px\" \/><\/figure>\n\n\n\n<p class=\"has-vivid-red-color has-text-color\"><strong><br>Uistelulupa 6 vapaa:<\/strong><\/p>\n\n\n\n<figure class=\"wp-block-image size-full\"><img loading=\"lazy\" decoding=\"async\" width=\"865\" height=\"420\" src=\"https:\/\/kivijarvenkalatalousalue.fi\/saari\/wp-content\/uploads\/sites\/11\/2023\/02\/image-3.png\" alt=\"\" class=\"wp-image-364\" srcset=\"https:\/\/kivijarvenkalatalousalue.fi\/saari\/wp-content\/uploads\/sites\/11\/2023\/02\/image-3.png 865w, https:\/\/kivijarvenkalatalousalue.fi\/saari\/wp-content\/uploads\/sites\/11\/2023\/02\/image-3-300x146.png 300w, https:\/\/kivijarvenkalatalousalue.fi\/saari\/wp-content\/uploads\/sites\/11\/2023\/02\/image-3-768x373.png 768w\" sizes=\"auto, (max-width: 865px) 100vw, 865px\" \/><\/figure>\n","protected":false},"excerpt":{"rendered":"<p>Lupamaksut ja ohjeet Saaren osakaskunnan alueella maksetaan luvat suoraan osakaskunnan pankitilille OP FI45 5520 2940 0069 80. (ei en\u00e4\u00e4 erillisi\u00e4 pyydysmerkkej\u00e4) Maksun Viesti-kentt\u00e4\u00e4n kirjoitetaan erittely maksetuista luvista ja maksajan nimi sek\u00e4 puhelinnumero. (esimerkkej\u00e4 viestikent\u00e4n kirjauksista l\u00f6ytyy t\u00e4m\u00e4n ohjeen lopussa) Maksusuorituksen kuitti toimii lupatodistuksena. Kalastuksen valvojille tulostetaan listaus maksetuista luvista valvontakierroksia varten. Pyydyksiin on merkitt\u00e4v\u00e4 luvan<\/p>\n<p><a class=\"moretag\" href=\"https:\/\/kivijarvenkalatalousalue.fi\/saari\/luvat\/lupamaksut-ja-ohjeet\/\"> Lue lis\u00e4\u00e4 ><\/a><\/p>\n","protected":false},"author":2,"featured_media":0,"parent":45,"menu_order":0,"comment_status":"closed","ping_status":"closed","template":"basic-sivu.php","meta":{"_acf_changed":false,"footnotes":""},"class_list":["post-86","page","type-page","status-publish","hentry"],"acf":[],"yoast_head":"<!-- This site is optimized with the Yoast SEO plugin v27.1.1 - https:\/\/yoast.com\/product\/yoast-seo-wordpress\/ -->\n<title>Lupamaksut ja ohjeet - Saaren osakaskunta<\/title>\n<meta name=\"robots\" content=\"index, follow, max-snippet:-1, max-image-preview:large, max-video-preview:-1\" \/>\n<link rel=\"canonical\" href=\"https:\/\/kivijarvenkalatalousalue.fi\/saari\/luvat\/lupamaksut-ja-ohjeet\/\" \/>\n<meta property=\"og:locale\" content=\"fi_FI\" \/>\n<meta property=\"og:type\" content=\"article\" \/>\n<meta property=\"og:title\" content=\"Lupamaksut ja ohjeet - Saaren osakaskunta\" \/>\n<meta property=\"og:description\" content=\"Lupamaksut ja ohjeet Saaren osakaskunnan alueella maksetaan luvat suoraan osakaskunnan pankitilille OP FI45 5520 2940 0069 80. (ei en\u00e4\u00e4 erillisi\u00e4 pyydysmerkkej\u00e4) Maksun Viesti-kentt\u00e4\u00e4n kirjoitetaan erittely maksetuista luvista ja maksajan nimi sek\u00e4 puhelinnumero. (esimerkkej\u00e4 viestikent\u00e4n kirjauksista l\u00f6ytyy t\u00e4m\u00e4n ohjeen lopussa) Maksusuorituksen kuitti toimii lupatodistuksena. Kalastuksen valvojille tulostetaan listaus maksetuista luvista valvontakierroksia varten. Pyydyksiin on merkitt\u00e4v\u00e4 luvan Lue lis\u00e4\u00e4 &gt;\" \/>\n<meta property=\"og:url\" content=\"https:\/\/kivijarvenkalatalousalue.fi\/saari\/luvat\/lupamaksut-ja-ohjeet\/\" \/>\n<meta property=\"og:site_name\" content=\"Saaren osakaskunta\" \/>\n<meta property=\"article:modified_time\" content=\"2026-03-30T09:08:09+00:00\" \/>\n<meta property=\"og:image\" content=\"https:\/\/kivijarvenkalatalousalue.fi\/saari\/wp-content\/uploads\/sites\/11\/2023\/02\/image.png\" \/>\n\t<meta property=\"og:image:width\" content=\"871\" \/>\n\t<meta property=\"og:image:height\" content=\"423\" \/>\n\t<meta property=\"og:image:type\" content=\"image\/png\" \/>\n<meta name=\"twitter:card\" content=\"summary_large_image\" \/>\n<meta name=\"twitter:label1\" content=\"Arvioitu lukuaika\" \/>\n\t<meta name=\"twitter:data1\" content=\"4 minuuttia\" \/>\n<script type=\"application\/ld+json\" class=\"yoast-schema-graph\">{\"@context\":\"https:\/\/schema.org\",\"@graph\":[{\"@type\":\"WebPage\",\"@id\":\"https:\/\/kivijarvenkalatalousalue.fi\/saari\/luvat\/lupamaksut-ja-ohjeet\/\",\"url\":\"https:\/\/kivijarvenkalatalousalue.fi\/saari\/luvat\/lupamaksut-ja-ohjeet\/\",\"name\":\"Lupamaksut ja ohjeet - Saaren osakaskunta\",\"isPartOf\":{\"@id\":\"https:\/\/kivijarvenkalatalousalue.fi\/saari\/#website\"},\"primaryImageOfPage\":{\"@id\":\"https:\/\/kivijarvenkalatalousalue.fi\/saari\/luvat\/lupamaksut-ja-ohjeet\/#primaryimage\"},\"image\":{\"@id\":\"https:\/\/kivijarvenkalatalousalue.fi\/saari\/luvat\/lupamaksut-ja-ohjeet\/#primaryimage\"},\"thumbnailUrl\":\"https:\/\/kivijarvenkalatalousalue.fi\/saari\/wp-content\/uploads\/sites\/11\/2023\/02\/image.png\",\"datePublished\":\"2020-10-29T09:39:36+00:00\",\"dateModified\":\"2026-03-30T09:08:09+00:00\",\"breadcrumb\":{\"@id\":\"https:\/\/kivijarvenkalatalousalue.fi\/saari\/luvat\/lupamaksut-ja-ohjeet\/#breadcrumb\"},\"inLanguage\":\"fi\",\"potentialAction\":[{\"@type\":\"ReadAction\",\"target\":[\"https:\/\/kivijarvenkalatalousalue.fi\/saari\/luvat\/lupamaksut-ja-ohjeet\/\"]}]},{\"@type\":\"ImageObject\",\"inLanguage\":\"fi\",\"@id\":\"https:\/\/kivijarvenkalatalousalue.fi\/saari\/luvat\/lupamaksut-ja-ohjeet\/#primaryimage\",\"url\":\"https:\/\/kivijarvenkalatalousalue.fi\/saari\/wp-content\/uploads\/sites\/11\/2023\/02\/image.png\",\"contentUrl\":\"https:\/\/kivijarvenkalatalousalue.fi\/saari\/wp-content\/uploads\/sites\/11\/2023\/02\/image.png\",\"width\":871,\"height\":423},{\"@type\":\"BreadcrumbList\",\"@id\":\"https:\/\/kivijarvenkalatalousalue.fi\/saari\/luvat\/lupamaksut-ja-ohjeet\/#breadcrumb\",\"itemListElement\":[{\"@type\":\"ListItem\",\"position\":1,\"name\":\"Home\",\"item\":\"https:\/\/kivijarvenkalatalousalue.fi\/saari\/\"},{\"@type\":\"ListItem\",\"position\":2,\"name\":\"Yksityinen: Luvat\",\"item\":\"https:\/\/kivijarvenkalatalousalue.fi\/saari\/?page_id=45\"},{\"@type\":\"ListItem\",\"position\":3,\"name\":\"Lupamaksut ja ohjeet\"}]},{\"@type\":\"WebSite\",\"@id\":\"https:\/\/kivijarvenkalatalousalue.fi\/saari\/#website\",\"url\":\"https:\/\/kivijarvenkalatalousalue.fi\/saari\/\",\"name\":\"Saaren osakaskunta\",\"description\":\"Uusi Kivij\u00e4rven kalatalousalue -sivusto\",\"potentialAction\":[{\"@type\":\"SearchAction\",\"target\":{\"@type\":\"EntryPoint\",\"urlTemplate\":\"https:\/\/kivijarvenkalatalousalue.fi\/saari\/?s={search_term_string}\"},\"query-input\":{\"@type\":\"PropertyValueSpecification\",\"valueRequired\":true,\"valueName\":\"search_term_string\"}}],\"inLanguage\":\"fi\"}]}<\/script>\n<!-- \/ Yoast SEO plugin. -->","yoast_head_json":{"title":"Lupamaksut ja ohjeet - Saaren osakaskunta","robots":{"index":"index","follow":"follow","max-snippet":"max-snippet:-1","max-image-preview":"max-image-preview:large","max-video-preview":"max-video-preview:-1"},"canonical":"https:\/\/kivijarvenkalatalousalue.fi\/saari\/luvat\/lupamaksut-ja-ohjeet\/","og_locale":"fi_FI","og_type":"article","og_title":"Lupamaksut ja ohjeet - Saaren osakaskunta","og_description":"Lupamaksut ja ohjeet Saaren osakaskunnan alueella maksetaan luvat suoraan osakaskunnan pankitilille OP FI45 5520 2940 0069 80. (ei en\u00e4\u00e4 erillisi\u00e4 pyydysmerkkej\u00e4) Maksun Viesti-kentt\u00e4\u00e4n kirjoitetaan erittely maksetuista luvista ja maksajan nimi sek\u00e4 puhelinnumero. (esimerkkej\u00e4 viestikent\u00e4n kirjauksista l\u00f6ytyy t\u00e4m\u00e4n ohjeen lopussa) Maksusuorituksen kuitti toimii lupatodistuksena. Kalastuksen valvojille tulostetaan listaus maksetuista luvista valvontakierroksia varten. Pyydyksiin on merkitt\u00e4v\u00e4 luvan Lue lis\u00e4\u00e4 >","og_url":"https:\/\/kivijarvenkalatalousalue.fi\/saari\/luvat\/lupamaksut-ja-ohjeet\/","og_site_name":"Saaren osakaskunta","article_modified_time":"2026-03-30T09:08:09+00:00","og_image":[{"width":871,"height":423,"url":"https:\/\/kivijarvenkalatalousalue.fi\/saari\/wp-content\/uploads\/sites\/11\/2023\/02\/image.png","type":"image\/png"}],"twitter_card":"summary_large_image","twitter_misc":{"Arvioitu lukuaika":"4 minuuttia"},"schema":{"@context":"https:\/\/schema.org","@graph":[{"@type":"WebPage","@id":"https:\/\/kivijarvenkalatalousalue.fi\/saari\/luvat\/lupamaksut-ja-ohjeet\/","url":"https:\/\/kivijarvenkalatalousalue.fi\/saari\/luvat\/lupamaksut-ja-ohjeet\/","name":"Lupamaksut ja ohjeet - Saaren osakaskunta","isPartOf":{"@id":"https:\/\/kivijarvenkalatalousalue.fi\/saari\/#website"},"primaryImageOfPage":{"@id":"https:\/\/kivijarvenkalatalousalue.fi\/saari\/luvat\/lupamaksut-ja-ohjeet\/#primaryimage"},"image":{"@id":"https:\/\/kivijarvenkalatalousalue.fi\/saari\/luvat\/lupamaksut-ja-ohjeet\/#primaryimage"},"thumbnailUrl":"https:\/\/kivijarvenkalatalousalue.fi\/saari\/wp-content\/uploads\/sites\/11\/2023\/02\/image.png","datePublished":"2020-10-29T09:39:36+00:00","dateModified":"2026-03-30T09:08:09+00:00","breadcrumb":{"@id":"https:\/\/kivijarvenkalatalousalue.fi\/saari\/luvat\/lupamaksut-ja-ohjeet\/#breadcrumb"},"inLanguage":"fi","potentialAction":[{"@type":"ReadAction","target":["https:\/\/kivijarvenkalatalousalue.fi\/saari\/luvat\/lupamaksut-ja-ohjeet\/"]}]},{"@type":"ImageObject","inLanguage":"fi","@id":"https:\/\/kivijarvenkalatalousalue.fi\/saari\/luvat\/lupamaksut-ja-ohjeet\/#primaryimage","url":"https:\/\/kivijarvenkalatalousalue.fi\/saari\/wp-content\/uploads\/sites\/11\/2023\/02\/image.png","contentUrl":"https:\/\/kivijarvenkalatalousalue.fi\/saari\/wp-content\/uploads\/sites\/11\/2023\/02\/image.png","width":871,"height":423},{"@type":"BreadcrumbList","@id":"https:\/\/kivijarvenkalatalousalue.fi\/saari\/luvat\/lupamaksut-ja-ohjeet\/#breadcrumb","itemListElement":[{"@type":"ListItem","position":1,"name":"Home","item":"https:\/\/kivijarvenkalatalousalue.fi\/saari\/"},{"@type":"ListItem","position":2,"name":"Yksityinen: Luvat","item":"https:\/\/kivijarvenkalatalousalue.fi\/saari\/?page_id=45"},{"@type":"ListItem","position":3,"name":"Lupamaksut ja ohjeet"}]},{"@type":"WebSite","@id":"https:\/\/kivijarvenkalatalousalue.fi\/saari\/#website","url":"https:\/\/kivijarvenkalatalousalue.fi\/saari\/","name":"Saaren osakaskunta","description":"Uusi Kivij\u00e4rven kalatalousalue -sivusto","potentialAction":[{"@type":"SearchAction","target":{"@type":"EntryPoint","urlTemplate":"https:\/\/kivijarvenkalatalousalue.fi\/saari\/?s={search_term_string}"},"query-input":{"@type":"PropertyValueSpecification","valueRequired":true,"valueName":"search_term_string"}}],"inLanguage":"fi"}]}},"_links":{"self":[{"href":"https:\/\/kivijarvenkalatalousalue.fi\/saari\/wp-json\/wp\/v2\/pages\/86","targetHints":{"allow":["GET"]}}],"collection":[{"href":"https:\/\/kivijarvenkalatalousalue.fi\/saari\/wp-json\/wp\/v2\/pages"}],"about":[{"href":"https:\/\/kivijarvenkalatalousalue.fi\/saari\/wp-json\/wp\/v2\/types\/page"}],"author":[{"embeddable":true,"href":"https:\/\/kivijarvenkalatalousalue.fi\/saari\/wp-json\/wp\/v2\/users\/2"}],"replies":[{"embeddable":true,"href":"https:\/\/kivijarvenkalatalousalue.fi\/saari\/wp-json\/wp\/v2\/comments?post=86"}],"version-history":[{"count":24,"href":"https:\/\/kivijarvenkalatalousalue.fi\/saari\/wp-json\/wp\/v2\/pages\/86\/revisions"}],"predecessor-version":[{"id":403,"href":"https:\/\/kivijarvenkalatalousalue.fi\/saari\/wp-json\/wp\/v2\/pages\/86\/revisions\/403"}],"up":[{"embeddable":true,"href":"https:\/\/kivijarvenkalatalousalue.fi\/saari\/wp-json\/wp\/v2\/pages\/45"}],"wp:attachment":[{"href":"https:\/\/kivijarvenkalatalousalue.fi\/saari\/wp-json\/wp\/v2\/media?parent=86"}],"curies":[{"name":"wp","href":"https:\/\/api.w.org\/{rel}","templated":true}]}}