{"id":26,"date":"2020-10-29T08:31:59","date_gmt":"2020-10-29T08:31:59","guid":{"rendered":"http:\/\/89.166.51.80\/~pohjoispaij\/ahtola\/?page_id=26"},"modified":"2024-06-11T10:13:55","modified_gmt":"2024-06-11T07:13:55","slug":"tiedot","status":"publish","type":"page","link":"https:\/\/kivijarvenkalatalousalue.fi\/vuoskoski\/tiedot\/","title":{"rendered":"Tiedot"},"content":{"rendered":"\n<h2 class=\"wp-block-heading\">Yhteystiedot<\/h2>\n\n\n\n<p>Puheenjohtaja:\u00a0<br>Kirsti Krogerus<br>Volmarinkatu 3<br>40720 Jyv\u00e4skyl\u00e4<br>0405567756<\/p>\n\n\n\n<p class=\"has-black-color has-text-color has-link-color wp-elements-a6932a8272932f1fe298402d91724f23\">Sihteeri: Janne H\u00e4m\u00e4l\u00e4inen, Vivuntie 10, 43300 Kannonkoski, 0400954378, janne.hamalainen@vipuselka.fi<\/p>\n\n\n\n<h2 class=\"wp-block-heading\">Sijainti<\/h2>\n\n\n\n\n\n\n\n<p><\/p>\n","protected":false},"excerpt":{"rendered":"<p>Yhteystiedot Puheenjohtaja:\u00a0Kirsti KrogerusVolmarinkatu 340720 Jyv\u00e4skyl\u00e40405567756 Sihteeri: Janne H\u00e4m\u00e4l\u00e4inen, Vivuntie 10, 43300 Kannonkoski, 0400954378, janne.hamalainen@vipuselka.fi Sijainti<\/p>\n","protected":false},"author":2,"featured_media":0,"parent":0,"menu_order":0,"comment_status":"closed","ping_status":"closed","template":"basic-sivu.php","meta":{"_acf_changed":false,"footnotes":""},"class_list":["post-26","page","type-page","status-publish","hentry"],"acf":[],"yoast_head":"<!-- This site is optimized with the Yoast SEO plugin v27.1.1 - https:\/\/yoast.com\/product\/yoast-seo-wordpress\/ -->\n<title>Tiedot - Vuoskosken osakaskunta<\/title>\n<meta name=\"robots\" content=\"index, follow, max-snippet:-1, max-image-preview:large, max-video-preview:-1\" \/>\n<link rel=\"canonical\" href=\"https:\/\/kivijarvenkalatalousalue.fi\/vuoskoski\/tiedot\/\" \/>\n<meta property=\"og:locale\" content=\"fi_FI\" \/>\n<meta property=\"og:type\" content=\"article\" \/>\n<meta property=\"og:title\" content=\"Tiedot - Vuoskosken osakaskunta\" \/>\n<meta property=\"og:description\" content=\"Yhteystiedot Puheenjohtaja:\u00a0Kirsti KrogerusVolmarinkatu 340720 Jyv\u00e4skyl\u00e40405567756 Sihteeri: Janne H\u00e4m\u00e4l\u00e4inen, Vivuntie 10, 43300 Kannonkoski, 0400954378, janne.hamalainen@vipuselka.fi Sijainti\" \/>\n<meta property=\"og:url\" content=\"https:\/\/kivijarvenkalatalousalue.fi\/vuoskoski\/tiedot\/\" \/>\n<meta property=\"og:site_name\" content=\"Vuoskosken osakaskunta\" \/>\n<meta property=\"article:modified_time\" content=\"2024-06-11T07:13:55+00:00\" \/>\n<meta name=\"twitter:card\" content=\"summary_large_image\" \/>\n<meta name=\"twitter:label1\" content=\"Arvioitu lukuaika\" \/>\n\t<meta name=\"twitter:data1\" content=\"1 minuutti\" \/>\n<script type=\"application\/ld+json\" class=\"yoast-schema-graph\">{\"@context\":\"https:\/\/schema.org\",\"@graph\":[{\"@type\":\"WebPage\",\"@id\":\"https:\/\/kivijarvenkalatalousalue.fi\/vuoskoski\/tiedot\/\",\"url\":\"https:\/\/kivijarvenkalatalousalue.fi\/vuoskoski\/tiedot\/\",\"name\":\"Tiedot - Vuoskosken osakaskunta\",\"isPartOf\":{\"@id\":\"https:\/\/kivijarvenkalatalousalue.fi\/vuoskoski\/#website\"},\"datePublished\":\"2020-10-29T08:31:59+00:00\",\"dateModified\":\"2024-06-11T07:13:55+00:00\",\"breadcrumb\":{\"@id\":\"https:\/\/kivijarvenkalatalousalue.fi\/vuoskoski\/tiedot\/#breadcrumb\"},\"inLanguage\":\"fi\",\"potentialAction\":[{\"@type\":\"ReadAction\",\"target\":[\"https:\/\/kivijarvenkalatalousalue.fi\/vuoskoski\/tiedot\/\"]}]},{\"@type\":\"BreadcrumbList\",\"@id\":\"https:\/\/kivijarvenkalatalousalue.fi\/vuoskoski\/tiedot\/#breadcrumb\",\"itemListElement\":[{\"@type\":\"ListItem\",\"position\":1,\"name\":\"Home\",\"item\":\"https:\/\/kivijarvenkalatalousalue.fi\/vuoskoski\/\"},{\"@type\":\"ListItem\",\"position\":2,\"name\":\"Tiedot\"}]},{\"@type\":\"WebSite\",\"@id\":\"https:\/\/kivijarvenkalatalousalue.fi\/vuoskoski\/#website\",\"url\":\"https:\/\/kivijarvenkalatalousalue.fi\/vuoskoski\/\",\"name\":\"Vuoskosken osakaskunta\",\"description\":\"Uusi Kivij\u00e4rven kalatalousalue -sivusto\",\"potentialAction\":[{\"@type\":\"SearchAction\",\"target\":{\"@type\":\"EntryPoint\",\"urlTemplate\":\"https:\/\/kivijarvenkalatalousalue.fi\/vuoskoski\/?s={search_term_string}\"},\"query-input\":{\"@type\":\"PropertyValueSpecification\",\"valueRequired\":true,\"valueName\":\"search_term_string\"}}],\"inLanguage\":\"fi\"}]}<\/script>\n<!-- \/ Yoast SEO plugin. -->","yoast_head_json":{"title":"Tiedot - Vuoskosken osakaskunta","robots":{"index":"index","follow":"follow","max-snippet":"max-snippet:-1","max-image-preview":"max-image-preview:large","max-video-preview":"max-video-preview:-1"},"canonical":"https:\/\/kivijarvenkalatalousalue.fi\/vuoskoski\/tiedot\/","og_locale":"fi_FI","og_type":"article","og_title":"Tiedot - Vuoskosken osakaskunta","og_description":"Yhteystiedot Puheenjohtaja:\u00a0Kirsti KrogerusVolmarinkatu 340720 Jyv\u00e4skyl\u00e40405567756 Sihteeri: Janne H\u00e4m\u00e4l\u00e4inen, Vivuntie 10, 43300 Kannonkoski, 0400954378, janne.hamalainen@vipuselka.fi Sijainti","og_url":"https:\/\/kivijarvenkalatalousalue.fi\/vuoskoski\/tiedot\/","og_site_name":"Vuoskosken osakaskunta","article_modified_time":"2024-06-11T07:13:55+00:00","twitter_card":"summary_large_image","twitter_misc":{"Arvioitu lukuaika":"1 minuutti"},"schema":{"@context":"https:\/\/schema.org","@graph":[{"@type":"WebPage","@id":"https:\/\/kivijarvenkalatalousalue.fi\/vuoskoski\/tiedot\/","url":"https:\/\/kivijarvenkalatalousalue.fi\/vuoskoski\/tiedot\/","name":"Tiedot - Vuoskosken osakaskunta","isPartOf":{"@id":"https:\/\/kivijarvenkalatalousalue.fi\/vuoskoski\/#website"},"datePublished":"2020-10-29T08:31:59+00:00","dateModified":"2024-06-11T07:13:55+00:00","breadcrumb":{"@id":"https:\/\/kivijarvenkalatalousalue.fi\/vuoskoski\/tiedot\/#breadcrumb"},"inLanguage":"fi","potentialAction":[{"@type":"ReadAction","target":["https:\/\/kivijarvenkalatalousalue.fi\/vuoskoski\/tiedot\/"]}]},{"@type":"BreadcrumbList","@id":"https:\/\/kivijarvenkalatalousalue.fi\/vuoskoski\/tiedot\/#breadcrumb","itemListElement":[{"@type":"ListItem","position":1,"name":"Home","item":"https:\/\/kivijarvenkalatalousalue.fi\/vuoskoski\/"},{"@type":"ListItem","position":2,"name":"Tiedot"}]},{"@type":"WebSite","@id":"https:\/\/kivijarvenkalatalousalue.fi\/vuoskoski\/#website","url":"https:\/\/kivijarvenkalatalousalue.fi\/vuoskoski\/","name":"Vuoskosken osakaskunta","description":"Uusi Kivij\u00e4rven kalatalousalue -sivusto","potentialAction":[{"@type":"SearchAction","target":{"@type":"EntryPoint","urlTemplate":"https:\/\/kivijarvenkalatalousalue.fi\/vuoskoski\/?s={search_term_string}"},"query-input":{"@type":"PropertyValueSpecification","valueRequired":true,"valueName":"search_term_string"}}],"inLanguage":"fi"}]}},"_links":{"self":[{"href":"https:\/\/kivijarvenkalatalousalue.fi\/vuoskoski\/wp-json\/wp\/v2\/pages\/26","targetHints":{"allow":["GET"]}}],"collection":[{"href":"https:\/\/kivijarvenkalatalousalue.fi\/vuoskoski\/wp-json\/wp\/v2\/pages"}],"about":[{"href":"https:\/\/kivijarvenkalatalousalue.fi\/vuoskoski\/wp-json\/wp\/v2\/types\/page"}],"author":[{"embeddable":true,"href":"https:\/\/kivijarvenkalatalousalue.fi\/vuoskoski\/wp-json\/wp\/v2\/users\/2"}],"replies":[{"embeddable":true,"href":"https:\/\/kivijarvenkalatalousalue.fi\/vuoskoski\/wp-json\/wp\/v2\/comments?post=26"}],"version-history":[{"count":9,"href":"https:\/\/kivijarvenkalatalousalue.fi\/vuoskoski\/wp-json\/wp\/v2\/pages\/26\/revisions"}],"predecessor-version":[{"id":281,"href":"https:\/\/kivijarvenkalatalousalue.fi\/vuoskoski\/wp-json\/wp\/v2\/pages\/26\/revisions\/281"}],"wp:attachment":[{"href":"https:\/\/kivijarvenkalatalousalue.fi\/vuoskoski\/wp-json\/wp\/v2\/media?parent=26"}],"curies":[{"name":"wp","href":"https:\/\/api.w.org\/{rel}","templated":true}]}}