{"id":72,"date":"2020-10-29T11:24:00","date_gmt":"2020-10-29T09:24:00","guid":{"rendered":"http:\/\/89.166.51.80\/~pohjoispaij\/ahtola\/?page_id=72"},"modified":"2024-06-11T11:01:00","modified_gmt":"2024-06-11T08:01:00","slug":"toimintasuunnitelma","status":"publish","type":"page","link":"https:\/\/kivijarvenkalatalousalue.fi\/vuoskoski\/hallinto\/toimintasuunnitelma\/","title":{"rendered":"Toimintakertomus"},"content":{"rendered":"\n<p><strong>VUOSKOSKEN OSAKASKUNTA<\/strong><\/p>\n\n\n\n<p><strong>TOIMINTAKERTOMUS TILIKAUDELTA 1.1. \u2013 31.12.2023<\/strong><\/p>\n\n\n\n<p>Vuoskosken osakaskunnan vesialueitten pinta-ala on 4887 ha ja ne sijaitsevat Vuosj\u00e4rvess\u00e4, Kivij\u00e4rvess\u00e4, Luomaj\u00e4rvess\u00e4, Koivuj\u00e4rvess\u00e4, Lakoj\u00e4rvess\u00e4, Terelammessa, Kotalammessa, Ruuhilammessa, P\u00e4ssilammessa, Vihtalammessa sek\u00e4 Ylimm\u00e4isess\u00e4-, Keskimm\u00e4isess\u00e4- ja Alimmaisessa Vuorij\u00e4rvess\u00e4.<\/p>\n\n\n\n<p>Osakaskunnalla on laavut ja nuotiopaikat Vuosj\u00e4rven Riuttasaaressa ja Majasaaressa. Majasaaret ovat osakaskunnan omistuksessa. Pyssysaaren laavu on kummisopimuksella Mets\u00e4hallitukselta Vuoskosken osakaskunnan hoidossa.<\/p>\n\n\n\n<p><strong>Kokoukset<\/strong><\/p>\n\n\n\n<p>Vuoskosken osakaskunta piti vuosikokouksen 18.4.2023 Paukun majalla. Kokoukseen osallistui 8 henkil\u00f6\u00e4.<\/p>\n\n\n\n<p>Hoitokunta on kokoontunut kerran kuluneella tilikaudella.<\/p>\n\n\n\n<p><strong>Hoitokunta 1.1.-31.12.2023<\/strong><\/p>\n\n\n\n<p>Kalervo Kupari, varalla Tuomo Tuohimets\u00e4<\/p>\n\n\n\n<p>Kirsti Krogerus, varalla Aleksi Tarvainen<\/p>\n\n\n\n<p>Janne H\u00e4m\u00e4l\u00e4inen, varalla Antero Kokko<\/p>\n\n\n\n<p>Risto Kolari, varalla Sakari Savela<\/p>\n\n\n\n<p>Hannu Kauppinen, varalla Ville H\u00e4m\u00e4l\u00e4inen<\/p>\n\n\n\n<p>Pertti Huurtola, varalla Pekka Vesterinen<\/p>\n\n\n\n<p>Puheenjohtajana on toiminut Kalervo Kupari ja sihteerin\u00e4 Janne H\u00e4m\u00e4l\u00e4inen<\/p>\n\n\n\n<p><strong>Toiminnantarkastajat:<\/strong><\/p>\n\n\n\n<p>Jukka Kotilainen ja Leo Tarvainen, varalla Seppo Ketolainen ja Lauri Urpilainen<\/p>\n\n\n\n<p><strong>Kalastusluvat<\/strong><\/p>\n\n\n\n<p>Kalastuslupamaksut, liite 1.<\/p>\n\n\n\n<p><strong>Olennaiset tapahtumat tilikaudella<\/strong><\/p>\n\n\n\n<p>Kalanpoikasia istutettu seuraavasti:<\/p>\n\n\n\n<p>Velvoiteistukkaat Vuosj\u00e4rveen (Vattenfall):<\/p>\n\n\n\n<p>Kuha 1000 kpl<\/p>\n\n\n\n<p>J\u00e4rvitaimen n.600 kg<\/p>\n\n\n\n<p>Siikaa 2500kpl.<\/p>\n\n\n\n<p>Osakaskunta hankkinut:<\/p>\n\n\n\n<p>J\u00e4rvilohi 350 kpl<\/p>\n\n\n\n<p>Siikaa 10 000 kpl<\/p>\n\n\n\n<p>Kalastuksen valvontaa suoritettu kaksi kertaa kes\u00e4n 2023 aikana.<\/p>\n\n\n\n<p><strong>Arvio tulevasta toiminnasta<\/strong><\/p>\n\n\n\n<p>Tulevalla tilikaudella jatketaan kalavesien hoitoa entiseen malliin.<\/p>\n\n\n\n<p>Vuoskosken osakaskunta&nbsp;&nbsp;&nbsp;&nbsp;&nbsp;&nbsp;&nbsp;&nbsp;&nbsp;&nbsp;&nbsp;&nbsp;&nbsp;&nbsp;&nbsp;&nbsp;&nbsp;&nbsp;&nbsp;&nbsp;&nbsp;&nbsp;&nbsp;&nbsp;&nbsp;&nbsp;&nbsp;&nbsp;&nbsp;&nbsp;&nbsp;&nbsp;&nbsp;&nbsp;&nbsp;&nbsp;&nbsp;&nbsp;&nbsp;&nbsp; &nbsp;Kannonkoskella 8.4.2024<\/p>\n\n\n\n<p>__________________________&nbsp;&nbsp;&nbsp;&nbsp;&nbsp;&nbsp;&nbsp;&nbsp;&nbsp;&nbsp;&nbsp;&nbsp;&nbsp;&nbsp;&nbsp;&nbsp;&nbsp;&nbsp;&nbsp;&nbsp;&nbsp;&nbsp;&nbsp;&nbsp;&nbsp;&nbsp;&nbsp;&nbsp; &nbsp;____________________________<\/p>\n\n\n\n<p>__________________________&nbsp;&nbsp;&nbsp;&nbsp;&nbsp;&nbsp;&nbsp;&nbsp;&nbsp;&nbsp;&nbsp;&nbsp;&nbsp;&nbsp;&nbsp;&nbsp;&nbsp;&nbsp;&nbsp;&nbsp;&nbsp;&nbsp;&nbsp;&nbsp;&nbsp;&nbsp;&nbsp;&nbsp; &nbsp;____________________________<\/p>\n\n\n\n<p>__________________________&nbsp;&nbsp;&nbsp;&nbsp;&nbsp;&nbsp;&nbsp;&nbsp;&nbsp;&nbsp;&nbsp;&nbsp;&nbsp;&nbsp;&nbsp;&nbsp;&nbsp;&nbsp;&nbsp;&nbsp;&nbsp;&nbsp;&nbsp;&nbsp;&nbsp;&nbsp;&nbsp;&nbsp; &nbsp;____________________________<\/p>\n","protected":false},"excerpt":{"rendered":"<p>VUOSKOSKEN OSAKASKUNTA TOIMINTAKERTOMUS TILIKAUDELTA 1.1. \u2013 31.12.2023 Vuoskosken osakaskunnan vesialueitten pinta-ala on 4887 ha ja ne sijaitsevat Vuosj\u00e4rvess\u00e4, Kivij\u00e4rvess\u00e4, Luomaj\u00e4rvess\u00e4, Koivuj\u00e4rvess\u00e4, Lakoj\u00e4rvess\u00e4, Terelammessa, Kotalammessa, Ruuhilammessa, P\u00e4ssilammessa, Vihtalammessa sek\u00e4 Ylimm\u00e4isess\u00e4-, Keskimm\u00e4isess\u00e4- ja Alimmaisessa Vuorij\u00e4rvess\u00e4. Osakaskunnalla on laavut ja nuotiopaikat Vuosj\u00e4rven Riuttasaaressa ja Majasaaressa. Majasaaret ovat osakaskunnan omistuksessa. Pyssysaaren laavu on kummisopimuksella Mets\u00e4hallitukselta Vuoskosken osakaskunnan hoidossa. Kokoukset<\/p>\n<p><a class=\"moretag\" href=\"https:\/\/kivijarvenkalatalousalue.fi\/vuoskoski\/hallinto\/toimintasuunnitelma\/\"> Lue lis\u00e4\u00e4 ><\/a><\/p>\n","protected":false},"author":2,"featured_media":0,"parent":32,"menu_order":0,"comment_status":"closed","ping_status":"closed","template":"basic-sivu.php","meta":{"_acf_changed":false,"footnotes":""},"class_list":["post-72","page","type-page","status-publish","hentry"],"acf":[],"yoast_head":"<!-- This site is optimized with the Yoast SEO plugin v27.1.1 - https:\/\/yoast.com\/product\/yoast-seo-wordpress\/ -->\n<title>Toimintakertomus - Vuoskosken osakaskunta<\/title>\n<meta name=\"robots\" content=\"index, follow, max-snippet:-1, max-image-preview:large, max-video-preview:-1\" \/>\n<link rel=\"canonical\" href=\"https:\/\/kivijarvenkalatalousalue.fi\/vuoskoski\/hallinto\/toimintasuunnitelma\/\" \/>\n<meta property=\"og:locale\" content=\"fi_FI\" \/>\n<meta property=\"og:type\" content=\"article\" \/>\n<meta property=\"og:title\" content=\"Toimintakertomus - Vuoskosken osakaskunta\" \/>\n<meta property=\"og:description\" content=\"VUOSKOSKEN OSAKASKUNTA TOIMINTAKERTOMUS TILIKAUDELTA 1.1. \u2013 31.12.2023 Vuoskosken osakaskunnan vesialueitten pinta-ala on 4887 ha ja ne sijaitsevat Vuosj\u00e4rvess\u00e4, Kivij\u00e4rvess\u00e4, Luomaj\u00e4rvess\u00e4, Koivuj\u00e4rvess\u00e4, Lakoj\u00e4rvess\u00e4, Terelammessa, Kotalammessa, Ruuhilammessa, P\u00e4ssilammessa, Vihtalammessa sek\u00e4 Ylimm\u00e4isess\u00e4-, Keskimm\u00e4isess\u00e4- ja Alimmaisessa Vuorij\u00e4rvess\u00e4. Osakaskunnalla on laavut ja nuotiopaikat Vuosj\u00e4rven Riuttasaaressa ja Majasaaressa. Majasaaret ovat osakaskunnan omistuksessa. Pyssysaaren laavu on kummisopimuksella Mets\u00e4hallitukselta Vuoskosken osakaskunnan hoidossa. Kokoukset Lue lis\u00e4\u00e4 &gt;\" \/>\n<meta property=\"og:url\" content=\"https:\/\/kivijarvenkalatalousalue.fi\/vuoskoski\/hallinto\/toimintasuunnitelma\/\" \/>\n<meta property=\"og:site_name\" content=\"Vuoskosken osakaskunta\" \/>\n<meta property=\"article:modified_time\" content=\"2024-06-11T08:01:00+00:00\" \/>\n<meta name=\"twitter:card\" content=\"summary_large_image\" \/>\n<meta name=\"twitter:label1\" content=\"Arvioitu lukuaika\" \/>\n\t<meta name=\"twitter:data1\" content=\"2 minuuttia\" \/>\n<script type=\"application\/ld+json\" class=\"yoast-schema-graph\">{\"@context\":\"https:\/\/schema.org\",\"@graph\":[{\"@type\":\"WebPage\",\"@id\":\"https:\/\/kivijarvenkalatalousalue.fi\/vuoskoski\/hallinto\/toimintasuunnitelma\/\",\"url\":\"https:\/\/kivijarvenkalatalousalue.fi\/vuoskoski\/hallinto\/toimintasuunnitelma\/\",\"name\":\"Toimintakertomus - Vuoskosken osakaskunta\",\"isPartOf\":{\"@id\":\"https:\/\/kivijarvenkalatalousalue.fi\/vuoskoski\/#website\"},\"datePublished\":\"2020-10-29T09:24:00+00:00\",\"dateModified\":\"2024-06-11T08:01:00+00:00\",\"breadcrumb\":{\"@id\":\"https:\/\/kivijarvenkalatalousalue.fi\/vuoskoski\/hallinto\/toimintasuunnitelma\/#breadcrumb\"},\"inLanguage\":\"fi\",\"potentialAction\":[{\"@type\":\"ReadAction\",\"target\":[\"https:\/\/kivijarvenkalatalousalue.fi\/vuoskoski\/hallinto\/toimintasuunnitelma\/\"]}]},{\"@type\":\"BreadcrumbList\",\"@id\":\"https:\/\/kivijarvenkalatalousalue.fi\/vuoskoski\/hallinto\/toimintasuunnitelma\/#breadcrumb\",\"itemListElement\":[{\"@type\":\"ListItem\",\"position\":1,\"name\":\"Home\",\"item\":\"https:\/\/kivijarvenkalatalousalue.fi\/vuoskoski\/\"},{\"@type\":\"ListItem\",\"position\":2,\"name\":\"Toimintakertomus\",\"item\":\"https:\/\/kivijarvenkalatalousalue.fi\/vuoskoski\/hallinto\/\"},{\"@type\":\"ListItem\",\"position\":3,\"name\":\"Toimintakertomus\"}]},{\"@type\":\"WebSite\",\"@id\":\"https:\/\/kivijarvenkalatalousalue.fi\/vuoskoski\/#website\",\"url\":\"https:\/\/kivijarvenkalatalousalue.fi\/vuoskoski\/\",\"name\":\"Vuoskosken osakaskunta\",\"description\":\"Uusi Kivij\u00e4rven kalatalousalue -sivusto\",\"potentialAction\":[{\"@type\":\"SearchAction\",\"target\":{\"@type\":\"EntryPoint\",\"urlTemplate\":\"https:\/\/kivijarvenkalatalousalue.fi\/vuoskoski\/?s={search_term_string}\"},\"query-input\":{\"@type\":\"PropertyValueSpecification\",\"valueRequired\":true,\"valueName\":\"search_term_string\"}}],\"inLanguage\":\"fi\"}]}<\/script>\n<!-- \/ Yoast SEO plugin. -->","yoast_head_json":{"title":"Toimintakertomus - Vuoskosken osakaskunta","robots":{"index":"index","follow":"follow","max-snippet":"max-snippet:-1","max-image-preview":"max-image-preview:large","max-video-preview":"max-video-preview:-1"},"canonical":"https:\/\/kivijarvenkalatalousalue.fi\/vuoskoski\/hallinto\/toimintasuunnitelma\/","og_locale":"fi_FI","og_type":"article","og_title":"Toimintakertomus - Vuoskosken osakaskunta","og_description":"VUOSKOSKEN OSAKASKUNTA TOIMINTAKERTOMUS TILIKAUDELTA 1.1. \u2013 31.12.2023 Vuoskosken osakaskunnan vesialueitten pinta-ala on 4887 ha ja ne sijaitsevat Vuosj\u00e4rvess\u00e4, Kivij\u00e4rvess\u00e4, Luomaj\u00e4rvess\u00e4, Koivuj\u00e4rvess\u00e4, Lakoj\u00e4rvess\u00e4, Terelammessa, Kotalammessa, Ruuhilammessa, P\u00e4ssilammessa, Vihtalammessa sek\u00e4 Ylimm\u00e4isess\u00e4-, Keskimm\u00e4isess\u00e4- ja Alimmaisessa Vuorij\u00e4rvess\u00e4. Osakaskunnalla on laavut ja nuotiopaikat Vuosj\u00e4rven Riuttasaaressa ja Majasaaressa. Majasaaret ovat osakaskunnan omistuksessa. Pyssysaaren laavu on kummisopimuksella Mets\u00e4hallitukselta Vuoskosken osakaskunnan hoidossa. Kokoukset Lue lis\u00e4\u00e4 >","og_url":"https:\/\/kivijarvenkalatalousalue.fi\/vuoskoski\/hallinto\/toimintasuunnitelma\/","og_site_name":"Vuoskosken osakaskunta","article_modified_time":"2024-06-11T08:01:00+00:00","twitter_card":"summary_large_image","twitter_misc":{"Arvioitu lukuaika":"2 minuuttia"},"schema":{"@context":"https:\/\/schema.org","@graph":[{"@type":"WebPage","@id":"https:\/\/kivijarvenkalatalousalue.fi\/vuoskoski\/hallinto\/toimintasuunnitelma\/","url":"https:\/\/kivijarvenkalatalousalue.fi\/vuoskoski\/hallinto\/toimintasuunnitelma\/","name":"Toimintakertomus - Vuoskosken osakaskunta","isPartOf":{"@id":"https:\/\/kivijarvenkalatalousalue.fi\/vuoskoski\/#website"},"datePublished":"2020-10-29T09:24:00+00:00","dateModified":"2024-06-11T08:01:00+00:00","breadcrumb":{"@id":"https:\/\/kivijarvenkalatalousalue.fi\/vuoskoski\/hallinto\/toimintasuunnitelma\/#breadcrumb"},"inLanguage":"fi","potentialAction":[{"@type":"ReadAction","target":["https:\/\/kivijarvenkalatalousalue.fi\/vuoskoski\/hallinto\/toimintasuunnitelma\/"]}]},{"@type":"BreadcrumbList","@id":"https:\/\/kivijarvenkalatalousalue.fi\/vuoskoski\/hallinto\/toimintasuunnitelma\/#breadcrumb","itemListElement":[{"@type":"ListItem","position":1,"name":"Home","item":"https:\/\/kivijarvenkalatalousalue.fi\/vuoskoski\/"},{"@type":"ListItem","position":2,"name":"Toimintakertomus","item":"https:\/\/kivijarvenkalatalousalue.fi\/vuoskoski\/hallinto\/"},{"@type":"ListItem","position":3,"name":"Toimintakertomus"}]},{"@type":"WebSite","@id":"https:\/\/kivijarvenkalatalousalue.fi\/vuoskoski\/#website","url":"https:\/\/kivijarvenkalatalousalue.fi\/vuoskoski\/","name":"Vuoskosken osakaskunta","description":"Uusi Kivij\u00e4rven kalatalousalue -sivusto","potentialAction":[{"@type":"SearchAction","target":{"@type":"EntryPoint","urlTemplate":"https:\/\/kivijarvenkalatalousalue.fi\/vuoskoski\/?s={search_term_string}"},"query-input":{"@type":"PropertyValueSpecification","valueRequired":true,"valueName":"search_term_string"}}],"inLanguage":"fi"}]}},"_links":{"self":[{"href":"https:\/\/kivijarvenkalatalousalue.fi\/vuoskoski\/wp-json\/wp\/v2\/pages\/72","targetHints":{"allow":["GET"]}}],"collection":[{"href":"https:\/\/kivijarvenkalatalousalue.fi\/vuoskoski\/wp-json\/wp\/v2\/pages"}],"about":[{"href":"https:\/\/kivijarvenkalatalousalue.fi\/vuoskoski\/wp-json\/wp\/v2\/types\/page"}],"author":[{"embeddable":true,"href":"https:\/\/kivijarvenkalatalousalue.fi\/vuoskoski\/wp-json\/wp\/v2\/users\/2"}],"replies":[{"embeddable":true,"href":"https:\/\/kivijarvenkalatalousalue.fi\/vuoskoski\/wp-json\/wp\/v2\/comments?post=72"}],"version-history":[{"count":5,"href":"https:\/\/kivijarvenkalatalousalue.fi\/vuoskoski\/wp-json\/wp\/v2\/pages\/72\/revisions"}],"predecessor-version":[{"id":295,"href":"https:\/\/kivijarvenkalatalousalue.fi\/vuoskoski\/wp-json\/wp\/v2\/pages\/72\/revisions\/295"}],"up":[{"embeddable":true,"href":"https:\/\/kivijarvenkalatalousalue.fi\/vuoskoski\/wp-json\/wp\/v2\/pages\/32"}],"wp:attachment":[{"href":"https:\/\/kivijarvenkalatalousalue.fi\/vuoskoski\/wp-json\/wp\/v2\/media?parent=72"}],"curies":[{"name":"wp","href":"https:\/\/api.w.org\/{rel}","templated":true}]}}