{"id":86,"date":"2020-10-29T11:39:36","date_gmt":"2020-10-29T09:39:36","guid":{"rendered":"http:\/\/89.166.51.80\/~pohjoispaij\/ahtola\/?page_id=86"},"modified":"2025-07-15T18:47:09","modified_gmt":"2025-07-15T15:47:09","slug":"lupamaksut-ja-ohjeet","status":"publish","type":"page","link":"https:\/\/kivijarvenkalatalousalue.fi\/vuoskoski\/luvat\/lupamaksut-ja-ohjeet\/","title":{"rendered":"Lupamaksut ja ohjeet"},"content":{"rendered":"\n<p><strong>Vuoskosken osakaskunnan kalastuslupamaksut \u00a0202<\/strong>5<\/p>\n\n\n\n<p>Kalastusluvat maksetaan tilille <strong>POP<\/strong> <strong>FI59 4761 1020 0318 36<\/strong> \u00a0tai luvanmyyjille.<\/p>\n\n\n\n<p>Lupia myyv\u00e4t: Kalervo Kupari ja Hannu Kauppinen.<\/p>\n\n\n\n<p><strong>Luovumme todenn\u00e4k\u00f6isesti lupien postittamisesta jo ensi vuonna, joten ilmoitathan s\u00e4hk\u00f6postiosoitteesi sihteerille (janne.hamalainen@vipuselka.fi), niin saat t\u00e4m\u00e4n tiedotteen jatkossa s\u00e4hk\u00f6isesti. Luvat l\u00f6yd\u00e4t my\u00f6s osakaskunnan kotisivuilta https:\/\/kivijarvenkalatalousalue.fi\/vuoskoski.<\/strong><\/p>\n\n\n\n<p>Merkitseth\u00e4n pyydyksesi kalastuslain edellytt\u00e4m\u00e4ll\u00e4 tavalla.<\/p>\n\n\n\n<p>Pyydysmerkkiin nimi sek\u00e4 yhteystieto (puh.nro, osoite tai s\u00e4hk\u00f6postiosoite)<\/p>\n\n\n\n<p>Muistathan, ett\u00e4 osakaskunnan vesialueilla suoritetaan kalastuksenvalvontaa.<\/p>\n\n\n\n<p><strong>Pyydyksist\u00e4 peritt\u00e4v\u00e4t maksut:<\/strong><\/p>\n\n\n\n<p><strong> Osakkaat:<\/strong><\/p>\n\n\n\n<p><strong> <\/strong>&#8211; verkko 3m x 30m =5 \u20ac<\/p>\n\n\n\n<p>&#8211; verkko yli 3m x 30m = 8 \u20ac<\/p>\n\n\n\n<p>&#8211; rys\u00e4 korkeus alle1,7m, sulkupyydys tai pitk\u00e4siima (max.100 koukkua)=5\u20ac<\/p>\n\n\n\n<p>&#8211; rys\u00e4 korkeus yli 1,7m tai paunetti = 40 \u20ac<\/p>\n\n\n\n<p>&#8211; viehekalastus yli 1 vapa\/hl\u00f6: vuorokausilupa 5\u20ac\/hl\u00f6, viikkolupa 10\u20ac\/hl\u00f6,<\/p>\n\n\n\n<p>&nbsp;&nbsp;vuosilupa 25\u20ac\/hl\u00f6,&nbsp; venekohtainen uisteluvuosilupa 40\u20ac\/vene<strong>&nbsp;&nbsp;&nbsp;&nbsp;&nbsp;&nbsp;&nbsp;&nbsp;&nbsp;&nbsp;&nbsp;&nbsp;&nbsp;&nbsp;&nbsp;&nbsp;&nbsp;&nbsp;&nbsp;&nbsp;&nbsp;&nbsp;&nbsp;&nbsp;&nbsp;&nbsp;&nbsp;&nbsp;&nbsp;&nbsp;&nbsp;&nbsp;&nbsp;&nbsp;&nbsp;&nbsp;&nbsp;&nbsp;&nbsp;&nbsp;&nbsp;&nbsp;&nbsp;&nbsp;&nbsp;&nbsp;&nbsp;&nbsp;&nbsp;&nbsp;&nbsp;&nbsp;&nbsp;&nbsp;&nbsp;&nbsp;&nbsp;&nbsp;&nbsp;&nbsp;&nbsp;&nbsp;&nbsp;&nbsp;&nbsp;&nbsp;&nbsp;&nbsp;&nbsp;&nbsp;&nbsp;&nbsp;&nbsp;&nbsp;&nbsp;&nbsp;&nbsp;&nbsp;&nbsp;&nbsp;&nbsp;&nbsp;&nbsp;&nbsp;&nbsp;&nbsp;&nbsp;&nbsp;&nbsp;&nbsp;&nbsp;&nbsp;&nbsp;&nbsp;&nbsp;&nbsp;&nbsp;&nbsp;&nbsp;&nbsp;&nbsp;&nbsp;&nbsp;&nbsp;&nbsp;<\/strong><\/p>\n\n\n\n<p>&#8211; matkailuyritt\u00e4jille myyd\u00e4\u00e4n m\u00f6kkikohtainen kausilupa 50 \u20ac \/ m\u00f6kki, joka&nbsp;&nbsp;&nbsp;&nbsp;&nbsp;&nbsp;&nbsp;&nbsp;&nbsp;&nbsp;&nbsp;&nbsp;&nbsp;&nbsp;<\/p>\n\n\n\n<p>&nbsp; sis\u00e4lt\u00e4\u00e4 2 verkkoa ja venekohtaisen uisteluvuosiluvan<\/p>\n\n\n\n<p>&#8211; nuotta = 40 \u20ac<\/p>\n\n\n\n<p><strong>&#8211; <\/strong>julkisen kilpailun lupa 50,- \/ kilpailu<\/p>\n\n\n\n<p><strong>Ulkopuoliset:<\/strong><\/p>\n\n\n\n<p><strong>:<\/strong>&#8211; verkko 3m x 30m = 10 \u20ac verkko yli 3m x 30m 15\u20ac<\/p>\n\n\n\n<p>&#8211; rys\u00e4 alle 1,7m, sulkupyydys = 20 \u20ac<\/p>\n\n\n\n<p><strong>&#8211; <\/strong>viehekalastus yli 1 vapa\/hl\u00f6: vuorokausilupa 10\u20ac\/hl\u00f6, viikkolupa 20\u20ac\/hl\u00f6<\/p>\n\n\n\n<p><strong>&nbsp; <\/strong>vuosilupa 40\u20ac\/hl\u00f6, venekohtainen vuosilupa 60\u20ac\/vene<\/p>\n\n\n\n<p>&nbsp; <strong>Koukkupyynti ja tuulastus ulkopuolisilta kielletty.<\/strong><\/p>\n\n\n\n<p><strong>Pyynti- ja pyydysrajoitukset:<\/strong><\/p>\n\n\n\n<p><strong>&#8211; Vuoskosken osakaskunnan vesialueilla vaparajoitus 10 vapaa<\/strong><\/p>\n\n\n\n<p>&#8211; solmuv\u00e4lilt\u00e4\u00e4n 21-54mm olevien verkkojen k\u00e4ytt\u00f6 on kokonaan kielletty Kivij\u00e4rvess\u00e4 sek\u00e4 Vuosj\u00e4rvess\u00e4 1.1.-30.9. ja 1.12.-31.12. Aikav\u00e4lill\u00e4 1.10.-30.11. niiden k\u00e4ytt\u00f6 on kielletty\u00e4 kolmea metri\u00e4 syvemm\u00e4ll\u00e4.<\/p>\n\n\n\n<p>&#8211; <strong>kuhan alamitta 42cm, rasvaev\u00e4leikatun taimenen alamitta 60cm ja j\u00e4rvilohen alamitta 60cm, rasvaev\u00e4llinen j\u00e4rvitaimen rauhoitettu.<\/strong><\/p>\n\n\n\n<p><strong>Rauhoitusalueet kalastukselta:<\/strong><\/p>\n\n\n\n<p>-Hilmonsalmi \u2013 Hilmonniemi \u2013 Ukonniemi : verkkopyynti kielletty <strong>15.4. \u2013 30.6.<\/strong><\/p>\n\n\n\n<p><strong>&#8211;<\/strong>Hilmonsalmessa kalastus kielletty ruopatussa v\u00e4yl\u00e4ss\u00e4 ymp\u00e4ri vuoden<\/p>\n\n\n\n<p><strong>&#8211;<\/strong>Voimalaitoksen alakanava rauhoitettu kokonaan kalastukselta Katiskaniemi-Kovanlahdenniemi linjalle asti.<\/p>\n\n\n\n<p><strong>-Ravustus kielletty Vuoskosken osakaskunnan vesialueilla.<\/strong><\/p>\n\n\n\n<p><strong>Vesilintujen mets\u00e4stys:<\/strong><\/p>\n\n\n\n<p>&#8211; osakkaat 10 \u20ac<\/p>\n\n\n\n<p>&#8211; ulkopuoliset 20 \u20ac<\/p>\n\n\n\n<p><strong>Rauhoitusalueet mets\u00e4stykselt\u00e4:<\/strong><\/p>\n\n\n\n<p>&#8211; Niemel\u00e4nlahti, Salmelansalmi, Vihtalampi.&nbsp;&nbsp;&nbsp;&nbsp;&nbsp;&nbsp;&nbsp;&nbsp;&nbsp;&nbsp;&nbsp;&nbsp;&nbsp;&nbsp;&nbsp;<\/p>\n\n\n\n<p>&#8211; piisaminpyynti on osakkailla vapaata<\/p>\n","protected":false},"excerpt":{"rendered":"<p>Vuoskosken osakaskunnan kalastuslupamaksut \u00a02025 Kalastusluvat maksetaan tilille POP FI59 4761 1020 0318 36 \u00a0tai luvanmyyjille. Lupia myyv\u00e4t: Kalervo Kupari ja Hannu Kauppinen. Luovumme todenn\u00e4k\u00f6isesti lupien postittamisesta jo ensi vuonna, joten ilmoitathan s\u00e4hk\u00f6postiosoitteesi sihteerille (janne.hamalainen@vipuselka.fi), niin saat t\u00e4m\u00e4n tiedotteen jatkossa s\u00e4hk\u00f6isesti. Luvat l\u00f6yd\u00e4t my\u00f6s osakaskunnan kotisivuilta https:\/\/kivijarvenkalatalousalue.fi\/vuoskoski. Merkitseth\u00e4n pyydyksesi kalastuslain edellytt\u00e4m\u00e4ll\u00e4 tavalla. Pyydysmerkkiin nimi sek\u00e4 yhteystieto<\/p>\n<p><a class=\"moretag\" href=\"https:\/\/kivijarvenkalatalousalue.fi\/vuoskoski\/luvat\/lupamaksut-ja-ohjeet\/\"> Lue lis\u00e4\u00e4 ><\/a><\/p>\n","protected":false},"author":2,"featured_media":0,"parent":45,"menu_order":0,"comment_status":"closed","ping_status":"closed","template":"basic-sivu.php","meta":{"_acf_changed":false,"footnotes":""},"class_list":["post-86","page","type-page","status-publish","hentry"],"acf":[],"yoast_head":"<!-- This site is optimized with the Yoast SEO plugin v27.1.1 - https:\/\/yoast.com\/product\/yoast-seo-wordpress\/ -->\n<title>Lupamaksut ja ohjeet - Vuoskosken osakaskunta<\/title>\n<meta name=\"robots\" content=\"index, follow, max-snippet:-1, max-image-preview:large, max-video-preview:-1\" \/>\n<link rel=\"canonical\" href=\"https:\/\/kivijarvenkalatalousalue.fi\/vuoskoski\/luvat\/lupamaksut-ja-ohjeet\/\" \/>\n<meta property=\"og:locale\" content=\"fi_FI\" \/>\n<meta property=\"og:type\" content=\"article\" \/>\n<meta property=\"og:title\" content=\"Lupamaksut ja ohjeet - Vuoskosken osakaskunta\" \/>\n<meta property=\"og:description\" content=\"Vuoskosken osakaskunnan kalastuslupamaksut \u00a02025 Kalastusluvat maksetaan tilille POP FI59 4761 1020 0318 36 \u00a0tai luvanmyyjille. Lupia myyv\u00e4t: Kalervo Kupari ja Hannu Kauppinen. Luovumme todenn\u00e4k\u00f6isesti lupien postittamisesta jo ensi vuonna, joten ilmoitathan s\u00e4hk\u00f6postiosoitteesi sihteerille (janne.hamalainen@vipuselka.fi), niin saat t\u00e4m\u00e4n tiedotteen jatkossa s\u00e4hk\u00f6isesti. Luvat l\u00f6yd\u00e4t my\u00f6s osakaskunnan kotisivuilta https:\/\/kivijarvenkalatalousalue.fi\/vuoskoski. Merkitseth\u00e4n pyydyksesi kalastuslain edellytt\u00e4m\u00e4ll\u00e4 tavalla. Pyydysmerkkiin nimi sek\u00e4 yhteystieto Lue lis\u00e4\u00e4 &gt;\" \/>\n<meta property=\"og:url\" content=\"https:\/\/kivijarvenkalatalousalue.fi\/vuoskoski\/luvat\/lupamaksut-ja-ohjeet\/\" \/>\n<meta property=\"og:site_name\" content=\"Vuoskosken osakaskunta\" \/>\n<meta property=\"article:modified_time\" content=\"2025-07-15T15:47:09+00:00\" \/>\n<meta name=\"twitter:card\" content=\"summary_large_image\" \/>\n<meta name=\"twitter:label1\" content=\"Arvioitu lukuaika\" \/>\n\t<meta name=\"twitter:data1\" content=\"2 minuuttia\" \/>\n<script type=\"application\/ld+json\" class=\"yoast-schema-graph\">{\"@context\":\"https:\/\/schema.org\",\"@graph\":[{\"@type\":\"WebPage\",\"@id\":\"https:\/\/kivijarvenkalatalousalue.fi\/vuoskoski\/luvat\/lupamaksut-ja-ohjeet\/\",\"url\":\"https:\/\/kivijarvenkalatalousalue.fi\/vuoskoski\/luvat\/lupamaksut-ja-ohjeet\/\",\"name\":\"Lupamaksut ja ohjeet - Vuoskosken osakaskunta\",\"isPartOf\":{\"@id\":\"https:\/\/kivijarvenkalatalousalue.fi\/vuoskoski\/#website\"},\"datePublished\":\"2020-10-29T09:39:36+00:00\",\"dateModified\":\"2025-07-15T15:47:09+00:00\",\"breadcrumb\":{\"@id\":\"https:\/\/kivijarvenkalatalousalue.fi\/vuoskoski\/luvat\/lupamaksut-ja-ohjeet\/#breadcrumb\"},\"inLanguage\":\"fi\",\"potentialAction\":[{\"@type\":\"ReadAction\",\"target\":[\"https:\/\/kivijarvenkalatalousalue.fi\/vuoskoski\/luvat\/lupamaksut-ja-ohjeet\/\"]}]},{\"@type\":\"BreadcrumbList\",\"@id\":\"https:\/\/kivijarvenkalatalousalue.fi\/vuoskoski\/luvat\/lupamaksut-ja-ohjeet\/#breadcrumb\",\"itemListElement\":[{\"@type\":\"ListItem\",\"position\":1,\"name\":\"Home\",\"item\":\"https:\/\/kivijarvenkalatalousalue.fi\/vuoskoski\/\"},{\"@type\":\"ListItem\",\"position\":2,\"name\":\"Yksityinen: Luvat\",\"item\":\"https:\/\/kivijarvenkalatalousalue.fi\/vuoskoski\/?page_id=45\"},{\"@type\":\"ListItem\",\"position\":3,\"name\":\"Lupamaksut ja ohjeet\"}]},{\"@type\":\"WebSite\",\"@id\":\"https:\/\/kivijarvenkalatalousalue.fi\/vuoskoski\/#website\",\"url\":\"https:\/\/kivijarvenkalatalousalue.fi\/vuoskoski\/\",\"name\":\"Vuoskosken osakaskunta\",\"description\":\"Uusi Kivij\u00e4rven kalatalousalue -sivusto\",\"potentialAction\":[{\"@type\":\"SearchAction\",\"target\":{\"@type\":\"EntryPoint\",\"urlTemplate\":\"https:\/\/kivijarvenkalatalousalue.fi\/vuoskoski\/?s={search_term_string}\"},\"query-input\":{\"@type\":\"PropertyValueSpecification\",\"valueRequired\":true,\"valueName\":\"search_term_string\"}}],\"inLanguage\":\"fi\"}]}<\/script>\n<!-- \/ Yoast SEO plugin. -->","yoast_head_json":{"title":"Lupamaksut ja ohjeet - Vuoskosken osakaskunta","robots":{"index":"index","follow":"follow","max-snippet":"max-snippet:-1","max-image-preview":"max-image-preview:large","max-video-preview":"max-video-preview:-1"},"canonical":"https:\/\/kivijarvenkalatalousalue.fi\/vuoskoski\/luvat\/lupamaksut-ja-ohjeet\/","og_locale":"fi_FI","og_type":"article","og_title":"Lupamaksut ja ohjeet - Vuoskosken osakaskunta","og_description":"Vuoskosken osakaskunnan kalastuslupamaksut \u00a02025 Kalastusluvat maksetaan tilille POP FI59 4761 1020 0318 36 \u00a0tai luvanmyyjille. Lupia myyv\u00e4t: Kalervo Kupari ja Hannu Kauppinen. Luovumme todenn\u00e4k\u00f6isesti lupien postittamisesta jo ensi vuonna, joten ilmoitathan s\u00e4hk\u00f6postiosoitteesi sihteerille (janne.hamalainen@vipuselka.fi), niin saat t\u00e4m\u00e4n tiedotteen jatkossa s\u00e4hk\u00f6isesti. Luvat l\u00f6yd\u00e4t my\u00f6s osakaskunnan kotisivuilta https:\/\/kivijarvenkalatalousalue.fi\/vuoskoski. Merkitseth\u00e4n pyydyksesi kalastuslain edellytt\u00e4m\u00e4ll\u00e4 tavalla. Pyydysmerkkiin nimi sek\u00e4 yhteystieto Lue lis\u00e4\u00e4 >","og_url":"https:\/\/kivijarvenkalatalousalue.fi\/vuoskoski\/luvat\/lupamaksut-ja-ohjeet\/","og_site_name":"Vuoskosken osakaskunta","article_modified_time":"2025-07-15T15:47:09+00:00","twitter_card":"summary_large_image","twitter_misc":{"Arvioitu lukuaika":"2 minuuttia"},"schema":{"@context":"https:\/\/schema.org","@graph":[{"@type":"WebPage","@id":"https:\/\/kivijarvenkalatalousalue.fi\/vuoskoski\/luvat\/lupamaksut-ja-ohjeet\/","url":"https:\/\/kivijarvenkalatalousalue.fi\/vuoskoski\/luvat\/lupamaksut-ja-ohjeet\/","name":"Lupamaksut ja ohjeet - Vuoskosken osakaskunta","isPartOf":{"@id":"https:\/\/kivijarvenkalatalousalue.fi\/vuoskoski\/#website"},"datePublished":"2020-10-29T09:39:36+00:00","dateModified":"2025-07-15T15:47:09+00:00","breadcrumb":{"@id":"https:\/\/kivijarvenkalatalousalue.fi\/vuoskoski\/luvat\/lupamaksut-ja-ohjeet\/#breadcrumb"},"inLanguage":"fi","potentialAction":[{"@type":"ReadAction","target":["https:\/\/kivijarvenkalatalousalue.fi\/vuoskoski\/luvat\/lupamaksut-ja-ohjeet\/"]}]},{"@type":"BreadcrumbList","@id":"https:\/\/kivijarvenkalatalousalue.fi\/vuoskoski\/luvat\/lupamaksut-ja-ohjeet\/#breadcrumb","itemListElement":[{"@type":"ListItem","position":1,"name":"Home","item":"https:\/\/kivijarvenkalatalousalue.fi\/vuoskoski\/"},{"@type":"ListItem","position":2,"name":"Yksityinen: Luvat","item":"https:\/\/kivijarvenkalatalousalue.fi\/vuoskoski\/?page_id=45"},{"@type":"ListItem","position":3,"name":"Lupamaksut ja ohjeet"}]},{"@type":"WebSite","@id":"https:\/\/kivijarvenkalatalousalue.fi\/vuoskoski\/#website","url":"https:\/\/kivijarvenkalatalousalue.fi\/vuoskoski\/","name":"Vuoskosken osakaskunta","description":"Uusi Kivij\u00e4rven kalatalousalue -sivusto","potentialAction":[{"@type":"SearchAction","target":{"@type":"EntryPoint","urlTemplate":"https:\/\/kivijarvenkalatalousalue.fi\/vuoskoski\/?s={search_term_string}"},"query-input":{"@type":"PropertyValueSpecification","valueRequired":true,"valueName":"search_term_string"}}],"inLanguage":"fi"}]}},"_links":{"self":[{"href":"https:\/\/kivijarvenkalatalousalue.fi\/vuoskoski\/wp-json\/wp\/v2\/pages\/86","targetHints":{"allow":["GET"]}}],"collection":[{"href":"https:\/\/kivijarvenkalatalousalue.fi\/vuoskoski\/wp-json\/wp\/v2\/pages"}],"about":[{"href":"https:\/\/kivijarvenkalatalousalue.fi\/vuoskoski\/wp-json\/wp\/v2\/types\/page"}],"author":[{"embeddable":true,"href":"https:\/\/kivijarvenkalatalousalue.fi\/vuoskoski\/wp-json\/wp\/v2\/users\/2"}],"replies":[{"embeddable":true,"href":"https:\/\/kivijarvenkalatalousalue.fi\/vuoskoski\/wp-json\/wp\/v2\/comments?post=86"}],"version-history":[{"count":7,"href":"https:\/\/kivijarvenkalatalousalue.fi\/vuoskoski\/wp-json\/wp\/v2\/pages\/86\/revisions"}],"predecessor-version":[{"id":304,"href":"https:\/\/kivijarvenkalatalousalue.fi\/vuoskoski\/wp-json\/wp\/v2\/pages\/86\/revisions\/304"}],"up":[{"embeddable":true,"href":"https:\/\/kivijarvenkalatalousalue.fi\/vuoskoski\/wp-json\/wp\/v2\/pages\/45"}],"wp:attachment":[{"href":"https:\/\/kivijarvenkalatalousalue.fi\/vuoskoski\/wp-json\/wp\/v2\/media?parent=86"}],"curies":[{"name":"wp","href":"https:\/\/api.w.org\/{rel}","templated":true}]}}